{"id":1000,"date":"2022-04-29T11:01:39","date_gmt":"2022-04-29T15:01:39","guid":{"rendered":"https:\/\/chemsyn.com\/locations\/"},"modified":"2022-08-03T06:48:23","modified_gmt":"2022-08-03T10:48:23","slug":"locations","status":"publish","type":"page","link":"https:\/\/chemsyn.com\/fr\/locations\/","title":{"rendered":"Emplacements"},"content":{"rendered":"<p>[vc_row full_width=\u00a0\u00bbstretch_row\u00a0\u00bb content_placement=\u00a0\u00bbmiddle\u00a0\u00bb css=\u00a0\u00bb.vc_custom_1653037802251{margin-bottom: 40px !important;background-image: url(https:\/\/chemsyn.com\/wp-content\/uploads\/2022\/04\/contact-banner.jpg?id=86) !important;background-position: center !important;background-repeat: no-repeat !important;background-size: cover !important;}\u00a0\u00bb el_class=\u00a0\u00bbpage-banner\u00a0\u00bb][vc_column css=\u00a0\u00bb.vc_custom_1650087819754{padding-top: 0px !important;}\u00a0\u00bb][vc_column_text]<\/p>\n<h1 style=\"text-align: center;\">Emplacements<\/h1>\n<p>[\/vc_column_text][\/vc_column][\/vc_row][vc_row full_width=\u00a0\u00bbstretch_row\u00a0\u00bb gap=\u00a0\u00bb35&Prime; equal_height=\u00a0\u00bbyes\u00a0\u00bb content_placement=\u00a0\u00bbmiddle\u00a0\u00bb el_class=\u00a0\u00bbcontact-main-wrap\u00a0\u00bb css=\u00a0\u00bb.vc_custom_1653037811851{margin-bottom: 40px !important;padding-top: 35px !important;padding-bottom: 35px !important;background-color: #f2f2f2 !important;}\u00a0\u00bb][vc_column width=\u00a0\u00bb1\/2&Prime; el_class=\u00a0\u00bbcontact-info\u00a0\u00bb][vc_column_text css=\u00a0\u00bb.vc_custom_1654616974258{margin-bottom: 35px !important;}\u00a0\u00bb]<\/p>\n<h2>BUREAUX<\/h2>\n<p>Avec un programme de services et une couverture en approvisionnement d\u2019un oc\u00e9an \u00e0 l\u2019autre, nos bureaux et centres de distribution nationaux sont pr\u00eats \u00e0 vous servir. S\u00e9lectionnez votre r\u00e9gion et composez notre num\u00e9ro <a href=\"tel:+18338882436\"><strong>1-833-888-CHEM (2436)<\/strong><\/a> pour parler \u00e0 un repr\u00e9sentant Chemsyn.[\/vc_column_text][vc_column_text el_class=\u00a0\u00bbcontact-info\u00a0\u00bb css=\u00a0\u00bb.vc_custom_1654617025145{margin-bottom: 35px !important;}\u00a0\u00bb]<\/p>\n<p class=\"toll-free\"><strong>Sans frais<\/strong><br \/>\n<a href=\"tel:18338882436\">1-833-888-CHEM (2436)<\/a><\/p>\n<p>[\/vc_column_text][vc_column_text el_class=\u00a0\u00bbcontact-info\u00a0\u00bb css=\u00a0\u00bb.vc_custom_1654617095408{margin-bottom: 35px !important;}\u00a0\u00bb]<\/p>\n<p class=\"toll-free\"><strong>Renseignements g\u00e9n\u00e9raux<\/strong><br \/>\n<a href=\"mailto:customerservice@chemsyn.com\">customerservice@chemsyn.com<\/a><\/p>\n<p>[\/vc_column_text][\/vc_column][vc_column width=\u00a0\u00bb1\/2&Prime;][vc_single_image image=\u00a0\u00bb896&Prime; img_size=\u00a0\u00bbfull\u00a0\u00bb alignment=\u00a0\u00bbcenter\u00a0\u00bb][\/vc_column][\/vc_row]<\/p>\n","protected":false},"excerpt":{"rendered":"<p>[vc_row full_width=\u00a0\u00bbstretch_row\u00a0\u00bb content_placement=\u00a0\u00bbmiddle\u00a0\u00bb css=\u00a0\u00bb.vc_custom_1653037802251{margin-bottom: 40px !important;background-image: url(https:\/\/chemsyn.com\/wp-content\/uploads\/2022\/04\/contact-banner.jpg?id=86) !important;background-position: center !important;background-repeat: no-repeat !important;background-size: cover !important;}\u00a0\u00bb el_class=\u00a0\u00bbpage-banner\u00a0\u00bb][vc_column css=\u00a0\u00bb.vc_custom_1650087819754{padding-top: 0px !important;}\u00a0\u00bb][vc_column_text] Emplacements [\/vc_column_text][\/vc_column][\/vc_row][vc_row full_width=\u00a0\u00bbstretch_row\u00a0\u00bb gap=\u00a0\u00bb35&Prime; equal_height=\u00a0\u00bbyes\u00a0\u00bb content_placement=\u00a0\u00bbmiddle\u00a0\u00bb el_class=\u00a0\u00bbcontact-main-wrap\u00a0\u00bb css=\u00a0\u00bb.vc_custom_1653037811851{margin-bottom: 40px !important;padding-top: 35px !important;padding-bottom: 35px !important;background-color: #f2f2f2 !important;}\u00a0\u00bb][vc_column width=\u00a0\u00bb1\/2&Prime; el_class=\u00a0\u00bbcontact-info\u00a0\u00bb][vc_column_text css=\u00a0\u00bb.vc_custom_1654616974258{margin-bottom: 35px !important;}\u00a0\u00bb] BUREAUX Avec un programme de services et une couverture en approvisionnement d\u2019un oc\u00e9an \u00e0 l\u2019autre, nos [&hellip;]<\/p>\n","protected":false},"author":2,"featured_media":0,"parent":0,"menu_order":0,"comment_status":"closed","ping_status":"closed","template":"fullwidth.php","meta":{"footnotes":""},"class_list":["post-1000","page","type-page","status-publish","hentry"],"acf":[],"yoast_head":"<!-- This site is optimized with the Yoast SEO plugin v19.10 - https:\/\/yoast.com\/wordpress\/plugins\/seo\/ -->\n<title>Emplacements - Chemsyn<\/title>\n<meta name=\"robots\" content=\"index, follow, max-snippet:-1, max-image-preview:large, max-video-preview:-1\" \/>\n<link rel=\"canonical\" href=\"https:\/\/chemsyn.com\/fr\/locations\/\" \/>\n<meta property=\"og:locale\" content=\"fr_CA\" \/>\n<meta property=\"og:type\" content=\"article\" \/>\n<meta property=\"og:title\" content=\"Emplacements - Chemsyn\" \/>\n<meta property=\"og:description\" content=\"[vc_row full_width=\u00a0\u00bbstretch_row\u00a0\u00bb content_placement=\u00a0\u00bbmiddle\u00a0\u00bb css=\u00a0\u00bb.vc_custom_1653037802251{margin-bottom: 40px !important;background-image: url(https:\/\/chemsyn.com\/wp-content\/uploads\/2022\/04\/contact-banner.jpg?id=86) !important;background-position: center !important;background-repeat: no-repeat !important;background-size: cover !important;}\u00a0\u00bb el_class=\u00a0\u00bbpage-banner\u00a0\u00bb][vc_column css=\u00a0\u00bb.vc_custom_1650087819754{padding-top: 0px !important;}\u00a0\u00bb][vc_column_text] Emplacements [\/vc_column_text][\/vc_column][\/vc_row][vc_row full_width=\u00a0\u00bbstretch_row\u00a0\u00bb gap=\u00a0\u00bb35&Prime; equal_height=\u00a0\u00bbyes\u00a0\u00bb content_placement=\u00a0\u00bbmiddle\u00a0\u00bb el_class=\u00a0\u00bbcontact-main-wrap\u00a0\u00bb css=\u00a0\u00bb.vc_custom_1653037811851{margin-bottom: 40px !important;padding-top: 35px !important;padding-bottom: 35px !important;background-color: #f2f2f2 !important;}\u00a0\u00bb][vc_column width=\u00a0\u00bb1\/2&Prime; el_class=\u00a0\u00bbcontact-info\u00a0\u00bb][vc_column_text css=\u00a0\u00bb.vc_custom_1654616974258{margin-bottom: 35px !important;}\u00a0\u00bb] BUREAUX Avec un programme de services et une couverture en approvisionnement d\u2019un oc\u00e9an \u00e0 l\u2019autre, nos [&hellip;]\" \/>\n<meta property=\"og:url\" content=\"https:\/\/chemsyn.com\/fr\/locations\/\" \/>\n<meta property=\"og:site_name\" content=\"Chemsyn\" \/>\n<meta property=\"article:modified_time\" content=\"2022-08-03T10:48:23+00:00\" \/>\n<meta name=\"twitter:card\" content=\"summary_large_image\" \/>\n<meta name=\"twitter:label1\" content=\"Estimation du temps de lecture\" \/>\n\t<meta name=\"twitter:data1\" content=\"1 minute\" \/>\n<script type=\"application\/ld+json\" class=\"yoast-schema-graph\">{\"@context\":\"https:\/\/schema.org\",\"@graph\":[{\"@type\":\"WebPage\",\"@id\":\"https:\/\/chemsyn.com\/fr\/locations\/\",\"url\":\"https:\/\/chemsyn.com\/fr\/locations\/\",\"name\":\"Emplacements - Chemsyn\",\"isPartOf\":{\"@id\":\"https:\/\/chemsyn.com\/fr\/#website\"},\"datePublished\":\"2022-04-29T15:01:39+00:00\",\"dateModified\":\"2022-08-03T10:48:23+00:00\",\"breadcrumb\":{\"@id\":\"https:\/\/chemsyn.com\/fr\/locations\/#breadcrumb\"},\"inLanguage\":\"fr-CA\",\"potentialAction\":[{\"@type\":\"ReadAction\",\"target\":[\"https:\/\/chemsyn.com\/fr\/locations\/\"]}]},{\"@type\":\"BreadcrumbList\",\"@id\":\"https:\/\/chemsyn.com\/fr\/locations\/#breadcrumb\",\"itemListElement\":[{\"@type\":\"ListItem\",\"position\":1,\"name\":\"Home\",\"item\":\"https:\/\/chemsyn.com\/fr\/\"},{\"@type\":\"ListItem\",\"position\":2,\"name\":\"Emplacements\"}]},{\"@type\":\"WebSite\",\"@id\":\"https:\/\/chemsyn.com\/fr\/#website\",\"url\":\"https:\/\/chemsyn.com\/fr\/\",\"name\":\"Chemsyn\",\"description\":\"Des solutions pour le monde d'aujourd'hui\",\"publisher\":{\"@id\":\"https:\/\/chemsyn.com\/fr\/#organization\"},\"potentialAction\":[{\"@type\":\"SearchAction\",\"target\":{\"@type\":\"EntryPoint\",\"urlTemplate\":\"https:\/\/chemsyn.com\/fr\/?s={search_term_string}\"},\"query-input\":\"required name=search_term_string\"}],\"inLanguage\":\"fr-CA\"},{\"@type\":\"Organization\",\"@id\":\"https:\/\/chemsyn.com\/fr\/#organization\",\"name\":\"Chemsyn\",\"url\":\"https:\/\/chemsyn.com\/fr\/\",\"logo\":{\"@type\":\"ImageObject\",\"inLanguage\":\"fr-CA\",\"@id\":\"https:\/\/chemsyn.com\/fr\/#\/schema\/logo\/image\/\",\"url\":\"https:\/\/chemsyn.com\/wp-content\/uploads\/2022\/06\/chemsyn-logo-tagline-en.png\",\"contentUrl\":\"https:\/\/chemsyn.com\/wp-content\/uploads\/2022\/06\/chemsyn-logo-tagline-en.png\",\"width\":424,\"height\":106,\"caption\":\"Chemsyn\"},\"image\":{\"@id\":\"https:\/\/chemsyn.com\/fr\/#\/schema\/logo\/image\/\"}}]}<\/script>\n<!-- \/ Yoast SEO plugin. -->","yoast_head_json":{"title":"Emplacements - Chemsyn","robots":{"index":"index","follow":"follow","max-snippet":"max-snippet:-1","max-image-preview":"max-image-preview:large","max-video-preview":"max-video-preview:-1"},"canonical":"https:\/\/chemsyn.com\/fr\/locations\/","og_locale":"fr_CA","og_type":"article","og_title":"Emplacements - Chemsyn","og_description":"[vc_row full_width=\u00a0\u00bbstretch_row\u00a0\u00bb content_placement=\u00a0\u00bbmiddle\u00a0\u00bb css=\u00a0\u00bb.vc_custom_1653037802251{margin-bottom: 40px !important;background-image: url(https:\/\/chemsyn.com\/wp-content\/uploads\/2022\/04\/contact-banner.jpg?id=86) !important;background-position: center !important;background-repeat: no-repeat !important;background-size: cover !important;}\u00a0\u00bb el_class=\u00a0\u00bbpage-banner\u00a0\u00bb][vc_column css=\u00a0\u00bb.vc_custom_1650087819754{padding-top: 0px !important;}\u00a0\u00bb][vc_column_text] Emplacements [\/vc_column_text][\/vc_column][\/vc_row][vc_row full_width=\u00a0\u00bbstretch_row\u00a0\u00bb gap=\u00a0\u00bb35&Prime; equal_height=\u00a0\u00bbyes\u00a0\u00bb content_placement=\u00a0\u00bbmiddle\u00a0\u00bb el_class=\u00a0\u00bbcontact-main-wrap\u00a0\u00bb css=\u00a0\u00bb.vc_custom_1653037811851{margin-bottom: 40px !important;padding-top: 35px !important;padding-bottom: 35px !important;background-color: #f2f2f2 !important;}\u00a0\u00bb][vc_column width=\u00a0\u00bb1\/2&Prime; el_class=\u00a0\u00bbcontact-info\u00a0\u00bb][vc_column_text css=\u00a0\u00bb.vc_custom_1654616974258{margin-bottom: 35px !important;}\u00a0\u00bb] BUREAUX Avec un programme de services et une couverture en approvisionnement d\u2019un oc\u00e9an \u00e0 l\u2019autre, nos [&hellip;]","og_url":"https:\/\/chemsyn.com\/fr\/locations\/","og_site_name":"Chemsyn","article_modified_time":"2022-08-03T10:48:23+00:00","twitter_card":"summary_large_image","twitter_misc":{"Estimation du temps de lecture":"1 minute"},"schema":{"@context":"https:\/\/schema.org","@graph":[{"@type":"WebPage","@id":"https:\/\/chemsyn.com\/fr\/locations\/","url":"https:\/\/chemsyn.com\/fr\/locations\/","name":"Emplacements - Chemsyn","isPartOf":{"@id":"https:\/\/chemsyn.com\/fr\/#website"},"datePublished":"2022-04-29T15:01:39+00:00","dateModified":"2022-08-03T10:48:23+00:00","breadcrumb":{"@id":"https:\/\/chemsyn.com\/fr\/locations\/#breadcrumb"},"inLanguage":"fr-CA","potentialAction":[{"@type":"ReadAction","target":["https:\/\/chemsyn.com\/fr\/locations\/"]}]},{"@type":"BreadcrumbList","@id":"https:\/\/chemsyn.com\/fr\/locations\/#breadcrumb","itemListElement":[{"@type":"ListItem","position":1,"name":"Home","item":"https:\/\/chemsyn.com\/fr\/"},{"@type":"ListItem","position":2,"name":"Emplacements"}]},{"@type":"WebSite","@id":"https:\/\/chemsyn.com\/fr\/#website","url":"https:\/\/chemsyn.com\/fr\/","name":"Chemsyn","description":"Des solutions pour le monde d'aujourd'hui","publisher":{"@id":"https:\/\/chemsyn.com\/fr\/#organization"},"potentialAction":[{"@type":"SearchAction","target":{"@type":"EntryPoint","urlTemplate":"https:\/\/chemsyn.com\/fr\/?s={search_term_string}"},"query-input":"required name=search_term_string"}],"inLanguage":"fr-CA"},{"@type":"Organization","@id":"https:\/\/chemsyn.com\/fr\/#organization","name":"Chemsyn","url":"https:\/\/chemsyn.com\/fr\/","logo":{"@type":"ImageObject","inLanguage":"fr-CA","@id":"https:\/\/chemsyn.com\/fr\/#\/schema\/logo\/image\/","url":"https:\/\/chemsyn.com\/wp-content\/uploads\/2022\/06\/chemsyn-logo-tagline-en.png","contentUrl":"https:\/\/chemsyn.com\/wp-content\/uploads\/2022\/06\/chemsyn-logo-tagline-en.png","width":424,"height":106,"caption":"Chemsyn"},"image":{"@id":"https:\/\/chemsyn.com\/fr\/#\/schema\/logo\/image\/"}}]}},"_links":{"self":[{"href":"https:\/\/chemsyn.com\/fr\/wp-json\/wp\/v2\/pages\/1000","targetHints":{"allow":["GET"]}}],"collection":[{"href":"https:\/\/chemsyn.com\/fr\/wp-json\/wp\/v2\/pages"}],"about":[{"href":"https:\/\/chemsyn.com\/fr\/wp-json\/wp\/v2\/types\/page"}],"author":[{"embeddable":true,"href":"https:\/\/chemsyn.com\/fr\/wp-json\/wp\/v2\/users\/2"}],"replies":[{"embeddable":true,"href":"https:\/\/chemsyn.com\/fr\/wp-json\/wp\/v2\/comments?post=1000"}],"version-history":[{"count":4,"href":"https:\/\/chemsyn.com\/fr\/wp-json\/wp\/v2\/pages\/1000\/revisions"}],"predecessor-version":[{"id":1224,"href":"https:\/\/chemsyn.com\/fr\/wp-json\/wp\/v2\/pages\/1000\/revisions\/1224"}],"wp:attachment":[{"href":"https:\/\/chemsyn.com\/fr\/wp-json\/wp\/v2\/media?parent=1000"}],"curies":[{"name":"wp","href":"https:\/\/api.w.org\/{rel}","templated":true}]}}