{"id":1007,"date":"2022-04-27T08:53:40","date_gmt":"2022-04-27T12:53:40","guid":{"rendered":"https:\/\/chemsyn.com\/?page_id=1007"},"modified":"2023-07-28T10:56:10","modified_gmt":"2023-07-28T14:56:10","slug":"product-safety-data-sheets-sds-msds","status":"publish","type":"page","link":"https:\/\/chemsyn.com\/fr\/product-safety-data-sheets-sds-msds\/","title":{"rendered":"Fiches de donn\u00e9es de s\u00e9curit\u00e9 des produits (FDS\/MSDS)"},"content":{"rendered":"<p>[vc_row full_width=\u00a0\u00bbstretch_row\u00a0\u00bb content_placement=\u00a0\u00bbmiddle\u00a0\u00bb el_class=\u00a0\u00bbpage-banner\u00a0\u00bb css=\u00a0\u00bb.vc_custom_1651663546496{margin-bottom: 40px !important;background-image: url(https:\/\/chemsyn.com\/wp-content\/uploads\/2022\/04\/contact-banner.jpg?id=86) !important;background-position: center !important;background-repeat: no-repeat !important;background-size: cover !important;}\u00a0\u00bb][vc_column css=\u00a0\u00bb.vc_custom_1650109296466{padding-top: 0px !important;}\u00a0\u00bb][vc_column_text]<\/p>\n<h1 style=\"text-align: center;\">FICHES DE DONN\u00c9ES DE S\u00c9CURIT\u00c9 DES PRODUITS (FDS\/MSDS)<\/h1>\n<p>[\/vc_column_text][\/vc_column][\/vc_row][vc_row css=\u00a0\u00bb.vc_custom_1690537385310{background-position: center !important;background-repeat: no-repeat !important;background-size: cover !important;}\u00a0\u00bb][vc_column][vc_column_text]<\/p>\n<h3 style=\"margin-bottom: 25px;\"><span style=\"color: #22b1dd;\"><strong>Bient\u00f4t disponible<\/strong><\/span><\/h3>\n<div id=\"sds_search_wrap\"><form id=\"download_search\" action=\"\/sds-msds\/\" method=\"get\"><input type=\"text\" name=\"ggsearch\" value=\"\" placeholder=\"Enter a Product Name, Description or Item Number\" \/><button type=\"submit\"><i class=\"fas fa-search\"><\/i><\/button><\/form><\/div>\n<p>&nbsp;<\/p>\n<p>Veuillez noter que certaines fiches de donn\u00e9es de s\u00e9curit\u00e9 peuvent ne pas \u00eatre disponibles en ligne. Si vous ne trouvez pas ce que vous cherchez, veuillez nous contacter <strong>SANS FRAIS<\/strong> au <strong>1-833-888-CHEM (2436)<\/strong>.<\/p>\n<p><strong>En cas d\u2019accident, de d\u00e9versement ou de toute autre situation d\u2019urgence de nature chimique, veuillez appeler votre contact d\u2019urgence local ou CANUTEC au 1-888-CAN-UTEC (226-8832),<br \/>\n(613) 996-6666 ou composez *666 sur un t\u00e9l\u00e9phone cellulaire.<\/strong>[\/vc_column_text][\/vc_column][\/vc_row][vc_row gap=\u00a0\u00bb35&Prime; equal_height=\u00a0\u00bbyes\u00a0\u00bb disable_element=\u00a0\u00bbyes\u00a0\u00bb css=\u00a0\u00bb.vc_custom_1651674787139{margin-top: 30px !important;margin-bottom: 30px !important;}\u00a0\u00bb][vc_column css=\u00a0\u00bb.vc_custom_1651051178002{padding-top: 30px !important;padding-right: 30px !important;padding-bottom: 30px !important;padding-left: 30px !important;background-color: #f5f5f5 !important;}\u00a0\u00bb offset=\u00a0\u00bbvc_col-md-6&Prime;][vc_custom_heading text=\u00a0\u00bbChemsyn\u00a0\u00bb font_container=\u00a0\u00bbtag:h2|font_size:21px|text_align:left|color:%23124376|line_height:28px\u00a0\u00bb use_theme_fonts=\u00a0\u00bbyes\u00a0\u00bb css=\u00a0\u00bb.vc_custom_1651050861581{margin-bottom: 20px !important;}\u00a0\u00bb][vc_column_text el_class=\u00a0\u00bbdownloads\u00a0\u00bb css=\u00a0\u00bb.vc_custom_1651050907380{margin-bottom: 0px !important;}\u00a0\u00bb]<\/p>\n<ul>\n<li><a href=\"\/wp-content\/uploads\/2022\/04\/Chemsyn-SDS-ENG.zip\" target=\"_blank\" rel=\"noopener\">Chemsyn SDS &#8211; ENG.zip (4MB)<\/a><\/li>\n<li><a href=\"\/wp-content\/uploads\/2022\/04\/Chemsyn-SDS-FR.zip\" target=\"_blank\" rel=\"noopener\">Chemsyn SDS &#8211; FR.zip (3MB)<\/a><\/li>\n<\/ul>\n<p>[\/vc_column_text][\/vc_column][vc_column css=\u00a0\u00bb.vc_custom_1651051185231{padding-top: 30px !important;padding-right: 30px !important;padding-bottom: 30px !important;padding-left: 30px !important;background-color: #f5f5f5 !important;}\u00a0\u00bb offset=\u00a0\u00bbvc_col-md-6&Prime;][vc_custom_heading text=\u00a0\u00bbCitron\u00a0\u00bb font_container=\u00a0\u00bbtag:h2|font_size:21px|text_align:left|color:%23124376|line_height:28px\u00a0\u00bb use_theme_fonts=\u00a0\u00bbyes\u00a0\u00bb css=\u00a0\u00bb.vc_custom_1651050846565{margin-bottom: 20px !important;}\u00a0\u00bb][vc_column_text el_class=\u00a0\u00bbdownloads\u00a0\u00bb css=\u00a0\u00bb.vc_custom_1651050911005{margin-bottom: 0px !important;}\u00a0\u00bb]<\/p>\n<ul>\n<li><a href=\"\/wp-content\/uploads\/2022\/04\/Citron-SDS-ENG.zip\">Citron SDS &#8211; ENG.zip (36Mb)<\/a><\/li>\n<li><a href=\"\/wp-content\/uploads\/2022\/04\/Citron-SDS-FR.zip\">Citron SDS &#8211; FR.zip (20Mb)<\/a><\/li>\n<\/ul>\n<p>[\/vc_column_text][\/vc_column][\/vc_row]<\/p>\n","protected":false},"excerpt":{"rendered":"<p>[vc_row full_width=\u00a0\u00bbstretch_row\u00a0\u00bb content_placement=\u00a0\u00bbmiddle\u00a0\u00bb el_class=\u00a0\u00bbpage-banner\u00a0\u00bb css=\u00a0\u00bb.vc_custom_1651663546496{margin-bottom: 40px !important;background-image: url(https:\/\/chemsyn.com\/wp-content\/uploads\/2022\/04\/contact-banner.jpg?id=86) !important;background-position: center !important;background-repeat: no-repeat !important;background-size: cover !important;}\u00a0\u00bb][vc_column css=\u00a0\u00bb.vc_custom_1650109296466{padding-top: 0px !important;}\u00a0\u00bb][vc_column_text] FICHES DE DONN\u00c9ES DE S\u00c9CURIT\u00c9 DES PRODUITS (FDS\/MSDS) [\/vc_column_text][\/vc_column][\/vc_row][vc_row css=\u00a0\u00bb.vc_custom_1690537385310{background-position: center !important;background-repeat: no-repeat !important;background-size: cover !important;}\u00a0\u00bb][vc_column][vc_column_text] Bient\u00f4t disponible &nbsp; Veuillez noter que certaines fiches de donn\u00e9es de s\u00e9curit\u00e9 peuvent ne pas \u00eatre disponibles en ligne. Si vous [&hellip;]<\/p>\n","protected":false},"author":2,"featured_media":0,"parent":0,"menu_order":0,"comment_status":"closed","ping_status":"closed","template":"fullwidth.php","meta":{"footnotes":""},"class_list":["post-1007","page","type-page","status-publish","hentry"],"acf":[],"yoast_head":"<!-- This site is optimized with the Yoast SEO plugin v19.10 - https:\/\/yoast.com\/wordpress\/plugins\/seo\/ -->\n<title>Fiches de donn\u00e9es de s\u00e9curit\u00e9 des produits (FDS\/MSDS) - Chemsyn<\/title>\n<meta name=\"robots\" content=\"index, follow, max-snippet:-1, max-image-preview:large, max-video-preview:-1\" \/>\n<link rel=\"canonical\" href=\"https:\/\/chemsyn.com\/fr\/product-safety-data-sheets-sds-msds\/\" \/>\n<meta property=\"og:locale\" content=\"fr_CA\" \/>\n<meta property=\"og:type\" content=\"article\" \/>\n<meta property=\"og:title\" content=\"Fiches de donn\u00e9es de s\u00e9curit\u00e9 des produits (FDS\/MSDS) - Chemsyn\" \/>\n<meta property=\"og:description\" content=\"[vc_row full_width=\u00a0\u00bbstretch_row\u00a0\u00bb content_placement=\u00a0\u00bbmiddle\u00a0\u00bb el_class=\u00a0\u00bbpage-banner\u00a0\u00bb css=\u00a0\u00bb.vc_custom_1651663546496{margin-bottom: 40px !important;background-image: url(https:\/\/chemsyn.com\/wp-content\/uploads\/2022\/04\/contact-banner.jpg?id=86) !important;background-position: center !important;background-repeat: no-repeat !important;background-size: cover !important;}\u00a0\u00bb][vc_column css=\u00a0\u00bb.vc_custom_1650109296466{padding-top: 0px !important;}\u00a0\u00bb][vc_column_text] FICHES DE DONN\u00c9ES DE S\u00c9CURIT\u00c9 DES PRODUITS (FDS\/MSDS) [\/vc_column_text][\/vc_column][\/vc_row][vc_row css=\u00a0\u00bb.vc_custom_1690537385310{background-position: center !important;background-repeat: no-repeat !important;background-size: cover !important;}\u00a0\u00bb][vc_column][vc_column_text] Bient\u00f4t disponible &nbsp; Veuillez noter que certaines fiches de donn\u00e9es de s\u00e9curit\u00e9 peuvent ne pas \u00eatre disponibles en ligne. Si vous [&hellip;]\" \/>\n<meta property=\"og:url\" content=\"https:\/\/chemsyn.com\/fr\/product-safety-data-sheets-sds-msds\/\" \/>\n<meta property=\"og:site_name\" content=\"Chemsyn\" \/>\n<meta property=\"article:modified_time\" content=\"2023-07-28T14:56:10+00:00\" \/>\n<meta name=\"twitter:card\" content=\"summary_large_image\" \/>\n<meta name=\"twitter:label1\" content=\"Estimation du temps de lecture\" \/>\n\t<meta name=\"twitter:data1\" content=\"2 minutes\" \/>\n<script type=\"application\/ld+json\" class=\"yoast-schema-graph\">{\"@context\":\"https:\/\/schema.org\",\"@graph\":[{\"@type\":\"WebPage\",\"@id\":\"https:\/\/chemsyn.com\/fr\/product-safety-data-sheets-sds-msds\/\",\"url\":\"https:\/\/chemsyn.com\/fr\/product-safety-data-sheets-sds-msds\/\",\"name\":\"Fiches de donn\u00e9es de s\u00e9curit\u00e9 des produits (FDS\/MSDS) - Chemsyn\",\"isPartOf\":{\"@id\":\"https:\/\/chemsyn.com\/fr\/#website\"},\"datePublished\":\"2022-04-27T12:53:40+00:00\",\"dateModified\":\"2023-07-28T14:56:10+00:00\",\"breadcrumb\":{\"@id\":\"https:\/\/chemsyn.com\/fr\/product-safety-data-sheets-sds-msds\/#breadcrumb\"},\"inLanguage\":\"fr-CA\",\"potentialAction\":[{\"@type\":\"ReadAction\",\"target\":[\"https:\/\/chemsyn.com\/fr\/product-safety-data-sheets-sds-msds\/\"]}]},{\"@type\":\"BreadcrumbList\",\"@id\":\"https:\/\/chemsyn.com\/fr\/product-safety-data-sheets-sds-msds\/#breadcrumb\",\"itemListElement\":[{\"@type\":\"ListItem\",\"position\":1,\"name\":\"Home\",\"item\":\"https:\/\/chemsyn.com\/fr\/\"},{\"@type\":\"ListItem\",\"position\":2,\"name\":\"Fiches de donn\u00e9es de s\u00e9curit\u00e9 des produits (FDS\/MSDS)\"}]},{\"@type\":\"WebSite\",\"@id\":\"https:\/\/chemsyn.com\/fr\/#website\",\"url\":\"https:\/\/chemsyn.com\/fr\/\",\"name\":\"Chemsyn\",\"description\":\"Des solutions pour le monde d'aujourd'hui\",\"publisher\":{\"@id\":\"https:\/\/chemsyn.com\/fr\/#organization\"},\"potentialAction\":[{\"@type\":\"SearchAction\",\"target\":{\"@type\":\"EntryPoint\",\"urlTemplate\":\"https:\/\/chemsyn.com\/fr\/?s={search_term_string}\"},\"query-input\":\"required name=search_term_string\"}],\"inLanguage\":\"fr-CA\"},{\"@type\":\"Organization\",\"@id\":\"https:\/\/chemsyn.com\/fr\/#organization\",\"name\":\"Chemsyn\",\"url\":\"https:\/\/chemsyn.com\/fr\/\",\"logo\":{\"@type\":\"ImageObject\",\"inLanguage\":\"fr-CA\",\"@id\":\"https:\/\/chemsyn.com\/fr\/#\/schema\/logo\/image\/\",\"url\":\"https:\/\/chemsyn.com\/wp-content\/uploads\/2022\/06\/chemsyn-logo-tagline-en.png\",\"contentUrl\":\"https:\/\/chemsyn.com\/wp-content\/uploads\/2022\/06\/chemsyn-logo-tagline-en.png\",\"width\":424,\"height\":106,\"caption\":\"Chemsyn\"},\"image\":{\"@id\":\"https:\/\/chemsyn.com\/fr\/#\/schema\/logo\/image\/\"}}]}<\/script>\n<!-- \/ Yoast SEO plugin. -->","yoast_head_json":{"title":"Fiches de donn\u00e9es de s\u00e9curit\u00e9 des produits (FDS\/MSDS) - Chemsyn","robots":{"index":"index","follow":"follow","max-snippet":"max-snippet:-1","max-image-preview":"max-image-preview:large","max-video-preview":"max-video-preview:-1"},"canonical":"https:\/\/chemsyn.com\/fr\/product-safety-data-sheets-sds-msds\/","og_locale":"fr_CA","og_type":"article","og_title":"Fiches de donn\u00e9es de s\u00e9curit\u00e9 des produits (FDS\/MSDS) - Chemsyn","og_description":"[vc_row full_width=\u00a0\u00bbstretch_row\u00a0\u00bb content_placement=\u00a0\u00bbmiddle\u00a0\u00bb el_class=\u00a0\u00bbpage-banner\u00a0\u00bb css=\u00a0\u00bb.vc_custom_1651663546496{margin-bottom: 40px !important;background-image: url(https:\/\/chemsyn.com\/wp-content\/uploads\/2022\/04\/contact-banner.jpg?id=86) !important;background-position: center !important;background-repeat: no-repeat !important;background-size: cover !important;}\u00a0\u00bb][vc_column css=\u00a0\u00bb.vc_custom_1650109296466{padding-top: 0px !important;}\u00a0\u00bb][vc_column_text] FICHES DE DONN\u00c9ES DE S\u00c9CURIT\u00c9 DES PRODUITS (FDS\/MSDS) [\/vc_column_text][\/vc_column][\/vc_row][vc_row css=\u00a0\u00bb.vc_custom_1690537385310{background-position: center !important;background-repeat: no-repeat !important;background-size: cover !important;}\u00a0\u00bb][vc_column][vc_column_text] Bient\u00f4t disponible &nbsp; Veuillez noter que certaines fiches de donn\u00e9es de s\u00e9curit\u00e9 peuvent ne pas \u00eatre disponibles en ligne. Si vous [&hellip;]","og_url":"https:\/\/chemsyn.com\/fr\/product-safety-data-sheets-sds-msds\/","og_site_name":"Chemsyn","article_modified_time":"2023-07-28T14:56:10+00:00","twitter_card":"summary_large_image","twitter_misc":{"Estimation du temps de lecture":"2 minutes"},"schema":{"@context":"https:\/\/schema.org","@graph":[{"@type":"WebPage","@id":"https:\/\/chemsyn.com\/fr\/product-safety-data-sheets-sds-msds\/","url":"https:\/\/chemsyn.com\/fr\/product-safety-data-sheets-sds-msds\/","name":"Fiches de donn\u00e9es de s\u00e9curit\u00e9 des produits (FDS\/MSDS) - Chemsyn","isPartOf":{"@id":"https:\/\/chemsyn.com\/fr\/#website"},"datePublished":"2022-04-27T12:53:40+00:00","dateModified":"2023-07-28T14:56:10+00:00","breadcrumb":{"@id":"https:\/\/chemsyn.com\/fr\/product-safety-data-sheets-sds-msds\/#breadcrumb"},"inLanguage":"fr-CA","potentialAction":[{"@type":"ReadAction","target":["https:\/\/chemsyn.com\/fr\/product-safety-data-sheets-sds-msds\/"]}]},{"@type":"BreadcrumbList","@id":"https:\/\/chemsyn.com\/fr\/product-safety-data-sheets-sds-msds\/#breadcrumb","itemListElement":[{"@type":"ListItem","position":1,"name":"Home","item":"https:\/\/chemsyn.com\/fr\/"},{"@type":"ListItem","position":2,"name":"Fiches de donn\u00e9es de s\u00e9curit\u00e9 des produits (FDS\/MSDS)"}]},{"@type":"WebSite","@id":"https:\/\/chemsyn.com\/fr\/#website","url":"https:\/\/chemsyn.com\/fr\/","name":"Chemsyn","description":"Des solutions pour le monde d'aujourd'hui","publisher":{"@id":"https:\/\/chemsyn.com\/fr\/#organization"},"potentialAction":[{"@type":"SearchAction","target":{"@type":"EntryPoint","urlTemplate":"https:\/\/chemsyn.com\/fr\/?s={search_term_string}"},"query-input":"required name=search_term_string"}],"inLanguage":"fr-CA"},{"@type":"Organization","@id":"https:\/\/chemsyn.com\/fr\/#organization","name":"Chemsyn","url":"https:\/\/chemsyn.com\/fr\/","logo":{"@type":"ImageObject","inLanguage":"fr-CA","@id":"https:\/\/chemsyn.com\/fr\/#\/schema\/logo\/image\/","url":"https:\/\/chemsyn.com\/wp-content\/uploads\/2022\/06\/chemsyn-logo-tagline-en.png","contentUrl":"https:\/\/chemsyn.com\/wp-content\/uploads\/2022\/06\/chemsyn-logo-tagline-en.png","width":424,"height":106,"caption":"Chemsyn"},"image":{"@id":"https:\/\/chemsyn.com\/fr\/#\/schema\/logo\/image\/"}}]}},"_links":{"self":[{"href":"https:\/\/chemsyn.com\/fr\/wp-json\/wp\/v2\/pages\/1007","targetHints":{"allow":["GET"]}}],"collection":[{"href":"https:\/\/chemsyn.com\/fr\/wp-json\/wp\/v2\/pages"}],"about":[{"href":"https:\/\/chemsyn.com\/fr\/wp-json\/wp\/v2\/types\/page"}],"author":[{"embeddable":true,"href":"https:\/\/chemsyn.com\/fr\/wp-json\/wp\/v2\/users\/2"}],"replies":[{"embeddable":true,"href":"https:\/\/chemsyn.com\/fr\/wp-json\/wp\/v2\/comments?post=1007"}],"version-history":[{"count":8,"href":"https:\/\/chemsyn.com\/fr\/wp-json\/wp\/v2\/pages\/1007\/revisions"}],"predecessor-version":[{"id":1847,"href":"https:\/\/chemsyn.com\/fr\/wp-json\/wp\/v2\/pages\/1007\/revisions\/1847"}],"wp:attachment":[{"href":"https:\/\/chemsyn.com\/fr\/wp-json\/wp\/v2\/media?parent=1007"}],"curies":[{"name":"wp","href":"https:\/\/api.w.org\/{rel}","templated":true}]}}