{"id":1015,"date":"2022-04-26T14:27:17","date_gmt":"2022-04-26T18:27:17","guid":{"rendered":"https:\/\/chemsyn.com\/?page_id=1015"},"modified":"2022-08-03T08:24:57","modified_gmt":"2022-08-03T12:24:57","slug":"excellence-du-service","status":"publish","type":"page","link":"https:\/\/chemsyn.com\/fr\/excellence-du-service\/","title":{"rendered":"Excellence du service"},"content":{"rendered":"<p>[vc_row full_width=\u00a0\u00bbstretch_row\u00a0\u00bb content_placement=\u00a0\u00bbmiddle\u00a0\u00bb el_class=\u00a0\u00bbpage-banner\u00a0\u00bb css=\u00a0\u00bb.vc_custom_1651663013017{margin-bottom: 40px !important;background-image: url(https:\/\/chemsyn.com\/wp-content\/uploads\/2022\/05\/service-excellence-1.jpg?id=676) !important;background-position: center !important;background-repeat: no-repeat !important;background-size: cover !important;}\u00a0\u00bb][vc_column css=\u00a0\u00bb.vc_custom_1650109296466{padding-top: 0px !important;}\u00a0\u00bb][vc_column_text]<\/p>\n<h1 style=\"text-align: center;\">EXCELLENCE DU SERVICE<\/h1>\n<p>[\/vc_column_text][\/vc_column][\/vc_row][vc_row full_width=\u00a0\u00bbstretch_row\u00a0\u00bb css=\u00a0\u00bb.vc_custom_1653037933410{padding-top: 40px !important;padding-bottom: 35px !important;background-image: url(https:\/\/chemsyn.com\/wp-content\/uploads\/2022\/05\/price-promise.jpg?id=675) !important;background-position: center !important;background-repeat: no-repeat !important;background-size: cover !important;}\u00a0\u00bb el_class=\u00a0\u00bbhome-banner machine-section\u00a0\u00bb][vc_column][vc_column_text]<\/p>\n<h2>PROMESSE DE SERVICE<\/h2>\n<p class=\"fs-16\">Notre promesse d\u2019excellence en mati\u00e8re de service \u00e0 la client\u00e8le constitue la pierre angulaire de notre activit\u00e9 et vous assure le plus haut niveau de service \u00e0 la client\u00e8le et d\u2019assistance disponible dans le secteur. C\u2019est ce qui nous distingue de la concurrence et qui nous permet de gagner votre confiance.<\/p>\n<p>[\/vc_column_text][\/vc_column][\/vc_row][vc_row content_placement=\u00a0\u00bbmiddle\u00a0\u00bb css=\u00a0\u00bb.vc_custom_1650111824707{padding-top: 30px !important;padding-bottom: 30px !important;}\u00a0\u00bb][vc_column width=\u00a0\u00bb2\/3&Prime;][vc_column_text]<\/p>\n<h4 class=\"light-blue-text sub-title\">CHEMSYN TOTALCARE\u2122<\/h4>\n<h2>DES CUISINES PROPRES, S\u00dbRES ET SAINES<\/h2>\n<p>En tant que partenaire des chefs de cuisine, des gestionnaires alimentaires et du personnel de distribution de produits alimentaires, Chemsyn fournit des produits et services d\u2019assainissement et de d\u00e9sinfection qui assurent le plus haut niveau de s\u00e9curit\u00e9 alimentaire et garantissent des environnements de service alimentaire propres et s\u00fbrs dans les cuisines de production centrales, les installations de restauration et les salles de r\u00e9ception, les comptoirs de vente au d\u00e9tail, la production alimentaire et les restaurants de petite et de grande taille.[\/vc_column_text][\/vc_column][vc_column width=\u00a0\u00bb1\/3&Prime;][vc_single_image image=\u00a0\u00bb898&Prime; img_size=\u00a0\u00bbfull\u00a0\u00bb alignment=\u00a0\u00bbcenter\u00a0\u00bb][\/vc_column][\/vc_row][vc_row full_width=\u00a0\u00bbstretch_row_content_no_spaces\u00a0\u00bb equal_height=\u00a0\u00bbyes\u00a0\u00bb content_placement=\u00a0\u00bbmiddle\u00a0\u00bb css=\u00a0\u00bb.vc_custom_1651576023124{background-color: #e8f7fc !important;}\u00a0\u00bb el_class=\u00a0\u00bbfull-width-row\u00a0\u00bb][vc_column css=\u00a0\u00bb.vc_custom_1652979855352{padding-top: 0px !important;background-position: center !important;background-repeat: no-repeat !important;background-size: cover !important;}\u00a0\u00bb offset=\u00a0\u00bbvc_col-md-4&Prime;][vc_single_image image=\u00a0\u00bb973&Prime; img_size=\u00a0\u00bbfull\u00a0\u00bb css=\u00a0\u00bb.vc_custom_1652979899208{margin-bottom: 0px !important;}\u00a0\u00bb][\/vc_column][vc_column css=\u00a0\u00bb.vc_custom_1651576225717{padding-top: 3rem !important;padding-right: 80px !important;padding-bottom: 3rem !important;padding-left: 40px !important;}\u00a0\u00bb el_class=\u00a0\u00bbcontent-col\u00a0\u00bb offset=\u00a0\u00bbvc_col-md-8&Prime;][vc_row_inner content_placement=\u00a0\u00bbmiddle\u00a0\u00bb gap=\u00a0\u00bb35&Prime; css=\u00a0\u00bb.vc_custom_1651048270170{margin-right: -16.5px !important;margin-bottom: 0px !important;margin-left: -16.5px !important;padding-bottom: 0px !important;}\u00a0\u00bb][vc_column_inner width=\u00a0\u00bb1\/2&Prime; offset=\u00a0\u00bbvc_col-lg-2&Prime;][vc_single_image image=\u00a0\u00bb899&Prime; img_size=\u00a0\u00bb265&#215;114&Prime; css=\u00a0\u00bb.vc_custom_1650986517234{margin-bottom: 0px !important;padding-bottom: 0px !important;}\u00a0\u00bb el_class=\u00a0\u00bbsmartcare\u00a0\u00bb][\/vc_column_inner][vc_column_inner offset=\u00a0\u00bbvc_col-lg-10&Prime; css=\u00a0\u00bb.vc_custom_1650987615122{margin-bottom: 0px !important;padding-bottom: 0px !important;}\u00a0\u00bb][vc_column_text css=\u00a0\u00bb.vc_custom_1654618741554{margin-bottom: 0px !important;padding-right: 20% !important;padding-bottom: 0px !important;}\u00a0\u00bb]<\/p>\n<h4 class=\"light-blue-text sub-title\">SERVICE D\u2019ASSISTANCE SMARTCARE\u2122<\/h4>\n<h2>V\u00c9RITABLE PROGRAMME DE SERVICE D\u2019ASSISTANCE 24\u00a0h\/24 ET 7 J\/7<\/h2>\n<p>[\/vc_column_text][\/vc_column_inner][\/vc_row_inner][vc_row_inner css=\u00a0\u00bb.vc_custom_1650986608570{margin-top: 0px !important;padding-top: 0px !important;}\u00a0\u00bb][vc_column_inner][vc_column_text]Chemsyn est la r\u00e9f\u00e9rence en mati\u00e8re de prestation de services gr\u00e2ce au seul v\u00e9ritable programme d\u2019assistance SMARTCARE\u2122 24 heures sur 24 et 7 jours sur 7 de l\u2019industrie pour le traitement et la livraison des commandes en continu et urgentes, la r\u00e9paration des machines et l\u2019entretien g\u00e9n\u00e9ral fournis gratuitement dans le cadre de nos programmes d\u2019assainissement, de d\u00e9sinfection et de nettoyage.<\/p>\n<p>Nos repr\u00e9sentants sur\u00ad le terrain certifi\u00e9s et exp\u00e9riment\u00e9s Chemsyn vous fournissent des services ininterrompus pour vos machines et syst\u00e8mes \u00e0 l\u2019\u00e9chelle nationale, 24 heures sur 24 et 7 jours sur 7, afin de r\u00e9pondre \u00e0 vos besoins r\u00e9guliers, de pr\u00e9venir les temps d\u2019arr\u00eat op\u00e9rationnels et de garantir le plus haut niveau de s\u00e9curit\u00e9 alimentaire, tout en renfor\u00e7ant la satisfaction des clients, des r\u00e9sidents et des employ\u00e9s.<\/p>\n<p><strong>Service d\u2019urgence sans frais le jour m\u00eame\u00a0: 1-833-888-CHEM (2436)<\/strong>[\/vc_column_text][\/vc_column_inner][\/vc_row_inner][\/vc_column][\/vc_row][vc_row content_placement=\u00a0\u00bbmiddle\u00a0\u00bb css=\u00a0\u00bb.vc_custom_1650111815308{padding-top: 30px !important;padding-bottom: 30px !important;}\u00a0\u00bb][vc_column width=\u00a0\u00bb2\/3&Prime;][vc_column_text]<\/p>\n<h2>Notre mission est de devenir votre partenaire de confiance.<\/h2>\n<p>La prestation de services de classe mondiale est le fondement de notre entreprise et demeure le pilier de notre partenariat avec vous ainsi qu\u2019avec des milliers d\u2019entreprises \u00e0 travers le Canada.<\/p>\n<p>En plus de fournir un v\u00e9ritable service d\u2019assistance d\u2019urgence 24 heures sur 24 et 7 jours sur 7 pour le traitement et la livraison des commandes, le d\u00e9pannage et la r\u00e9paration des machines, notre programme d\u2019assistance SMARTCARE\u2122 pr\u00e9sente des avantages op\u00e9rationnels majeurs pour vous et votre \u00e9quipe et garantit le respect syst\u00e9matique des contr\u00f4les suivants lorsque les repr\u00e9sentants sur le terrain certifi\u00e9s Chemsyn sont sur place :<\/p>\n<ul class=\"tick\">\n<li>Contr\u00f4ler de mani\u00e8re manuelle ou visuelle les machines, les dispositifs de distribution et les syst\u00e8mes de dosage pour veiller \u00e0 leur bon fonctionnement.<\/li>\n<li>Contr\u00f4ler la calibration des machines et des \u00e9quipements de distribution pour garantir les niveaux d\u2019assainissement et de d\u00e9sinfection requis.<\/li>\n<li>Assurer un entretien pr\u00e9ventif et la production de rapports r\u00e9guliers<\/li>\n<li>Fournir au personnel une formation sur les produits, selon les besoins<\/li>\n<li>Promouvoir les meilleures pratiques en mati\u00e8re de s\u00e9curit\u00e9 des aliments et des employ\u00e9s<\/li>\n<li>Examiner les proc\u00e9dures, le cas \u00e9ch\u00e9ant, et fournir un retour d\u2019information<\/li>\n<li>Recommander de nouvelles technologies et de nouveaux produits pour r\u00e9aliser des gains d\u2019efficacit\u00e9 ainsi que des \u00e9conomies<\/li>\n<li>Assurer la r\u00e9solution des probl\u00e8mes et r\u00e9soudre de mani\u00e8re proactive les probl\u00e8mes sur place<\/li>\n<\/ul>\n<p>[\/vc_column_text][\/vc_column][vc_column width=\u00a0\u00bb1\/3&Prime;][vc_single_image image=\u00a0\u00bb893&Prime; img_size=\u00a0\u00bbfull\u00a0\u00bb][\/vc_column][\/vc_row][vc_row full_width=\u00a0\u00bbstretch_row_content_no_spaces\u00a0\u00bb equal_height=\u00a0\u00bbyes\u00a0\u00bb content_placement=\u00a0\u00bbmiddle\u00a0\u00bb css=\u00a0\u00bb.vc_custom_1651576400654{background-color: #e8f7fc !important;}\u00a0\u00bb el_class=\u00a0\u00bbfull-width-row\u00a0\u00bb][vc_column width=\u00a0\u00bb1\/3&Prime; css=\u00a0\u00bb.vc_custom_1652979915711{background-position: center !important;background-repeat: no-repeat !important;background-size: cover !important;}\u00a0\u00bb][vc_single_image image=\u00a0\u00bb986&Prime; img_size=\u00a0\u00bbfull\u00a0\u00bb][\/vc_column][vc_column width=\u00a0\u00bb2\/3&Prime; css=\u00a0\u00bb.vc_custom_1651576411994{padding-top: 3rem !important;padding-right: 80px !important;padding-bottom: 3rem !important;padding-left: 40px !important;}\u00a0\u00bb el_class=\u00a0\u00bbcontent-col\u00a0\u00bb][vc_row_inner content_placement=\u00a0\u00bbmiddle\u00a0\u00bb gap=\u00a0\u00bb35&Prime; css=\u00a0\u00bb.vc_custom_1651048261718{margin-right: -16.5px !important;margin-bottom: 0px !important;margin-left: -16.5px !important;padding-bottom: 0px !important;}\u00a0\u00bb][vc_column_inner width=\u00a0\u00bb1\/2&Prime; offset=\u00a0\u00bbvc_col-lg-2&Prime;][vc_single_image image=\u00a0\u00bb900&Prime; img_size=\u00a0\u00bb265&#215;114&Prime; css=\u00a0\u00bb.vc_custom_1651048212150{margin-bottom: 0px !important;padding-bottom: 0px !important;}\u00a0\u00bb el_class=\u00a0\u00bbsmartcare\u00a0\u00bb][\/vc_column_inner][vc_column_inner offset=\u00a0\u00bbvc_col-lg-10&Prime; css=\u00a0\u00bb.vc_custom_1650987615122{margin-bottom: 0px !important;padding-bottom: 0px !important;}\u00a0\u00bb][vc_column_text css=\u00a0\u00bb.vc_custom_1659529496224{margin-bottom: 0px !important;padding-right: 20% !important;padding-bottom: 0px !important;}\u00a0\u00bb]<\/p>\n<h4 class=\"light-blue-text sub-title\">CHEMSYN TOTALCARE\u2122<\/h4>\n<h2>LAVAGE de la vaisselle MANUEL ou par MACHINE \u00e0 la fine pointe de la technologie<\/h2>\n<p>[\/vc_column_text][\/vc_column_inner][\/vc_row_inner][vc_row_inner css=\u00a0\u00bb.vc_custom_1650986608570{margin-top: 0px !important;padding-top: 0px !important;}\u00a0\u00bb][vc_column_inner][vc_column_text]Nous comprenons que le monde dans lequel nous vivons a consid\u00e9rablement chang\u00e9 depuis les derni\u00e8res ann\u00e9es et que les r\u00e9percussions sur votre entreprise sont sans pr\u00e9c\u00e9dent. En cons\u00e9quence, nous constatons que les entreprises r\u00e9orientent leurs activit\u00e9s vers des programmes de produits et de services d\u2019hygi\u00e8ne, d\u2019assainissement et de d\u00e9sinfection hautement int\u00e9gr\u00e9s, \u00e0 haut rendement et qui tiennent compte des co\u00fbts, qui assurent un service et une fiabilit\u00e9 sup\u00e9rieurs pour garantir une pr\u00e9vention continue des infections et promouvoir des environnements propres et sains.<\/p>\n<p>En qualit\u00e9 de partenaire de confiance, nous collaborons \u00e9troitement avec vous et votre \u00e9quipe afin d\u2019\u00e9valuer vos besoins sp\u00e9cifiques. Nous vous fournissons des produits approuv\u00e9s par Sant\u00e9 Canada, qui permettront \u00e0 votre \u00e9tablissement et \u00e0 votre entreprise de prosp\u00e9rer tout en augmentant votre efficacit\u00e9 op\u00e9rationnelle, en minimisant vos co\u00fbts et en maintenant la satisfaction des clients et des r\u00e9sidents ainsi que la fid\u00e9lit\u00e9 \u00e0 la marque.<\/p>\n<p>Les programmes complets TOTALCARE\u2122 de Chemsyn sont con\u00e7us pour r\u00e9pondre aux besoins uniques d\u2019\u00e9tablissements comme le v\u00f4tre, afin de fournir des produits d\u2019assainissement, des syst\u00e8mes et des services d\u2019hygi\u00e8ne fiables et \u00e0 la pointe de la technologie pour le lavage de vaisselle manuel et en machine, la blanchisserie sur site, l\u2019entretien m\u00e9nager et la conciergerie. Ces programmes comprennent \u00e9galement des options de mise \u00e0 niveau des \u00e9quipements sans contact et des programmes de formation personnalis\u00e9e sans frais, des programmes de location et d\u2019achat de machines Energy Star et un v\u00e9ritable service d\u2019assistance d\u2019urgence 24 heures sur 24 et 7 jours sur 7 \u00e0 travers le Canada.[\/vc_column_text][\/vc_column_inner][\/vc_row_inner][\/vc_column][\/vc_row][vc_row full_width=\u00a0\u00bbstretch_row\u00a0\u00bb css=\u00a0\u00bb.vc_custom_1651048992478{background-image: url(https:\/\/chemsyn.com\/wp-content\/uploads\/2022\/04\/indusctry-sector-bg.jpg?id=58) !important;background-position: center !important;background-repeat: no-repeat !important;background-size: cover !important;}\u00a0\u00bb el_class=\u00a0\u00bbhome-banner industry-sector\u00a0\u00bb][vc_column css=\u00a0\u00bb.vc_custom_1650444543709{padding-top: 50px !important;}\u00a0\u00bb][vc_column_text]<\/p>\n<h2>INITIATIVES VERTES<\/h2>\n<p>La durabilit\u00e9 environnementale est l\u2019un des principes fondamentaux qui nous animent et, en tant qu\u2019entreprise, nous nous effor\u00e7ons continuellement de fournir \u00e0 nos clients des solutions de produits et de services qui limitent notre impact sur l\u2019environnement. Des produits certifi\u00e9s \u00c9coLogo (choix environnemental) aux options d\u2019appareils certifi\u00e9s Energy Star, notre engagement envers les initiatives \u00e9cologiques vous permet de b\u00e9n\u00e9ficier d\u2019options de produits plus s\u00fbres pour l\u2019environnement, qui aident \u00e0 r\u00e9duire les d\u00e9chets et la consommation d\u2019eau et permettent \u00e0 votre entreprise de r\u00e9aliser d\u2019importantes \u00e9conomies d\u2019\u00e9nergie.[\/vc_column_text][vc_row_inner][vc_column_inner width=\u00a0\u00bb1\/12&Prime;][vc_single_image image=\u00a0\u00bb901&Prime; img_size=\u00a0\u00bbfull\u00a0\u00bb][\/vc_column_inner][vc_column_inner width=\u00a0\u00bb1\/12&Prime;][vc_single_image image=\u00a0\u00bb902&Prime; img_size=\u00a0\u00bbfull\u00a0\u00bb][\/vc_column_inner][\/vc_row_inner][\/vc_column][\/vc_row]<\/p>\n","protected":false},"excerpt":{"rendered":"<p>[vc_row full_width=\u00a0\u00bbstretch_row\u00a0\u00bb content_placement=\u00a0\u00bbmiddle\u00a0\u00bb el_class=\u00a0\u00bbpage-banner\u00a0\u00bb css=\u00a0\u00bb.vc_custom_1651663013017{margin-bottom: 40px !important;background-image: url(https:\/\/chemsyn.com\/wp-content\/uploads\/2022\/05\/service-excellence-1.jpg?id=676) !important;background-position: center !important;background-repeat: no-repeat !important;background-size: cover !important;}\u00a0\u00bb][vc_column css=\u00a0\u00bb.vc_custom_1650109296466{padding-top: 0px !important;}\u00a0\u00bb][vc_column_text] EXCELLENCE DU SERVICE [\/vc_column_text][\/vc_column][\/vc_row][vc_row full_width=\u00a0\u00bbstretch_row\u00a0\u00bb css=\u00a0\u00bb.vc_custom_1653037933410{padding-top: 40px !important;padding-bottom: 35px !important;background-image: url(https:\/\/chemsyn.com\/wp-content\/uploads\/2022\/05\/price-promise.jpg?id=675) !important;background-position: center !important;background-repeat: no-repeat !important;background-size: cover !important;}\u00a0\u00bb el_class=\u00a0\u00bbhome-banner machine-section\u00a0\u00bb][vc_column][vc_column_text] PROMESSE DE SERVICE Notre promesse d\u2019excellence en mati\u00e8re de service \u00e0 la client\u00e8le constitue la pierre angulaire [&hellip;]<\/p>\n","protected":false},"author":2,"featured_media":0,"parent":0,"menu_order":0,"comment_status":"closed","ping_status":"closed","template":"fullwidth.php","meta":{"footnotes":""},"class_list":["post-1015","page","type-page","status-publish","hentry"],"acf":[],"yoast_head":"<!-- This site is optimized with the Yoast SEO plugin v19.10 - https:\/\/yoast.com\/wordpress\/plugins\/seo\/ -->\n<title>Excellence du service - Chemsyn<\/title>\n<meta name=\"robots\" content=\"index, follow, max-snippet:-1, max-image-preview:large, max-video-preview:-1\" \/>\n<link rel=\"canonical\" href=\"https:\/\/chemsyn.com\/fr\/excellence-du-service\/\" \/>\n<meta property=\"og:locale\" content=\"fr_CA\" \/>\n<meta property=\"og:type\" content=\"article\" \/>\n<meta property=\"og:title\" content=\"Excellence du service - Chemsyn\" \/>\n<meta property=\"og:description\" content=\"[vc_row full_width=\u00a0\u00bbstretch_row\u00a0\u00bb content_placement=\u00a0\u00bbmiddle\u00a0\u00bb el_class=\u00a0\u00bbpage-banner\u00a0\u00bb css=\u00a0\u00bb.vc_custom_1651663013017{margin-bottom: 40px !important;background-image: url(https:\/\/chemsyn.com\/wp-content\/uploads\/2022\/05\/service-excellence-1.jpg?id=676) !important;background-position: center !important;background-repeat: no-repeat !important;background-size: cover !important;}\u00a0\u00bb][vc_column css=\u00a0\u00bb.vc_custom_1650109296466{padding-top: 0px !important;}\u00a0\u00bb][vc_column_text] EXCELLENCE DU SERVICE [\/vc_column_text][\/vc_column][\/vc_row][vc_row full_width=\u00a0\u00bbstretch_row\u00a0\u00bb css=\u00a0\u00bb.vc_custom_1653037933410{padding-top: 40px !important;padding-bottom: 35px !important;background-image: url(https:\/\/chemsyn.com\/wp-content\/uploads\/2022\/05\/price-promise.jpg?id=675) !important;background-position: center !important;background-repeat: no-repeat !important;background-size: cover !important;}\u00a0\u00bb el_class=\u00a0\u00bbhome-banner machine-section\u00a0\u00bb][vc_column][vc_column_text] PROMESSE DE SERVICE Notre promesse d\u2019excellence en mati\u00e8re de service \u00e0 la client\u00e8le constitue la pierre angulaire [&hellip;]\" \/>\n<meta property=\"og:url\" content=\"https:\/\/chemsyn.com\/fr\/excellence-du-service\/\" \/>\n<meta property=\"og:site_name\" content=\"Chemsyn\" \/>\n<meta property=\"article:modified_time\" content=\"2022-08-03T12:24:57+00:00\" \/>\n<meta name=\"twitter:card\" content=\"summary_large_image\" \/>\n<meta name=\"twitter:label1\" content=\"Estimation du temps de lecture\" \/>\n\t<meta name=\"twitter:data1\" content=\"8 minutes\" \/>\n<script type=\"application\/ld+json\" class=\"yoast-schema-graph\">{\"@context\":\"https:\/\/schema.org\",\"@graph\":[{\"@type\":\"WebPage\",\"@id\":\"https:\/\/chemsyn.com\/fr\/excellence-du-service\/\",\"url\":\"https:\/\/chemsyn.com\/fr\/excellence-du-service\/\",\"name\":\"Excellence du service - Chemsyn\",\"isPartOf\":{\"@id\":\"https:\/\/chemsyn.com\/fr\/#website\"},\"datePublished\":\"2022-04-26T18:27:17+00:00\",\"dateModified\":\"2022-08-03T12:24:57+00:00\",\"breadcrumb\":{\"@id\":\"https:\/\/chemsyn.com\/fr\/excellence-du-service\/#breadcrumb\"},\"inLanguage\":\"fr-CA\",\"potentialAction\":[{\"@type\":\"ReadAction\",\"target\":[\"https:\/\/chemsyn.com\/fr\/excellence-du-service\/\"]}]},{\"@type\":\"BreadcrumbList\",\"@id\":\"https:\/\/chemsyn.com\/fr\/excellence-du-service\/#breadcrumb\",\"itemListElement\":[{\"@type\":\"ListItem\",\"position\":1,\"name\":\"Home\",\"item\":\"https:\/\/chemsyn.com\/fr\/\"},{\"@type\":\"ListItem\",\"position\":2,\"name\":\"Excellence du service\"}]},{\"@type\":\"WebSite\",\"@id\":\"https:\/\/chemsyn.com\/fr\/#website\",\"url\":\"https:\/\/chemsyn.com\/fr\/\",\"name\":\"Chemsyn\",\"description\":\"Des solutions pour le monde d'aujourd'hui\",\"publisher\":{\"@id\":\"https:\/\/chemsyn.com\/fr\/#organization\"},\"potentialAction\":[{\"@type\":\"SearchAction\",\"target\":{\"@type\":\"EntryPoint\",\"urlTemplate\":\"https:\/\/chemsyn.com\/fr\/?s={search_term_string}\"},\"query-input\":\"required name=search_term_string\"}],\"inLanguage\":\"fr-CA\"},{\"@type\":\"Organization\",\"@id\":\"https:\/\/chemsyn.com\/fr\/#organization\",\"name\":\"Chemsyn\",\"url\":\"https:\/\/chemsyn.com\/fr\/\",\"logo\":{\"@type\":\"ImageObject\",\"inLanguage\":\"fr-CA\",\"@id\":\"https:\/\/chemsyn.com\/fr\/#\/schema\/logo\/image\/\",\"url\":\"https:\/\/chemsyn.com\/wp-content\/uploads\/2022\/06\/chemsyn-logo-tagline-en.png\",\"contentUrl\":\"https:\/\/chemsyn.com\/wp-content\/uploads\/2022\/06\/chemsyn-logo-tagline-en.png\",\"width\":424,\"height\":106,\"caption\":\"Chemsyn\"},\"image\":{\"@id\":\"https:\/\/chemsyn.com\/fr\/#\/schema\/logo\/image\/\"}}]}<\/script>\n<!-- \/ Yoast SEO plugin. -->","yoast_head_json":{"title":"Excellence du service - Chemsyn","robots":{"index":"index","follow":"follow","max-snippet":"max-snippet:-1","max-image-preview":"max-image-preview:large","max-video-preview":"max-video-preview:-1"},"canonical":"https:\/\/chemsyn.com\/fr\/excellence-du-service\/","og_locale":"fr_CA","og_type":"article","og_title":"Excellence du service - Chemsyn","og_description":"[vc_row full_width=\u00a0\u00bbstretch_row\u00a0\u00bb content_placement=\u00a0\u00bbmiddle\u00a0\u00bb el_class=\u00a0\u00bbpage-banner\u00a0\u00bb css=\u00a0\u00bb.vc_custom_1651663013017{margin-bottom: 40px !important;background-image: url(https:\/\/chemsyn.com\/wp-content\/uploads\/2022\/05\/service-excellence-1.jpg?id=676) !important;background-position: center !important;background-repeat: no-repeat !important;background-size: cover !important;}\u00a0\u00bb][vc_column css=\u00a0\u00bb.vc_custom_1650109296466{padding-top: 0px !important;}\u00a0\u00bb][vc_column_text] EXCELLENCE DU SERVICE [\/vc_column_text][\/vc_column][\/vc_row][vc_row full_width=\u00a0\u00bbstretch_row\u00a0\u00bb css=\u00a0\u00bb.vc_custom_1653037933410{padding-top: 40px !important;padding-bottom: 35px !important;background-image: url(https:\/\/chemsyn.com\/wp-content\/uploads\/2022\/05\/price-promise.jpg?id=675) !important;background-position: center !important;background-repeat: no-repeat !important;background-size: cover !important;}\u00a0\u00bb el_class=\u00a0\u00bbhome-banner machine-section\u00a0\u00bb][vc_column][vc_column_text] PROMESSE DE SERVICE Notre promesse d\u2019excellence en mati\u00e8re de service \u00e0 la client\u00e8le constitue la pierre angulaire [&hellip;]","og_url":"https:\/\/chemsyn.com\/fr\/excellence-du-service\/","og_site_name":"Chemsyn","article_modified_time":"2022-08-03T12:24:57+00:00","twitter_card":"summary_large_image","twitter_misc":{"Estimation du temps de lecture":"8 minutes"},"schema":{"@context":"https:\/\/schema.org","@graph":[{"@type":"WebPage","@id":"https:\/\/chemsyn.com\/fr\/excellence-du-service\/","url":"https:\/\/chemsyn.com\/fr\/excellence-du-service\/","name":"Excellence du service - Chemsyn","isPartOf":{"@id":"https:\/\/chemsyn.com\/fr\/#website"},"datePublished":"2022-04-26T18:27:17+00:00","dateModified":"2022-08-03T12:24:57+00:00","breadcrumb":{"@id":"https:\/\/chemsyn.com\/fr\/excellence-du-service\/#breadcrumb"},"inLanguage":"fr-CA","potentialAction":[{"@type":"ReadAction","target":["https:\/\/chemsyn.com\/fr\/excellence-du-service\/"]}]},{"@type":"BreadcrumbList","@id":"https:\/\/chemsyn.com\/fr\/excellence-du-service\/#breadcrumb","itemListElement":[{"@type":"ListItem","position":1,"name":"Home","item":"https:\/\/chemsyn.com\/fr\/"},{"@type":"ListItem","position":2,"name":"Excellence du service"}]},{"@type":"WebSite","@id":"https:\/\/chemsyn.com\/fr\/#website","url":"https:\/\/chemsyn.com\/fr\/","name":"Chemsyn","description":"Des solutions pour le monde d'aujourd'hui","publisher":{"@id":"https:\/\/chemsyn.com\/fr\/#organization"},"potentialAction":[{"@type":"SearchAction","target":{"@type":"EntryPoint","urlTemplate":"https:\/\/chemsyn.com\/fr\/?s={search_term_string}"},"query-input":"required name=search_term_string"}],"inLanguage":"fr-CA"},{"@type":"Organization","@id":"https:\/\/chemsyn.com\/fr\/#organization","name":"Chemsyn","url":"https:\/\/chemsyn.com\/fr\/","logo":{"@type":"ImageObject","inLanguage":"fr-CA","@id":"https:\/\/chemsyn.com\/fr\/#\/schema\/logo\/image\/","url":"https:\/\/chemsyn.com\/wp-content\/uploads\/2022\/06\/chemsyn-logo-tagline-en.png","contentUrl":"https:\/\/chemsyn.com\/wp-content\/uploads\/2022\/06\/chemsyn-logo-tagline-en.png","width":424,"height":106,"caption":"Chemsyn"},"image":{"@id":"https:\/\/chemsyn.com\/fr\/#\/schema\/logo\/image\/"}}]}},"_links":{"self":[{"href":"https:\/\/chemsyn.com\/fr\/wp-json\/wp\/v2\/pages\/1015","targetHints":{"allow":["GET"]}}],"collection":[{"href":"https:\/\/chemsyn.com\/fr\/wp-json\/wp\/v2\/pages"}],"about":[{"href":"https:\/\/chemsyn.com\/fr\/wp-json\/wp\/v2\/types\/page"}],"author":[{"embeddable":true,"href":"https:\/\/chemsyn.com\/fr\/wp-json\/wp\/v2\/users\/2"}],"replies":[{"embeddable":true,"href":"https:\/\/chemsyn.com\/fr\/wp-json\/wp\/v2\/comments?post=1015"}],"version-history":[{"count":10,"href":"https:\/\/chemsyn.com\/fr\/wp-json\/wp\/v2\/pages\/1015\/revisions"}],"predecessor-version":[{"id":1250,"href":"https:\/\/chemsyn.com\/fr\/wp-json\/wp\/v2\/pages\/1015\/revisions\/1250"}],"wp:attachment":[{"href":"https:\/\/chemsyn.com\/fr\/wp-json\/wp\/v2\/media?parent=1015"}],"curies":[{"name":"wp","href":"https:\/\/api.w.org\/{rel}","templated":true}]}}