{"id":1022,"date":"2022-04-15T13:19:57","date_gmt":"2022-04-15T17:19:57","guid":{"rendered":"https:\/\/chemsyn.com\/?page_id=1022"},"modified":"2022-08-03T08:33:44","modified_gmt":"2022-08-03T12:33:44","slug":"industries-served","status":"publish","type":"page","link":"https:\/\/chemsyn.com\/fr\/industries-served\/","title":{"rendered":"Industries Desservies"},"content":{"rendered":"<p>[vc_row full_width=\u00a0\u00bbstretch_row\u00a0\u00bb content_placement=\u00a0\u00bbmiddle\u00a0\u00bb css=\u00a0\u00bb.vc_custom_1653037904748{margin-bottom: 40px !important;background-image: url(https:\/\/chemsyn.com\/wp-content\/uploads\/2022\/04\/industries-served-banner.jpg?id=187) !important;background-position: center !important;background-repeat: no-repeat !important;background-size: cover !important;}\u00a0\u00bb el_class=\u00a0\u00bbpage-banner\u00a0\u00bb][vc_column css=\u00a0\u00bb.vc_custom_1650030807486{padding-top: 0px !important;}\u00a0\u00bb][vc_column_text]<\/p>\n<h1 style=\"text-align: center;\">LES INDUSTRIES QUE NOUS DESSERVONS<\/h1>\n<p>[\/vc_column_text][\/vc_column][\/vc_row][vc_row full_width=\u00a0\u00bbstretch_row\u00a0\u00bb css=\u00a0\u00bb.vc_custom_1651230347370{background-image: url(https:\/\/chemsyn.com\/wp-content\/uploads\/2022\/04\/indusctry-sector-bg.jpg?id=58) !important;background-position: center !important;background-repeat: no-repeat !important;background-size: cover !important;}\u00a0\u00bb el_class=\u00a0\u00bbhome-banner industry-sector\u00a0\u00bb][vc_column css=\u00a0\u00bb.vc_custom_1650444543709{padding-top: 50px !important;}\u00a0\u00bb][vc_column_text]Nous collaborons avec des entreprises des secteurs public et priv\u00e9, grandes et petites, pour soutenir leurs besoins op\u00e9rationnels continus, accro\u00eetre leur efficacit\u00e9, garantir des normes \u00e9lev\u00e9es de s\u00e9curit\u00e9 alimentaire, offrir des environnements propres, s\u00fbrs et sains et fournir un service d\u2019assistance incomparable qui vise \u00e0 r\u00e9duire, voire \u00e9liminer les temps d\u2019arr\u00eat op\u00e9rationnels, afin que vous puissiez vous concentrer sur les choses qui comptent le plus.<\/p>\n<p>Avec plus de 3\u2009600\u00a0partenaires \u00e0 travers le Canada, nous offrons des programmes et des services sp\u00e9cialis\u00e9s de nettoyage, de pr\u00e9vention des infections et de s\u00e9curit\u00e9 alimentaire dans un large \u00e9ventail d\u2019industries. Notre objectif est de devenir votre partenaire de confiance et de remplir notre promesse de service pour les ann\u00e9es \u00e0 venir\u2009!<\/p>\n<p>S\u00e9lectionnez votre secteur d\u2019activit\u00e9 ci-dessous pour plus d\u2019informations sur les fa\u00e7ons dont votre entreprise peut b\u00e9n\u00e9ficier d\u2019un partenariat avec Chemsyn.[\/vc_column_text][\/vc_column][\/vc_row][vc_row el_class=\u00a0\u00bbindustry-sector-row\u00a0\u00bb css=\u00a0\u00bb.vc_custom_1650031995311{margin-bottom: 50px !important;}\u00a0\u00bb][vc_column width=\u00a0\u00bb1\/3&Prime;]                <div id=\"industry-item-1024\" class=\"industry-item\">\r\n                <a href=\"https:\/\/chemsyn.com\/fr\/industries-served\/healthcare\/\" class=\"image\" title=\"Services de sant\u00e9\">\r\n                    <div><img loading=\"lazy\" decoding=\"async\" width=\"425\" height=\"258\" src=\"https:\/\/chemsyn.com\/wp-content\/uploads\/2022\/04\/healthcare-1.jpg\" class=\"fw wp-post-image\" alt=\"\" srcset=\"https:\/\/chemsyn.com\/wp-content\/uploads\/2022\/04\/healthcare-1.jpg 425w, https:\/\/chemsyn.com\/wp-content\/uploads\/2022\/04\/healthcare-1-300x182.jpg 300w\" sizes=\"auto, (max-width: 425px) 100vw, 425px\" \/><\/div>                \r\n                <\/a>\r\n                <h4>Services de sant\u00e9<\/h4>\r\n                <p>En tant que professionnels de la sant\u00e9 dans le monde d\u2019aujourd\u2019hui, votre travail n\u2019est certainement pas facile. Vous \u00eates confront\u00e9 aux d\u00e9fis croissants de la gestion d\u2019une institution complexe...<\/p>\r\n                <p><a class=\"blue-cta\" href=\"https:\/\/chemsyn.com\/fr\/industries-served\/healthcare\/\">LEARN MORE<\/a><\/p>\r\n                <\/div>\r\n                [\/vc_column][vc_column width=\u00a0\u00bb1\/3&Prime;]                <div id=\"industry-item-1031\" class=\"industry-item\">\r\n                <a href=\"https:\/\/chemsyn.com\/fr\/industries-served\/hospitality\/\" class=\"image\" title=\"H\u00f4tellerie\">\r\n                    <div><img loading=\"lazy\" decoding=\"async\" width=\"426\" height=\"258\" src=\"https:\/\/chemsyn.com\/wp-content\/uploads\/2022\/05\/hospitality.jpg\" class=\"fw wp-post-image\" alt=\"\" srcset=\"https:\/\/chemsyn.com\/wp-content\/uploads\/2022\/05\/hospitality.jpg 426w, https:\/\/chemsyn.com\/wp-content\/uploads\/2022\/05\/hospitality-300x182.jpg 300w\" sizes=\"auto, (max-width: 426px) 100vw, 426px\" \/><\/div>                \r\n                <\/a>\r\n                <h4>H\u00f4tellerie<\/h4>\r\n                <p>Quels sont les aspects qui incitent vos clients \u00e0 toujours revenir\u2009? Dans le monde en constante \u00e9volution d\u2019aujourd\u2019hui, une exp\u00e9rience positive pour le client et...<\/p>\r\n                <p><a class=\"blue-cta\" href=\"https:\/\/chemsyn.com\/fr\/industries-served\/hospitality\/\">LEARN MORE<\/a><\/p>\r\n                <\/div>\r\n                [\/vc_column][vc_column width=\u00a0\u00bb1\/3&Prime;]                <div id=\"industry-item-1037\" class=\"industry-item\">\r\n                <a href=\"https:\/\/chemsyn.com\/fr\/industries-served\/services-alimentaires\/\" class=\"image\" title=\"Services alimentaires\">\r\n                    <div><img loading=\"lazy\" decoding=\"async\" width=\"426\" height=\"258\" src=\"https:\/\/chemsyn.com\/wp-content\/uploads\/2022\/05\/foodservice-1.jpg\" class=\"fw wp-post-image\" alt=\"\" srcset=\"https:\/\/chemsyn.com\/wp-content\/uploads\/2022\/05\/foodservice-1.jpg 426w, https:\/\/chemsyn.com\/wp-content\/uploads\/2022\/05\/foodservice-1-300x182.jpg 300w\" sizes=\"auto, (max-width: 426px) 100vw, 426px\" \/><\/div>                \r\n                <\/a>\r\n                <h4>Services alimentaires<\/h4>\r\n                <p>Dans le paysage actuel en rapide \u00e9volution, les professionnels de la restauration sont confront\u00e9s au d\u00e9fi quotidien de g\u00e9rer une op\u00e9ration fluide et efficace...<\/p>\r\n                <p><a class=\"blue-cta\" href=\"https:\/\/chemsyn.com\/fr\/industries-served\/services-alimentaires\/\">LEARN MORE<\/a><\/p>\r\n                <\/div>\r\n                [\/vc_column][\/vc_row][vc_row el_class=\u00a0\u00bbindustry-sector-row\u00a0\u00bb css=\u00a0\u00bb.vc_custom_1650033850681{margin-bottom: 50px !important;}\u00a0\u00bb][vc_column width=\u00a0\u00bb1\/3&Prime;]                <div id=\"industry-item-1041\" class=\"industry-item\">\r\n                <a href=\"https:\/\/chemsyn.com\/fr\/industries-served\/distribution-au-detail-de-produits-alimentaires\/\" class=\"image\" title=\"Distribution au d\u00e9tail de produits alimentaires\">\r\n                    <div><img loading=\"lazy\" decoding=\"async\" width=\"426\" height=\"258\" src=\"https:\/\/chemsyn.com\/wp-content\/uploads\/2022\/05\/grocery-and-retail.jpg\" class=\"fw wp-post-image\" alt=\"\" srcset=\"https:\/\/chemsyn.com\/wp-content\/uploads\/2022\/05\/grocery-and-retail.jpg 426w, https:\/\/chemsyn.com\/wp-content\/uploads\/2022\/05\/grocery-and-retail-300x182.jpg 300w\" sizes=\"auto, (max-width: 426px) 100vw, 426px\" \/><\/div>                \r\n                <\/a>\r\n                <h4>Distribution au d\u00e9tail de produits alimentaires<\/h4>\r\n                <p>Notre gamme compl\u00e8te de produits et de solutions d\u2019assainissement et de d\u00e9sinfection pour les distributeurs au d\u00e9tail de produits alimentaires est con\u00e7ue pour offrir des espaces propres, s\u00fbrs et sains...<\/p>\r\n                <p><a class=\"blue-cta\" href=\"https:\/\/chemsyn.com\/fr\/industries-served\/distribution-au-detail-de-produits-alimentaires\/\">LEARN MORE<\/a><\/p>\r\n                <\/div>\r\n                [\/vc_column][vc_column width=\u00a0\u00bb1\/3&Prime;]                <div id=\"industry-item-1048\" class=\"industry-item\">\r\n                <a href=\"https:\/\/chemsyn.com\/fr\/industries-served\/etablissements\/\" class=\"image\" title=\"\u00c9tablissements\">\r\n                    <div><img loading=\"lazy\" decoding=\"async\" width=\"426\" height=\"258\" src=\"https:\/\/chemsyn.com\/wp-content\/uploads\/2022\/05\/institutional-1.jpg\" class=\"fw wp-post-image\" alt=\"\" srcset=\"https:\/\/chemsyn.com\/wp-content\/uploads\/2022\/05\/institutional-1.jpg 426w, https:\/\/chemsyn.com\/wp-content\/uploads\/2022\/05\/institutional-1-300x182.jpg 300w\" sizes=\"auto, (max-width: 426px) 100vw, 426px\" \/><\/div>                \r\n                <\/a>\r\n                <h4>\u00c9tablissements<\/h4>\r\n                <p>Chemsyn offre des programmes complets d\u2019assainissement, de d\u00e9sinfection et d\u2019hygi\u00e8ne pour les \u00e9tablissements canadiens...<\/p>\r\n                <p><a class=\"blue-cta\" href=\"https:\/\/chemsyn.com\/fr\/industries-served\/etablissements\/\">LEARN MORE<\/a><\/p>\r\n                <\/div>\r\n                [\/vc_column][vc_column width=\u00a0\u00bb1\/3&Prime;]                <div id=\"industry-item-1054\" class=\"industry-item\">\r\n                <a href=\"https:\/\/chemsyn.com\/fr\/industries-served\/manufacturing\/\" class=\"image\" title=\"Fabrication\">\r\n                    <div><img loading=\"lazy\" decoding=\"async\" width=\"426\" height=\"258\" src=\"https:\/\/chemsyn.com\/wp-content\/uploads\/2022\/05\/manufacturing.jpg\" class=\"fw wp-post-image\" alt=\"\" srcset=\"https:\/\/chemsyn.com\/wp-content\/uploads\/2022\/05\/manufacturing.jpg 426w, https:\/\/chemsyn.com\/wp-content\/uploads\/2022\/05\/manufacturing-300x182.jpg 300w\" sizes=\"auto, (max-width: 426px) 100vw, 426px\" \/><\/div>                \r\n                <\/a>\r\n                <h4>Fabrication<\/h4>\r\n                <p>Chemsyn offre des programmes complets d\u2019assainissement, de d\u00e9sinfection et d\u2019hygi\u00e8ne pour les installations de fabrication d\u2019aliments et de boissons \u00e0 travers le Canada...<\/p>\r\n                <p><a class=\"blue-cta\" href=\"https:\/\/chemsyn.com\/fr\/industries-served\/manufacturing\/\">LEARN MORE<\/a><\/p>\r\n                <\/div>\r\n                [\/vc_column][\/vc_row]<\/p>\n","protected":false},"excerpt":{"rendered":"<p>[vc_row full_width=\u00a0\u00bbstretch_row\u00a0\u00bb content_placement=\u00a0\u00bbmiddle\u00a0\u00bb css=\u00a0\u00bb.vc_custom_1653037904748{margin-bottom: 40px !important;background-image: url(https:\/\/chemsyn.com\/wp-content\/uploads\/2022\/04\/industries-served-banner.jpg?id=187) !important;background-position: center !important;background-repeat: no-repeat !important;background-size: cover !important;}\u00a0\u00bb el_class=\u00a0\u00bbpage-banner\u00a0\u00bb][vc_column css=\u00a0\u00bb.vc_custom_1650030807486{padding-top: 0px !important;}\u00a0\u00bb][vc_column_text] LES INDUSTRIES QUE NOUS DESSERVONS [\/vc_column_text][\/vc_column][\/vc_row][vc_row full_width=\u00a0\u00bbstretch_row\u00a0\u00bb css=\u00a0\u00bb.vc_custom_1651230347370{background-image: url(https:\/\/chemsyn.com\/wp-content\/uploads\/2022\/04\/indusctry-sector-bg.jpg?id=58) !important;background-position: center !important;background-repeat: no-repeat !important;background-size: cover !important;}\u00a0\u00bb el_class=\u00a0\u00bbhome-banner industry-sector\u00a0\u00bb][vc_column css=\u00a0\u00bb.vc_custom_1650444543709{padding-top: 50px !important;}\u00a0\u00bb][vc_column_text]Nous collaborons avec des entreprises des secteurs public et priv\u00e9, grandes et petites, pour soutenir leurs besoins [&hellip;]<\/p>\n","protected":false},"author":2,"featured_media":0,"parent":0,"menu_order":0,"comment_status":"closed","ping_status":"closed","template":"fullwidth.php","meta":{"footnotes":""},"class_list":["post-1022","page","type-page","status-publish","hentry"],"acf":[],"yoast_head":"<!-- This site is optimized with the Yoast SEO plugin v19.10 - https:\/\/yoast.com\/wordpress\/plugins\/seo\/ -->\n<title>Industries Desservies - Chemsyn<\/title>\n<meta name=\"robots\" content=\"index, follow, max-snippet:-1, max-image-preview:large, max-video-preview:-1\" \/>\n<link rel=\"canonical\" href=\"https:\/\/chemsyn.com\/fr\/industries-served\/\" \/>\n<meta property=\"og:locale\" content=\"fr_CA\" \/>\n<meta property=\"og:type\" content=\"article\" \/>\n<meta property=\"og:title\" content=\"Industries Desservies - Chemsyn\" \/>\n<meta property=\"og:description\" content=\"[vc_row full_width=\u00a0\u00bbstretch_row\u00a0\u00bb content_placement=\u00a0\u00bbmiddle\u00a0\u00bb css=\u00a0\u00bb.vc_custom_1653037904748{margin-bottom: 40px !important;background-image: url(https:\/\/chemsyn.com\/wp-content\/uploads\/2022\/04\/industries-served-banner.jpg?id=187) !important;background-position: center !important;background-repeat: no-repeat !important;background-size: cover !important;}\u00a0\u00bb el_class=\u00a0\u00bbpage-banner\u00a0\u00bb][vc_column css=\u00a0\u00bb.vc_custom_1650030807486{padding-top: 0px !important;}\u00a0\u00bb][vc_column_text] LES INDUSTRIES QUE NOUS DESSERVONS [\/vc_column_text][\/vc_column][\/vc_row][vc_row full_width=\u00a0\u00bbstretch_row\u00a0\u00bb css=\u00a0\u00bb.vc_custom_1651230347370{background-image: url(https:\/\/chemsyn.com\/wp-content\/uploads\/2022\/04\/indusctry-sector-bg.jpg?id=58) !important;background-position: center !important;background-repeat: no-repeat !important;background-size: cover !important;}\u00a0\u00bb el_class=\u00a0\u00bbhome-banner industry-sector\u00a0\u00bb][vc_column css=\u00a0\u00bb.vc_custom_1650444543709{padding-top: 50px !important;}\u00a0\u00bb][vc_column_text]Nous collaborons avec des entreprises des secteurs public et priv\u00e9, grandes et petites, pour soutenir leurs besoins [&hellip;]\" \/>\n<meta property=\"og:url\" content=\"https:\/\/chemsyn.com\/fr\/industries-served\/\" \/>\n<meta property=\"og:site_name\" content=\"Chemsyn\" \/>\n<meta property=\"article:modified_time\" content=\"2022-08-03T12:33:44+00:00\" \/>\n<meta name=\"twitter:card\" content=\"summary_large_image\" \/>\n<meta name=\"twitter:label1\" content=\"Estimation du temps de lecture\" \/>\n\t<meta name=\"twitter:data1\" content=\"2 minutes\" \/>\n<script type=\"application\/ld+json\" class=\"yoast-schema-graph\">{\"@context\":\"https:\/\/schema.org\",\"@graph\":[{\"@type\":\"WebPage\",\"@id\":\"https:\/\/chemsyn.com\/fr\/industries-served\/\",\"url\":\"https:\/\/chemsyn.com\/fr\/industries-served\/\",\"name\":\"Industries Desservies - Chemsyn\",\"isPartOf\":{\"@id\":\"https:\/\/chemsyn.com\/fr\/#website\"},\"datePublished\":\"2022-04-15T17:19:57+00:00\",\"dateModified\":\"2022-08-03T12:33:44+00:00\",\"breadcrumb\":{\"@id\":\"https:\/\/chemsyn.com\/fr\/industries-served\/#breadcrumb\"},\"inLanguage\":\"fr-CA\",\"potentialAction\":[{\"@type\":\"ReadAction\",\"target\":[\"https:\/\/chemsyn.com\/fr\/industries-served\/\"]}]},{\"@type\":\"BreadcrumbList\",\"@id\":\"https:\/\/chemsyn.com\/fr\/industries-served\/#breadcrumb\",\"itemListElement\":[{\"@type\":\"ListItem\",\"position\":1,\"name\":\"Home\",\"item\":\"https:\/\/chemsyn.com\/fr\/\"},{\"@type\":\"ListItem\",\"position\":2,\"name\":\"Industries Desservies\"}]},{\"@type\":\"WebSite\",\"@id\":\"https:\/\/chemsyn.com\/fr\/#website\",\"url\":\"https:\/\/chemsyn.com\/fr\/\",\"name\":\"Chemsyn\",\"description\":\"Des solutions pour le monde d'aujourd'hui\",\"publisher\":{\"@id\":\"https:\/\/chemsyn.com\/fr\/#organization\"},\"potentialAction\":[{\"@type\":\"SearchAction\",\"target\":{\"@type\":\"EntryPoint\",\"urlTemplate\":\"https:\/\/chemsyn.com\/fr\/?s={search_term_string}\"},\"query-input\":\"required name=search_term_string\"}],\"inLanguage\":\"fr-CA\"},{\"@type\":\"Organization\",\"@id\":\"https:\/\/chemsyn.com\/fr\/#organization\",\"name\":\"Chemsyn\",\"url\":\"https:\/\/chemsyn.com\/fr\/\",\"logo\":{\"@type\":\"ImageObject\",\"inLanguage\":\"fr-CA\",\"@id\":\"https:\/\/chemsyn.com\/fr\/#\/schema\/logo\/image\/\",\"url\":\"https:\/\/chemsyn.com\/wp-content\/uploads\/2022\/06\/chemsyn-logo-tagline-en.png\",\"contentUrl\":\"https:\/\/chemsyn.com\/wp-content\/uploads\/2022\/06\/chemsyn-logo-tagline-en.png\",\"width\":424,\"height\":106,\"caption\":\"Chemsyn\"},\"image\":{\"@id\":\"https:\/\/chemsyn.com\/fr\/#\/schema\/logo\/image\/\"}}]}<\/script>\n<!-- \/ Yoast SEO plugin. -->","yoast_head_json":{"title":"Industries Desservies - Chemsyn","robots":{"index":"index","follow":"follow","max-snippet":"max-snippet:-1","max-image-preview":"max-image-preview:large","max-video-preview":"max-video-preview:-1"},"canonical":"https:\/\/chemsyn.com\/fr\/industries-served\/","og_locale":"fr_CA","og_type":"article","og_title":"Industries Desservies - Chemsyn","og_description":"[vc_row full_width=\u00a0\u00bbstretch_row\u00a0\u00bb content_placement=\u00a0\u00bbmiddle\u00a0\u00bb css=\u00a0\u00bb.vc_custom_1653037904748{margin-bottom: 40px !important;background-image: url(https:\/\/chemsyn.com\/wp-content\/uploads\/2022\/04\/industries-served-banner.jpg?id=187) !important;background-position: center !important;background-repeat: no-repeat !important;background-size: cover !important;}\u00a0\u00bb el_class=\u00a0\u00bbpage-banner\u00a0\u00bb][vc_column css=\u00a0\u00bb.vc_custom_1650030807486{padding-top: 0px !important;}\u00a0\u00bb][vc_column_text] LES INDUSTRIES QUE NOUS DESSERVONS [\/vc_column_text][\/vc_column][\/vc_row][vc_row full_width=\u00a0\u00bbstretch_row\u00a0\u00bb css=\u00a0\u00bb.vc_custom_1651230347370{background-image: url(https:\/\/chemsyn.com\/wp-content\/uploads\/2022\/04\/indusctry-sector-bg.jpg?id=58) !important;background-position: center !important;background-repeat: no-repeat !important;background-size: cover !important;}\u00a0\u00bb el_class=\u00a0\u00bbhome-banner industry-sector\u00a0\u00bb][vc_column css=\u00a0\u00bb.vc_custom_1650444543709{padding-top: 50px !important;}\u00a0\u00bb][vc_column_text]Nous collaborons avec des entreprises des secteurs public et priv\u00e9, grandes et petites, pour soutenir leurs besoins [&hellip;]","og_url":"https:\/\/chemsyn.com\/fr\/industries-served\/","og_site_name":"Chemsyn","article_modified_time":"2022-08-03T12:33:44+00:00","twitter_card":"summary_large_image","twitter_misc":{"Estimation du temps de lecture":"2 minutes"},"schema":{"@context":"https:\/\/schema.org","@graph":[{"@type":"WebPage","@id":"https:\/\/chemsyn.com\/fr\/industries-served\/","url":"https:\/\/chemsyn.com\/fr\/industries-served\/","name":"Industries Desservies - Chemsyn","isPartOf":{"@id":"https:\/\/chemsyn.com\/fr\/#website"},"datePublished":"2022-04-15T17:19:57+00:00","dateModified":"2022-08-03T12:33:44+00:00","breadcrumb":{"@id":"https:\/\/chemsyn.com\/fr\/industries-served\/#breadcrumb"},"inLanguage":"fr-CA","potentialAction":[{"@type":"ReadAction","target":["https:\/\/chemsyn.com\/fr\/industries-served\/"]}]},{"@type":"BreadcrumbList","@id":"https:\/\/chemsyn.com\/fr\/industries-served\/#breadcrumb","itemListElement":[{"@type":"ListItem","position":1,"name":"Home","item":"https:\/\/chemsyn.com\/fr\/"},{"@type":"ListItem","position":2,"name":"Industries Desservies"}]},{"@type":"WebSite","@id":"https:\/\/chemsyn.com\/fr\/#website","url":"https:\/\/chemsyn.com\/fr\/","name":"Chemsyn","description":"Des solutions pour le monde d'aujourd'hui","publisher":{"@id":"https:\/\/chemsyn.com\/fr\/#organization"},"potentialAction":[{"@type":"SearchAction","target":{"@type":"EntryPoint","urlTemplate":"https:\/\/chemsyn.com\/fr\/?s={search_term_string}"},"query-input":"required name=search_term_string"}],"inLanguage":"fr-CA"},{"@type":"Organization","@id":"https:\/\/chemsyn.com\/fr\/#organization","name":"Chemsyn","url":"https:\/\/chemsyn.com\/fr\/","logo":{"@type":"ImageObject","inLanguage":"fr-CA","@id":"https:\/\/chemsyn.com\/fr\/#\/schema\/logo\/image\/","url":"https:\/\/chemsyn.com\/wp-content\/uploads\/2022\/06\/chemsyn-logo-tagline-en.png","contentUrl":"https:\/\/chemsyn.com\/wp-content\/uploads\/2022\/06\/chemsyn-logo-tagline-en.png","width":424,"height":106,"caption":"Chemsyn"},"image":{"@id":"https:\/\/chemsyn.com\/fr\/#\/schema\/logo\/image\/"}}]}},"_links":{"self":[{"href":"https:\/\/chemsyn.com\/fr\/wp-json\/wp\/v2\/pages\/1022","targetHints":{"allow":["GET"]}}],"collection":[{"href":"https:\/\/chemsyn.com\/fr\/wp-json\/wp\/v2\/pages"}],"about":[{"href":"https:\/\/chemsyn.com\/fr\/wp-json\/wp\/v2\/types\/page"}],"author":[{"embeddable":true,"href":"https:\/\/chemsyn.com\/fr\/wp-json\/wp\/v2\/users\/2"}],"replies":[{"embeddable":true,"href":"https:\/\/chemsyn.com\/fr\/wp-json\/wp\/v2\/comments?post=1022"}],"version-history":[{"count":4,"href":"https:\/\/chemsyn.com\/fr\/wp-json\/wp\/v2\/pages\/1022\/revisions"}],"predecessor-version":[{"id":1253,"href":"https:\/\/chemsyn.com\/fr\/wp-json\/wp\/v2\/pages\/1022\/revisions\/1253"}],"wp:attachment":[{"href":"https:\/\/chemsyn.com\/fr\/wp-json\/wp\/v2\/media?parent=1022"}],"curies":[{"name":"wp","href":"https:\/\/api.w.org\/{rel}","templated":true}]}}