{"id":1024,"date":"2022-04-29T11:27:56","date_gmt":"2022-04-29T15:27:56","guid":{"rendered":"https:\/\/chemsyn.com\/industries-served\/healthcare\/"},"modified":"2022-06-08T04:50:45","modified_gmt":"2022-06-08T08:50:45","slug":"healthcare","status":"publish","type":"page","link":"https:\/\/chemsyn.com\/fr\/industries-served\/healthcare\/","title":{"rendered":"Services de sant\u00e9"},"content":{"rendered":"<p>[vc_row full_width=\u00a0\u00bbstretch_row\u00a0\u00bb content_placement=\u00a0\u00bbmiddle\u00a0\u00bb el_class=\u00a0\u00bbpage-banner\u00a0\u00bb css=\u00a0\u00bb.vc_custom_1651658488324{margin-bottom: 40px !important;background-image: url(https:\/\/chemsyn.com\/wp-content\/uploads\/2022\/05\/health-care-banner.jpg?id=629) !important;background-position: center !important;background-repeat: no-repeat !important;background-size: cover !important;}\u00a0\u00bb][vc_column css=\u00a0\u00bb.vc_custom_1650109296466{padding-top: 0px !important;}\u00a0\u00bb][vc_column_text]<\/p>\n<h1 style=\"text-align: center;\">SERVICES DE SANT\u00c9<\/h1>\n<p>[\/vc_column_text][\/vc_column][\/vc_row][vc_row full_width=\u00a0\u00bbstretch_row\u00a0\u00bb css=\u00a0\u00bb.vc_custom_1653038242535{background-image: url(https:\/\/chemsyn.com\/wp-content\/uploads\/2022\/05\/hospitals-long-term-care.jpg?id=624) !important;background-position: center !important;background-repeat: no-repeat !important;background-size: cover !important;}\u00a0\u00bb el_class=\u00a0\u00bbhome-banner industry-sector\u00a0\u00bb][vc_column css=\u00a0\u00bb.vc_custom_1650444543709{padding-top: 50px !important;}\u00a0\u00bb][vc_column_text]<\/p>\n<h2>H\u00d4PITAUX, SOINS DE LONGUE DUR\u00c9E ET MAISONS DE RETRAITE<\/h2>\n<p>En tant que professionnels de la sant\u00e9 dans le monde d\u2019aujourd\u2019hui, votre travail n\u2019est certainement pas facile. Vous \u00eates confront\u00e9 aux d\u00e9fis croissants de la gestion d\u2019une institution complexe, de la mise en place de mesures efficaces de pr\u00e9vention et de contr\u00f4le des infections, du maintien de la sant\u00e9 et de la s\u00e9curit\u00e9 du personnel, des r\u00e9sidents et des patients, et de la fourniture de soins de qualit\u00e9 constants aux r\u00e9sidents dans le cadre d\u2019un budget serr\u00e9.[\/vc_column_text][\/vc_column][\/vc_row][vc_row full_width=\u00a0\u00bbstretch_row_content_no_spaces\u00a0\u00bb content_placement=\u00a0\u00bbmiddle\u00a0\u00bb css=\u00a0\u00bb.vc_custom_1652971469205{background-color: #ffffff !important;}\u00a0\u00bb][vc_column width=\u00a0\u00bb2\/3&Prime; css=\u00a0\u00bb.vc_custom_1652971418029{padding-right: 80px !important;padding-left: 40px !important;}\u00a0\u00bb][vc_column_text]<\/p>\n<h2>LE PROGRAMME TOTAL QUALITY CARE\u2122<\/h2>\n<p>Nous comprenons bien vos besoins. C\u2019est pourquoi nous avons d\u00e9velopp\u00e9 le programme <span style=\"color: #22b0dd;\">TOTAL QUALITY CARE (TQC) PROGRAM\u2122<\/span> pour r\u00e9pondre aux d\u00e9fis uniques auxquels doivent faire face les prestataires de soins de sant\u00e9, notamment les \u00e9tablissements de soins de longue dur\u00e9e, les maisons de retraite et les r\u00e9seaux hospitaliers.<\/p>\n<p>Le programme TQC garantit les normes les plus \u00e9lev\u00e9es en mati\u00e8re d\u2019assainissement et de contr\u00f4le des infections pour vos besoins d\u2019hygi\u00e8ne alimentaire, de blanchisserie et d\u2019entretien m\u00e9nager gr\u00e2ce \u00e0 une approche en trois volets\u00a0:<\/p>\n<ul class=\"pinwheel\">\n<li><strong>DES SOLUTIONS DE PRODUITS ET DE SYST\u00c8MES<\/strong><\/li>\n<li><strong>UN SERVICE D\u2019ASSISTANCE 24\u00a0H\/24, 7\u00a0J\/7, 365\u00a0J\/AN<\/strong><\/li>\n<li><strong>DES PROGRAMMES DE FORMATION PERSONNALIS\u00c9S<\/strong><\/li>\n<\/ul>\n<p>[\/vc_column_text][\/vc_column][vc_column width=\u00a0\u00bb1\/3&Prime; css=\u00a0\u00bb.vc_custom_1652971407215{padding-top: 0px !important;}\u00a0\u00bb][vc_single_image image=\u00a0\u00bb984&Prime; img_size=\u00a0\u00bbfull\u00a0\u00bb alignment=\u00a0\u00bbright\u00a0\u00bb css=\u00a0\u00bb.vc_custom_1652971425230{margin-bottom: 0px !important;}\u00a0\u00bb][\/vc_column][\/vc_row][vc_row full_width=\u00a0\u00bbstretch_row_content_no_spaces\u00a0\u00bb equal_height=\u00a0\u00bbyes\u00a0\u00bb content_placement=\u00a0\u00bbmiddle\u00a0\u00bb css=\u00a0\u00bb.vc_custom_1651243662811{background-color: #e8f7fc !important;}\u00a0\u00bb el_class=\u00a0\u00bbcheckerbox checkerbox-image-left\u00a0\u00bb][vc_column width=\u00a0\u00bb1\/3&Prime; css=\u00a0\u00bb.vc_custom_1652971493888{padding-top: 0px !important;background-position: center !important;background-repeat: no-repeat !important;background-size: cover !important;}\u00a0\u00bb offset=\u00a0\u00bbvc_hidden-xs\u00a0\u00bb][vc_single_image image=\u00a0\u00bb985&Prime; img_size=\u00a0\u00bbfull\u00a0\u00bb css=\u00a0\u00bb.vc_custom_1652971520352{margin-bottom: 0px !important;}\u00a0\u00bb][\/vc_column][vc_column width=\u00a0\u00bb2\/3&Prime; css=\u00a0\u00bb.vc_custom_1652971535767{padding-right: 80px !important;padding-left: 40px !important;}\u00a0\u00bb][vc_column_text]<\/p>\n<h2>DES SOLUTIONS DE PRODUITS ET DE SYST\u00c8MES<\/h2>\n<p>Nous fournissons \u00e0 votre \u00e9tablissement des programmes complets d\u2019hygi\u00e8ne alimentaire, de blanchisserie et d\u2019entretien m\u00e9nager, y compris des produits et des \u00e9quipements qui permettent d\u2019obtenir des r\u00e9sultats optimaux en mati\u00e8re de nettoyage et de d\u00e9sinfection du premier coup. Les programmes personnalis\u00e9s d\u2019assainissement pour le secteur des services de sant\u00e9 dispens\u00e9s par Chemsyn comprennent :<\/p>\n<ul class=\"pinwheel\">\n<li><strong>Cuisines SAFEMARK\u2122<\/strong> : Solutions compl\u00e8tes de produits et de syst\u00e8mes en arri\u00e8re de la maison.<\/li>\n<li>Programmes de location de machines Energy Star\u2122.<\/li>\n<li><strong>CLEANMARK\u2122<\/strong> : Services de buanderie.<\/li>\n<li><strong>SANIMARK\u2122<\/strong> : Produits consommables pour l\u2019entretien m\u00e9nager et l\u2019hygi\u00e8ne.<\/li>\n<\/ul>\n<p>[\/vc_column_text][\/vc_column][\/vc_row][vc_row content_placement=\u00a0\u00bbmiddle\u00a0\u00bb css=\u00a0\u00bb.vc_custom_1650111824707{padding-top: 30px !important;padding-bottom: 30px !important;}\u00a0\u00bb][vc_column width=\u00a0\u00bb2\/3&Prime;][vc_column_text]<\/p>\n<h2>UN SERVICE D\u2019ASSISTANCE 24\u00a0H\/24, 7\u00a0J\/7, 365\u00a0J\/AN<\/h2>\n<p>En choisissant Chemsyn comme fournisseur exclusif de produits et services, vous b\u00e9n\u00e9ficiez de services et d\u2019une livraison in\u00e9gal\u00e9s \u00e0 travers le Canada, qui garantissent l\u2019approvisionnement de votre \u00e9tablissement en produits n\u00e9cessaires, en quantit\u00e9 ad\u00e9quate et au moment opportun, notamment :<\/p>\n<ul class=\"tick\">\n<li>L\u2019entretien pr\u00e9ventif des machines et des \u00e9quipements <em><strong>sans frais<\/strong><\/em>,<\/li>\n<li>Un <strong>service d\u2019assistance d\u2019urgence SMARTCARE\u2122 24 heures sur 24, 7\u00a0jours sur 7, 365\u00a0jours par an<\/strong>, y compris la livraison de produits <em><strong>sans frais<\/strong><\/em>,<\/li>\n<li>Les pi\u00e8ces et la main-d\u2019\u0153uvre pour la location de machines <strong>sans frais<\/strong> et la main-d\u2019\u0153uvre pour les \u00e9quipements appartenant au client <strong>sans frais<\/strong>,<\/li>\n<li>Des \u00e9quipements de distribution et de dilution <strong>sans frais<\/strong> et,<\/li>\n<li>La main-d\u2019\u0153uvre sur les \u00e9quipements appartenant au client <strong>sans frais<\/strong>.<\/li>\n<\/ul>\n<p>[\/vc_column_text][\/vc_column][vc_column width=\u00a0\u00bb1\/3&Prime;][vc_single_image image=\u00a0\u00bb922&Prime; img_size=\u00a0\u00bbfull\u00a0\u00bb alignment=\u00a0\u00bbcenter\u00a0\u00bb][\/vc_column][\/vc_row][vc_row full_width=\u00a0\u00bbstretch_row_content_no_spaces\u00a0\u00bb equal_height=\u00a0\u00bbyes\u00a0\u00bb content_placement=\u00a0\u00bbmiddle\u00a0\u00bb css=\u00a0\u00bb.vc_custom_1651243662811{background-color: #e8f7fc !important;}\u00a0\u00bb el_class=\u00a0\u00bbcheckerbox checkerbox-image-left\u00a0\u00bb][vc_column css=\u00a0\u00bb.vc_custom_1653037431026{padding-top: 0px !important;background-position: center !important;background-repeat: no-repeat !important;background-size: cover !important;}\u00a0\u00bb offset=\u00a0\u00bbvc_col-lg-4 vc_hidden-xs\u00a0\u00bb][vc_single_image image=\u00a0\u00bb991&Prime; img_size=\u00a0\u00bbfull\u00a0\u00bb css=\u00a0\u00bb.vc_custom_1653037564219{margin-bottom: 0px !important;}\u00a0\u00bb][\/vc_column][vc_column css=\u00a0\u00bb.vc_custom_1653037589506{padding-right: 80px !important;padding-left: 40px !important;}\u00a0\u00bb offset=\u00a0\u00bbvc_col-lg-8&Prime;][vc_column_text]<\/p>\n<h2>DES PROGRAMMES DE FORMATION PERSONNALIS\u00c9S<\/h2>\n<p>Gr\u00e2ce \u00e0 des programmes complets de formation du personnel, la s\u00e9curit\u00e9 de votre personnel, de vos r\u00e9sidents et de vos patients est assur\u00e9e, vos produits ne sont pas gaspill\u00e9s d\u00fb \u00e0 une mauvaise utilisation ou d\u2019une contamination crois\u00e9e et vos co\u00fbts sont ma\u00eetris\u00e9s.<\/p>\n<ul class=\"tick\">\n<li><strong>DES SERVICES ET UNE LIVRAISON DE PRODUITS IN\u00c9GAL\u00c9S D\u2019UN OC\u00c9AN \u00c0 L\u2019AUTRE<\/strong><\/li>\n<\/ul>\n<p>Gr\u00e2ce \u00e0 nos programmes, nous sommes en mesure de r\u00e9pondre \u00e0 vos besoins op\u00e9rationnels imm\u00e9diats et \u00e0 long terme de bout en bout, en vous offrant une qualit\u00e9 de produit et de service in\u00e9gal\u00e9e, et ce, \u00e0 un co\u00fbt plus avantageux que la concurrence.[\/vc_column_text][\/vc_column][\/vc_row]<\/p>\n","protected":false},"excerpt":{"rendered":"<p>En tant que professionnels de la sant\u00e9 dans le monde d\u2019aujourd\u2019hui, votre travail n\u2019est certainement pas facile. Vous \u00eates confront\u00e9 aux d\u00e9fis croissants de la gestion d\u2019une institution complexe&#8230;<\/p>\n","protected":false},"author":2,"featured_media":872,"parent":1022,"menu_order":0,"comment_status":"closed","ping_status":"closed","template":"fullwidth.php","meta":{"footnotes":""},"class_list":["post-1024","page","type-page","status-publish","has-post-thumbnail","hentry"],"acf":[],"yoast_head":"<!-- This site is optimized with the Yoast SEO plugin v19.10 - https:\/\/yoast.com\/wordpress\/plugins\/seo\/ -->\n<title>Services de sant\u00e9 - Chemsyn<\/title>\n<meta name=\"robots\" content=\"index, follow, max-snippet:-1, max-image-preview:large, max-video-preview:-1\" \/>\n<link rel=\"canonical\" href=\"https:\/\/chemsyn.com\/fr\/industries-served\/healthcare\/\" \/>\n<meta property=\"og:locale\" content=\"fr_CA\" \/>\n<meta property=\"og:type\" content=\"article\" \/>\n<meta property=\"og:title\" content=\"Services de sant\u00e9 - Chemsyn\" \/>\n<meta property=\"og:description\" content=\"En tant que professionnels de la sant\u00e9 dans le monde d\u2019aujourd\u2019hui, votre travail n\u2019est certainement pas facile. Vous \u00eates confront\u00e9 aux d\u00e9fis croissants de la gestion d\u2019une institution complexe...\" \/>\n<meta property=\"og:url\" content=\"https:\/\/chemsyn.com\/fr\/industries-served\/healthcare\/\" \/>\n<meta property=\"og:site_name\" content=\"Chemsyn\" \/>\n<meta property=\"article:modified_time\" content=\"2022-06-08T08:50:45+00:00\" \/>\n<meta property=\"og:image\" content=\"https:\/\/chemsyn.com\/wp-content\/uploads\/2022\/04\/healthcare-1.jpg\" \/>\n\t<meta property=\"og:image:width\" content=\"425\" \/>\n\t<meta property=\"og:image:height\" content=\"258\" \/>\n\t<meta property=\"og:image:type\" content=\"image\/jpeg\" \/>\n<meta name=\"twitter:card\" content=\"summary_large_image\" \/>\n<meta name=\"twitter:label1\" content=\"Estimation du temps de lecture\" \/>\n\t<meta name=\"twitter:data1\" content=\"5 minutes\" \/>\n<script type=\"application\/ld+json\" class=\"yoast-schema-graph\">{\"@context\":\"https:\/\/schema.org\",\"@graph\":[{\"@type\":\"WebPage\",\"@id\":\"https:\/\/chemsyn.com\/fr\/industries-served\/healthcare\/\",\"url\":\"https:\/\/chemsyn.com\/fr\/industries-served\/healthcare\/\",\"name\":\"Services de sant\u00e9 - Chemsyn\",\"isPartOf\":{\"@id\":\"https:\/\/chemsyn.com\/fr\/#website\"},\"datePublished\":\"2022-04-29T15:27:56+00:00\",\"dateModified\":\"2022-06-08T08:50:45+00:00\",\"breadcrumb\":{\"@id\":\"https:\/\/chemsyn.com\/fr\/industries-served\/healthcare\/#breadcrumb\"},\"inLanguage\":\"fr-CA\",\"potentialAction\":[{\"@type\":\"ReadAction\",\"target\":[\"https:\/\/chemsyn.com\/fr\/industries-served\/healthcare\/\"]}]},{\"@type\":\"BreadcrumbList\",\"@id\":\"https:\/\/chemsyn.com\/fr\/industries-served\/healthcare\/#breadcrumb\",\"itemListElement\":[{\"@type\":\"ListItem\",\"position\":1,\"name\":\"Home\",\"item\":\"https:\/\/chemsyn.com\/fr\/\"},{\"@type\":\"ListItem\",\"position\":2,\"name\":\"Industries Desservies\",\"item\":\"https:\/\/chemsyn.com\/fr\/industries-served\/\"},{\"@type\":\"ListItem\",\"position\":3,\"name\":\"Services de sant\u00e9\"}]},{\"@type\":\"WebSite\",\"@id\":\"https:\/\/chemsyn.com\/fr\/#website\",\"url\":\"https:\/\/chemsyn.com\/fr\/\",\"name\":\"Chemsyn\",\"description\":\"Des solutions pour le monde d'aujourd'hui\",\"publisher\":{\"@id\":\"https:\/\/chemsyn.com\/fr\/#organization\"},\"potentialAction\":[{\"@type\":\"SearchAction\",\"target\":{\"@type\":\"EntryPoint\",\"urlTemplate\":\"https:\/\/chemsyn.com\/fr\/?s={search_term_string}\"},\"query-input\":\"required name=search_term_string\"}],\"inLanguage\":\"fr-CA\"},{\"@type\":\"Organization\",\"@id\":\"https:\/\/chemsyn.com\/fr\/#organization\",\"name\":\"Chemsyn\",\"url\":\"https:\/\/chemsyn.com\/fr\/\",\"logo\":{\"@type\":\"ImageObject\",\"inLanguage\":\"fr-CA\",\"@id\":\"https:\/\/chemsyn.com\/fr\/#\/schema\/logo\/image\/\",\"url\":\"https:\/\/chemsyn.com\/wp-content\/uploads\/2022\/06\/chemsyn-logo-tagline-en.png\",\"contentUrl\":\"https:\/\/chemsyn.com\/wp-content\/uploads\/2022\/06\/chemsyn-logo-tagline-en.png\",\"width\":424,\"height\":106,\"caption\":\"Chemsyn\"},\"image\":{\"@id\":\"https:\/\/chemsyn.com\/fr\/#\/schema\/logo\/image\/\"}}]}<\/script>\n<!-- \/ Yoast SEO plugin. -->","yoast_head_json":{"title":"Services de sant\u00e9 - Chemsyn","robots":{"index":"index","follow":"follow","max-snippet":"max-snippet:-1","max-image-preview":"max-image-preview:large","max-video-preview":"max-video-preview:-1"},"canonical":"https:\/\/chemsyn.com\/fr\/industries-served\/healthcare\/","og_locale":"fr_CA","og_type":"article","og_title":"Services de sant\u00e9 - Chemsyn","og_description":"En tant que professionnels de la sant\u00e9 dans le monde d\u2019aujourd\u2019hui, votre travail n\u2019est certainement pas facile. Vous \u00eates confront\u00e9 aux d\u00e9fis croissants de la gestion d\u2019une institution complexe...","og_url":"https:\/\/chemsyn.com\/fr\/industries-served\/healthcare\/","og_site_name":"Chemsyn","article_modified_time":"2022-06-08T08:50:45+00:00","og_image":[{"width":425,"height":258,"url":"https:\/\/chemsyn.com\/wp-content\/uploads\/2022\/04\/healthcare-1.jpg","type":"image\/jpeg"}],"twitter_card":"summary_large_image","twitter_misc":{"Estimation du temps de lecture":"5 minutes"},"schema":{"@context":"https:\/\/schema.org","@graph":[{"@type":"WebPage","@id":"https:\/\/chemsyn.com\/fr\/industries-served\/healthcare\/","url":"https:\/\/chemsyn.com\/fr\/industries-served\/healthcare\/","name":"Services de sant\u00e9 - Chemsyn","isPartOf":{"@id":"https:\/\/chemsyn.com\/fr\/#website"},"datePublished":"2022-04-29T15:27:56+00:00","dateModified":"2022-06-08T08:50:45+00:00","breadcrumb":{"@id":"https:\/\/chemsyn.com\/fr\/industries-served\/healthcare\/#breadcrumb"},"inLanguage":"fr-CA","potentialAction":[{"@type":"ReadAction","target":["https:\/\/chemsyn.com\/fr\/industries-served\/healthcare\/"]}]},{"@type":"BreadcrumbList","@id":"https:\/\/chemsyn.com\/fr\/industries-served\/healthcare\/#breadcrumb","itemListElement":[{"@type":"ListItem","position":1,"name":"Home","item":"https:\/\/chemsyn.com\/fr\/"},{"@type":"ListItem","position":2,"name":"Industries Desservies","item":"https:\/\/chemsyn.com\/fr\/industries-served\/"},{"@type":"ListItem","position":3,"name":"Services de sant\u00e9"}]},{"@type":"WebSite","@id":"https:\/\/chemsyn.com\/fr\/#website","url":"https:\/\/chemsyn.com\/fr\/","name":"Chemsyn","description":"Des solutions pour le monde d'aujourd'hui","publisher":{"@id":"https:\/\/chemsyn.com\/fr\/#organization"},"potentialAction":[{"@type":"SearchAction","target":{"@type":"EntryPoint","urlTemplate":"https:\/\/chemsyn.com\/fr\/?s={search_term_string}"},"query-input":"required name=search_term_string"}],"inLanguage":"fr-CA"},{"@type":"Organization","@id":"https:\/\/chemsyn.com\/fr\/#organization","name":"Chemsyn","url":"https:\/\/chemsyn.com\/fr\/","logo":{"@type":"ImageObject","inLanguage":"fr-CA","@id":"https:\/\/chemsyn.com\/fr\/#\/schema\/logo\/image\/","url":"https:\/\/chemsyn.com\/wp-content\/uploads\/2022\/06\/chemsyn-logo-tagline-en.png","contentUrl":"https:\/\/chemsyn.com\/wp-content\/uploads\/2022\/06\/chemsyn-logo-tagline-en.png","width":424,"height":106,"caption":"Chemsyn"},"image":{"@id":"https:\/\/chemsyn.com\/fr\/#\/schema\/logo\/image\/"}}]}},"_links":{"self":[{"href":"https:\/\/chemsyn.com\/fr\/wp-json\/wp\/v2\/pages\/1024","targetHints":{"allow":["GET"]}}],"collection":[{"href":"https:\/\/chemsyn.com\/fr\/wp-json\/wp\/v2\/pages"}],"about":[{"href":"https:\/\/chemsyn.com\/fr\/wp-json\/wp\/v2\/types\/page"}],"author":[{"embeddable":true,"href":"https:\/\/chemsyn.com\/fr\/wp-json\/wp\/v2\/users\/2"}],"replies":[{"embeddable":true,"href":"https:\/\/chemsyn.com\/fr\/wp-json\/wp\/v2\/comments?post=1024"}],"version-history":[{"count":5,"href":"https:\/\/chemsyn.com\/fr\/wp-json\/wp\/v2\/pages\/1024\/revisions"}],"predecessor-version":[{"id":1029,"href":"https:\/\/chemsyn.com\/fr\/wp-json\/wp\/v2\/pages\/1024\/revisions\/1029"}],"up":[{"embeddable":true,"href":"https:\/\/chemsyn.com\/fr\/wp-json\/wp\/v2\/pages\/1022"}],"wp:featuredmedia":[{"embeddable":true,"href":"https:\/\/chemsyn.com\/fr\/wp-json\/wp\/v2\/media\/872"}],"wp:attachment":[{"href":"https:\/\/chemsyn.com\/fr\/wp-json\/wp\/v2\/media?parent=1024"}],"curies":[{"name":"wp","href":"https:\/\/api.w.org\/{rel}","templated":true}]}}