{"id":1031,"date":"2022-04-29T15:52:43","date_gmt":"2022-04-29T19:52:43","guid":{"rendered":"https:\/\/chemsyn.com\/industries-served\/hospitality\/"},"modified":"2022-06-08T05:12:37","modified_gmt":"2022-06-08T09:12:37","slug":"hospitality","status":"publish","type":"page","link":"https:\/\/chemsyn.com\/fr\/industries-served\/hospitality\/","title":{"rendered":"H\u00f4tellerie"},"content":{"rendered":"<p>[vc_row full_width=\u00a0\u00bbstretch_row\u00a0\u00bb content_placement=\u00a0\u00bbmiddle\u00a0\u00bb el_class=\u00a0\u00bbpage-banner\u00a0\u00bb css=\u00a0\u00bb.vc_custom_1651764837836{margin-bottom: 40px !important;background-image: url(https:\/\/chemsyn.com\/wp-content\/uploads\/2022\/05\/hospitality-banner-1.jpg?id=716) !important;background-position: center !important;background-repeat: no-repeat !important;background-size: cover !important;}\u00a0\u00bb][vc_column css=\u00a0\u00bb.vc_custom_1650109296466{padding-top: 0px !important;}\u00a0\u00bb][vc_column_text]<\/p>\n<h1 style=\"text-align: center;\">H\u00d4TELLERIE<\/h1>\n<p>[\/vc_column_text][\/vc_column][\/vc_row][vc_row full_width=\u00a0\u00bbstretch_row\u00a0\u00bb css=\u00a0\u00bb.vc_custom_1653038250087{background-image: url(https:\/\/chemsyn.com\/wp-content\/uploads\/2022\/05\/positive-guest-experiences.jpg?id=635) !important;background-position: center !important;background-repeat: no-repeat !important;background-size: cover !important;}\u00a0\u00bb el_class=\u00a0\u00bbhome-banner industry-sector\u00a0\u00bb][vc_column css=\u00a0\u00bb.vc_custom_1650444543709{padding-top: 50px !important;}\u00a0\u00bb][vc_column_text]<span style=\"font-size: medium;\"><span lang=\"fr-CA\">Quels sont les aspects qui incitent vos clients \u00e0 toujours revenir\u2009? Dans le monde en constante \u00e9volution d\u2019aujourd\u2019hui, une exp\u00e9rience positive pour le client et une fid\u00e9lit\u00e9 soutenue \u00e0 la marque requi\u00e8rent bien plus qu\u2019un simple service de qualit\u00e9. Cela signifie que l\u2019on doit satisfaire et d\u00e9passer les attentes des clients en mati\u00e8re d\u2019espaces s\u00fbrs, propres et sains\u2009! <\/span><\/span><\/p>\n<p><span style=\"font-size: medium;\"><span lang=\"fr-CA\">En tant que partenaire de confiance dans le domaine de l\u2019assainissement et de la d\u00e9sinfection, Chemsyn offre un soutien continu et in\u00e9gal\u00e9 en mati\u00e8re de services et de produits, garantissant la satisfaction sup\u00e9rieure des clients et une exp\u00e9rience de classe mondiale qui les incitera \u00e0 revenir. <\/span><\/span>[\/vc_column_text][\/vc_column][\/vc_row][vc_row content_placement=\u00a0\u00bbmiddle\u00a0\u00bb css=\u00a0\u00bb.vc_custom_1651246293472{padding-top: 30px !important;padding-bottom: 30px !important;}\u00a0\u00bb][vc_column width=\u00a0\u00bb2\/3&Prime;][vc_column_text]<\/p>\n<h2>TOTALCARE\u2122<\/h2>\n<p>Les programmes d\u2019assainissement TOTALCARE\u2122 de Chemsyn pour l\u2019industrie h\u00f4teli\u00e8re comprennent :<\/p>\n<ul class=\"pinwheel\">\n<li><strong>Cuisines SAFEMARK\u2122<\/strong> : Solutions compl\u00e8tes de produits et de syst\u00e8mes en arri\u00e8re de la maison.<\/li>\n<li>Programmes de location de machines <strong>Energy Star\u2122<\/strong>.<\/li>\n<li><strong>CLEANMARK\u2122<\/strong> : Services de buanderie.<\/li>\n<li><strong>SANIMARK\u2122<\/strong> : Produits consommables pour l\u2019entretien m\u00e9nager et l\u2019hygi\u00e8ne.<\/li>\n<\/ul>\n<p>[\/vc_column_text][\/vc_column][vc_column width=\u00a0\u00bb1\/3&Prime;][vc_single_image image=\u00a0\u00bb900&Prime; img_size=\u00a0\u00bb265&#215;114&Prime; alignment=\u00a0\u00bbcenter\u00a0\u00bb css=\u00a0\u00bb.vc_custom_1651660659585{margin-top: 2rem !important;margin-bottom: 2rem !important;}\u00a0\u00bb][\/vc_column][\/vc_row][vc_row full_width=\u00a0\u00bbstretch_row\u00a0\u00bb equal_height=\u00a0\u00bbyes\u00a0\u00bb content_placement=\u00a0\u00bbmiddle\u00a0\u00bb css=\u00a0\u00bb.vc_custom_1651660537333{background-color: #e8f7fc !important;}\u00a0\u00bb el_class=\u00a0\u00bbcheckerbox checkerbox-image-left\u00a0\u00bb][vc_column css=\u00a0\u00bb.vc_custom_1651660510802{padding-top: 0px !important;background-position: center !important;background-repeat: no-repeat !important;background-size: cover !important;}\u00a0\u00bb offset=\u00a0\u00bbvc_col-lg-4&Prime;][vc_single_image image=\u00a0\u00bb940&Prime; img_size=\u00a0\u00bbfull\u00a0\u00bb alignment=\u00a0\u00bbcenter\u00a0\u00bb][\/vc_column][vc_column css=\u00a0\u00bb.vc_custom_1651660520024{padding-top: 4rem !important;padding-right: 4rem !important;padding-bottom: 2rem !important;padding-left: 4rem !important;}\u00a0\u00bb offset=\u00a0\u00bbvc_col-lg-8&Prime;][vc_column_text]<\/p>\n<h2>SERVICE DE SOUTIEN 24\u00a0H\/24, 7\u00a0J\/7, 365\u00a0J\/AN<\/h2>\n<p>En choisissant Chemsyn comme fournisseur exclusif de produits et services, vous b\u00e9n\u00e9ficiez de services et d\u2019une livraison in\u00e9gal\u00e9s \u00e0 travers le Canada, qui garantissent l\u2019approvisionnement de votre \u00e9tablissement en produits n\u00e9cessaires, en quantit\u00e9 ad\u00e9quate et au moment opportun, notamment :<\/p>\n<ul class=\"&quot;tick\">\n<li>L\u2019entretien pr\u00e9ventif des machines et des \u00e9quipements <em><strong>sans frais<\/strong><\/em>,<\/li>\n<li>Un <strong>service de soutien technique d\u2019urgence SMARTCARE\u2122 24 heures sur 24, 7\u00a0jours sur 7, 365\u00a0jours par an<\/strong>, y compris la livraison de produits <em><strong>sans frais<\/strong><\/em>,<\/li>\n<li>Les pi\u00e8ces et la main-d\u2019\u0153uvre pour la location de machines <strong>sans frais<\/strong> et la main-d\u2019\u0153uvre pour les \u00e9quipements appartenant au client <strong>sans frais<\/strong>,<\/li>\n<li>Des \u00e9quipements de distribution et de dilution <strong>sans frais<\/strong> et,<\/li>\n<li>La main-d\u2019\u0153uvre sur les \u00e9quipements appartenant au client <strong>sans frais<\/strong>.<\/li>\n<\/ul>\n<p>[\/vc_column_text][\/vc_column][\/vc_row][vc_row full_width=\u00a0\u00bbstretch_row_content_no_spaces\u00a0\u00bb content_placement=\u00a0\u00bbmiddle\u00a0\u00bb css=\u00a0\u00bb.vc_custom_1652971125682{background-color: #ffffff !important;}\u00a0\u00bb][vc_column width=\u00a0\u00bb2\/3&Prime; css=\u00a0\u00bb.vc_custom_1652971102666{padding-right: 40px !important;padding-left: 80px !important;}\u00a0\u00bb][vc_column_text]<\/p>\n<h2>DES PROGRAMMES DE FORMATION PERSONNALIS\u00c9S<\/h2>\n<p>Gr\u00e2ce \u00e0 des programmes complets de formation du personnel, la s\u00e9curit\u00e9 de votre personnel, de vos r\u00e9sidents et de vos patients est assur\u00e9e, vos produits ne sont pas gaspill\u00e9s d\u00fb \u00e0 une mauvaise utilisation ou d\u2019une contamination crois\u00e9e et vos co\u00fbts sont ma\u00eetris\u00e9s.<\/p>\n<ul class=\"tick\">\n<li><strong>DES SERVICE ET UNE LIVRAISON DE PRODUITS IN\u00c9GAL\u00c9S D\u2019UN OC\u00c9AN \u00c0 L\u2019AUTRE<\/strong><\/li>\n<\/ul>\n<p>Gr\u00e2ce \u00e0 nos programmes, nous sommes en mesure de r\u00e9pondre \u00e0 vos besoins op\u00e9rationnels imm\u00e9diats et \u00e0 long terme de bout en bout, en vous offrant une qualit\u00e9 de produit et de service in\u00e9gal\u00e9e, et ce, \u00e0 un co\u00fbt plus avantageux que la concurrence.[\/vc_column_text][\/vc_column][vc_column width=\u00a0\u00bb1\/3&Prime; css=\u00a0\u00bb.vc_custom_1652971091509{padding-top: 0px !important;}\u00a0\u00bb][vc_single_image image=\u00a0\u00bb975&Prime; img_size=\u00a0\u00bbfull\u00a0\u00bb css=\u00a0\u00bb.vc_custom_1652971085693{margin-bottom: 0px !important;}\u00a0\u00bb][\/vc_column][\/vc_row]<\/p>\n","protected":false},"excerpt":{"rendered":"<p>Quels sont les aspects qui incitent vos clients \u00e0 toujours revenir\u2009? Dans le monde en constante \u00e9volution d\u2019aujourd\u2019hui, une exp\u00e9rience positive pour le client et&#8230;<\/p>\n","protected":false},"author":2,"featured_media":962,"parent":1022,"menu_order":0,"comment_status":"closed","ping_status":"closed","template":"fullwidth.php","meta":{"footnotes":""},"class_list":["post-1031","page","type-page","status-publish","has-post-thumbnail","hentry"],"acf":[],"yoast_head":"<!-- This site is optimized with the Yoast SEO plugin v19.10 - https:\/\/yoast.com\/wordpress\/plugins\/seo\/ -->\n<title>H\u00f4tellerie - Chemsyn<\/title>\n<meta name=\"robots\" content=\"index, follow, max-snippet:-1, max-image-preview:large, max-video-preview:-1\" \/>\n<link rel=\"canonical\" href=\"https:\/\/chemsyn.com\/fr\/industries-served\/hospitality\/\" \/>\n<meta property=\"og:locale\" content=\"fr_CA\" \/>\n<meta property=\"og:type\" content=\"article\" \/>\n<meta property=\"og:title\" content=\"H\u00f4tellerie - Chemsyn\" \/>\n<meta property=\"og:description\" content=\"Quels sont les aspects qui incitent vos clients \u00e0 toujours revenir\u2009? Dans le monde en constante \u00e9volution d\u2019aujourd\u2019hui, une exp\u00e9rience positive pour le client et...\" \/>\n<meta property=\"og:url\" content=\"https:\/\/chemsyn.com\/fr\/industries-served\/hospitality\/\" \/>\n<meta property=\"og:site_name\" content=\"Chemsyn\" \/>\n<meta property=\"article:modified_time\" content=\"2022-06-08T09:12:37+00:00\" \/>\n<meta property=\"og:image\" content=\"https:\/\/chemsyn.com\/wp-content\/uploads\/2022\/05\/hospitality.jpg\" \/>\n\t<meta property=\"og:image:width\" content=\"426\" \/>\n\t<meta property=\"og:image:height\" content=\"258\" \/>\n\t<meta property=\"og:image:type\" content=\"image\/jpeg\" \/>\n<meta name=\"twitter:card\" content=\"summary_large_image\" \/>\n<meta name=\"twitter:label1\" content=\"Estimation du temps de lecture\" \/>\n\t<meta name=\"twitter:data1\" content=\"4 minutes\" \/>\n<script type=\"application\/ld+json\" class=\"yoast-schema-graph\">{\"@context\":\"https:\/\/schema.org\",\"@graph\":[{\"@type\":\"WebPage\",\"@id\":\"https:\/\/chemsyn.com\/fr\/industries-served\/hospitality\/\",\"url\":\"https:\/\/chemsyn.com\/fr\/industries-served\/hospitality\/\",\"name\":\"H\u00f4tellerie - Chemsyn\",\"isPartOf\":{\"@id\":\"https:\/\/chemsyn.com\/fr\/#website\"},\"datePublished\":\"2022-04-29T19:52:43+00:00\",\"dateModified\":\"2022-06-08T09:12:37+00:00\",\"breadcrumb\":{\"@id\":\"https:\/\/chemsyn.com\/fr\/industries-served\/hospitality\/#breadcrumb\"},\"inLanguage\":\"fr-CA\",\"potentialAction\":[{\"@type\":\"ReadAction\",\"target\":[\"https:\/\/chemsyn.com\/fr\/industries-served\/hospitality\/\"]}]},{\"@type\":\"BreadcrumbList\",\"@id\":\"https:\/\/chemsyn.com\/fr\/industries-served\/hospitality\/#breadcrumb\",\"itemListElement\":[{\"@type\":\"ListItem\",\"position\":1,\"name\":\"Home\",\"item\":\"https:\/\/chemsyn.com\/fr\/\"},{\"@type\":\"ListItem\",\"position\":2,\"name\":\"Industries Desservies\",\"item\":\"https:\/\/chemsyn.com\/fr\/industries-served\/\"},{\"@type\":\"ListItem\",\"position\":3,\"name\":\"H\u00f4tellerie\"}]},{\"@type\":\"WebSite\",\"@id\":\"https:\/\/chemsyn.com\/fr\/#website\",\"url\":\"https:\/\/chemsyn.com\/fr\/\",\"name\":\"Chemsyn\",\"description\":\"Des solutions pour le monde d'aujourd'hui\",\"publisher\":{\"@id\":\"https:\/\/chemsyn.com\/fr\/#organization\"},\"potentialAction\":[{\"@type\":\"SearchAction\",\"target\":{\"@type\":\"EntryPoint\",\"urlTemplate\":\"https:\/\/chemsyn.com\/fr\/?s={search_term_string}\"},\"query-input\":\"required name=search_term_string\"}],\"inLanguage\":\"fr-CA\"},{\"@type\":\"Organization\",\"@id\":\"https:\/\/chemsyn.com\/fr\/#organization\",\"name\":\"Chemsyn\",\"url\":\"https:\/\/chemsyn.com\/fr\/\",\"logo\":{\"@type\":\"ImageObject\",\"inLanguage\":\"fr-CA\",\"@id\":\"https:\/\/chemsyn.com\/fr\/#\/schema\/logo\/image\/\",\"url\":\"https:\/\/chemsyn.com\/wp-content\/uploads\/2022\/06\/chemsyn-logo-tagline-en.png\",\"contentUrl\":\"https:\/\/chemsyn.com\/wp-content\/uploads\/2022\/06\/chemsyn-logo-tagline-en.png\",\"width\":424,\"height\":106,\"caption\":\"Chemsyn\"},\"image\":{\"@id\":\"https:\/\/chemsyn.com\/fr\/#\/schema\/logo\/image\/\"}}]}<\/script>\n<!-- \/ Yoast SEO plugin. -->","yoast_head_json":{"title":"H\u00f4tellerie - Chemsyn","robots":{"index":"index","follow":"follow","max-snippet":"max-snippet:-1","max-image-preview":"max-image-preview:large","max-video-preview":"max-video-preview:-1"},"canonical":"https:\/\/chemsyn.com\/fr\/industries-served\/hospitality\/","og_locale":"fr_CA","og_type":"article","og_title":"H\u00f4tellerie - Chemsyn","og_description":"Quels sont les aspects qui incitent vos clients \u00e0 toujours revenir\u2009? Dans le monde en constante \u00e9volution d\u2019aujourd\u2019hui, une exp\u00e9rience positive pour le client et...","og_url":"https:\/\/chemsyn.com\/fr\/industries-served\/hospitality\/","og_site_name":"Chemsyn","article_modified_time":"2022-06-08T09:12:37+00:00","og_image":[{"width":426,"height":258,"url":"https:\/\/chemsyn.com\/wp-content\/uploads\/2022\/05\/hospitality.jpg","type":"image\/jpeg"}],"twitter_card":"summary_large_image","twitter_misc":{"Estimation du temps de lecture":"4 minutes"},"schema":{"@context":"https:\/\/schema.org","@graph":[{"@type":"WebPage","@id":"https:\/\/chemsyn.com\/fr\/industries-served\/hospitality\/","url":"https:\/\/chemsyn.com\/fr\/industries-served\/hospitality\/","name":"H\u00f4tellerie - Chemsyn","isPartOf":{"@id":"https:\/\/chemsyn.com\/fr\/#website"},"datePublished":"2022-04-29T19:52:43+00:00","dateModified":"2022-06-08T09:12:37+00:00","breadcrumb":{"@id":"https:\/\/chemsyn.com\/fr\/industries-served\/hospitality\/#breadcrumb"},"inLanguage":"fr-CA","potentialAction":[{"@type":"ReadAction","target":["https:\/\/chemsyn.com\/fr\/industries-served\/hospitality\/"]}]},{"@type":"BreadcrumbList","@id":"https:\/\/chemsyn.com\/fr\/industries-served\/hospitality\/#breadcrumb","itemListElement":[{"@type":"ListItem","position":1,"name":"Home","item":"https:\/\/chemsyn.com\/fr\/"},{"@type":"ListItem","position":2,"name":"Industries Desservies","item":"https:\/\/chemsyn.com\/fr\/industries-served\/"},{"@type":"ListItem","position":3,"name":"H\u00f4tellerie"}]},{"@type":"WebSite","@id":"https:\/\/chemsyn.com\/fr\/#website","url":"https:\/\/chemsyn.com\/fr\/","name":"Chemsyn","description":"Des solutions pour le monde d'aujourd'hui","publisher":{"@id":"https:\/\/chemsyn.com\/fr\/#organization"},"potentialAction":[{"@type":"SearchAction","target":{"@type":"EntryPoint","urlTemplate":"https:\/\/chemsyn.com\/fr\/?s={search_term_string}"},"query-input":"required name=search_term_string"}],"inLanguage":"fr-CA"},{"@type":"Organization","@id":"https:\/\/chemsyn.com\/fr\/#organization","name":"Chemsyn","url":"https:\/\/chemsyn.com\/fr\/","logo":{"@type":"ImageObject","inLanguage":"fr-CA","@id":"https:\/\/chemsyn.com\/fr\/#\/schema\/logo\/image\/","url":"https:\/\/chemsyn.com\/wp-content\/uploads\/2022\/06\/chemsyn-logo-tagline-en.png","contentUrl":"https:\/\/chemsyn.com\/wp-content\/uploads\/2022\/06\/chemsyn-logo-tagline-en.png","width":424,"height":106,"caption":"Chemsyn"},"image":{"@id":"https:\/\/chemsyn.com\/fr\/#\/schema\/logo\/image\/"}}]}},"_links":{"self":[{"href":"https:\/\/chemsyn.com\/fr\/wp-json\/wp\/v2\/pages\/1031","targetHints":{"allow":["GET"]}}],"collection":[{"href":"https:\/\/chemsyn.com\/fr\/wp-json\/wp\/v2\/pages"}],"about":[{"href":"https:\/\/chemsyn.com\/fr\/wp-json\/wp\/v2\/types\/page"}],"author":[{"embeddable":true,"href":"https:\/\/chemsyn.com\/fr\/wp-json\/wp\/v2\/users\/2"}],"replies":[{"embeddable":true,"href":"https:\/\/chemsyn.com\/fr\/wp-json\/wp\/v2\/comments?post=1031"}],"version-history":[{"count":3,"href":"https:\/\/chemsyn.com\/fr\/wp-json\/wp\/v2\/pages\/1031\/revisions"}],"predecessor-version":[{"id":1034,"href":"https:\/\/chemsyn.com\/fr\/wp-json\/wp\/v2\/pages\/1031\/revisions\/1034"}],"up":[{"embeddable":true,"href":"https:\/\/chemsyn.com\/fr\/wp-json\/wp\/v2\/pages\/1022"}],"wp:featuredmedia":[{"embeddable":true,"href":"https:\/\/chemsyn.com\/fr\/wp-json\/wp\/v2\/media\/962"}],"wp:attachment":[{"href":"https:\/\/chemsyn.com\/fr\/wp-json\/wp\/v2\/media?parent=1031"}],"curies":[{"name":"wp","href":"https:\/\/api.w.org\/{rel}","templated":true}]}}