{"id":1037,"date":"2022-05-03T09:35:57","date_gmt":"2022-05-03T13:35:57","guid":{"rendered":"https:\/\/chemsyn.com\/?page_id=1037"},"modified":"2022-08-03T08:23:16","modified_gmt":"2022-08-03T12:23:16","slug":"services-alimentaires","status":"publish","type":"page","link":"https:\/\/chemsyn.com\/fr\/industries-served\/services-alimentaires\/","title":{"rendered":"Services alimentaires"},"content":{"rendered":"<p>[vc_row full_width=\u00a0\u00bbstretch_row\u00a0\u00bb content_placement=\u00a0\u00bbmiddle\u00a0\u00bb el_class=\u00a0\u00bbpage-banner\u00a0\u00bb css=\u00a0\u00bb.vc_custom_1651652318787{margin-bottom: 40px !important;background-image: url(https:\/\/chemsyn.com\/wp-content\/uploads\/2022\/05\/foodservice.jpg?id=578) !important;background-position: center !important;background-repeat: no-repeat !important;background-size: cover !important;}\u00a0\u00bb][vc_column css=\u00a0\u00bb.vc_custom_1650109296466{padding-top: 0px !important;}\u00a0\u00bb][vc_column_text]<\/p>\n<h1 style=\"text-align: center;\">SERVICES ALIMENTAIRES<\/h1>\n<p>[\/vc_column_text][\/vc_column][\/vc_row][vc_row full_width=\u00a0\u00bbstretch_row\u00a0\u00bb css=\u00a0\u00bb.vc_custom_1653038283478{background-image: url(https:\/\/chemsyn.com\/wp-content\/uploads\/2022\/05\/complete-kitchen-sanitation.jpg?id=644) !important;background-position: center !important;background-repeat: no-repeat !important;background-size: cover !important;}\u00a0\u00bb el_class=\u00a0\u00bbhome-banner industry-sector\u00a0\u00bb][vc_column css=\u00a0\u00bb.vc_custom_1650444543709{padding-top: 50px !important;}\u00a0\u00bb][vc_column_text]<\/p>\n<h2>DES SOLUTIONS COMPL\u00c8TES POUR L\u2019HYGI\u00c8NE DES CUISINES<\/h2>\n<p>Dans le paysage actuel en rapide \u00e9volution, les professionnels de la restauration sont confront\u00e9s au d\u00e9fi quotidien de g\u00e9rer une op\u00e9ration fluide et efficace, de garantir la s\u00e9curit\u00e9 des aliments et des employ\u00e9s et de satisfaire les clients. Ils doivent \u00e9galement veiller au respect permanent des r\u00e9glementations strictes en mati\u00e8re de sant\u00e9 et de s\u00e9curit\u00e9, tout en g\u00e9rant des contraintes budg\u00e9taires et des probl\u00e8mes de cha\u00eene d\u2019approvisionnement.<\/p>\n<p>En tant que partenaire de confiance du secteur des services alimentaires, nous sommes pr\u00e9sents aupr\u00e8s de clients de toutes tailles, qu\u2019il s\u2019agisse de cha\u00eenes ou de franchises de restaurants bien \u00e9tablies, de petits restaurants ind\u00e9pendants, d\u2019enseignes d\u2019aires de restauration ou de restaurants rapides partout au Canada. Chemsyn s\u2019occupe de tous vos besoins en mati\u00e8re d\u2019hygi\u00e8ne et de d\u00e9sinfection des cuisines afin que vous puissiez vous concentrer sur les aspects importants de la gestion de votre activit\u00e9 et de votre personnel.[\/vc_column_text][\/vc_column][\/vc_row][vc_row full_width=\u00a0\u00bbstretch_row_content_no_spaces\u00a0\u00bb equal_height=\u00a0\u00bbyes\u00a0\u00bb content_placement=\u00a0\u00bbmiddle\u00a0\u00bb css=\u00a0\u00bb.vc_custom_1652976841626{background-color: #ffffff !important;}\u00a0\u00bb][vc_column offset=\u00a0\u00bbvc_col-lg-8&Prime; css=\u00a0\u00bb.vc_custom_1652976727354{padding-right: 40px !important;padding-left: 80px !important;}\u00a0\u00bb][vc_column_text]<\/p>\n<h2>DES CUISINES S\u00dbRES, DES ESPACES PROPRES, DES CLIENTS SATISFAITS<\/h2>\n<p>Chemsyn propose aux partenaires des services alimentaires des produits et des solutions de service complet en mati\u00e8re d\u2019hygi\u00e8ne et de d\u00e9sinfection, notamment :<\/p>\n<ul class=\"pinwheel\">\n<li><strong>Cuisines SAFEMARK\u2122<\/strong> : Solutions compl\u00e8tes de produits et de syst\u00e8mes en arri\u00e8re de la maison.<\/li>\n<li>Des programmes de location de machines <strong>Energy Star\u2122<\/strong>.<\/li>\n<li><strong>Un service de soutien 24\u00a0heures sur 24, 7\u00a0jours sur 7 et 365\u00a0jours par an<\/strong>, incluant le service de soutien technique d\u2019urgence <strong>SMARTCARE\u2122<\/strong>.<\/li>\n<li><strong>Des programmes de formation personnalis\u00e9s<\/strong>, notamment le SIMDUT, la s\u00e9curit\u00e9 alimentaire et des d\u00e9monstrations de produits et de proc\u00e9dures.<\/li>\n<\/ul>\n<p>[\/vc_column_text][\/vc_column][vc_column offset=\u00a0\u00bbvc_col-lg-4&Prime; css=\u00a0\u00bb.vc_custom_1652976696695{padding-top: 0px !important;}\u00a0\u00bb][vc_single_image image=\u00a0\u00bb987&Prime; img_size=\u00a0\u00bbfull\u00a0\u00bb alignment=\u00a0\u00bbright\u00a0\u00bb css=\u00a0\u00bb.vc_custom_1652977091463{margin-bottom: 0px !important;}\u00a0\u00bb][\/vc_column][\/vc_row][vc_row full_width=\u00a0\u00bbstretch_row_content_no_spaces\u00a0\u00bb equal_height=\u00a0\u00bbyes\u00a0\u00bb content_placement=\u00a0\u00bbmiddle\u00a0\u00bb css=\u00a0\u00bb.vc_custom_1652976834584{background-color: #e8f7fc !important;}\u00a0\u00bb el_class=\u00a0\u00bbcheckerbox checkerbox-image-left\u00a0\u00bb][vc_column css=\u00a0\u00bb.vc_custom_1652976765082{padding-top: 0px !important;background-position: center !important;background-repeat: no-repeat !important;background-size: cover !important;}\u00a0\u00bb offset=\u00a0\u00bbvc_col-lg-4 vc_hidden-xs\u00a0\u00bb][vc_single_image image=\u00a0\u00bb974&Prime; img_size=\u00a0\u00bbfull\u00a0\u00bb css=\u00a0\u00bb.vc_custom_1652976798769{margin-bottom: 0px !important;}\u00a0\u00bb][\/vc_column][vc_column css=\u00a0\u00bb.vc_custom_1652976817692{padding-right: 80px !important;padding-left: 40px !important;}\u00a0\u00bb offset=\u00a0\u00bbvc_col-lg-8&Prime;][vc_column_text]<\/p>\n<h2>LAVAGE DE LA VAISSELLE EN MACHINE ET MANUEL<\/h2>\n<p>Les programmes de lavage de vaisselle en machine et manuel de Chemsyn int\u00e8grent de mani\u00e8re transparente\u00a0:<\/p>\n<ol>\n<li>La livraison des produits n\u00e9cessaires au maintien du plus haut niveau d\u2019hygi\u00e8ne dans votre \u00e9tablissement.<\/li>\n<li>Les services techniques n\u00e9cessaires au maintien de vos machines en bon \u00e9tat de fonctionnement et \u00e0 la r\u00e9duction ou \u00e0 l\u2019\u00e9limination des temps d\u2019arr\u00eat op\u00e9rationnels.<\/li>\n<li>La formation sur les produits qui permet \u00e0 votre personnel de contribuer \u00e0 un environnement de travail s\u00fbr, efficace et efficient.<\/li>\n<\/ol>\n<p>[\/vc_column_text][\/vc_column][\/vc_row][vc_row full_width=\u00a0\u00bbstretch_row_content_no_spaces\u00a0\u00bb equal_height=\u00a0\u00bbyes\u00a0\u00bb content_placement=\u00a0\u00bbmiddle\u00a0\u00bb css=\u00a0\u00bb.vc_custom_1652977002822{background-color: #ffffff !important;}\u00a0\u00bb][vc_column offset=\u00a0\u00bbvc_col-lg-8&Prime; css=\u00a0\u00bb.vc_custom_1652976902088{padding-right: 40px !important;padding-left: 80px !important;}\u00a0\u00bb][vc_column_text]<\/p>\n<h2>PROGRAMMES DE LOCATION DE MACHINES ENERGY STAR\u2122<\/h2>\n<p>Chemsyn est fi\u00e8re de s\u2019associer \u00e0 des marques de pointe comme Champion Moyer-Diebel, American Dish Machines, Hobart et CMA pour vous fournir une large s\u00e9lection de syst\u00e8mes de lavage de vaisselle de pr\u00e9cision fiables et de haute qualit\u00e9 Energy Star\u2122. Ce programme vous \u00adoffre des options de location flexibles et peu co\u00fbteuses sans l\u2019investissement initial \u00e9lev\u00e9 g\u00e9n\u00e9ralement n\u00e9cessaire pour la mise en service d\u2019un programme de lavage de vaisselle commercial.<\/p>\n<p>Le programme comprend\u00a0:<\/p>\n<ul class=\"pinwheel\">\n<li>Un co\u00fbt mensuel fixe.<\/li>\n<li>Aucun co\u00fbt en capital initial.<\/li>\n<li>L\u2019entretien pr\u00e9ventif des machines et des \u00e9quipements <em><strong>sans frais<\/strong><\/em>,<\/li>\n<li>Un <strong>service d\u2019assistance d\u2019urgence SMARTCARE\u2122 24 heures sur 24, 7\u00a0jours sur 7, 365\u00a0jours par an<\/strong>, y compris la livraison de produits <em><strong>sans frais<\/strong><\/em>,<\/li>\n<li>Les pi\u00e8ces et la main-d\u2019\u0153uvre pour la location de machines <strong>sans frais<\/strong> et la main-d\u2019\u0153uvre pour les \u00e9quipements appartenant au client sans frais,<\/li>\n<li>Des \u00e9quipements de distribution et de dilution <strong>sans frais<\/strong> et,<\/li>\n<li>Des consultations sur l\u2019am\u00e9nagement de la plonge.<\/li>\n<li>L\u2019installation de la machine.<\/li>\n<\/ul>\n<p>[\/vc_column_text][\/vc_column][vc_column offset=\u00a0\u00bbvc_col-lg-4&Prime; css=\u00a0\u00bb.vc_custom_1652976890043{padding-top: 0px !important;}\u00a0\u00bb][vc_single_image image=\u00a0\u00bb986&Prime; img_size=\u00a0\u00bbfull\u00a0\u00bb alignment=\u00a0\u00bbright\u00a0\u00bb css=\u00a0\u00bb.vc_custom_1652976879115{margin-bottom: 0px !important;}\u00a0\u00bb][\/vc_column][\/vc_row][vc_row full_width=\u00a0\u00bbstretch_row_content_no_spaces\u00a0\u00bb equal_height=\u00a0\u00bbyes\u00a0\u00bb content_placement=\u00a0\u00bbmiddle\u00a0\u00bb css=\u00a0\u00bb.vc_custom_1652976993706{background-color: #e8f7fc !important;}\u00a0\u00bb el_class=\u00a0\u00bbcheckerbox checkerbox-image-left\u00a0\u00bb][vc_column css=\u00a0\u00bb.vc_custom_1652976953619{padding-top: 0px !important;background-position: center !important;background-repeat: no-repeat !important;background-size: cover !important;}\u00a0\u00bb offset=\u00a0\u00bbvc_col-lg-4 vc_hidden-xs\u00a0\u00bb][vc_single_image image=\u00a0\u00bb984&Prime; img_size=\u00a0\u00bbfull\u00a0\u00bb css=\u00a0\u00bb.vc_custom_1652976967921{margin-bottom: 0px !important;}\u00a0\u00bb][\/vc_column][vc_column css=\u00a0\u00bb.vc_custom_1652976986126{padding-right: 80px !important;padding-left: 40px !important;}\u00a0\u00bb offset=\u00a0\u00bbvc_col-lg-8&Prime;][vc_column_text]<\/p>\n<h2>SOLUTIONS POUR L\u2019ACCUEIL<\/h2>\n<p>Chemsyn vous propose des solutions compl\u00e8tes pour toutes les zones de votre \u00e9tablissement et garantit ainsi une exp\u00e9rience exceptionnelle aux clients et une fid\u00e9lit\u00e9 continue \u00e0 votre marque. Que ce soit pour sa garantie d\u2019un environnement d\u2019accueil immacul\u00e9 et s\u00fbr, de toilettes propres, aseptis\u00e9es et fra\u00eeches ou de son programme de partenariat pour le soin des mains Purell\u00ae, vous ne trouverez pas de partenaire plus complet en mati\u00e8re d\u2019assainissement que Chemsyn.[\/vc_column_text][\/vc_column][\/vc_row]<\/p>\n","protected":false},"excerpt":{"rendered":"<p>Dans le paysage actuel en rapide \u00e9volution, les professionnels de la restauration sont confront\u00e9s au d\u00e9fi quotidien de g\u00e9rer une op\u00e9ration fluide et efficace&#8230;<\/p>\n","protected":false},"author":2,"featured_media":918,"parent":1022,"menu_order":0,"comment_status":"closed","ping_status":"closed","template":"fullwidth.php","meta":{"footnotes":""},"class_list":["post-1037","page","type-page","status-publish","has-post-thumbnail","hentry"],"acf":[],"yoast_head":"<!-- This site is optimized with the Yoast SEO plugin v19.10 - https:\/\/yoast.com\/wordpress\/plugins\/seo\/ -->\n<title>Services alimentaires - Chemsyn<\/title>\n<meta name=\"robots\" content=\"index, follow, max-snippet:-1, max-image-preview:large, max-video-preview:-1\" \/>\n<link rel=\"canonical\" href=\"https:\/\/chemsyn.com\/fr\/industries-served\/services-alimentaires\/\" \/>\n<meta property=\"og:locale\" content=\"fr_CA\" \/>\n<meta property=\"og:type\" content=\"article\" \/>\n<meta property=\"og:title\" content=\"Services alimentaires - Chemsyn\" \/>\n<meta property=\"og:description\" content=\"Dans le paysage actuel en rapide \u00e9volution, les professionnels de la restauration sont confront\u00e9s au d\u00e9fi quotidien de g\u00e9rer une op\u00e9ration fluide et efficace...\" \/>\n<meta property=\"og:url\" content=\"https:\/\/chemsyn.com\/fr\/industries-served\/services-alimentaires\/\" \/>\n<meta property=\"og:site_name\" content=\"Chemsyn\" \/>\n<meta property=\"article:modified_time\" content=\"2022-08-03T12:23:16+00:00\" \/>\n<meta property=\"og:image\" content=\"https:\/\/chemsyn.com\/wp-content\/uploads\/2022\/05\/foodservice-1.jpg\" \/>\n\t<meta property=\"og:image:width\" content=\"426\" \/>\n\t<meta property=\"og:image:height\" content=\"258\" \/>\n\t<meta property=\"og:image:type\" content=\"image\/jpeg\" \/>\n<meta name=\"twitter:card\" content=\"summary_large_image\" \/>\n<meta name=\"twitter:label1\" content=\"Estimation du temps de lecture\" \/>\n\t<meta name=\"twitter:data1\" content=\"5 minutes\" \/>\n<script type=\"application\/ld+json\" class=\"yoast-schema-graph\">{\"@context\":\"https:\/\/schema.org\",\"@graph\":[{\"@type\":\"WebPage\",\"@id\":\"https:\/\/chemsyn.com\/fr\/industries-served\/services-alimentaires\/\",\"url\":\"https:\/\/chemsyn.com\/fr\/industries-served\/services-alimentaires\/\",\"name\":\"Services alimentaires - Chemsyn\",\"isPartOf\":{\"@id\":\"https:\/\/chemsyn.com\/fr\/#website\"},\"datePublished\":\"2022-05-03T13:35:57+00:00\",\"dateModified\":\"2022-08-03T12:23:16+00:00\",\"breadcrumb\":{\"@id\":\"https:\/\/chemsyn.com\/fr\/industries-served\/services-alimentaires\/#breadcrumb\"},\"inLanguage\":\"fr-CA\",\"potentialAction\":[{\"@type\":\"ReadAction\",\"target\":[\"https:\/\/chemsyn.com\/fr\/industries-served\/services-alimentaires\/\"]}]},{\"@type\":\"BreadcrumbList\",\"@id\":\"https:\/\/chemsyn.com\/fr\/industries-served\/services-alimentaires\/#breadcrumb\",\"itemListElement\":[{\"@type\":\"ListItem\",\"position\":1,\"name\":\"Home\",\"item\":\"https:\/\/chemsyn.com\/fr\/\"},{\"@type\":\"ListItem\",\"position\":2,\"name\":\"Industries Desservies\",\"item\":\"https:\/\/chemsyn.com\/fr\/industries-served\/\"},{\"@type\":\"ListItem\",\"position\":3,\"name\":\"Services alimentaires\"}]},{\"@type\":\"WebSite\",\"@id\":\"https:\/\/chemsyn.com\/fr\/#website\",\"url\":\"https:\/\/chemsyn.com\/fr\/\",\"name\":\"Chemsyn\",\"description\":\"Des solutions pour le monde d'aujourd'hui\",\"publisher\":{\"@id\":\"https:\/\/chemsyn.com\/fr\/#organization\"},\"potentialAction\":[{\"@type\":\"SearchAction\",\"target\":{\"@type\":\"EntryPoint\",\"urlTemplate\":\"https:\/\/chemsyn.com\/fr\/?s={search_term_string}\"},\"query-input\":\"required name=search_term_string\"}],\"inLanguage\":\"fr-CA\"},{\"@type\":\"Organization\",\"@id\":\"https:\/\/chemsyn.com\/fr\/#organization\",\"name\":\"Chemsyn\",\"url\":\"https:\/\/chemsyn.com\/fr\/\",\"logo\":{\"@type\":\"ImageObject\",\"inLanguage\":\"fr-CA\",\"@id\":\"https:\/\/chemsyn.com\/fr\/#\/schema\/logo\/image\/\",\"url\":\"https:\/\/chemsyn.com\/wp-content\/uploads\/2022\/06\/chemsyn-logo-tagline-en.png\",\"contentUrl\":\"https:\/\/chemsyn.com\/wp-content\/uploads\/2022\/06\/chemsyn-logo-tagline-en.png\",\"width\":424,\"height\":106,\"caption\":\"Chemsyn\"},\"image\":{\"@id\":\"https:\/\/chemsyn.com\/fr\/#\/schema\/logo\/image\/\"}}]}<\/script>\n<!-- \/ Yoast SEO plugin. -->","yoast_head_json":{"title":"Services alimentaires - Chemsyn","robots":{"index":"index","follow":"follow","max-snippet":"max-snippet:-1","max-image-preview":"max-image-preview:large","max-video-preview":"max-video-preview:-1"},"canonical":"https:\/\/chemsyn.com\/fr\/industries-served\/services-alimentaires\/","og_locale":"fr_CA","og_type":"article","og_title":"Services alimentaires - Chemsyn","og_description":"Dans le paysage actuel en rapide \u00e9volution, les professionnels de la restauration sont confront\u00e9s au d\u00e9fi quotidien de g\u00e9rer une op\u00e9ration fluide et efficace...","og_url":"https:\/\/chemsyn.com\/fr\/industries-served\/services-alimentaires\/","og_site_name":"Chemsyn","article_modified_time":"2022-08-03T12:23:16+00:00","og_image":[{"width":426,"height":258,"url":"https:\/\/chemsyn.com\/wp-content\/uploads\/2022\/05\/foodservice-1.jpg","type":"image\/jpeg"}],"twitter_card":"summary_large_image","twitter_misc":{"Estimation du temps de lecture":"5 minutes"},"schema":{"@context":"https:\/\/schema.org","@graph":[{"@type":"WebPage","@id":"https:\/\/chemsyn.com\/fr\/industries-served\/services-alimentaires\/","url":"https:\/\/chemsyn.com\/fr\/industries-served\/services-alimentaires\/","name":"Services alimentaires - Chemsyn","isPartOf":{"@id":"https:\/\/chemsyn.com\/fr\/#website"},"datePublished":"2022-05-03T13:35:57+00:00","dateModified":"2022-08-03T12:23:16+00:00","breadcrumb":{"@id":"https:\/\/chemsyn.com\/fr\/industries-served\/services-alimentaires\/#breadcrumb"},"inLanguage":"fr-CA","potentialAction":[{"@type":"ReadAction","target":["https:\/\/chemsyn.com\/fr\/industries-served\/services-alimentaires\/"]}]},{"@type":"BreadcrumbList","@id":"https:\/\/chemsyn.com\/fr\/industries-served\/services-alimentaires\/#breadcrumb","itemListElement":[{"@type":"ListItem","position":1,"name":"Home","item":"https:\/\/chemsyn.com\/fr\/"},{"@type":"ListItem","position":2,"name":"Industries Desservies","item":"https:\/\/chemsyn.com\/fr\/industries-served\/"},{"@type":"ListItem","position":3,"name":"Services alimentaires"}]},{"@type":"WebSite","@id":"https:\/\/chemsyn.com\/fr\/#website","url":"https:\/\/chemsyn.com\/fr\/","name":"Chemsyn","description":"Des solutions pour le monde d'aujourd'hui","publisher":{"@id":"https:\/\/chemsyn.com\/fr\/#organization"},"potentialAction":[{"@type":"SearchAction","target":{"@type":"EntryPoint","urlTemplate":"https:\/\/chemsyn.com\/fr\/?s={search_term_string}"},"query-input":"required name=search_term_string"}],"inLanguage":"fr-CA"},{"@type":"Organization","@id":"https:\/\/chemsyn.com\/fr\/#organization","name":"Chemsyn","url":"https:\/\/chemsyn.com\/fr\/","logo":{"@type":"ImageObject","inLanguage":"fr-CA","@id":"https:\/\/chemsyn.com\/fr\/#\/schema\/logo\/image\/","url":"https:\/\/chemsyn.com\/wp-content\/uploads\/2022\/06\/chemsyn-logo-tagline-en.png","contentUrl":"https:\/\/chemsyn.com\/wp-content\/uploads\/2022\/06\/chemsyn-logo-tagline-en.png","width":424,"height":106,"caption":"Chemsyn"},"image":{"@id":"https:\/\/chemsyn.com\/fr\/#\/schema\/logo\/image\/"}}]}},"_links":{"self":[{"href":"https:\/\/chemsyn.com\/fr\/wp-json\/wp\/v2\/pages\/1037","targetHints":{"allow":["GET"]}}],"collection":[{"href":"https:\/\/chemsyn.com\/fr\/wp-json\/wp\/v2\/pages"}],"about":[{"href":"https:\/\/chemsyn.com\/fr\/wp-json\/wp\/v2\/types\/page"}],"author":[{"embeddable":true,"href":"https:\/\/chemsyn.com\/fr\/wp-json\/wp\/v2\/users\/2"}],"replies":[{"embeddable":true,"href":"https:\/\/chemsyn.com\/fr\/wp-json\/wp\/v2\/comments?post=1037"}],"version-history":[{"count":4,"href":"https:\/\/chemsyn.com\/fr\/wp-json\/wp\/v2\/pages\/1037\/revisions"}],"predecessor-version":[{"id":1249,"href":"https:\/\/chemsyn.com\/fr\/wp-json\/wp\/v2\/pages\/1037\/revisions\/1249"}],"up":[{"embeddable":true,"href":"https:\/\/chemsyn.com\/fr\/wp-json\/wp\/v2\/pages\/1022"}],"wp:featuredmedia":[{"embeddable":true,"href":"https:\/\/chemsyn.com\/fr\/wp-json\/wp\/v2\/media\/918"}],"wp:attachment":[{"href":"https:\/\/chemsyn.com\/fr\/wp-json\/wp\/v2\/media?parent=1037"}],"curies":[{"name":"wp","href":"https:\/\/api.w.org\/{rel}","templated":true}]}}