{"id":1041,"date":"2022-05-03T10:28:03","date_gmt":"2022-05-03T14:28:03","guid":{"rendered":"https:\/\/chemsyn.com\/?page_id=1041"},"modified":"2022-06-08T05:48:58","modified_gmt":"2022-06-08T09:48:58","slug":"distribution-au-detail-de-produits-alimentaires","status":"publish","type":"page","link":"https:\/\/chemsyn.com\/fr\/industries-served\/distribution-au-detail-de-produits-alimentaires\/","title":{"rendered":"Distribution au d\u00e9tail de produits alimentaires"},"content":{"rendered":"<p>[vc_row full_width=\u00a0\u00bbstretch_row\u00a0\u00bb content_placement=\u00a0\u00bbmiddle\u00a0\u00bb el_class=\u00a0\u00bbpage-banner\u00a0\u00bb css=\u00a0\u00bb.vc_custom_1651765099404{margin-bottom: 40px !important;background-image: url(https:\/\/chemsyn.com\/wp-content\/uploads\/2022\/05\/grocery-and-retail-banner.jpg?id=719) !important;background-position: center !important;background-repeat: no-repeat !important;background-size: cover !important;}\u00a0\u00bb][vc_column css=\u00a0\u00bb.vc_custom_1650109296466{padding-top: 0px !important;}\u00a0\u00bb][vc_column_text]<\/p>\n<h1 style=\"text-align: center;\">DISTRIBUTION AU D\u00c9TAIL DE PRODUITS ALIMENTAIRES<\/h1>\n<p>[\/vc_column_text][\/vc_column][\/vc_row][vc_row full_width=\u00a0\u00bbstretch_row\u00a0\u00bb css=\u00a0\u00bb.vc_custom_1653038265412{padding-top: 40px !important;padding-bottom: 35px !important;background-image: url(https:\/\/chemsyn.com\/wp-content\/uploads\/2022\/05\/grocery-stores-food-court.jpg?id=659) !important;background-position: center !important;background-repeat: no-repeat !important;background-size: cover !important;}\u00a0\u00bb el_class=\u00a0\u00bbhome-banner industry-sector\u00a0\u00bb][vc_column][vc_column_text]<\/p>\n<h2>\u00c9PICERIES ET AIRES DE RESTAURATION<\/h2>\n<p>Notre gamme compl\u00e8te de produits et de solutions d\u2019assainissement et de d\u00e9sinfection pour les distributeurs au d\u00e9tail de produits alimentaires est con\u00e7ue pour offrir des espaces propres, s\u00fbrs et sains, assurer le plus haut niveau de s\u00e9curit\u00e9 des aliments et des employ\u00e9s et am\u00e9liorer l\u2019exp\u00e9rience d\u2019achat et de marque de vos clients.[\/vc_column_text][\/vc_column][\/vc_row][vc_row full_width=\u00a0\u00bbstretch_row_content_no_spaces\u00a0\u00bb equal_height=\u00a0\u00bbyes\u00a0\u00bb content_placement=\u00a0\u00bbmiddle\u00a0\u00bb css=\u00a0\u00bb.vc_custom_1652979517362{background-color: #ffffff !important;}\u00a0\u00bb][vc_column offset=\u00a0\u00bbvc_col-lg-8&Prime; css=\u00a0\u00bb.vc_custom_1652978564484{padding-right: 40px !important;padding-left: 80px !important;}\u00a0\u00bb][vc_column_text]Notre offre de produits pour la distribution au d\u00e9tail de produits alimentaires comprend des produits exclusifs pour le lavage de la vaisselle en machine et \u00e0 la main, des assainisseurs et d\u00e9sinfectants de surface, des nettoyants et assainisseurs de sol, des nettoyants pour tuyaux d\u2019\u00e9coulement, des produits de d\u00e9graissage pour hottes, des produits de nettoyage pour acier inoxydable, des nettoyants pour casseroles et po\u00eales, des produits pour l\u2019hygi\u00e8ne des mains, des \u00e9quipements JanSan, des produits consommables de papier \u00e0 main, des d\u00e9sinfectants et vaporisateurs pour paniers de magasinage et bien plus encore, afin de r\u00e9pondre \u00e0 tous les besoins de votre environnement de vente au d\u00e9tail :<\/p>\n<ul class=\"tick\">\n<li>les espaces et surfaces communs.<\/li>\n<li>l\u2019espace de la boulangerie.<\/li>\n<li>l\u2019espace de la charcuterie.<\/li>\n<li>les espaces de pr\u00e9paration de la boucherie et des fruits de mer.<\/li>\n<li>le service rapide \u00e0 emporter.<\/li>\n<li>les paniers de magasinage.<\/li>\n<li>les toilettes.<\/li>\n<\/ul>\n<p>[\/vc_column_text][\/vc_column][vc_column offset=\u00a0\u00bbvc_col-lg-4&Prime; css=\u00a0\u00bb.vc_custom_1652978535332{padding-top: 0px !important;}\u00a0\u00bb][vc_single_image image=\u00a0\u00bb988&Prime; img_size=\u00a0\u00bbfull\u00a0\u00bb alignment=\u00a0\u00bbright\u00a0\u00bb css=\u00a0\u00bb.vc_custom_1652979254213{margin-bottom: 0px !important;}\u00a0\u00bb][\/vc_column][\/vc_row][vc_row full_width=\u00a0\u00bbstretch_row_content_no_spaces\u00a0\u00bb equal_height=\u00a0\u00bbyes\u00a0\u00bb content_placement=\u00a0\u00bbmiddle\u00a0\u00bb css=\u00a0\u00bb.vc_custom_1652979394172{background-color: #e8f7fc !important;}\u00a0\u00bb el_class=\u00a0\u00bbcheckerbox checkerbox-image-left\u00a0\u00bb][vc_column css=\u00a0\u00bb.vc_custom_1652979358027{padding-top: 0px !important;background-position: center !important;background-repeat: no-repeat !important;background-size: cover !important;}\u00a0\u00bb offset=\u00a0\u00bbvc_col-lg-4 vc_hidden-xs\u00a0\u00bb][vc_single_image image=\u00a0\u00bb989&Prime; img_size=\u00a0\u00bbfull\u00a0\u00bb css=\u00a0\u00bb.vc_custom_1652979431426{margin-bottom: 0px !important;}\u00a0\u00bb][\/vc_column][vc_column css=\u00a0\u00bb.vc_custom_1652979388645{padding-right: 80px !important;padding-left: 40px !important;}\u00a0\u00bb offset=\u00a0\u00bbvc_col-lg-8&Prime;][vc_column_text]<\/p>\n<h2>SOLUTIONS DE LAVAGE DE VAISSELLE EN MACHINE ET MANUEL<\/h2>\n<p>Chemsyn propose une gamme compl\u00e8te de produits, de syst\u00e8mes et de services de lavage de vaisselle en machine et \u00e0 la main de haute performance pour votre lave-vaisselle et votre configuration \u00e0 deux et trois \u00e9viers, notamment\u00a0:<\/p>\n<ul class=\"tick\">\n<li>Des programmes de location de machines ; la main-d\u2019\u0153uvre, les pi\u00e8ces et le service sont inclus sans frais.<\/li>\n<li>Des \u00e9quipements de distribution et de dilution avec installation sans frais et,<\/li>\n<li>L\u2019entretien pr\u00e9ventif sans frais<\/li>\n<li>Un service d\u2019assistance d\u2019urgence <strong>SMARTCARE\u2122 24 heures sur 24, 7\u00a0jours sur 7, 365\u00a0jours par an<\/strong>, y compris la livraison de produits sans frais,<\/li>\n<li>Des programmes de formation personnalis\u00e9s<\/li>\n<li>Un suivi et des rapports mensuels<\/li>\n<\/ul>\n<p>[\/vc_column_text][\/vc_column][\/vc_row][vc_row full_width=\u00a0\u00bbstretch_row_content_no_spaces\u00a0\u00bb content_placement=\u00a0\u00bbmiddle\u00a0\u00bb css=\u00a0\u00bb.vc_custom_1652979503309{background-color: #ffffff !important;}\u00a0\u00bb][vc_column offset=\u00a0\u00bbvc_col-lg-8&Prime; css=\u00a0\u00bb.vc_custom_1652979447861{padding-right: 40px !important;padding-left: 80px !important;}\u00a0\u00bb][vc_column_text]<\/p>\n<h2>HYGI\u00c8NE DES MAINS<\/h2>\n<p>Nous nous sommes associ\u00e9s \u00e0 Purell\u00ae pour fournir des d\u00e9sinfectants pour les mains de qualit\u00e9 hospitali\u00e8re et des savons moussants doux con\u00e7us pour garder vos mains douces tout en \u00e9liminant 99,9\u00a0% des germes qui causent des maladies. Des pratiques simples et efficaces de lavage des mains sont l\u2019un des meilleurs moyens de pr\u00e9venir la propagation des maladies d\u2019origine alimentaire et de prot\u00e9ger vos employ\u00e9s et vos clients. Informez-vous sur nos programmes d\u2019hygi\u00e8ne des mains pour les environnements de distribution de produits alimentaires.[\/vc_column_text][\/vc_column][vc_column offset=\u00a0\u00bbvc_col-lg-4&Prime; css=\u00a0\u00bb.vc_custom_1652979421982{padding-top: 0px !important;}\u00a0\u00bb][vc_single_image image=\u00a0\u00bb977&Prime; img_size=\u00a0\u00bbfull\u00a0\u00bb alignment=\u00a0\u00bbright\u00a0\u00bb css=\u00a0\u00bb.vc_custom_1652979426706{margin-bottom: 0px !important;}\u00a0\u00bb][\/vc_column][\/vc_row]<\/p>\n","protected":false},"excerpt":{"rendered":"<p>Notre gamme compl\u00e8te de produits et de solutions d\u2019assainissement et de d\u00e9sinfection pour les distributeurs au d\u00e9tail de produits alimentaires est con\u00e7ue pour offrir des espaces propres, s\u00fbrs et sains&#8230;<\/p>\n","protected":false},"author":2,"featured_media":964,"parent":1022,"menu_order":0,"comment_status":"closed","ping_status":"closed","template":"fullwidth.php","meta":{"footnotes":""},"class_list":["post-1041","page","type-page","status-publish","has-post-thumbnail","hentry"],"acf":[],"yoast_head":"<!-- This site is optimized with the Yoast SEO plugin v19.10 - https:\/\/yoast.com\/wordpress\/plugins\/seo\/ -->\n<title>Distribution au d\u00e9tail de produits alimentaires - Chemsyn<\/title>\n<meta name=\"robots\" content=\"index, follow, max-snippet:-1, max-image-preview:large, max-video-preview:-1\" \/>\n<link rel=\"canonical\" href=\"https:\/\/chemsyn.com\/fr\/industries-served\/distribution-au-detail-de-produits-alimentaires\/\" \/>\n<meta property=\"og:locale\" content=\"fr_CA\" \/>\n<meta property=\"og:type\" content=\"article\" \/>\n<meta property=\"og:title\" content=\"Distribution au d\u00e9tail de produits alimentaires - Chemsyn\" \/>\n<meta property=\"og:description\" content=\"Notre gamme compl\u00e8te de produits et de solutions d\u2019assainissement et de d\u00e9sinfection pour les distributeurs au d\u00e9tail de produits alimentaires est con\u00e7ue pour offrir des espaces propres, s\u00fbrs et sains...\" \/>\n<meta property=\"og:url\" content=\"https:\/\/chemsyn.com\/fr\/industries-served\/distribution-au-detail-de-produits-alimentaires\/\" \/>\n<meta property=\"og:site_name\" content=\"Chemsyn\" \/>\n<meta property=\"article:modified_time\" content=\"2022-06-08T09:48:58+00:00\" \/>\n<meta property=\"og:image\" content=\"https:\/\/chemsyn.com\/wp-content\/uploads\/2022\/05\/grocery-and-retail.jpg\" \/>\n\t<meta property=\"og:image:width\" content=\"426\" \/>\n\t<meta property=\"og:image:height\" content=\"258\" \/>\n\t<meta property=\"og:image:type\" content=\"image\/jpeg\" \/>\n<meta name=\"twitter:card\" content=\"summary_large_image\" \/>\n<meta name=\"twitter:label1\" content=\"Estimation du temps de lecture\" \/>\n\t<meta name=\"twitter:data1\" content=\"4 minutes\" \/>\n<script type=\"application\/ld+json\" class=\"yoast-schema-graph\">{\"@context\":\"https:\/\/schema.org\",\"@graph\":[{\"@type\":\"WebPage\",\"@id\":\"https:\/\/chemsyn.com\/fr\/industries-served\/distribution-au-detail-de-produits-alimentaires\/\",\"url\":\"https:\/\/chemsyn.com\/fr\/industries-served\/distribution-au-detail-de-produits-alimentaires\/\",\"name\":\"Distribution au d\u00e9tail de produits alimentaires - Chemsyn\",\"isPartOf\":{\"@id\":\"https:\/\/chemsyn.com\/fr\/#website\"},\"datePublished\":\"2022-05-03T14:28:03+00:00\",\"dateModified\":\"2022-06-08T09:48:58+00:00\",\"breadcrumb\":{\"@id\":\"https:\/\/chemsyn.com\/fr\/industries-served\/distribution-au-detail-de-produits-alimentaires\/#breadcrumb\"},\"inLanguage\":\"fr-CA\",\"potentialAction\":[{\"@type\":\"ReadAction\",\"target\":[\"https:\/\/chemsyn.com\/fr\/industries-served\/distribution-au-detail-de-produits-alimentaires\/\"]}]},{\"@type\":\"BreadcrumbList\",\"@id\":\"https:\/\/chemsyn.com\/fr\/industries-served\/distribution-au-detail-de-produits-alimentaires\/#breadcrumb\",\"itemListElement\":[{\"@type\":\"ListItem\",\"position\":1,\"name\":\"Home\",\"item\":\"https:\/\/chemsyn.com\/fr\/\"},{\"@type\":\"ListItem\",\"position\":2,\"name\":\"Industries Desservies\",\"item\":\"https:\/\/chemsyn.com\/fr\/industries-served\/\"},{\"@type\":\"ListItem\",\"position\":3,\"name\":\"Distribution au d\u00e9tail de produits alimentaires\"}]},{\"@type\":\"WebSite\",\"@id\":\"https:\/\/chemsyn.com\/fr\/#website\",\"url\":\"https:\/\/chemsyn.com\/fr\/\",\"name\":\"Chemsyn\",\"description\":\"Des solutions pour le monde d'aujourd'hui\",\"publisher\":{\"@id\":\"https:\/\/chemsyn.com\/fr\/#organization\"},\"potentialAction\":[{\"@type\":\"SearchAction\",\"target\":{\"@type\":\"EntryPoint\",\"urlTemplate\":\"https:\/\/chemsyn.com\/fr\/?s={search_term_string}\"},\"query-input\":\"required name=search_term_string\"}],\"inLanguage\":\"fr-CA\"},{\"@type\":\"Organization\",\"@id\":\"https:\/\/chemsyn.com\/fr\/#organization\",\"name\":\"Chemsyn\",\"url\":\"https:\/\/chemsyn.com\/fr\/\",\"logo\":{\"@type\":\"ImageObject\",\"inLanguage\":\"fr-CA\",\"@id\":\"https:\/\/chemsyn.com\/fr\/#\/schema\/logo\/image\/\",\"url\":\"https:\/\/chemsyn.com\/wp-content\/uploads\/2022\/06\/chemsyn-logo-tagline-en.png\",\"contentUrl\":\"https:\/\/chemsyn.com\/wp-content\/uploads\/2022\/06\/chemsyn-logo-tagline-en.png\",\"width\":424,\"height\":106,\"caption\":\"Chemsyn\"},\"image\":{\"@id\":\"https:\/\/chemsyn.com\/fr\/#\/schema\/logo\/image\/\"}}]}<\/script>\n<!-- \/ Yoast SEO plugin. -->","yoast_head_json":{"title":"Distribution au d\u00e9tail de produits alimentaires - Chemsyn","robots":{"index":"index","follow":"follow","max-snippet":"max-snippet:-1","max-image-preview":"max-image-preview:large","max-video-preview":"max-video-preview:-1"},"canonical":"https:\/\/chemsyn.com\/fr\/industries-served\/distribution-au-detail-de-produits-alimentaires\/","og_locale":"fr_CA","og_type":"article","og_title":"Distribution au d\u00e9tail de produits alimentaires - Chemsyn","og_description":"Notre gamme compl\u00e8te de produits et de solutions d\u2019assainissement et de d\u00e9sinfection pour les distributeurs au d\u00e9tail de produits alimentaires est con\u00e7ue pour offrir des espaces propres, s\u00fbrs et sains...","og_url":"https:\/\/chemsyn.com\/fr\/industries-served\/distribution-au-detail-de-produits-alimentaires\/","og_site_name":"Chemsyn","article_modified_time":"2022-06-08T09:48:58+00:00","og_image":[{"width":426,"height":258,"url":"https:\/\/chemsyn.com\/wp-content\/uploads\/2022\/05\/grocery-and-retail.jpg","type":"image\/jpeg"}],"twitter_card":"summary_large_image","twitter_misc":{"Estimation du temps de lecture":"4 minutes"},"schema":{"@context":"https:\/\/schema.org","@graph":[{"@type":"WebPage","@id":"https:\/\/chemsyn.com\/fr\/industries-served\/distribution-au-detail-de-produits-alimentaires\/","url":"https:\/\/chemsyn.com\/fr\/industries-served\/distribution-au-detail-de-produits-alimentaires\/","name":"Distribution au d\u00e9tail de produits alimentaires - Chemsyn","isPartOf":{"@id":"https:\/\/chemsyn.com\/fr\/#website"},"datePublished":"2022-05-03T14:28:03+00:00","dateModified":"2022-06-08T09:48:58+00:00","breadcrumb":{"@id":"https:\/\/chemsyn.com\/fr\/industries-served\/distribution-au-detail-de-produits-alimentaires\/#breadcrumb"},"inLanguage":"fr-CA","potentialAction":[{"@type":"ReadAction","target":["https:\/\/chemsyn.com\/fr\/industries-served\/distribution-au-detail-de-produits-alimentaires\/"]}]},{"@type":"BreadcrumbList","@id":"https:\/\/chemsyn.com\/fr\/industries-served\/distribution-au-detail-de-produits-alimentaires\/#breadcrumb","itemListElement":[{"@type":"ListItem","position":1,"name":"Home","item":"https:\/\/chemsyn.com\/fr\/"},{"@type":"ListItem","position":2,"name":"Industries Desservies","item":"https:\/\/chemsyn.com\/fr\/industries-served\/"},{"@type":"ListItem","position":3,"name":"Distribution au d\u00e9tail de produits alimentaires"}]},{"@type":"WebSite","@id":"https:\/\/chemsyn.com\/fr\/#website","url":"https:\/\/chemsyn.com\/fr\/","name":"Chemsyn","description":"Des solutions pour le monde d'aujourd'hui","publisher":{"@id":"https:\/\/chemsyn.com\/fr\/#organization"},"potentialAction":[{"@type":"SearchAction","target":{"@type":"EntryPoint","urlTemplate":"https:\/\/chemsyn.com\/fr\/?s={search_term_string}"},"query-input":"required name=search_term_string"}],"inLanguage":"fr-CA"},{"@type":"Organization","@id":"https:\/\/chemsyn.com\/fr\/#organization","name":"Chemsyn","url":"https:\/\/chemsyn.com\/fr\/","logo":{"@type":"ImageObject","inLanguage":"fr-CA","@id":"https:\/\/chemsyn.com\/fr\/#\/schema\/logo\/image\/","url":"https:\/\/chemsyn.com\/wp-content\/uploads\/2022\/06\/chemsyn-logo-tagline-en.png","contentUrl":"https:\/\/chemsyn.com\/wp-content\/uploads\/2022\/06\/chemsyn-logo-tagline-en.png","width":424,"height":106,"caption":"Chemsyn"},"image":{"@id":"https:\/\/chemsyn.com\/fr\/#\/schema\/logo\/image\/"}}]}},"_links":{"self":[{"href":"https:\/\/chemsyn.com\/fr\/wp-json\/wp\/v2\/pages\/1041","targetHints":{"allow":["GET"]}}],"collection":[{"href":"https:\/\/chemsyn.com\/fr\/wp-json\/wp\/v2\/pages"}],"about":[{"href":"https:\/\/chemsyn.com\/fr\/wp-json\/wp\/v2\/types\/page"}],"author":[{"embeddable":true,"href":"https:\/\/chemsyn.com\/fr\/wp-json\/wp\/v2\/users\/2"}],"replies":[{"embeddable":true,"href":"https:\/\/chemsyn.com\/fr\/wp-json\/wp\/v2\/comments?post=1041"}],"version-history":[{"count":6,"href":"https:\/\/chemsyn.com\/fr\/wp-json\/wp\/v2\/pages\/1041\/revisions"}],"predecessor-version":[{"id":1047,"href":"https:\/\/chemsyn.com\/fr\/wp-json\/wp\/v2\/pages\/1041\/revisions\/1047"}],"up":[{"embeddable":true,"href":"https:\/\/chemsyn.com\/fr\/wp-json\/wp\/v2\/pages\/1022"}],"wp:featuredmedia":[{"embeddable":true,"href":"https:\/\/chemsyn.com\/fr\/wp-json\/wp\/v2\/media\/964"}],"wp:attachment":[{"href":"https:\/\/chemsyn.com\/fr\/wp-json\/wp\/v2\/media?parent=1041"}],"curies":[{"name":"wp","href":"https:\/\/api.w.org\/{rel}","templated":true}]}}