{"id":1054,"date":"2022-05-03T10:45:30","date_gmt":"2022-05-03T14:45:30","guid":{"rendered":"https:\/\/chemsyn.com\/industries-served\/manufacturing\/"},"modified":"2022-06-08T05:58:11","modified_gmt":"2022-06-08T09:58:11","slug":"manufacturing","status":"publish","type":"page","link":"https:\/\/chemsyn.com\/fr\/industries-served\/manufacturing\/","title":{"rendered":"Fabrication"},"content":{"rendered":"<p>[vc_row full_width=\u00a0\u00bbstretch_row\u00a0\u00bb content_placement=\u00a0\u00bbmiddle\u00a0\u00bb el_class=\u00a0\u00bbpage-banner\u00a0\u00bb css=\u00a0\u00bb.vc_custom_1651765393371{margin-bottom: 40px !important;background-image: url(https:\/\/chemsyn.com\/wp-content\/uploads\/2022\/05\/manufacturing-banner-1.jpg?id=725) !important;background-position: center !important;background-repeat: no-repeat !important;background-size: cover !important;}\u00a0\u00bb][vc_column css=\u00a0\u00bb.vc_custom_1650109296466{padding-top: 0px !important;}\u00a0\u00bb][vc_column_text]<\/p>\n<h1 style=\"text-align: center;\">FABRICATION<\/h1>\n<p>[\/vc_column_text][\/vc_column][\/vc_row][vc_row full_width=\u00a0\u00bbstretch_row\u00a0\u00bb css=\u00a0\u00bb.vc_custom_1653038178391{margin-bottom: 40px !important;background-image: url(https:\/\/chemsyn.com\/wp-content\/uploads\/2022\/05\/food-beverage.jpg?id=672) !important;background-position: center !important;background-repeat: no-repeat !important;background-size: cover !important;}\u00a0\u00bb el_class=\u00a0\u00bbhome-banner industry-sector\u00a0\u00bb][vc_column css=\u00a0\u00bb.vc_custom_1650444543709{padding-top: 50px !important;}\u00a0\u00bb][vc_column_text]Chemsyn offre des programmes complets d\u2019assainissement, de d\u00e9sinfection et d\u2019hygi\u00e8ne pour les installations de fabrication d\u2019aliments et de boissons \u00e0 travers le Canada.<\/p>\n<p>Contactez-nous d\u00e8s aujourd\u2019hui <strong>SANS FRAIS<\/strong> au <strong>1-833-888-CHEM (2346)<\/strong> pour parler \u00e0 l\u2019un de nos repr\u00e9sentants qualifi\u00e9s au sujet des programmes con\u00e7us sp\u00e9cifiquement pour votre installation de production.[\/vc_column_text][\/vc_column][\/vc_row][vc_row content_placement=\u00a0\u00bbmiddle\u00a0\u00bb disable_element=\u00a0\u00bbyes\u00a0\u00bb css=\u00a0\u00bb.vc_custom_1651574588676{padding-top: 30px !important;padding-bottom: 30px !important;}\u00a0\u00bb][vc_column width=\u00a0\u00bb2\/3&Prime;][vc_column_text]<\/p>\n<h2>TOTALCARE\u2122<\/h2>\n<p>Chemsyn TOTALCARE\u2122 sanitation programs for the Hospitality industry include:<\/p>\n<ul class=\"pinwheel\">\n<li><strong>SAFEMARK\u2122 Kitchens<\/strong> &#8211; Complete Back of House Product and System Solutions.<\/li>\n<li><strong>Energy Star\u2122<\/strong> Machine Rental Programs.<\/li>\n<li><strong>CLEANMARK\u2122<\/strong> Laundry.<\/li>\n<li><strong>SANIMARK\u2122<\/strong> Housekeeping &amp; Hygiene Consumables.<\/li>\n<\/ul>\n<p>[\/vc_column_text][\/vc_column][vc_column width=\u00a0\u00bb1\/3&Prime;][vc_single_image image=\u00a0\u00bb895&Prime; img_size=\u00a0\u00bbfull\u00a0\u00bb][\/vc_column][\/vc_row][vc_row full_width=\u00a0\u00bbstretch_row_content_no_spaces\u00a0\u00bb equal_height=\u00a0\u00bbyes\u00a0\u00bb content_placement=\u00a0\u00bbmiddle\u00a0\u00bb disable_element=\u00a0\u00bbyes\u00a0\u00bb css=\u00a0\u00bb.vc_custom_1651574134143{background-color: #e8f7fc !important;}\u00a0\u00bb el_class=\u00a0\u00bbcheckerbox checkerbox-image-left\u00a0\u00bb][vc_column width=\u00a0\u00bb1\/3&Prime; css=\u00a0\u00bb.vc_custom_1651244211300{padding-top: 0px !important;background-image: url(https:\/\/chemsyn.com\/wp-content\/uploads\/2022\/04\/placeholder.gif?id=233) !important;background-position: center !important;background-repeat: no-repeat !important;background-size: cover !important;}\u00a0\u00bb offset=\u00a0\u00bbvc_hidden-xs\u00a0\u00bb][vc_empty_space height=\u00a0\u00bb500px\u00a0\u00bb css=\u00a0\u00bb.vc_custom_1651245198076{margin-top: 0px !important;margin-bottom: 0px !important;padding-top: 0px !important;padding-bottom: 0px !important;}\u00a0\u00bb][\/vc_column][vc_column width=\u00a0\u00bb2\/3&Prime; css=\u00a0\u00bb.vc_custom_1651243701028{padding-top: 4rem !important;padding-right: 4rem !important;padding-bottom: 2rem !important;padding-left: 4rem !important;}\u00a0\u00bb][vc_column_text]<\/p>\n<h2>24\/7\/365 SERVICE SUPPORT<\/h2>\n<p>Choose Chemsyn as your exclusive product and service supplier for unmatched service and delivery across Canada that ensures your facility has the products needed, in the right amount at the right time including:<\/p>\n<ul class=\"tick\">\n<li><strong>No-Cost<\/strong> preventative machine and equipment maintenance,<\/li>\n<li><strong>No-Cost SMARTCARE\u2122 24\/7\/365 Emergency Technical Service Support<\/strong> including product delivery,<\/li>\n<li><strong>No-Cost<\/strong> Parts and Labour on machine rentals and <strong>No-Cost<\/strong> Labour on customer owned equipment,<\/li>\n<li><strong>No-Cost<\/strong> Dispensing and Dilution equipment and,<\/li>\n<li><strong>No-Charge<\/strong> labour on customer-owned equipment.<\/li>\n<\/ul>\n<p>[\/vc_column_text][\/vc_column][\/vc_row][vc_row content_placement=\u00a0\u00bbmiddle\u00a0\u00bb disable_element=\u00a0\u00bbyes\u00a0\u00bb css=\u00a0\u00bb.vc_custom_1651574142518{padding-top: 30px !important;padding-bottom: 30px !important;}\u00a0\u00bb][vc_column width=\u00a0\u00bb2\/3&Prime;][vc_column_text]<\/p>\n<h2>CUSTOMIZED TRAINING PROGRAMS<\/h2>\n<p>Comprehensive staff training programs that ensure your staff, residents and patients stay safe, your products don\u2019t go to waste due to improper use or cross-contamination and your costs are kept in check.<\/p>\n<ul class=\"tick\">\n<li><strong>UNMATCHED SERVICE AND PRODUCT DELIVERY FROM COAST-TO-COAST<\/strong><\/li>\n<\/ul>\n<p>From start to finish, our programs will deliver on your immediate and long-term operational requirements, giving you unparalleled product and service quality and do it more cost effectively than the competition.[\/vc_column_text][\/vc_column][vc_column width=\u00a0\u00bb1\/3&Prime;][vc_single_image image=\u00a0\u00bb895&Prime; img_size=\u00a0\u00bbfull\u00a0\u00bb][\/vc_column][\/vc_row]<\/p>\n","protected":false},"excerpt":{"rendered":"<p>Chemsyn offre des programmes complets d\u2019assainissement, de d\u00e9sinfection et d\u2019hygi\u00e8ne pour les installations de fabrication d\u2019aliments et de boissons \u00e0 travers le Canada&#8230;<\/p>\n","protected":false},"author":2,"featured_media":968,"parent":1022,"menu_order":0,"comment_status":"closed","ping_status":"closed","template":"fullwidth.php","meta":{"footnotes":""},"class_list":["post-1054","page","type-page","status-publish","has-post-thumbnail","hentry"],"acf":[],"yoast_head":"<!-- This site is optimized with the Yoast SEO plugin v19.10 - https:\/\/yoast.com\/wordpress\/plugins\/seo\/ -->\n<title>Fabrication - Chemsyn<\/title>\n<meta name=\"robots\" content=\"index, follow, max-snippet:-1, max-image-preview:large, max-video-preview:-1\" \/>\n<link rel=\"canonical\" href=\"https:\/\/chemsyn.com\/fr\/industries-served\/manufacturing\/\" \/>\n<meta property=\"og:locale\" content=\"fr_CA\" \/>\n<meta property=\"og:type\" content=\"article\" \/>\n<meta property=\"og:title\" content=\"Fabrication - Chemsyn\" \/>\n<meta property=\"og:description\" content=\"Chemsyn offre des programmes complets d\u2019assainissement, de d\u00e9sinfection et d\u2019hygi\u00e8ne pour les installations de fabrication d\u2019aliments et de boissons \u00e0 travers le Canada...\" \/>\n<meta property=\"og:url\" content=\"https:\/\/chemsyn.com\/fr\/industries-served\/manufacturing\/\" \/>\n<meta property=\"og:site_name\" content=\"Chemsyn\" \/>\n<meta property=\"article:modified_time\" content=\"2022-06-08T09:58:11+00:00\" \/>\n<meta property=\"og:image\" content=\"https:\/\/chemsyn.com\/wp-content\/uploads\/2022\/05\/manufacturing.jpg\" \/>\n\t<meta property=\"og:image:width\" content=\"426\" \/>\n\t<meta property=\"og:image:height\" content=\"258\" \/>\n\t<meta property=\"og:image:type\" content=\"image\/jpeg\" \/>\n<meta name=\"twitter:card\" content=\"summary_large_image\" \/>\n<meta name=\"twitter:label1\" content=\"Estimation du temps de lecture\" \/>\n\t<meta name=\"twitter:data1\" content=\"3 minutes\" \/>\n<script type=\"application\/ld+json\" class=\"yoast-schema-graph\">{\"@context\":\"https:\/\/schema.org\",\"@graph\":[{\"@type\":\"WebPage\",\"@id\":\"https:\/\/chemsyn.com\/fr\/industries-served\/manufacturing\/\",\"url\":\"https:\/\/chemsyn.com\/fr\/industries-served\/manufacturing\/\",\"name\":\"Fabrication - Chemsyn\",\"isPartOf\":{\"@id\":\"https:\/\/chemsyn.com\/fr\/#website\"},\"datePublished\":\"2022-05-03T14:45:30+00:00\",\"dateModified\":\"2022-06-08T09:58:11+00:00\",\"breadcrumb\":{\"@id\":\"https:\/\/chemsyn.com\/fr\/industries-served\/manufacturing\/#breadcrumb\"},\"inLanguage\":\"fr-CA\",\"potentialAction\":[{\"@type\":\"ReadAction\",\"target\":[\"https:\/\/chemsyn.com\/fr\/industries-served\/manufacturing\/\"]}]},{\"@type\":\"BreadcrumbList\",\"@id\":\"https:\/\/chemsyn.com\/fr\/industries-served\/manufacturing\/#breadcrumb\",\"itemListElement\":[{\"@type\":\"ListItem\",\"position\":1,\"name\":\"Home\",\"item\":\"https:\/\/chemsyn.com\/fr\/\"},{\"@type\":\"ListItem\",\"position\":2,\"name\":\"Industries Desservies\",\"item\":\"https:\/\/chemsyn.com\/fr\/industries-served\/\"},{\"@type\":\"ListItem\",\"position\":3,\"name\":\"Fabrication\"}]},{\"@type\":\"WebSite\",\"@id\":\"https:\/\/chemsyn.com\/fr\/#website\",\"url\":\"https:\/\/chemsyn.com\/fr\/\",\"name\":\"Chemsyn\",\"description\":\"Des solutions pour le monde d'aujourd'hui\",\"publisher\":{\"@id\":\"https:\/\/chemsyn.com\/fr\/#organization\"},\"potentialAction\":[{\"@type\":\"SearchAction\",\"target\":{\"@type\":\"EntryPoint\",\"urlTemplate\":\"https:\/\/chemsyn.com\/fr\/?s={search_term_string}\"},\"query-input\":\"required name=search_term_string\"}],\"inLanguage\":\"fr-CA\"},{\"@type\":\"Organization\",\"@id\":\"https:\/\/chemsyn.com\/fr\/#organization\",\"name\":\"Chemsyn\",\"url\":\"https:\/\/chemsyn.com\/fr\/\",\"logo\":{\"@type\":\"ImageObject\",\"inLanguage\":\"fr-CA\",\"@id\":\"https:\/\/chemsyn.com\/fr\/#\/schema\/logo\/image\/\",\"url\":\"https:\/\/chemsyn.com\/wp-content\/uploads\/2022\/06\/chemsyn-logo-tagline-en.png\",\"contentUrl\":\"https:\/\/chemsyn.com\/wp-content\/uploads\/2022\/06\/chemsyn-logo-tagline-en.png\",\"width\":424,\"height\":106,\"caption\":\"Chemsyn\"},\"image\":{\"@id\":\"https:\/\/chemsyn.com\/fr\/#\/schema\/logo\/image\/\"}}]}<\/script>\n<!-- \/ Yoast SEO plugin. -->","yoast_head_json":{"title":"Fabrication - Chemsyn","robots":{"index":"index","follow":"follow","max-snippet":"max-snippet:-1","max-image-preview":"max-image-preview:large","max-video-preview":"max-video-preview:-1"},"canonical":"https:\/\/chemsyn.com\/fr\/industries-served\/manufacturing\/","og_locale":"fr_CA","og_type":"article","og_title":"Fabrication - Chemsyn","og_description":"Chemsyn offre des programmes complets d\u2019assainissement, de d\u00e9sinfection et d\u2019hygi\u00e8ne pour les installations de fabrication d\u2019aliments et de boissons \u00e0 travers le Canada...","og_url":"https:\/\/chemsyn.com\/fr\/industries-served\/manufacturing\/","og_site_name":"Chemsyn","article_modified_time":"2022-06-08T09:58:11+00:00","og_image":[{"width":426,"height":258,"url":"https:\/\/chemsyn.com\/wp-content\/uploads\/2022\/05\/manufacturing.jpg","type":"image\/jpeg"}],"twitter_card":"summary_large_image","twitter_misc":{"Estimation du temps de lecture":"3 minutes"},"schema":{"@context":"https:\/\/schema.org","@graph":[{"@type":"WebPage","@id":"https:\/\/chemsyn.com\/fr\/industries-served\/manufacturing\/","url":"https:\/\/chemsyn.com\/fr\/industries-served\/manufacturing\/","name":"Fabrication - Chemsyn","isPartOf":{"@id":"https:\/\/chemsyn.com\/fr\/#website"},"datePublished":"2022-05-03T14:45:30+00:00","dateModified":"2022-06-08T09:58:11+00:00","breadcrumb":{"@id":"https:\/\/chemsyn.com\/fr\/industries-served\/manufacturing\/#breadcrumb"},"inLanguage":"fr-CA","potentialAction":[{"@type":"ReadAction","target":["https:\/\/chemsyn.com\/fr\/industries-served\/manufacturing\/"]}]},{"@type":"BreadcrumbList","@id":"https:\/\/chemsyn.com\/fr\/industries-served\/manufacturing\/#breadcrumb","itemListElement":[{"@type":"ListItem","position":1,"name":"Home","item":"https:\/\/chemsyn.com\/fr\/"},{"@type":"ListItem","position":2,"name":"Industries Desservies","item":"https:\/\/chemsyn.com\/fr\/industries-served\/"},{"@type":"ListItem","position":3,"name":"Fabrication"}]},{"@type":"WebSite","@id":"https:\/\/chemsyn.com\/fr\/#website","url":"https:\/\/chemsyn.com\/fr\/","name":"Chemsyn","description":"Des solutions pour le monde d'aujourd'hui","publisher":{"@id":"https:\/\/chemsyn.com\/fr\/#organization"},"potentialAction":[{"@type":"SearchAction","target":{"@type":"EntryPoint","urlTemplate":"https:\/\/chemsyn.com\/fr\/?s={search_term_string}"},"query-input":"required name=search_term_string"}],"inLanguage":"fr-CA"},{"@type":"Organization","@id":"https:\/\/chemsyn.com\/fr\/#organization","name":"Chemsyn","url":"https:\/\/chemsyn.com\/fr\/","logo":{"@type":"ImageObject","inLanguage":"fr-CA","@id":"https:\/\/chemsyn.com\/fr\/#\/schema\/logo\/image\/","url":"https:\/\/chemsyn.com\/wp-content\/uploads\/2022\/06\/chemsyn-logo-tagline-en.png","contentUrl":"https:\/\/chemsyn.com\/wp-content\/uploads\/2022\/06\/chemsyn-logo-tagline-en.png","width":424,"height":106,"caption":"Chemsyn"},"image":{"@id":"https:\/\/chemsyn.com\/fr\/#\/schema\/logo\/image\/"}}]}},"_links":{"self":[{"href":"https:\/\/chemsyn.com\/fr\/wp-json\/wp\/v2\/pages\/1054","targetHints":{"allow":["GET"]}}],"collection":[{"href":"https:\/\/chemsyn.com\/fr\/wp-json\/wp\/v2\/pages"}],"about":[{"href":"https:\/\/chemsyn.com\/fr\/wp-json\/wp\/v2\/types\/page"}],"author":[{"embeddable":true,"href":"https:\/\/chemsyn.com\/fr\/wp-json\/wp\/v2\/users\/2"}],"replies":[{"embeddable":true,"href":"https:\/\/chemsyn.com\/fr\/wp-json\/wp\/v2\/comments?post=1054"}],"version-history":[{"count":3,"href":"https:\/\/chemsyn.com\/fr\/wp-json\/wp\/v2\/pages\/1054\/revisions"}],"predecessor-version":[{"id":1057,"href":"https:\/\/chemsyn.com\/fr\/wp-json\/wp\/v2\/pages\/1054\/revisions\/1057"}],"up":[{"embeddable":true,"href":"https:\/\/chemsyn.com\/fr\/wp-json\/wp\/v2\/pages\/1022"}],"wp:featuredmedia":[{"embeddable":true,"href":"https:\/\/chemsyn.com\/fr\/wp-json\/wp\/v2\/media\/968"}],"wp:attachment":[{"href":"https:\/\/chemsyn.com\/fr\/wp-json\/wp\/v2\/media?parent=1054"}],"curies":[{"name":"wp","href":"https:\/\/api.w.org\/{rel}","templated":true}]}}