{"id":1061,"date":"2022-04-21T14:51:51","date_gmt":"2022-04-21T18:51:51","guid":{"rendered":"https:\/\/chemsyn.com\/?page_id=1061"},"modified":"2022-06-08T06:55:56","modified_gmt":"2022-06-08T10:55:56","slug":"programme-de-lavage-de-vaisselle-en-machine-et-manuel","status":"publish","type":"page","link":"https:\/\/chemsyn.com\/fr\/products-solutions\/programme-de-lavage-de-vaisselle-en-machine-et-manuel\/","title":{"rendered":"Programme de lavage de vaisselle en machine et manuel"},"content":{"rendered":"<p>[vc_row full_width=\u00a0\u00bbstretch_row\u00a0\u00bb content_placement=\u00a0\u00bbmiddle\u00a0\u00bb el_class=\u00a0\u00bbpage-banner\u00a0\u00bb css=\u00a0\u00bb.vc_custom_1650451095835{margin-bottom: 40px !important;background-image: url(https:\/\/chemsyn.com\/wp-content\/uploads\/2022\/04\/products-top-banner.jpg?id=197) !important;background-position: center !important;background-repeat: no-repeat !important;background-size: cover !important;}\u00a0\u00bb][vc_column css=\u00a0\u00bb.vc_custom_1650109296466{padding-top: 0px !important;}\u00a0\u00bb][vc_column_text]<\/p>\n<h1 style=\"text-align: center;\">PROGRAMME DE LAVAGE DE VAISSELLE EN MACHINE ET MANUEL<\/h1>\n<p>[\/vc_column_text][\/vc_column][\/vc_row][vc_row full_width=\u00a0\u00bbstretch_row\u00a0\u00bb css=\u00a0\u00bb.vc_custom_1653038124659{padding-top: 40px !important;padding-bottom: 35px !important;background-image: url(https:\/\/chemsyn.com\/wp-content\/uploads\/2022\/04\/machine-rental-section-bg.jpg?id=80) !important;background-position: center !important;background-repeat: no-repeat !important;background-size: cover !important;}\u00a0\u00bb el_class=\u00a0\u00bbhome-banner machine-section\u00a0\u00bb][vc_column][vc_column_text]<\/p>\n<p class=\"fs-16\">Notre programme de lavage de vaisselle <span style=\"color: #22b0dd;\">TOTALCARE\u2122<\/span>, \u00e0 la pointe de la technologie, int\u00e8gre de mani\u00e8re transparente la livraison des produits et des syst\u00e8mes n\u00e9cessaires pour garantir le plus haut niveau d\u2019assainissement dans votre environnement de cuisine. Il comprend \u00e9galement notre <span style=\"color: #22b0dd;\">v\u00e9ritable programme de service d\u2019assistance d\u2019urgence 24 heures sur 24 et 7 jours sur 7<\/span>, indispensable au maintien de vos machines en bon \u00e9tat de fonctionnement et une formation personnalis\u00e9e qui permet \u00e0 votre \u00e9quipe de respecter le plus haut niveau de protocoles de s\u00e9curit\u00e9 alimentaire pour vos clients, vos r\u00e9sidents et vos consommateurs.<\/p>\n<p class=\"fs-16\">Nos m\u00e9thodes de lavage de vaisselle en un seul passage augmentent consid\u00e9rablement l\u2019efficacit\u00e9 de votre cuisine commerciale et la productivit\u00e9 de votre personnel\u00ad, pour vous permettre de vous concentrer sur les choses qui comptent le plus. Ce programme offre des solutions compl\u00e8tes pour votre installation tout en vous aidant \u00e0 \u00e9conomiser eau, \u00e9nergie et co\u00fbts totaux d\u2019investissement.<\/p>\n<p>[\/vc_column_text][\/vc_column][\/vc_row][vc_row full_width=\u00a0\u00bbstretch_row_content_no_spaces\u00a0\u00bb content_placement=\u00a0\u00bbmiddle\u00a0\u00bb css=\u00a0\u00bb.vc_custom_1652888947996{background-color: #ffffff !important;}\u00a0\u00bb][vc_column width=\u00a0\u00bb2\/3&Prime; css=\u00a0\u00bb.vc_custom_1652888740315{padding-right: 40px !important;padding-left: 80px !important;}\u00a0\u00bb][vc_column_text]<\/p>\n<h4 class=\"light-blue-text sub-title\">CHEMSYN TOTALCARE\u2122<\/h4>\n<h2>DES CUISINES PROPRES, S\u00dbRES ET SAINES<\/h2>\n<p>En tant que partenaire des chefs de cuisine, des gestionnaires alimentaires et du personnel de distribution de produits alimentaires, Chemsyn fournit des produits et services d\u2019assainissement et de d\u00e9sinfection qui assurent le plus haut niveau de s\u00e9curit\u00e9 alimentaire et garantissent des environnements de service alimentaire propres et s\u00fbrs dans les cuisines de production centrales, les installations de restauration et les salles de r\u00e9ception, les comptoirs de vente au d\u00e9tail, la production alimentaire et les restaurants de petite et de grande taille.[\/vc_column_text][\/vc_column][vc_column width=\u00a0\u00bb1\/3&Prime; css=\u00a0\u00bb.vc_custom_1652888921845{padding-top: 0px !important;}\u00a0\u00bb][vc_single_image image=\u00a0\u00bb974&Prime; img_size=\u00a0\u00bbfull\u00a0\u00bb alignment=\u00a0\u00bbright\u00a0\u00bb css=\u00a0\u00bb.vc_custom_1652890547143{margin-bottom: 0px !important;}\u00a0\u00bb][\/vc_column][\/vc_row][vc_row full_width=\u00a0\u00bbstretch_row_content_no_spaces\u00a0\u00bb equal_height=\u00a0\u00bbyes\u00a0\u00bb content_placement=\u00a0\u00bbmiddle\u00a0\u00bb css=\u00a0\u00bb.vc_custom_1650113450387{background-color: #e8f7fc !important;}\u00a0\u00bb el_class=\u00a0\u00bbfull-width-row\u00a0\u00bb][vc_column width=\u00a0\u00bb1\/3&Prime; css=\u00a0\u00bb.vc_custom_1650112236387{padding-top: 0px !important;}\u00a0\u00bb][vc_single_image image=\u00a0\u00bb973&Prime; img_size=\u00a0\u00bbfull\u00a0\u00bb css=\u00a0\u00bb.vc_custom_1652890558076{margin-bottom: 0px !important;}\u00a0\u00bb][\/vc_column][vc_column width=\u00a0\u00bb2\/3&Prime; css=\u00a0\u00bb.vc_custom_1650113481780{padding-right: 80px !important;padding-left: 40px !important;}\u00a0\u00bb el_class=\u00a0\u00bbcontent-col\u00a0\u00bb][vc_column_text]<\/p>\n<h4 class=\"light-blue-text sub-title\">CHEMSYN TOTALCARE\u2122<\/h4>\n<h2>SOLUTIONS<\/h2>\n<ul>\n<li>Des produits chimiques pour le lavage de vaisselle en machine et manuel<\/li>\n<li>De l\u2019\u00e9quipement de distribution et des syst\u00e8mes de dilution<\/li>\n<li>Des programmes de location et d\u2019achat de machines \u00e0 vaisselle<\/li>\n<li>Une surveillance et une analyse du syst\u00e8me pour une efficacit\u00e9 accrue<\/li>\n<li>Des produits sp\u00e9cialis\u00e9s de nettoyage, d\u2019assainissement et de d\u00e9sinfection des surfaces, des sols et des \u00e9quipements de cuisine<\/li>\n<li>Une formation personnalis\u00e9e sur les produits, les proc\u00e9dures et le personnel, y compris le SIMDUT<\/li>\n<li>Des repr\u00e9sentants sur le terrain certifi\u00e9s et d\u00e9vou\u00e9s et une gestion de comptes cl\u00e9s<\/li>\n<li>L\u2019entretien pr\u00e9ventif r\u00e9gulier sans frais des machines et des \u00e9quipements<\/li>\n<li>Un service d\u2019assistance d\u2019urgence 24 heures sur 24, 7 jours sur 7, sans frais, pour la livraison de produits, la r\u00e9paration des machines et le d\u00e9pannage<\/li>\n<\/ul>\n<p>[\/vc_column_text][\/vc_column][\/vc_row][vc_row content_placement=\u00a0\u00bbmiddle\u00a0\u00bb css=\u00a0\u00bb.vc_custom_1650111815308{padding-top: 30px !important;padding-bottom: 30px !important;}\u00a0\u00bb][vc_column width=\u00a0\u00bb2\/3&Prime;][vc_column_text]<\/p>\n<h2>PARTENAIRE DE CONFIANCE<\/h2>\n<p>En qualit\u00e9 de partenaire de confiance, nous collaborons \u00e9troitement avec vous et votre \u00e9quipe afin d\u2019\u00e9valuer vos besoins sp\u00e9cifiques. Nous vous fournissons des produits approuv\u00e9s par Sant\u00e9 Canada, qui permettront \u00e0 votre \u00e9tablissement et \u00e0 votre entreprise de prosp\u00e9rer tout en augmentant votre efficacit\u00e9 op\u00e9rationnelle, en minimisant vos co\u00fbt et en maintenant la satisfaction des clients et des r\u00e9sidents ainsi que la fid\u00e9lit\u00e9 \u00e0 la marque.<\/p>\n<p><a class=\"blue-cta\" href=\"\/contact\/\">Appelez-nous pour une consultation gratuite sans engagement\u2009!<\/a>[\/vc_column_text][\/vc_column][vc_column width=\u00a0\u00bb1\/3&Prime;][vc_single_image image=\u00a0\u00bb893&Prime; img_size=\u00a0\u00bbfull\u00a0\u00bb][\/vc_column][\/vc_row]<\/p>\n","protected":false},"excerpt":{"rendered":"<p>[vc_row full_width=\u00a0\u00bbstretch_row\u00a0\u00bb content_placement=\u00a0\u00bbmiddle\u00a0\u00bb el_class=\u00a0\u00bbpage-banner\u00a0\u00bb css=\u00a0\u00bb.vc_custom_1650451095835{margin-bottom: 40px !important;background-image: url(https:\/\/chemsyn.com\/wp-content\/uploads\/2022\/04\/products-top-banner.jpg?id=197) !important;background-position: center !important;background-repeat: no-repeat !important;background-size: cover !important;}\u00a0\u00bb][vc_column css=\u00a0\u00bb.vc_custom_1650109296466{padding-top: 0px !important;}\u00a0\u00bb][vc_column_text] PROGRAMME DE LAVAGE DE VAISSELLE EN MACHINE ET MANUEL [\/vc_column_text][\/vc_column][\/vc_row][vc_row full_width=\u00a0\u00bbstretch_row\u00a0\u00bb css=\u00a0\u00bb.vc_custom_1653038124659{padding-top: 40px !important;padding-bottom: 35px !important;background-image: url(https:\/\/chemsyn.com\/wp-content\/uploads\/2022\/04\/machine-rental-section-bg.jpg?id=80) !important;background-position: center !important;background-repeat: no-repeat !important;background-size: cover !important;}\u00a0\u00bb el_class=\u00a0\u00bbhome-banner machine-section\u00a0\u00bb][vc_column][vc_column_text] Notre programme de lavage de vaisselle TOTALCARE\u2122, \u00e0 la pointe de [&hellip;]<\/p>\n","protected":false},"author":2,"featured_media":857,"parent":1058,"menu_order":0,"comment_status":"closed","ping_status":"closed","template":"fullwidth.php","meta":{"footnotes":""},"class_list":["post-1061","page","type-page","status-publish","has-post-thumbnail","hentry"],"acf":[],"yoast_head":"<!-- This site is optimized with the Yoast SEO plugin v19.10 - https:\/\/yoast.com\/wordpress\/plugins\/seo\/ -->\n<title>Programme de lavage de vaisselle en machine et manuel - Chemsyn<\/title>\n<meta name=\"robots\" content=\"index, follow, max-snippet:-1, max-image-preview:large, max-video-preview:-1\" \/>\n<link rel=\"canonical\" href=\"https:\/\/chemsyn.com\/fr\/products-solutions\/programme-de-lavage-de-vaisselle-en-machine-et-manuel\/\" \/>\n<meta property=\"og:locale\" content=\"fr_CA\" \/>\n<meta property=\"og:type\" content=\"article\" \/>\n<meta property=\"og:title\" content=\"Programme de lavage de vaisselle en machine et manuel - Chemsyn\" \/>\n<meta property=\"og:description\" content=\"[vc_row full_width=\u00a0\u00bbstretch_row\u00a0\u00bb content_placement=\u00a0\u00bbmiddle\u00a0\u00bb el_class=\u00a0\u00bbpage-banner\u00a0\u00bb css=\u00a0\u00bb.vc_custom_1650451095835{margin-bottom: 40px !important;background-image: url(https:\/\/chemsyn.com\/wp-content\/uploads\/2022\/04\/products-top-banner.jpg?id=197) !important;background-position: center !important;background-repeat: no-repeat !important;background-size: cover !important;}\u00a0\u00bb][vc_column css=\u00a0\u00bb.vc_custom_1650109296466{padding-top: 0px !important;}\u00a0\u00bb][vc_column_text] PROGRAMME DE LAVAGE DE VAISSELLE EN MACHINE ET MANUEL [\/vc_column_text][\/vc_column][\/vc_row][vc_row full_width=\u00a0\u00bbstretch_row\u00a0\u00bb css=\u00a0\u00bb.vc_custom_1653038124659{padding-top: 40px !important;padding-bottom: 35px !important;background-image: url(https:\/\/chemsyn.com\/wp-content\/uploads\/2022\/04\/machine-rental-section-bg.jpg?id=80) !important;background-position: center !important;background-repeat: no-repeat !important;background-size: cover !important;}\u00a0\u00bb el_class=\u00a0\u00bbhome-banner machine-section\u00a0\u00bb][vc_column][vc_column_text] Notre programme de lavage de vaisselle TOTALCARE\u2122, \u00e0 la pointe de [&hellip;]\" \/>\n<meta property=\"og:url\" content=\"https:\/\/chemsyn.com\/fr\/products-solutions\/programme-de-lavage-de-vaisselle-en-machine-et-manuel\/\" \/>\n<meta property=\"og:site_name\" content=\"Chemsyn\" \/>\n<meta property=\"article:modified_time\" content=\"2022-06-08T10:55:56+00:00\" \/>\n<meta property=\"og:image\" content=\"https:\/\/chemsyn.com\/wp-content\/uploads\/2022\/04\/Machine-Manual-Washing.jpg\" \/>\n\t<meta property=\"og:image:width\" content=\"312\" \/>\n\t<meta property=\"og:image:height\" content=\"190\" \/>\n\t<meta property=\"og:image:type\" content=\"image\/jpeg\" \/>\n<meta name=\"twitter:card\" content=\"summary_large_image\" \/>\n<meta name=\"twitter:label1\" content=\"Estimation du temps de lecture\" \/>\n\t<meta name=\"twitter:data1\" content=\"4 minutes\" \/>\n<script type=\"application\/ld+json\" class=\"yoast-schema-graph\">{\"@context\":\"https:\/\/schema.org\",\"@graph\":[{\"@type\":\"WebPage\",\"@id\":\"https:\/\/chemsyn.com\/fr\/products-solutions\/programme-de-lavage-de-vaisselle-en-machine-et-manuel\/\",\"url\":\"https:\/\/chemsyn.com\/fr\/products-solutions\/programme-de-lavage-de-vaisselle-en-machine-et-manuel\/\",\"name\":\"Programme de lavage de vaisselle en machine et manuel - Chemsyn\",\"isPartOf\":{\"@id\":\"https:\/\/chemsyn.com\/fr\/#website\"},\"datePublished\":\"2022-04-21T18:51:51+00:00\",\"dateModified\":\"2022-06-08T10:55:56+00:00\",\"breadcrumb\":{\"@id\":\"https:\/\/chemsyn.com\/fr\/products-solutions\/programme-de-lavage-de-vaisselle-en-machine-et-manuel\/#breadcrumb\"},\"inLanguage\":\"fr-CA\",\"potentialAction\":[{\"@type\":\"ReadAction\",\"target\":[\"https:\/\/chemsyn.com\/fr\/products-solutions\/programme-de-lavage-de-vaisselle-en-machine-et-manuel\/\"]}]},{\"@type\":\"BreadcrumbList\",\"@id\":\"https:\/\/chemsyn.com\/fr\/products-solutions\/programme-de-lavage-de-vaisselle-en-machine-et-manuel\/#breadcrumb\",\"itemListElement\":[{\"@type\":\"ListItem\",\"position\":1,\"name\":\"Home\",\"item\":\"https:\/\/chemsyn.com\/fr\/\"},{\"@type\":\"ListItem\",\"position\":2,\"name\":\"Produits et Solutions\",\"item\":\"https:\/\/chemsyn.com\/fr\/products-solutions\/\"},{\"@type\":\"ListItem\",\"position\":3,\"name\":\"Programme de lavage de vaisselle en machine et manuel\"}]},{\"@type\":\"WebSite\",\"@id\":\"https:\/\/chemsyn.com\/fr\/#website\",\"url\":\"https:\/\/chemsyn.com\/fr\/\",\"name\":\"Chemsyn\",\"description\":\"Des solutions pour le monde d'aujourd'hui\",\"publisher\":{\"@id\":\"https:\/\/chemsyn.com\/fr\/#organization\"},\"potentialAction\":[{\"@type\":\"SearchAction\",\"target\":{\"@type\":\"EntryPoint\",\"urlTemplate\":\"https:\/\/chemsyn.com\/fr\/?s={search_term_string}\"},\"query-input\":\"required name=search_term_string\"}],\"inLanguage\":\"fr-CA\"},{\"@type\":\"Organization\",\"@id\":\"https:\/\/chemsyn.com\/fr\/#organization\",\"name\":\"Chemsyn\",\"url\":\"https:\/\/chemsyn.com\/fr\/\",\"logo\":{\"@type\":\"ImageObject\",\"inLanguage\":\"fr-CA\",\"@id\":\"https:\/\/chemsyn.com\/fr\/#\/schema\/logo\/image\/\",\"url\":\"https:\/\/chemsyn.com\/wp-content\/uploads\/2022\/06\/chemsyn-logo-tagline-en.png\",\"contentUrl\":\"https:\/\/chemsyn.com\/wp-content\/uploads\/2022\/06\/chemsyn-logo-tagline-en.png\",\"width\":424,\"height\":106,\"caption\":\"Chemsyn\"},\"image\":{\"@id\":\"https:\/\/chemsyn.com\/fr\/#\/schema\/logo\/image\/\"}}]}<\/script>\n<!-- \/ Yoast SEO plugin. -->","yoast_head_json":{"title":"Programme de lavage de vaisselle en machine et manuel - Chemsyn","robots":{"index":"index","follow":"follow","max-snippet":"max-snippet:-1","max-image-preview":"max-image-preview:large","max-video-preview":"max-video-preview:-1"},"canonical":"https:\/\/chemsyn.com\/fr\/products-solutions\/programme-de-lavage-de-vaisselle-en-machine-et-manuel\/","og_locale":"fr_CA","og_type":"article","og_title":"Programme de lavage de vaisselle en machine et manuel - Chemsyn","og_description":"[vc_row full_width=\u00a0\u00bbstretch_row\u00a0\u00bb content_placement=\u00a0\u00bbmiddle\u00a0\u00bb el_class=\u00a0\u00bbpage-banner\u00a0\u00bb css=\u00a0\u00bb.vc_custom_1650451095835{margin-bottom: 40px !important;background-image: url(https:\/\/chemsyn.com\/wp-content\/uploads\/2022\/04\/products-top-banner.jpg?id=197) !important;background-position: center !important;background-repeat: no-repeat !important;background-size: cover !important;}\u00a0\u00bb][vc_column css=\u00a0\u00bb.vc_custom_1650109296466{padding-top: 0px !important;}\u00a0\u00bb][vc_column_text] PROGRAMME DE LAVAGE DE VAISSELLE EN MACHINE ET MANUEL [\/vc_column_text][\/vc_column][\/vc_row][vc_row full_width=\u00a0\u00bbstretch_row\u00a0\u00bb css=\u00a0\u00bb.vc_custom_1653038124659{padding-top: 40px !important;padding-bottom: 35px !important;background-image: url(https:\/\/chemsyn.com\/wp-content\/uploads\/2022\/04\/machine-rental-section-bg.jpg?id=80) !important;background-position: center !important;background-repeat: no-repeat !important;background-size: cover !important;}\u00a0\u00bb el_class=\u00a0\u00bbhome-banner machine-section\u00a0\u00bb][vc_column][vc_column_text] Notre programme de lavage de vaisselle TOTALCARE\u2122, \u00e0 la pointe de [&hellip;]","og_url":"https:\/\/chemsyn.com\/fr\/products-solutions\/programme-de-lavage-de-vaisselle-en-machine-et-manuel\/","og_site_name":"Chemsyn","article_modified_time":"2022-06-08T10:55:56+00:00","og_image":[{"width":312,"height":190,"url":"https:\/\/chemsyn.com\/wp-content\/uploads\/2022\/04\/Machine-Manual-Washing.jpg","type":"image\/jpeg"}],"twitter_card":"summary_large_image","twitter_misc":{"Estimation du temps de lecture":"4 minutes"},"schema":{"@context":"https:\/\/schema.org","@graph":[{"@type":"WebPage","@id":"https:\/\/chemsyn.com\/fr\/products-solutions\/programme-de-lavage-de-vaisselle-en-machine-et-manuel\/","url":"https:\/\/chemsyn.com\/fr\/products-solutions\/programme-de-lavage-de-vaisselle-en-machine-et-manuel\/","name":"Programme de lavage de vaisselle en machine et manuel - Chemsyn","isPartOf":{"@id":"https:\/\/chemsyn.com\/fr\/#website"},"datePublished":"2022-04-21T18:51:51+00:00","dateModified":"2022-06-08T10:55:56+00:00","breadcrumb":{"@id":"https:\/\/chemsyn.com\/fr\/products-solutions\/programme-de-lavage-de-vaisselle-en-machine-et-manuel\/#breadcrumb"},"inLanguage":"fr-CA","potentialAction":[{"@type":"ReadAction","target":["https:\/\/chemsyn.com\/fr\/products-solutions\/programme-de-lavage-de-vaisselle-en-machine-et-manuel\/"]}]},{"@type":"BreadcrumbList","@id":"https:\/\/chemsyn.com\/fr\/products-solutions\/programme-de-lavage-de-vaisselle-en-machine-et-manuel\/#breadcrumb","itemListElement":[{"@type":"ListItem","position":1,"name":"Home","item":"https:\/\/chemsyn.com\/fr\/"},{"@type":"ListItem","position":2,"name":"Produits et Solutions","item":"https:\/\/chemsyn.com\/fr\/products-solutions\/"},{"@type":"ListItem","position":3,"name":"Programme de lavage de vaisselle en machine et manuel"}]},{"@type":"WebSite","@id":"https:\/\/chemsyn.com\/fr\/#website","url":"https:\/\/chemsyn.com\/fr\/","name":"Chemsyn","description":"Des solutions pour le monde d'aujourd'hui","publisher":{"@id":"https:\/\/chemsyn.com\/fr\/#organization"},"potentialAction":[{"@type":"SearchAction","target":{"@type":"EntryPoint","urlTemplate":"https:\/\/chemsyn.com\/fr\/?s={search_term_string}"},"query-input":"required name=search_term_string"}],"inLanguage":"fr-CA"},{"@type":"Organization","@id":"https:\/\/chemsyn.com\/fr\/#organization","name":"Chemsyn","url":"https:\/\/chemsyn.com\/fr\/","logo":{"@type":"ImageObject","inLanguage":"fr-CA","@id":"https:\/\/chemsyn.com\/fr\/#\/schema\/logo\/image\/","url":"https:\/\/chemsyn.com\/wp-content\/uploads\/2022\/06\/chemsyn-logo-tagline-en.png","contentUrl":"https:\/\/chemsyn.com\/wp-content\/uploads\/2022\/06\/chemsyn-logo-tagline-en.png","width":424,"height":106,"caption":"Chemsyn"},"image":{"@id":"https:\/\/chemsyn.com\/fr\/#\/schema\/logo\/image\/"}}]}},"_links":{"self":[{"href":"https:\/\/chemsyn.com\/fr\/wp-json\/wp\/v2\/pages\/1061","targetHints":{"allow":["GET"]}}],"collection":[{"href":"https:\/\/chemsyn.com\/fr\/wp-json\/wp\/v2\/pages"}],"about":[{"href":"https:\/\/chemsyn.com\/fr\/wp-json\/wp\/v2\/types\/page"}],"author":[{"embeddable":true,"href":"https:\/\/chemsyn.com\/fr\/wp-json\/wp\/v2\/users\/2"}],"replies":[{"embeddable":true,"href":"https:\/\/chemsyn.com\/fr\/wp-json\/wp\/v2\/comments?post=1061"}],"version-history":[{"count":3,"href":"https:\/\/chemsyn.com\/fr\/wp-json\/wp\/v2\/pages\/1061\/revisions"}],"predecessor-version":[{"id":1083,"href":"https:\/\/chemsyn.com\/fr\/wp-json\/wp\/v2\/pages\/1061\/revisions\/1083"}],"up":[{"embeddable":true,"href":"https:\/\/chemsyn.com\/fr\/wp-json\/wp\/v2\/pages\/1058"}],"wp:featuredmedia":[{"embeddable":true,"href":"https:\/\/chemsyn.com\/fr\/wp-json\/wp\/v2\/media\/857"}],"wp:attachment":[{"href":"https:\/\/chemsyn.com\/fr\/wp-json\/wp\/v2\/media?parent=1061"}],"curies":[{"name":"wp","href":"https:\/\/api.w.org\/{rel}","templated":true}]}}