{"id":1064,"date":"2022-04-21T15:51:39","date_gmt":"2022-04-21T19:51:39","guid":{"rendered":"https:\/\/chemsyn.com\/?page_id=1064"},"modified":"2022-06-08T06:35:08","modified_gmt":"2022-06-08T10:35:08","slug":"solutions-de-blanchisserie","status":"publish","type":"page","link":"https:\/\/chemsyn.com\/fr\/products-solutions\/solutions-de-blanchisserie\/","title":{"rendered":"Solutions de blanchisserie"},"content":{"rendered":"<p>[vc_row full_width=\u00a0\u00bbstretch_row\u00a0\u00bb content_placement=\u00a0\u00bbmiddle\u00a0\u00bb el_class=\u00a0\u00bbpage-banner\u00a0\u00bb css=\u00a0\u00bb.vc_custom_1651653130305{margin-bottom: 40px !important;background-image: url(https:\/\/chemsyn.com\/wp-content\/uploads\/2022\/05\/laundry-solutions.jpg?id=583) !important;background-position: center !important;background-repeat: no-repeat !important;background-size: cover !important;}\u00a0\u00bb][vc_column css=\u00a0\u00bb.vc_custom_1650109296466{padding-top: 0px !important;}\u00a0\u00bb][vc_column_text]<\/p>\n<h1 style=\"text-align: center;\">SOLUTIONS DE BLANCHISSERIE<\/h1>\n<p>[\/vc_column_text][\/vc_column][\/vc_row][vc_row full_width=\u00a0\u00bbstretch_row\u00a0\u00bb css=\u00a0\u00bb.vc_custom_1653038132022{padding-top: 40px !important;padding-bottom: 35px !important;background-image: url(https:\/\/chemsyn.com\/wp-content\/uploads\/2022\/05\/laundry-solutions-1.jpg?id=581) !important;background-position: center !important;background-repeat: no-repeat !important;background-size: cover !important;}\u00a0\u00bb el_class=\u00a0\u00bbhome-banner machine-section\u00a0\u00bb][vc_column][vc_column_text]<\/p>\n<p class=\"fs-16\">Nous comprenons bien les d\u00e9fis complexes que repr\u00e9sente la gestion de services de blanchisserie efficaces et rentables. Que vous soyez responsable du service de blanchisserie interne d\u2019une grande cha\u00eene d\u2019h\u00f4tels ou d\u2019une boutique, d\u2019une salle de r\u00e9ception ou d\u2019un centre de congr\u00e8s, d\u2019un \u00e9tablissement de soins de longue dur\u00e9e avec des \u00e9quipes travaillant 24 heures sur 24, d\u2019un casino, d\u2019un restaurant ou m\u00eame d\u2019un club de golf ou d\u2019un club champ\u00eatre o\u00f9 les clients et les membres exigent le meilleur, nos sp\u00e9cialistes de la blanchisserie Chemsyn travaillent en \u00e9troite collaboration avec vous pour \u00e9valuer vos besoins et vous proposer des solutions rentables. Notre objectif est de vous aider \u00e0 accro\u00eetre l\u2019efficacit\u00e9 de vos op\u00e9rations, \u00e0 r\u00e9duire les d\u00e9chets et la consommation d\u2019\u00e9nergie, \u00e0 am\u00e9liorer la s\u00e9curit\u00e9 et \u00e0 obtenir des r\u00e9sultats \u00e9prouv\u00e9s et coh\u00e9rents.<\/p>\n<p>[\/vc_column_text][\/vc_column][\/vc_row][vc_row full_width=\u00a0\u00bbstretch_row_content_no_spaces\u00a0\u00bb content_placement=\u00a0\u00bbmiddle\u00a0\u00bb css=\u00a0\u00bb.vc_custom_1652968098589{background-color: #ffffff !important;}\u00a0\u00bb][vc_column width=\u00a0\u00bb2\/3&Prime; css=\u00a0\u00bb.vc_custom_1652968090983{padding-right: 40px !important;padding-left: 80px !important;}\u00a0\u00bb][vc_column_text]<\/p>\n<h4 class=\"light-blue-text sub-title\">CHEMSYN TOTALCARE\u2122<\/h4>\n<h2>UNE LITERIE PARFAITE CHAQUE FOIS<\/h2>\n<p>Plus que jamais, les programmes de blanchisserie sur site doivent respecter des protocoles de nettoyage et de d\u00e9sinfection rigoureux. Chemsyn vous accompagne dans le d\u00e9veloppement \u00add\u2019un programme de blanchisserie rentable et \u00e9nerg\u00e9tiquement efficace, dot\u00e9 d\u2019un \u00e9quipement de pointe et de formules innovantes con\u00e7ues pour \u00e9liminer les taches les plus tenaces, assainir, faire briller et prolonger la dur\u00e9e de vie de votre literie tout en garantissant sa fra\u00eecheur.[\/vc_column_text][\/vc_column][vc_column width=\u00a0\u00bb1\/3&Prime; css=\u00a0\u00bb.vc_custom_1652968188425{padding-top: 0px !important;}\u00a0\u00bb][vc_single_image image=\u00a0\u00bb976&Prime; img_size=\u00a0\u00bbfull\u00a0\u00bb alignment=\u00a0\u00bbcenter\u00a0\u00bb css=\u00a0\u00bb.vc_custom_1652968068357{margin-bottom: 0px !important;}\u00a0\u00bb][\/vc_column][\/vc_row][vc_row full_width=\u00a0\u00bbstretch_row\u00a0\u00bb equal_height=\u00a0\u00bbyes\u00a0\u00bb content_placement=\u00a0\u00bbmiddle\u00a0\u00bb css=\u00a0\u00bb.vc_custom_1651653489759{background-color: #e8f7fc !important;}\u00a0\u00bb el_class=\u00a0\u00bbfull-width-row\u00a0\u00bb][vc_column width=\u00a0\u00bb1\/3&Prime; css=\u00a0\u00bb.vc_custom_1650112236387{padding-top: 0px !important;}\u00a0\u00bb][vc_single_image image=\u00a0\u00bb922&Prime; img_size=\u00a0\u00bbfull\u00a0\u00bb alignment=\u00a0\u00bbcenter\u00a0\u00bb css=\u00a0\u00bb.vc_custom_1651653501608{margin-bottom: 0px !important;}\u00a0\u00bb][\/vc_column][vc_column width=\u00a0\u00bb2\/3&Prime; css=\u00a0\u00bb.vc_custom_1650113481780{padding-right: 80px !important;padding-left: 40px !important;}\u00a0\u00bb el_class=\u00a0\u00bbcontent-col\u00a0\u00bb][vc_column_text]<\/p>\n<h4 class=\"light-blue-text sub-title\">CHEMSYN TOTALCARE\u2122<\/h4>\n<h2>AM\u00c9LIORATION DE L\u2019EXP\u00c9RIENCE DES CLIENTS ET DES R\u00c9SIDENTS<\/h2>\n<p>Nous vous proposons des solutions optimales en mati\u00e8re de blanchisserie, allant d\u2019une literie fra\u00eeche et agr\u00e9able pour le confort ultime de vos clients \u00e0 des draps propres et hygi\u00e9niques pour vos r\u00e9sidents et patients.[\/vc_column_text][\/vc_column][\/vc_row][vc_row full_width=\u00a0\u00bbstretch_row_content_no_spaces\u00a0\u00bb content_placement=\u00a0\u00bbmiddle\u00a0\u00bb css=\u00a0\u00bb.vc_custom_1652967924135{background-color: #ffffff !important;}\u00a0\u00bb][vc_column width=\u00a0\u00bb2\/3&Prime; css=\u00a0\u00bb.vc_custom_1652967867252{padding-right: 40px !important;padding-left: 80px !important;}\u00a0\u00bb][vc_column_text]<\/p>\n<h2>SERVICES DE CONCIERGERIE<\/h2>\n<p>De plus, Chemsyn vous \u00adoffre des services de conciergerie, allant du suivi et de la gestion des stocks \u00e0 des programmes complets de formation du personne\u00adl qui garantissent les meilleurs r\u00e9sultats pour vos employ\u00e9s\u00ad, vos invit\u00e9s, vos r\u00e9sidents et vos patients.<\/p>\n<p><a class=\"blue-cta\" href=\"\/fr\/contact\/\">Appelez-nous pour une consultation gratuite sans engagement\u2009!<\/a>[\/vc_column_text][\/vc_column][vc_column width=\u00a0\u00bb1\/3&Prime; css=\u00a0\u00bb.vc_custom_1652967715571{padding-top: 0px !important;}\u00a0\u00bb][vc_single_image image=\u00a0\u00bb975&Prime; img_size=\u00a0\u00bbfull\u00a0\u00bb alignment=\u00a0\u00bbcenter\u00a0\u00bb css=\u00a0\u00bb.vc_custom_1652967980758{margin-bottom: 0px !important;}\u00a0\u00bb][\/vc_column][\/vc_row]<\/p>\n","protected":false},"excerpt":{"rendered":"<p>[vc_row full_width=\u00a0\u00bbstretch_row\u00a0\u00bb content_placement=\u00a0\u00bbmiddle\u00a0\u00bb el_class=\u00a0\u00bbpage-banner\u00a0\u00bb css=\u00a0\u00bb.vc_custom_1651653130305{margin-bottom: 40px !important;background-image: url(https:\/\/chemsyn.com\/wp-content\/uploads\/2022\/05\/laundry-solutions.jpg?id=583) !important;background-position: center !important;background-repeat: no-repeat !important;background-size: cover !important;}\u00a0\u00bb][vc_column css=\u00a0\u00bb.vc_custom_1650109296466{padding-top: 0px !important;}\u00a0\u00bb][vc_column_text] SOLUTIONS DE BLANCHISSERIE [\/vc_column_text][\/vc_column][\/vc_row][vc_row full_width=\u00a0\u00bbstretch_row\u00a0\u00bb css=\u00a0\u00bb.vc_custom_1653038132022{padding-top: 40px !important;padding-bottom: 35px !important;background-image: url(https:\/\/chemsyn.com\/wp-content\/uploads\/2022\/05\/laundry-solutions-1.jpg?id=581) !important;background-position: center !important;background-repeat: no-repeat !important;background-size: cover !important;}\u00a0\u00bb el_class=\u00a0\u00bbhome-banner machine-section\u00a0\u00bb][vc_column][vc_column_text] Nous comprenons bien les d\u00e9fis complexes que repr\u00e9sente la gestion de services de blanchisserie efficaces et rentables. [&hellip;]<\/p>\n","protected":false},"author":2,"featured_media":884,"parent":1058,"menu_order":0,"comment_status":"closed","ping_status":"closed","template":"fullwidth.php","meta":{"footnotes":""},"class_list":["post-1064","page","type-page","status-publish","has-post-thumbnail","hentry"],"acf":[],"yoast_head":"<!-- This site is optimized with the Yoast SEO plugin v19.10 - https:\/\/yoast.com\/wordpress\/plugins\/seo\/ -->\n<title>Solutions de blanchisserie - Chemsyn<\/title>\n<meta name=\"robots\" content=\"index, follow, max-snippet:-1, max-image-preview:large, max-video-preview:-1\" \/>\n<link rel=\"canonical\" href=\"https:\/\/chemsyn.com\/fr\/products-solutions\/solutions-de-blanchisserie\/\" \/>\n<meta property=\"og:locale\" content=\"fr_CA\" \/>\n<meta property=\"og:type\" content=\"article\" \/>\n<meta property=\"og:title\" content=\"Solutions de blanchisserie - Chemsyn\" \/>\n<meta property=\"og:description\" content=\"[vc_row full_width=\u00a0\u00bbstretch_row\u00a0\u00bb content_placement=\u00a0\u00bbmiddle\u00a0\u00bb el_class=\u00a0\u00bbpage-banner\u00a0\u00bb css=\u00a0\u00bb.vc_custom_1651653130305{margin-bottom: 40px !important;background-image: url(https:\/\/chemsyn.com\/wp-content\/uploads\/2022\/05\/laundry-solutions.jpg?id=583) !important;background-position: center !important;background-repeat: no-repeat !important;background-size: cover !important;}\u00a0\u00bb][vc_column css=\u00a0\u00bb.vc_custom_1650109296466{padding-top: 0px !important;}\u00a0\u00bb][vc_column_text] SOLUTIONS DE BLANCHISSERIE [\/vc_column_text][\/vc_column][\/vc_row][vc_row full_width=\u00a0\u00bbstretch_row\u00a0\u00bb css=\u00a0\u00bb.vc_custom_1653038132022{padding-top: 40px !important;padding-bottom: 35px !important;background-image: url(https:\/\/chemsyn.com\/wp-content\/uploads\/2022\/05\/laundry-solutions-1.jpg?id=581) !important;background-position: center !important;background-repeat: no-repeat !important;background-size: cover !important;}\u00a0\u00bb el_class=\u00a0\u00bbhome-banner machine-section\u00a0\u00bb][vc_column][vc_column_text] Nous comprenons bien les d\u00e9fis complexes que repr\u00e9sente la gestion de services de blanchisserie efficaces et rentables. [&hellip;]\" \/>\n<meta property=\"og:url\" content=\"https:\/\/chemsyn.com\/fr\/products-solutions\/solutions-de-blanchisserie\/\" \/>\n<meta property=\"og:site_name\" content=\"Chemsyn\" \/>\n<meta property=\"article:modified_time\" content=\"2022-06-08T10:35:08+00:00\" \/>\n<meta property=\"og:image\" content=\"https:\/\/chemsyn.com\/wp-content\/uploads\/2022\/04\/laundary-solutions-chemsyn.jpg\" \/>\n\t<meta property=\"og:image:width\" content=\"312\" \/>\n\t<meta property=\"og:image:height\" content=\"190\" \/>\n\t<meta property=\"og:image:type\" content=\"image\/jpeg\" \/>\n<meta name=\"twitter:card\" content=\"summary_large_image\" \/>\n<meta name=\"twitter:label1\" content=\"Estimation du temps de lecture\" \/>\n\t<meta name=\"twitter:data1\" content=\"3 minutes\" \/>\n<script type=\"application\/ld+json\" class=\"yoast-schema-graph\">{\"@context\":\"https:\/\/schema.org\",\"@graph\":[{\"@type\":\"WebPage\",\"@id\":\"https:\/\/chemsyn.com\/fr\/products-solutions\/solutions-de-blanchisserie\/\",\"url\":\"https:\/\/chemsyn.com\/fr\/products-solutions\/solutions-de-blanchisserie\/\",\"name\":\"Solutions de blanchisserie - Chemsyn\",\"isPartOf\":{\"@id\":\"https:\/\/chemsyn.com\/fr\/#website\"},\"datePublished\":\"2022-04-21T19:51:39+00:00\",\"dateModified\":\"2022-06-08T10:35:08+00:00\",\"breadcrumb\":{\"@id\":\"https:\/\/chemsyn.com\/fr\/products-solutions\/solutions-de-blanchisserie\/#breadcrumb\"},\"inLanguage\":\"fr-CA\",\"potentialAction\":[{\"@type\":\"ReadAction\",\"target\":[\"https:\/\/chemsyn.com\/fr\/products-solutions\/solutions-de-blanchisserie\/\"]}]},{\"@type\":\"BreadcrumbList\",\"@id\":\"https:\/\/chemsyn.com\/fr\/products-solutions\/solutions-de-blanchisserie\/#breadcrumb\",\"itemListElement\":[{\"@type\":\"ListItem\",\"position\":1,\"name\":\"Home\",\"item\":\"https:\/\/chemsyn.com\/fr\/\"},{\"@type\":\"ListItem\",\"position\":2,\"name\":\"Produits et Solutions\",\"item\":\"https:\/\/chemsyn.com\/fr\/products-solutions\/\"},{\"@type\":\"ListItem\",\"position\":3,\"name\":\"Solutions de blanchisserie\"}]},{\"@type\":\"WebSite\",\"@id\":\"https:\/\/chemsyn.com\/fr\/#website\",\"url\":\"https:\/\/chemsyn.com\/fr\/\",\"name\":\"Chemsyn\",\"description\":\"Des solutions pour le monde d'aujourd'hui\",\"publisher\":{\"@id\":\"https:\/\/chemsyn.com\/fr\/#organization\"},\"potentialAction\":[{\"@type\":\"SearchAction\",\"target\":{\"@type\":\"EntryPoint\",\"urlTemplate\":\"https:\/\/chemsyn.com\/fr\/?s={search_term_string}\"},\"query-input\":\"required name=search_term_string\"}],\"inLanguage\":\"fr-CA\"},{\"@type\":\"Organization\",\"@id\":\"https:\/\/chemsyn.com\/fr\/#organization\",\"name\":\"Chemsyn\",\"url\":\"https:\/\/chemsyn.com\/fr\/\",\"logo\":{\"@type\":\"ImageObject\",\"inLanguage\":\"fr-CA\",\"@id\":\"https:\/\/chemsyn.com\/fr\/#\/schema\/logo\/image\/\",\"url\":\"https:\/\/chemsyn.com\/wp-content\/uploads\/2022\/06\/chemsyn-logo-tagline-en.png\",\"contentUrl\":\"https:\/\/chemsyn.com\/wp-content\/uploads\/2022\/06\/chemsyn-logo-tagline-en.png\",\"width\":424,\"height\":106,\"caption\":\"Chemsyn\"},\"image\":{\"@id\":\"https:\/\/chemsyn.com\/fr\/#\/schema\/logo\/image\/\"}}]}<\/script>\n<!-- \/ Yoast SEO plugin. -->","yoast_head_json":{"title":"Solutions de blanchisserie - Chemsyn","robots":{"index":"index","follow":"follow","max-snippet":"max-snippet:-1","max-image-preview":"max-image-preview:large","max-video-preview":"max-video-preview:-1"},"canonical":"https:\/\/chemsyn.com\/fr\/products-solutions\/solutions-de-blanchisserie\/","og_locale":"fr_CA","og_type":"article","og_title":"Solutions de blanchisserie - Chemsyn","og_description":"[vc_row full_width=\u00a0\u00bbstretch_row\u00a0\u00bb content_placement=\u00a0\u00bbmiddle\u00a0\u00bb el_class=\u00a0\u00bbpage-banner\u00a0\u00bb css=\u00a0\u00bb.vc_custom_1651653130305{margin-bottom: 40px !important;background-image: url(https:\/\/chemsyn.com\/wp-content\/uploads\/2022\/05\/laundry-solutions.jpg?id=583) !important;background-position: center !important;background-repeat: no-repeat !important;background-size: cover !important;}\u00a0\u00bb][vc_column css=\u00a0\u00bb.vc_custom_1650109296466{padding-top: 0px !important;}\u00a0\u00bb][vc_column_text] SOLUTIONS DE BLANCHISSERIE [\/vc_column_text][\/vc_column][\/vc_row][vc_row full_width=\u00a0\u00bbstretch_row\u00a0\u00bb css=\u00a0\u00bb.vc_custom_1653038132022{padding-top: 40px !important;padding-bottom: 35px !important;background-image: url(https:\/\/chemsyn.com\/wp-content\/uploads\/2022\/05\/laundry-solutions-1.jpg?id=581) !important;background-position: center !important;background-repeat: no-repeat !important;background-size: cover !important;}\u00a0\u00bb el_class=\u00a0\u00bbhome-banner machine-section\u00a0\u00bb][vc_column][vc_column_text] Nous comprenons bien les d\u00e9fis complexes que repr\u00e9sente la gestion de services de blanchisserie efficaces et rentables. [&hellip;]","og_url":"https:\/\/chemsyn.com\/fr\/products-solutions\/solutions-de-blanchisserie\/","og_site_name":"Chemsyn","article_modified_time":"2022-06-08T10:35:08+00:00","og_image":[{"width":312,"height":190,"url":"https:\/\/chemsyn.com\/wp-content\/uploads\/2022\/04\/laundary-solutions-chemsyn.jpg","type":"image\/jpeg"}],"twitter_card":"summary_large_image","twitter_misc":{"Estimation du temps de lecture":"3 minutes"},"schema":{"@context":"https:\/\/schema.org","@graph":[{"@type":"WebPage","@id":"https:\/\/chemsyn.com\/fr\/products-solutions\/solutions-de-blanchisserie\/","url":"https:\/\/chemsyn.com\/fr\/products-solutions\/solutions-de-blanchisserie\/","name":"Solutions de blanchisserie - Chemsyn","isPartOf":{"@id":"https:\/\/chemsyn.com\/fr\/#website"},"datePublished":"2022-04-21T19:51:39+00:00","dateModified":"2022-06-08T10:35:08+00:00","breadcrumb":{"@id":"https:\/\/chemsyn.com\/fr\/products-solutions\/solutions-de-blanchisserie\/#breadcrumb"},"inLanguage":"fr-CA","potentialAction":[{"@type":"ReadAction","target":["https:\/\/chemsyn.com\/fr\/products-solutions\/solutions-de-blanchisserie\/"]}]},{"@type":"BreadcrumbList","@id":"https:\/\/chemsyn.com\/fr\/products-solutions\/solutions-de-blanchisserie\/#breadcrumb","itemListElement":[{"@type":"ListItem","position":1,"name":"Home","item":"https:\/\/chemsyn.com\/fr\/"},{"@type":"ListItem","position":2,"name":"Produits et Solutions","item":"https:\/\/chemsyn.com\/fr\/products-solutions\/"},{"@type":"ListItem","position":3,"name":"Solutions de blanchisserie"}]},{"@type":"WebSite","@id":"https:\/\/chemsyn.com\/fr\/#website","url":"https:\/\/chemsyn.com\/fr\/","name":"Chemsyn","description":"Des solutions pour le monde d'aujourd'hui","publisher":{"@id":"https:\/\/chemsyn.com\/fr\/#organization"},"potentialAction":[{"@type":"SearchAction","target":{"@type":"EntryPoint","urlTemplate":"https:\/\/chemsyn.com\/fr\/?s={search_term_string}"},"query-input":"required name=search_term_string"}],"inLanguage":"fr-CA"},{"@type":"Organization","@id":"https:\/\/chemsyn.com\/fr\/#organization","name":"Chemsyn","url":"https:\/\/chemsyn.com\/fr\/","logo":{"@type":"ImageObject","inLanguage":"fr-CA","@id":"https:\/\/chemsyn.com\/fr\/#\/schema\/logo\/image\/","url":"https:\/\/chemsyn.com\/wp-content\/uploads\/2022\/06\/chemsyn-logo-tagline-en.png","contentUrl":"https:\/\/chemsyn.com\/wp-content\/uploads\/2022\/06\/chemsyn-logo-tagline-en.png","width":424,"height":106,"caption":"Chemsyn"},"image":{"@id":"https:\/\/chemsyn.com\/fr\/#\/schema\/logo\/image\/"}}]}},"_links":{"self":[{"href":"https:\/\/chemsyn.com\/fr\/wp-json\/wp\/v2\/pages\/1064","targetHints":{"allow":["GET"]}}],"collection":[{"href":"https:\/\/chemsyn.com\/fr\/wp-json\/wp\/v2\/pages"}],"about":[{"href":"https:\/\/chemsyn.com\/fr\/wp-json\/wp\/v2\/types\/page"}],"author":[{"embeddable":true,"href":"https:\/\/chemsyn.com\/fr\/wp-json\/wp\/v2\/users\/2"}],"replies":[{"embeddable":true,"href":"https:\/\/chemsyn.com\/fr\/wp-json\/wp\/v2\/comments?post=1064"}],"version-history":[{"count":5,"href":"https:\/\/chemsyn.com\/fr\/wp-json\/wp\/v2\/pages\/1064\/revisions"}],"predecessor-version":[{"id":1073,"href":"https:\/\/chemsyn.com\/fr\/wp-json\/wp\/v2\/pages\/1064\/revisions\/1073"}],"up":[{"embeddable":true,"href":"https:\/\/chemsyn.com\/fr\/wp-json\/wp\/v2\/pages\/1058"}],"wp:featuredmedia":[{"embeddable":true,"href":"https:\/\/chemsyn.com\/fr\/wp-json\/wp\/v2\/media\/884"}],"wp:attachment":[{"href":"https:\/\/chemsyn.com\/fr\/wp-json\/wp\/v2\/media?parent=1064"}],"curies":[{"name":"wp","href":"https:\/\/api.w.org\/{rel}","templated":true}]}}