{"id":1070,"date":"2022-04-22T14:10:57","date_gmt":"2022-04-22T18:10:57","guid":{"rendered":"https:\/\/chemsyn.com\/products-solutions\/housekeeping-sanitation-products-systems\/"},"modified":"2022-06-08T06:45:16","modified_gmt":"2022-06-08T10:45:16","slug":"produits-et-systemes-dassainissement-pour-lentretien-menager","status":"publish","type":"page","link":"https:\/\/chemsyn.com\/fr\/products-solutions\/produits-et-systemes-dassainissement-pour-lentretien-menager\/","title":{"rendered":"Produits et syst\u00e8mes d\u2019assainissement pour l\u2019entretien m\u00e9nager"},"content":{"rendered":"<p>[vc_row full_width=\u00a0\u00bbstretch_row\u00a0\u00bb content_placement=\u00a0\u00bbmiddle\u00a0\u00bb el_class=\u00a0\u00bbpage-banner\u00a0\u00bb css=\u00a0\u00bb.vc_custom_1651763909492{margin-bottom: 40px !important;background-image: url(https:\/\/chemsyn.com\/wp-content\/uploads\/2022\/05\/housekeeping-sanitation-banner.jpg?id=707) !important;background-position: center !important;background-repeat: no-repeat !important;background-size: cover !important;}\u00a0\u00bb][vc_column css=\u00a0\u00bb.vc_custom_1650109296466{padding-top: 0px !important;}\u00a0\u00bb][vc_column_text]<\/p>\n<h1 style=\"text-align: center;\">PRODUITS ET SYST\u00c8MES D\u2019ASSAINISSEMENT POUR L\u2019ENTRETIEN M\u00c9NAGER<\/h1>\n<p>[\/vc_column_text][\/vc_column][\/vc_row][vc_row full_width=\u00a0\u00bbstretch_row\u00a0\u00bb css=\u00a0\u00bb.vc_custom_1653038154286{padding-top: 40px !important;padding-bottom: 35px !important;background-image: url(https:\/\/chemsyn.com\/wp-content\/uploads\/2022\/05\/front-and-back-of-house-products-and-solutions.jpg?id=594) !important;background-position: center !important;background-repeat: no-repeat !important;background-size: cover !important;}\u00a0\u00bb el_class=\u00a0\u00bbhome-banner machine-section\u00a0\u00bb][vc_column][vc_column_text]Notre gamme compl\u00e8te de produits de nettoyage commerciaux comprend des produits et des solutions pour l\u2019avant et l\u2019arri\u00e8re de la maison formul\u00e9s pour \u00adoffrir le meilleur rendement possible pour l\u2019ensemble de votre \u00e9tablissement. Forte de son exp\u00e9rience dans le domaine des services de conciergerie et de la dotation en personnel, Chemsyn est parfaitement qualifi\u00e9e pour \u00e9valuer les besoins de votre \u00e9tablissement en mati\u00e8re de produits et de syst\u00e8mes, et pour fournir des solutions de pointe afin d\u2019aider votre \u00adpersonnel \u00e0 maintenir les normes les plus \u00e9lev\u00e9es de nettoyage et de d\u00e9sinfection au plus bas co\u00fbt possible.[\/vc_column_text][\/vc_column][\/vc_row][vc_row content_placement=\u00a0\u00bbmiddle\u00a0\u00bb css=\u00a0\u00bb.vc_custom_1650111824707{padding-top: 30px !important;padding-bottom: 30px !important;}\u00a0\u00bb][vc_column width=\u00a0\u00bb2\/3&Prime;][vc_column_text]<\/p>\n<h4 class=\"light-blue-text sub-title\">PROGRAMME DE FORMATION TOTALCARE\u2122<\/h4>\n<p>Notre PROGRAMME DE FORMATION TOTALCARE\u2122 complet de Chemsyn offre une connaissance avanc\u00e9e des produits et une m\u00e9thodologie d\u2019application directement \u00e0 votre personnel\u00ad sur site.<\/p>\n<p><strong>Renseignez-vous sur nos programmes d\u2019entretien m\u00e9nager et notre large gamme de produits d\u2019assainissement de conciergerie disponibles.<\/strong>[\/vc_column_text][vc_btn title=\u00a0\u00bbAppelez-nous pour en savoir plus sur nos programmes de formation\u00a0\u00bb style=\u00a0\u00bbcustom\u00a0\u00bb custom_background=\u00a0\u00bb#124376&Prime; custom_text=\u00a0\u00bb#ffffff\u00a0\u00bb shape=\u00a0\u00bbsquare\u00a0\u00bb align=\u00a0\u00bbleft\u00a0\u00bb el_class=\u00a0\u00bbblue-btn\u00a0\u00bb link=\u00a0\u00bburl:%2Ffr%2Fcontact%2F\u00a0\u00bb][\/vc_column][vc_column width=\u00a0\u00bb1\/3&Prime;][vc_single_image image=\u00a0\u00bb922&Prime; img_size=\u00a0\u00bbfull\u00a0\u00bb alignment=\u00a0\u00bbcenter\u00a0\u00bb][\/vc_column][\/vc_row]<\/p>\n","protected":false},"excerpt":{"rendered":"<p>[vc_row full_width=\u00a0\u00bbstretch_row\u00a0\u00bb content_placement=\u00a0\u00bbmiddle\u00a0\u00bb el_class=\u00a0\u00bbpage-banner\u00a0\u00bb css=\u00a0\u00bb.vc_custom_1651763909492{margin-bottom: 40px !important;background-image: url(https:\/\/chemsyn.com\/wp-content\/uploads\/2022\/05\/housekeeping-sanitation-banner.jpg?id=707) !important;background-position: center !important;background-repeat: no-repeat !important;background-size: cover !important;}\u00a0\u00bb][vc_column css=\u00a0\u00bb.vc_custom_1650109296466{padding-top: 0px !important;}\u00a0\u00bb][vc_column_text] PRODUITS ET SYST\u00c8MES D\u2019ASSAINISSEMENT POUR L\u2019ENTRETIEN M\u00c9NAGER [\/vc_column_text][\/vc_column][\/vc_row][vc_row full_width=\u00a0\u00bbstretch_row\u00a0\u00bb css=\u00a0\u00bb.vc_custom_1653038154286{padding-top: 40px !important;padding-bottom: 35px !important;background-image: url(https:\/\/chemsyn.com\/wp-content\/uploads\/2022\/05\/front-and-back-of-house-products-and-solutions.jpg?id=594) !important;background-position: center !important;background-repeat: no-repeat !important;background-size: cover !important;}\u00a0\u00bb el_class=\u00a0\u00bbhome-banner machine-section\u00a0\u00bb][vc_column][vc_column_text]Notre gamme compl\u00e8te de produits de nettoyage commerciaux comprend des produits et des solutions [&hellip;]<\/p>\n","protected":false},"author":2,"featured_media":959,"parent":1058,"menu_order":0,"comment_status":"closed","ping_status":"closed","template":"fullwidth.php","meta":{"footnotes":""},"class_list":["post-1070","page","type-page","status-publish","has-post-thumbnail","hentry"],"acf":[],"yoast_head":"<!-- This site is optimized with the Yoast SEO plugin v19.10 - https:\/\/yoast.com\/wordpress\/plugins\/seo\/ -->\n<title>Produits et syst\u00e8mes d\u2019assainissement pour l\u2019entretien m\u00e9nager - Chemsyn<\/title>\n<meta name=\"robots\" content=\"index, follow, max-snippet:-1, max-image-preview:large, max-video-preview:-1\" \/>\n<link rel=\"canonical\" href=\"https:\/\/chemsyn.com\/fr\/products-solutions\/produits-et-systemes-dassainissement-pour-lentretien-menager\/\" \/>\n<meta property=\"og:locale\" content=\"fr_CA\" \/>\n<meta property=\"og:type\" content=\"article\" \/>\n<meta property=\"og:title\" content=\"Produits et syst\u00e8mes d\u2019assainissement pour l\u2019entretien m\u00e9nager - Chemsyn\" \/>\n<meta property=\"og:description\" content=\"[vc_row full_width=\u00a0\u00bbstretch_row\u00a0\u00bb content_placement=\u00a0\u00bbmiddle\u00a0\u00bb el_class=\u00a0\u00bbpage-banner\u00a0\u00bb css=\u00a0\u00bb.vc_custom_1651763909492{margin-bottom: 40px !important;background-image: url(https:\/\/chemsyn.com\/wp-content\/uploads\/2022\/05\/housekeeping-sanitation-banner.jpg?id=707) !important;background-position: center !important;background-repeat: no-repeat !important;background-size: cover !important;}\u00a0\u00bb][vc_column css=\u00a0\u00bb.vc_custom_1650109296466{padding-top: 0px !important;}\u00a0\u00bb][vc_column_text] PRODUITS ET SYST\u00c8MES D\u2019ASSAINISSEMENT POUR L\u2019ENTRETIEN M\u00c9NAGER [\/vc_column_text][\/vc_column][\/vc_row][vc_row full_width=\u00a0\u00bbstretch_row\u00a0\u00bb css=\u00a0\u00bb.vc_custom_1653038154286{padding-top: 40px !important;padding-bottom: 35px !important;background-image: url(https:\/\/chemsyn.com\/wp-content\/uploads\/2022\/05\/front-and-back-of-house-products-and-solutions.jpg?id=594) !important;background-position: center !important;background-repeat: no-repeat !important;background-size: cover !important;}\u00a0\u00bb el_class=\u00a0\u00bbhome-banner machine-section\u00a0\u00bb][vc_column][vc_column_text]Notre gamme compl\u00e8te de produits de nettoyage commerciaux comprend des produits et des solutions [&hellip;]\" \/>\n<meta property=\"og:url\" content=\"https:\/\/chemsyn.com\/fr\/products-solutions\/produits-et-systemes-dassainissement-pour-lentretien-menager\/\" \/>\n<meta property=\"og:site_name\" content=\"Chemsyn\" \/>\n<meta property=\"article:modified_time\" content=\"2022-06-08T10:45:16+00:00\" \/>\n<meta property=\"og:image\" content=\"https:\/\/chemsyn.com\/wp-content\/uploads\/2022\/05\/housekeeping-sanitation-1.jpg\" \/>\n\t<meta property=\"og:image:width\" content=\"426\" \/>\n\t<meta property=\"og:image:height\" content=\"258\" \/>\n\t<meta property=\"og:image:type\" content=\"image\/jpeg\" \/>\n<meta name=\"twitter:card\" content=\"summary_large_image\" \/>\n<meta name=\"twitter:label1\" content=\"Estimation du temps de lecture\" \/>\n\t<meta name=\"twitter:data1\" content=\"2 minutes\" \/>\n<script type=\"application\/ld+json\" class=\"yoast-schema-graph\">{\"@context\":\"https:\/\/schema.org\",\"@graph\":[{\"@type\":\"WebPage\",\"@id\":\"https:\/\/chemsyn.com\/fr\/products-solutions\/produits-et-systemes-dassainissement-pour-lentretien-menager\/\",\"url\":\"https:\/\/chemsyn.com\/fr\/products-solutions\/produits-et-systemes-dassainissement-pour-lentretien-menager\/\",\"name\":\"Produits et syst\u00e8mes d\u2019assainissement pour l\u2019entretien m\u00e9nager - Chemsyn\",\"isPartOf\":{\"@id\":\"https:\/\/chemsyn.com\/fr\/#website\"},\"datePublished\":\"2022-04-22T18:10:57+00:00\",\"dateModified\":\"2022-06-08T10:45:16+00:00\",\"breadcrumb\":{\"@id\":\"https:\/\/chemsyn.com\/fr\/products-solutions\/produits-et-systemes-dassainissement-pour-lentretien-menager\/#breadcrumb\"},\"inLanguage\":\"fr-CA\",\"potentialAction\":[{\"@type\":\"ReadAction\",\"target\":[\"https:\/\/chemsyn.com\/fr\/products-solutions\/produits-et-systemes-dassainissement-pour-lentretien-menager\/\"]}]},{\"@type\":\"BreadcrumbList\",\"@id\":\"https:\/\/chemsyn.com\/fr\/products-solutions\/produits-et-systemes-dassainissement-pour-lentretien-menager\/#breadcrumb\",\"itemListElement\":[{\"@type\":\"ListItem\",\"position\":1,\"name\":\"Home\",\"item\":\"https:\/\/chemsyn.com\/fr\/\"},{\"@type\":\"ListItem\",\"position\":2,\"name\":\"Produits et Solutions\",\"item\":\"https:\/\/chemsyn.com\/fr\/products-solutions\/\"},{\"@type\":\"ListItem\",\"position\":3,\"name\":\"Produits et syst\u00e8mes d\u2019assainissement pour l\u2019entretien m\u00e9nager\"}]},{\"@type\":\"WebSite\",\"@id\":\"https:\/\/chemsyn.com\/fr\/#website\",\"url\":\"https:\/\/chemsyn.com\/fr\/\",\"name\":\"Chemsyn\",\"description\":\"Des solutions pour le monde d'aujourd'hui\",\"publisher\":{\"@id\":\"https:\/\/chemsyn.com\/fr\/#organization\"},\"potentialAction\":[{\"@type\":\"SearchAction\",\"target\":{\"@type\":\"EntryPoint\",\"urlTemplate\":\"https:\/\/chemsyn.com\/fr\/?s={search_term_string}\"},\"query-input\":\"required name=search_term_string\"}],\"inLanguage\":\"fr-CA\"},{\"@type\":\"Organization\",\"@id\":\"https:\/\/chemsyn.com\/fr\/#organization\",\"name\":\"Chemsyn\",\"url\":\"https:\/\/chemsyn.com\/fr\/\",\"logo\":{\"@type\":\"ImageObject\",\"inLanguage\":\"fr-CA\",\"@id\":\"https:\/\/chemsyn.com\/fr\/#\/schema\/logo\/image\/\",\"url\":\"https:\/\/chemsyn.com\/wp-content\/uploads\/2022\/06\/chemsyn-logo-tagline-en.png\",\"contentUrl\":\"https:\/\/chemsyn.com\/wp-content\/uploads\/2022\/06\/chemsyn-logo-tagline-en.png\",\"width\":424,\"height\":106,\"caption\":\"Chemsyn\"},\"image\":{\"@id\":\"https:\/\/chemsyn.com\/fr\/#\/schema\/logo\/image\/\"}}]}<\/script>\n<!-- \/ Yoast SEO plugin. -->","yoast_head_json":{"title":"Produits et syst\u00e8mes d\u2019assainissement pour l\u2019entretien m\u00e9nager - Chemsyn","robots":{"index":"index","follow":"follow","max-snippet":"max-snippet:-1","max-image-preview":"max-image-preview:large","max-video-preview":"max-video-preview:-1"},"canonical":"https:\/\/chemsyn.com\/fr\/products-solutions\/produits-et-systemes-dassainissement-pour-lentretien-menager\/","og_locale":"fr_CA","og_type":"article","og_title":"Produits et syst\u00e8mes d\u2019assainissement pour l\u2019entretien m\u00e9nager - Chemsyn","og_description":"[vc_row full_width=\u00a0\u00bbstretch_row\u00a0\u00bb content_placement=\u00a0\u00bbmiddle\u00a0\u00bb el_class=\u00a0\u00bbpage-banner\u00a0\u00bb css=\u00a0\u00bb.vc_custom_1651763909492{margin-bottom: 40px !important;background-image: url(https:\/\/chemsyn.com\/wp-content\/uploads\/2022\/05\/housekeeping-sanitation-banner.jpg?id=707) !important;background-position: center !important;background-repeat: no-repeat !important;background-size: cover !important;}\u00a0\u00bb][vc_column css=\u00a0\u00bb.vc_custom_1650109296466{padding-top: 0px !important;}\u00a0\u00bb][vc_column_text] PRODUITS ET SYST\u00c8MES D\u2019ASSAINISSEMENT POUR L\u2019ENTRETIEN M\u00c9NAGER [\/vc_column_text][\/vc_column][\/vc_row][vc_row full_width=\u00a0\u00bbstretch_row\u00a0\u00bb css=\u00a0\u00bb.vc_custom_1653038154286{padding-top: 40px !important;padding-bottom: 35px !important;background-image: url(https:\/\/chemsyn.com\/wp-content\/uploads\/2022\/05\/front-and-back-of-house-products-and-solutions.jpg?id=594) !important;background-position: center !important;background-repeat: no-repeat !important;background-size: cover !important;}\u00a0\u00bb el_class=\u00a0\u00bbhome-banner machine-section\u00a0\u00bb][vc_column][vc_column_text]Notre gamme compl\u00e8te de produits de nettoyage commerciaux comprend des produits et des solutions [&hellip;]","og_url":"https:\/\/chemsyn.com\/fr\/products-solutions\/produits-et-systemes-dassainissement-pour-lentretien-menager\/","og_site_name":"Chemsyn","article_modified_time":"2022-06-08T10:45:16+00:00","og_image":[{"width":426,"height":258,"url":"https:\/\/chemsyn.com\/wp-content\/uploads\/2022\/05\/housekeeping-sanitation-1.jpg","type":"image\/jpeg"}],"twitter_card":"summary_large_image","twitter_misc":{"Estimation du temps de lecture":"2 minutes"},"schema":{"@context":"https:\/\/schema.org","@graph":[{"@type":"WebPage","@id":"https:\/\/chemsyn.com\/fr\/products-solutions\/produits-et-systemes-dassainissement-pour-lentretien-menager\/","url":"https:\/\/chemsyn.com\/fr\/products-solutions\/produits-et-systemes-dassainissement-pour-lentretien-menager\/","name":"Produits et syst\u00e8mes d\u2019assainissement pour l\u2019entretien m\u00e9nager - Chemsyn","isPartOf":{"@id":"https:\/\/chemsyn.com\/fr\/#website"},"datePublished":"2022-04-22T18:10:57+00:00","dateModified":"2022-06-08T10:45:16+00:00","breadcrumb":{"@id":"https:\/\/chemsyn.com\/fr\/products-solutions\/produits-et-systemes-dassainissement-pour-lentretien-menager\/#breadcrumb"},"inLanguage":"fr-CA","potentialAction":[{"@type":"ReadAction","target":["https:\/\/chemsyn.com\/fr\/products-solutions\/produits-et-systemes-dassainissement-pour-lentretien-menager\/"]}]},{"@type":"BreadcrumbList","@id":"https:\/\/chemsyn.com\/fr\/products-solutions\/produits-et-systemes-dassainissement-pour-lentretien-menager\/#breadcrumb","itemListElement":[{"@type":"ListItem","position":1,"name":"Home","item":"https:\/\/chemsyn.com\/fr\/"},{"@type":"ListItem","position":2,"name":"Produits et Solutions","item":"https:\/\/chemsyn.com\/fr\/products-solutions\/"},{"@type":"ListItem","position":3,"name":"Produits et syst\u00e8mes d\u2019assainissement pour l\u2019entretien m\u00e9nager"}]},{"@type":"WebSite","@id":"https:\/\/chemsyn.com\/fr\/#website","url":"https:\/\/chemsyn.com\/fr\/","name":"Chemsyn","description":"Des solutions pour le monde d'aujourd'hui","publisher":{"@id":"https:\/\/chemsyn.com\/fr\/#organization"},"potentialAction":[{"@type":"SearchAction","target":{"@type":"EntryPoint","urlTemplate":"https:\/\/chemsyn.com\/fr\/?s={search_term_string}"},"query-input":"required name=search_term_string"}],"inLanguage":"fr-CA"},{"@type":"Organization","@id":"https:\/\/chemsyn.com\/fr\/#organization","name":"Chemsyn","url":"https:\/\/chemsyn.com\/fr\/","logo":{"@type":"ImageObject","inLanguage":"fr-CA","@id":"https:\/\/chemsyn.com\/fr\/#\/schema\/logo\/image\/","url":"https:\/\/chemsyn.com\/wp-content\/uploads\/2022\/06\/chemsyn-logo-tagline-en.png","contentUrl":"https:\/\/chemsyn.com\/wp-content\/uploads\/2022\/06\/chemsyn-logo-tagline-en.png","width":424,"height":106,"caption":"Chemsyn"},"image":{"@id":"https:\/\/chemsyn.com\/fr\/#\/schema\/logo\/image\/"}}]}},"_links":{"self":[{"href":"https:\/\/chemsyn.com\/fr\/wp-json\/wp\/v2\/pages\/1070","targetHints":{"allow":["GET"]}}],"collection":[{"href":"https:\/\/chemsyn.com\/fr\/wp-json\/wp\/v2\/pages"}],"about":[{"href":"https:\/\/chemsyn.com\/fr\/wp-json\/wp\/v2\/types\/page"}],"author":[{"embeddable":true,"href":"https:\/\/chemsyn.com\/fr\/wp-json\/wp\/v2\/users\/2"}],"replies":[{"embeddable":true,"href":"https:\/\/chemsyn.com\/fr\/wp-json\/wp\/v2\/comments?post=1070"}],"version-history":[{"count":4,"href":"https:\/\/chemsyn.com\/fr\/wp-json\/wp\/v2\/pages\/1070\/revisions"}],"predecessor-version":[{"id":1075,"href":"https:\/\/chemsyn.com\/fr\/wp-json\/wp\/v2\/pages\/1070\/revisions\/1075"}],"up":[{"embeddable":true,"href":"https:\/\/chemsyn.com\/fr\/wp-json\/wp\/v2\/pages\/1058"}],"wp:featuredmedia":[{"embeddable":true,"href":"https:\/\/chemsyn.com\/fr\/wp-json\/wp\/v2\/media\/959"}],"wp:attachment":[{"href":"https:\/\/chemsyn.com\/fr\/wp-json\/wp\/v2\/media?parent=1070"}],"curies":[{"name":"wp","href":"https:\/\/api.w.org\/{rel}","templated":true}]}}