{"id":1077,"date":"2022-04-22T15:08:06","date_gmt":"2022-04-22T19:08:06","guid":{"rendered":"https:\/\/chemsyn.com\/?page_id=1077"},"modified":"2022-11-22T10:08:40","modified_gmt":"2022-11-22T15:08:40","slug":"produits-dhygiene-et-equipement-de-distribution","status":"publish","type":"page","link":"https:\/\/chemsyn.com\/fr\/products-solutions\/produits-dhygiene-et-equipement-de-distribution\/","title":{"rendered":"Produits d\u2019hygi\u00e8ne et \u00e9quipement de distribution"},"content":{"rendered":"<p>[vc_row full_width=\u00a0\u00bbstretch_row\u00a0\u00bb content_placement=\u00a0\u00bbmiddle\u00a0\u00bb el_class=\u00a0\u00bbpage-banner\u00a0\u00bb css=\u00a0\u00bb.vc_custom_1651763703862{margin-bottom: 40px !important;background-image: url(https:\/\/chemsyn.com\/wp-content\/uploads\/2022\/05\/hygiene-products-banner.jpg?id=705) !important;background-position: center !important;background-repeat: no-repeat !important;background-size: cover !important;}\u00a0\u00bb][vc_column css=\u00a0\u00bb.vc_custom_1650109296466{padding-top: 0px !important;}\u00a0\u00bb][vc_column_text]<\/p>\n<h1 style=\"text-align: center;\">PRODUITS D&rsquo;HYGI\u00c8NE &amp; \u00c9QUIPEMENT DE DISTRIBUTION<\/h1>\n<p>[\/vc_column_text][\/vc_column][\/vc_row][vc_row full_width=\u00a0\u00bbstretch_row\u00a0\u00bb css=\u00a0\u00bb.vc_custom_1653038139822{padding-top: 40px !important;padding-bottom: 35px !important;background-image: url(https:\/\/chemsyn.com\/wp-content\/uploads\/2022\/05\/high-quality-products.jpg?id=598) !important;background-position: center !important;background-repeat: no-repeat !important;background-size: cover !important;}\u00a0\u00bb el_class=\u00a0\u00bbhome-banner machine-section\u00a0\u00bb][vc_column][vc_column_text]En tant que distributeur de marques de haute qualit\u00e9 comme Purell\u2122, Chemsyn \u00adpropose une gamme compl\u00e8te de produits sanitaires pour les mains et de produits de papier \u00e0 main fiables et privil\u00e9gi\u00e9s, pour tous vos besoins en mati\u00e8re d\u2019hygi\u00e8ne des installations. Aussi, nous mettons un point \u00add\u2019honneur \u00e0 proposer \u00e0 nos clients des produits innovants qui allient de mani\u00e8re id\u00e9ale protection \u00adefficace et s\u00e9curit\u00e9 afin de pr\u00e9server la sant\u00e9 et la s\u00fbret\u00e9 des employ\u00e9s, des clients, des invit\u00e9s et des r\u00e9sidents et de garantir la propret\u00e9 des espaces.[\/vc_column_text][\/vc_column][\/vc_row][vc_row full_width=\u00a0\u00bbstretch_row_content_no_spaces\u00a0\u00bb content_placement=\u00a0\u00bbmiddle\u00a0\u00bb css=\u00a0\u00bb.vc_custom_1652968836461{background-color: #ffffff !important;}\u00a0\u00bb][vc_column width=\u00a0\u00bb2\/3&Prime; css=\u00a0\u00bb.vc_custom_1652968779436{padding-right: 40px !important;padding-left: 80px !important;}\u00a0\u00bb][vc_column_text]<\/p>\n<h4 class=\"light-blue-text sub-title\">CHEMSYN TOTALCARE\u2122<\/h4>\n<h2>PROGRAMME DE SOINS DES MAINS SANS CONTACT TOTALCARE\u2122<\/h2>\n<ul class=\"tick\">\n<li>D\u00e9sinfectants pour les mains en mousse et en gel<\/li>\n<li>Savons pour les mains en mousse et en lotion<\/li>\n<li>Distributeurs et supports<\/li>\n<\/ul>\n<p>[\/vc_column_text][\/vc_column][vc_column width=\u00a0\u00bb1\/3&Prime; css=\u00a0\u00bb.vc_custom_1652968756649{padding-top: 0px !important;}\u00a0\u00bb][vc_single_image image=\u00a0\u00bb977&Prime; img_size=\u00a0\u00bbfull\u00a0\u00bb alignment=\u00a0\u00bbcenter\u00a0\u00bb css=\u00a0\u00bb.vc_custom_1652968749437{margin-bottom: 0px !important;}\u00a0\u00bb][\/vc_column][\/vc_row][vc_row full_width=\u00a0\u00bbstretch_row\u00a0\u00bb equal_height=\u00a0\u00bbyes\u00a0\u00bb content_placement=\u00a0\u00bbmiddle\u00a0\u00bb css=\u00a0\u00bb.vc_custom_1651656215426{background-color: #e8f7fc !important;}\u00a0\u00bb el_class=\u00a0\u00bbfull-width-row\u00a0\u00bb][vc_column width=\u00a0\u00bb1\/3&Prime; css=\u00a0\u00bb.vc_custom_1651656196223{padding-top: 0px !important;background-image: url(https:\/\/chemsyn.com\/wp-content\/uploads\/2022\/05\/09729-Dispenser_HR.png?id=604) !important;background-position: center !important;background-repeat: no-repeat !important;background-size: contain !important;}\u00a0\u00bb][vc_empty_space height=\u00a0\u00bb400px\u00a0\u00bb][\/vc_column][vc_column width=\u00a0\u00bb2\/3&Prime; css=\u00a0\u00bb.vc_custom_1650113481780{padding-right: 80px !important;padding-left: 40px !important;}\u00a0\u00bb el_class=\u00a0\u00bbcontent-col\u00a0\u00bb][vc_column_text]<\/p>\n<h4 class=\"light-blue-text sub-title\">CHEMSYN TOTALCARE\u2122<\/h4>\n<h2>PROGRAMME DE PAPIER \u00c0 MAIN SANS CONTACT ET MANUEL TOTALCARE\u2122<\/h2>\n<ul class=\"tick\">\n<li>Papier hygi\u00e9nique et distributeurs<\/li>\n<li>Essuie-mains et distributeurs<\/li>\n<li>Mouchoirs en papier<\/li>\n<\/ul>\n<p>[\/vc_column_text][\/vc_column][\/vc_row][vc_row full_width=\u00a0\u00bbstretch_row_content_no_spaces\u00a0\u00bb content_placement=\u00a0\u00bbmiddle\u00a0\u00bb disable_element=\u00a0\u00bbyes\u00a0\u00bb css=\u00a0\u00bb.vc_custom_1669128478782{background-color: #ffffff !important;}\u00a0\u00bb][vc_column width=\u00a0\u00bb2\/3&Prime; css=\u00a0\u00bb.vc_custom_1652968863474{padding-right: 40px !important;padding-left: 80px !important;}\u00a0\u00bb][vc_column_text]<\/p>\n<h4 class=\"light-blue-text sub-title\">CHEMSYN TOTALCARE\u2122<\/h4>\n<h2>PROGRAMME D\u2019ASSAINISSEMENT DE L\u2019AIR TOTALCARE\u2122, \u00c9CRANS ANTI-\u00c9CLABOUSSURES POUR URINOIRS ET PLUS<\/h2>\n<p><a class=\"blue-cta\" href=\"\/fr\/contact\/\">Appelez-nous pour une consultation gratuite sans engagement\u2009!<\/a>[\/vc_column_text][\/vc_column][vc_column width=\u00a0\u00bb1\/3&Prime; css=\u00a0\u00bb.vc_custom_1652968827845{padding-top: 0px !important;}\u00a0\u00bb][vc_single_image image=\u00a0\u00bb978&Prime; img_size=\u00a0\u00bbfull\u00a0\u00bb alignment=\u00a0\u00bbcenter\u00a0\u00bb css=\u00a0\u00bb.vc_custom_1652968799908{margin-bottom: 0px !important;}\u00a0\u00bb][\/vc_column][\/vc_row]<\/p>\n","protected":false},"excerpt":{"rendered":"<p>[vc_row full_width=\u00a0\u00bbstretch_row\u00a0\u00bb content_placement=\u00a0\u00bbmiddle\u00a0\u00bb el_class=\u00a0\u00bbpage-banner\u00a0\u00bb css=\u00a0\u00bb.vc_custom_1651763703862{margin-bottom: 40px !important;background-image: url(https:\/\/chemsyn.com\/wp-content\/uploads\/2022\/05\/hygiene-products-banner.jpg?id=705) !important;background-position: center !important;background-repeat: no-repeat !important;background-size: cover !important;}\u00a0\u00bb][vc_column css=\u00a0\u00bb.vc_custom_1650109296466{padding-top: 0px !important;}\u00a0\u00bb][vc_column_text] PRODUITS D&rsquo;HYGI\u00c8NE &amp; \u00c9QUIPEMENT DE DISTRIBUTION [\/vc_column_text][\/vc_column][\/vc_row][vc_row full_width=\u00a0\u00bbstretch_row\u00a0\u00bb css=\u00a0\u00bb.vc_custom_1653038139822{padding-top: 40px !important;padding-bottom: 35px !important;background-image: url(https:\/\/chemsyn.com\/wp-content\/uploads\/2022\/05\/high-quality-products.jpg?id=598) !important;background-position: center !important;background-repeat: no-repeat !important;background-size: cover !important;}\u00a0\u00bb el_class=\u00a0\u00bbhome-banner machine-section\u00a0\u00bb][vc_column][vc_column_text]En tant que distributeur de marques de haute qualit\u00e9 comme Purell\u2122, Chemsyn \u00adpropose une gamme [&hellip;]<\/p>\n","protected":false},"author":2,"featured_media":956,"parent":1058,"menu_order":0,"comment_status":"closed","ping_status":"closed","template":"fullwidth.php","meta":{"footnotes":""},"class_list":["post-1077","page","type-page","status-publish","has-post-thumbnail","hentry"],"acf":[],"yoast_head":"<!-- This site is optimized with the Yoast SEO plugin v19.10 - https:\/\/yoast.com\/wordpress\/plugins\/seo\/ -->\n<title>Produits d\u2019hygi\u00e8ne et \u00e9quipement de distribution - Chemsyn<\/title>\n<meta name=\"robots\" content=\"index, follow, max-snippet:-1, max-image-preview:large, max-video-preview:-1\" \/>\n<link rel=\"canonical\" href=\"https:\/\/chemsyn.com\/fr\/products-solutions\/produits-dhygiene-et-equipement-de-distribution\/\" \/>\n<meta property=\"og:locale\" content=\"fr_CA\" \/>\n<meta property=\"og:type\" content=\"article\" \/>\n<meta property=\"og:title\" content=\"Produits d\u2019hygi\u00e8ne et \u00e9quipement de distribution - Chemsyn\" \/>\n<meta property=\"og:description\" content=\"[vc_row full_width=\u00a0\u00bbstretch_row\u00a0\u00bb content_placement=\u00a0\u00bbmiddle\u00a0\u00bb el_class=\u00a0\u00bbpage-banner\u00a0\u00bb css=\u00a0\u00bb.vc_custom_1651763703862{margin-bottom: 40px !important;background-image: url(https:\/\/chemsyn.com\/wp-content\/uploads\/2022\/05\/hygiene-products-banner.jpg?id=705) !important;background-position: center !important;background-repeat: no-repeat !important;background-size: cover !important;}\u00a0\u00bb][vc_column css=\u00a0\u00bb.vc_custom_1650109296466{padding-top: 0px !important;}\u00a0\u00bb][vc_column_text] PRODUITS D&rsquo;HYGI\u00c8NE &amp; \u00c9QUIPEMENT DE DISTRIBUTION [\/vc_column_text][\/vc_column][\/vc_row][vc_row full_width=\u00a0\u00bbstretch_row\u00a0\u00bb css=\u00a0\u00bb.vc_custom_1653038139822{padding-top: 40px !important;padding-bottom: 35px !important;background-image: url(https:\/\/chemsyn.com\/wp-content\/uploads\/2022\/05\/high-quality-products.jpg?id=598) !important;background-position: center !important;background-repeat: no-repeat !important;background-size: cover !important;}\u00a0\u00bb el_class=\u00a0\u00bbhome-banner machine-section\u00a0\u00bb][vc_column][vc_column_text]En tant que distributeur de marques de haute qualit\u00e9 comme Purell\u2122, Chemsyn \u00adpropose une gamme [&hellip;]\" \/>\n<meta property=\"og:url\" content=\"https:\/\/chemsyn.com\/fr\/products-solutions\/produits-dhygiene-et-equipement-de-distribution\/\" \/>\n<meta property=\"og:site_name\" content=\"Chemsyn\" \/>\n<meta property=\"article:modified_time\" content=\"2022-11-22T15:08:40+00:00\" \/>\n<meta property=\"og:image\" content=\"https:\/\/chemsyn.com\/wp-content\/uploads\/2022\/05\/higiene-products.jpg\" \/>\n\t<meta property=\"og:image:width\" content=\"426\" \/>\n\t<meta property=\"og:image:height\" content=\"258\" \/>\n\t<meta property=\"og:image:type\" content=\"image\/jpeg\" \/>\n<meta name=\"twitter:card\" content=\"summary_large_image\" \/>\n<meta name=\"twitter:label1\" content=\"Estimation du temps de lecture\" \/>\n\t<meta name=\"twitter:data1\" content=\"2 minutes\" \/>\n<script type=\"application\/ld+json\" class=\"yoast-schema-graph\">{\"@context\":\"https:\/\/schema.org\",\"@graph\":[{\"@type\":\"WebPage\",\"@id\":\"https:\/\/chemsyn.com\/fr\/products-solutions\/produits-dhygiene-et-equipement-de-distribution\/\",\"url\":\"https:\/\/chemsyn.com\/fr\/products-solutions\/produits-dhygiene-et-equipement-de-distribution\/\",\"name\":\"Produits d\u2019hygi\u00e8ne et \u00e9quipement de distribution - Chemsyn\",\"isPartOf\":{\"@id\":\"https:\/\/chemsyn.com\/fr\/#website\"},\"datePublished\":\"2022-04-22T19:08:06+00:00\",\"dateModified\":\"2022-11-22T15:08:40+00:00\",\"breadcrumb\":{\"@id\":\"https:\/\/chemsyn.com\/fr\/products-solutions\/produits-dhygiene-et-equipement-de-distribution\/#breadcrumb\"},\"inLanguage\":\"fr-CA\",\"potentialAction\":[{\"@type\":\"ReadAction\",\"target\":[\"https:\/\/chemsyn.com\/fr\/products-solutions\/produits-dhygiene-et-equipement-de-distribution\/\"]}]},{\"@type\":\"BreadcrumbList\",\"@id\":\"https:\/\/chemsyn.com\/fr\/products-solutions\/produits-dhygiene-et-equipement-de-distribution\/#breadcrumb\",\"itemListElement\":[{\"@type\":\"ListItem\",\"position\":1,\"name\":\"Home\",\"item\":\"https:\/\/chemsyn.com\/fr\/\"},{\"@type\":\"ListItem\",\"position\":2,\"name\":\"Produits et Solutions\",\"item\":\"https:\/\/chemsyn.com\/fr\/products-solutions\/\"},{\"@type\":\"ListItem\",\"position\":3,\"name\":\"Produits d\u2019hygi\u00e8ne et \u00e9quipement de distribution\"}]},{\"@type\":\"WebSite\",\"@id\":\"https:\/\/chemsyn.com\/fr\/#website\",\"url\":\"https:\/\/chemsyn.com\/fr\/\",\"name\":\"Chemsyn\",\"description\":\"Des solutions pour le monde d'aujourd'hui\",\"publisher\":{\"@id\":\"https:\/\/chemsyn.com\/fr\/#organization\"},\"potentialAction\":[{\"@type\":\"SearchAction\",\"target\":{\"@type\":\"EntryPoint\",\"urlTemplate\":\"https:\/\/chemsyn.com\/fr\/?s={search_term_string}\"},\"query-input\":\"required name=search_term_string\"}],\"inLanguage\":\"fr-CA\"},{\"@type\":\"Organization\",\"@id\":\"https:\/\/chemsyn.com\/fr\/#organization\",\"name\":\"Chemsyn\",\"url\":\"https:\/\/chemsyn.com\/fr\/\",\"logo\":{\"@type\":\"ImageObject\",\"inLanguage\":\"fr-CA\",\"@id\":\"https:\/\/chemsyn.com\/fr\/#\/schema\/logo\/image\/\",\"url\":\"https:\/\/chemsyn.com\/wp-content\/uploads\/2022\/06\/chemsyn-logo-tagline-en.png\",\"contentUrl\":\"https:\/\/chemsyn.com\/wp-content\/uploads\/2022\/06\/chemsyn-logo-tagline-en.png\",\"width\":424,\"height\":106,\"caption\":\"Chemsyn\"},\"image\":{\"@id\":\"https:\/\/chemsyn.com\/fr\/#\/schema\/logo\/image\/\"}}]}<\/script>\n<!-- \/ Yoast SEO plugin. -->","yoast_head_json":{"title":"Produits d\u2019hygi\u00e8ne et \u00e9quipement de distribution - Chemsyn","robots":{"index":"index","follow":"follow","max-snippet":"max-snippet:-1","max-image-preview":"max-image-preview:large","max-video-preview":"max-video-preview:-1"},"canonical":"https:\/\/chemsyn.com\/fr\/products-solutions\/produits-dhygiene-et-equipement-de-distribution\/","og_locale":"fr_CA","og_type":"article","og_title":"Produits d\u2019hygi\u00e8ne et \u00e9quipement de distribution - Chemsyn","og_description":"[vc_row full_width=\u00a0\u00bbstretch_row\u00a0\u00bb content_placement=\u00a0\u00bbmiddle\u00a0\u00bb el_class=\u00a0\u00bbpage-banner\u00a0\u00bb css=\u00a0\u00bb.vc_custom_1651763703862{margin-bottom: 40px !important;background-image: url(https:\/\/chemsyn.com\/wp-content\/uploads\/2022\/05\/hygiene-products-banner.jpg?id=705) !important;background-position: center !important;background-repeat: no-repeat !important;background-size: cover !important;}\u00a0\u00bb][vc_column css=\u00a0\u00bb.vc_custom_1650109296466{padding-top: 0px !important;}\u00a0\u00bb][vc_column_text] PRODUITS D&rsquo;HYGI\u00c8NE &amp; \u00c9QUIPEMENT DE DISTRIBUTION [\/vc_column_text][\/vc_column][\/vc_row][vc_row full_width=\u00a0\u00bbstretch_row\u00a0\u00bb css=\u00a0\u00bb.vc_custom_1653038139822{padding-top: 40px !important;padding-bottom: 35px !important;background-image: url(https:\/\/chemsyn.com\/wp-content\/uploads\/2022\/05\/high-quality-products.jpg?id=598) !important;background-position: center !important;background-repeat: no-repeat !important;background-size: cover !important;}\u00a0\u00bb el_class=\u00a0\u00bbhome-banner machine-section\u00a0\u00bb][vc_column][vc_column_text]En tant que distributeur de marques de haute qualit\u00e9 comme Purell\u2122, Chemsyn \u00adpropose une gamme [&hellip;]","og_url":"https:\/\/chemsyn.com\/fr\/products-solutions\/produits-dhygiene-et-equipement-de-distribution\/","og_site_name":"Chemsyn","article_modified_time":"2022-11-22T15:08:40+00:00","og_image":[{"width":426,"height":258,"url":"https:\/\/chemsyn.com\/wp-content\/uploads\/2022\/05\/higiene-products.jpg","type":"image\/jpeg"}],"twitter_card":"summary_large_image","twitter_misc":{"Estimation du temps de lecture":"2 minutes"},"schema":{"@context":"https:\/\/schema.org","@graph":[{"@type":"WebPage","@id":"https:\/\/chemsyn.com\/fr\/products-solutions\/produits-dhygiene-et-equipement-de-distribution\/","url":"https:\/\/chemsyn.com\/fr\/products-solutions\/produits-dhygiene-et-equipement-de-distribution\/","name":"Produits d\u2019hygi\u00e8ne et \u00e9quipement de distribution - Chemsyn","isPartOf":{"@id":"https:\/\/chemsyn.com\/fr\/#website"},"datePublished":"2022-04-22T19:08:06+00:00","dateModified":"2022-11-22T15:08:40+00:00","breadcrumb":{"@id":"https:\/\/chemsyn.com\/fr\/products-solutions\/produits-dhygiene-et-equipement-de-distribution\/#breadcrumb"},"inLanguage":"fr-CA","potentialAction":[{"@type":"ReadAction","target":["https:\/\/chemsyn.com\/fr\/products-solutions\/produits-dhygiene-et-equipement-de-distribution\/"]}]},{"@type":"BreadcrumbList","@id":"https:\/\/chemsyn.com\/fr\/products-solutions\/produits-dhygiene-et-equipement-de-distribution\/#breadcrumb","itemListElement":[{"@type":"ListItem","position":1,"name":"Home","item":"https:\/\/chemsyn.com\/fr\/"},{"@type":"ListItem","position":2,"name":"Produits et Solutions","item":"https:\/\/chemsyn.com\/fr\/products-solutions\/"},{"@type":"ListItem","position":3,"name":"Produits d\u2019hygi\u00e8ne et \u00e9quipement de distribution"}]},{"@type":"WebSite","@id":"https:\/\/chemsyn.com\/fr\/#website","url":"https:\/\/chemsyn.com\/fr\/","name":"Chemsyn","description":"Des solutions pour le monde d'aujourd'hui","publisher":{"@id":"https:\/\/chemsyn.com\/fr\/#organization"},"potentialAction":[{"@type":"SearchAction","target":{"@type":"EntryPoint","urlTemplate":"https:\/\/chemsyn.com\/fr\/?s={search_term_string}"},"query-input":"required name=search_term_string"}],"inLanguage":"fr-CA"},{"@type":"Organization","@id":"https:\/\/chemsyn.com\/fr\/#organization","name":"Chemsyn","url":"https:\/\/chemsyn.com\/fr\/","logo":{"@type":"ImageObject","inLanguage":"fr-CA","@id":"https:\/\/chemsyn.com\/fr\/#\/schema\/logo\/image\/","url":"https:\/\/chemsyn.com\/wp-content\/uploads\/2022\/06\/chemsyn-logo-tagline-en.png","contentUrl":"https:\/\/chemsyn.com\/wp-content\/uploads\/2022\/06\/chemsyn-logo-tagline-en.png","width":424,"height":106,"caption":"Chemsyn"},"image":{"@id":"https:\/\/chemsyn.com\/fr\/#\/schema\/logo\/image\/"}}]}},"_links":{"self":[{"href":"https:\/\/chemsyn.com\/fr\/wp-json\/wp\/v2\/pages\/1077","targetHints":{"allow":["GET"]}}],"collection":[{"href":"https:\/\/chemsyn.com\/fr\/wp-json\/wp\/v2\/pages"}],"about":[{"href":"https:\/\/chemsyn.com\/fr\/wp-json\/wp\/v2\/types\/page"}],"author":[{"embeddable":true,"href":"https:\/\/chemsyn.com\/fr\/wp-json\/wp\/v2\/users\/2"}],"replies":[{"embeddable":true,"href":"https:\/\/chemsyn.com\/fr\/wp-json\/wp\/v2\/comments?post=1077"}],"version-history":[{"count":9,"href":"https:\/\/chemsyn.com\/fr\/wp-json\/wp\/v2\/pages\/1077\/revisions"}],"predecessor-version":[{"id":1285,"href":"https:\/\/chemsyn.com\/fr\/wp-json\/wp\/v2\/pages\/1077\/revisions\/1285"}],"up":[{"embeddable":true,"href":"https:\/\/chemsyn.com\/fr\/wp-json\/wp\/v2\/pages\/1058"}],"wp:featuredmedia":[{"embeddable":true,"href":"https:\/\/chemsyn.com\/fr\/wp-json\/wp\/v2\/media\/956"}],"wp:attachment":[{"href":"https:\/\/chemsyn.com\/fr\/wp-json\/wp\/v2\/media?parent=1077"}],"curies":[{"name":"wp","href":"https:\/\/api.w.org\/{rel}","templated":true}]}}