{"id":1082,"date":"2022-04-22T15:24:42","date_gmt":"2022-04-22T19:24:42","guid":{"rendered":"https:\/\/chemsyn.com\/?page_id=1082"},"modified":"2022-06-08T07:00:16","modified_gmt":"2022-06-08T11:00:16","slug":"programmes-de-location-et-dachat-de-machines","status":"publish","type":"page","link":"https:\/\/chemsyn.com\/fr\/products-solutions\/programmes-de-location-et-dachat-de-machines\/","title":{"rendered":"Programmes de location et d\u2019achat de machines"},"content":{"rendered":"<p>[vc_row full_width=\u00a0\u00bbstretch_row\u00a0\u00bb content_placement=\u00a0\u00bbmiddle\u00a0\u00bb el_class=\u00a0\u00bbpage-banner\u00a0\u00bb css=\u00a0\u00bb.vc_custom_1651766997729{margin-bottom: 40px !important;background-image: url(https:\/\/chemsyn.com\/wp-content\/uploads\/2022\/05\/machine-leasing-and-purchasing-banner.jpg?id=729) !important;background-position: center !important;background-repeat: no-repeat !important;background-size: cover !important;}\u00a0\u00bb][vc_column css=\u00a0\u00bb.vc_custom_1650109296466{padding-top: 0px !important;}\u00a0\u00bb][vc_column_text]<\/p>\n<h1 style=\"text-align: center;\">PROGRAMMES DE LOCATION ET D\u2019ACHAT DE MACHINES<\/h1>\n<p>[\/vc_column_text][\/vc_column][\/vc_row][vc_row full_width=\u00a0\u00bbstretch_row\u00a0\u00bb css=\u00a0\u00bb.vc_custom_1653038116877{padding-top: 40px !important;padding-bottom: 35px !important;background-image: url(https:\/\/chemsyn.com\/wp-content\/uploads\/2022\/05\/a-wide-selection-of-warewash-systems.jpg?id=610) !important;background-position: center !important;background-repeat: no-repeat !important;background-size: cover !important;}\u00a0\u00bb el_class=\u00a0\u00bbhome-banner machine-section\u00a0\u00bb][vc_column][vc_column_text]Chemsyn est fi\u00e8re de s\u2019associer \u00e0 des marques de pointe comme Champion Moyer-Diebel, American Dish Machines, Hobart, CMA et plus pour vous fournir une large s\u00e9lection de syst\u00e8mes de lavage de vaisselle en machine de pr\u00e9cision fiables et de haute qualit\u00e9 Energy Star\u2122.[\/vc_column_text][\/vc_column][\/vc_row][vc_row content_placement=\u00a0\u00bbmiddle\u00a0\u00bb css=\u00a0\u00bb.vc_custom_1650111824707{padding-top: 30px !important;padding-bottom: 30px !important;}\u00a0\u00bb][vc_column width=\u00a0\u00bb2\/3&Prime;][vc_column_text]<\/p>\n<h4 class=\"light-blue-text sub-title\">CHEMSYN TOTALCARE\u2122<\/h4>\n<h2>DES OPTIONS DE LOCATION FLEXIBLES ET RENTABLES POUR R\u00c9PONDRE \u00c0 VOS BESOINS<\/h2>\n<p>Ce programme \u00advous offre des options de location flexibles et peu co\u00fbteuses sans l\u2019investissement initial \u00e9lev\u00e9 g\u00e9n\u00e9ralement n\u00e9cessaire pour la mise en service d\u2019un programme de lavage de vaisselle commercial. Le programme comprend un <span style=\"color: #22b1dd;\">entretien pr\u00e9ventif du syst\u00e8me<\/span> sans frais et un <span style=\"color: #22b1dd;\">v\u00e9ritable service d\u2019assistance d\u2019urgence 24 heures sur 24 et 7 jours sur 7<\/span>, avec une garantie sur les pi\u00e8ces et la main-d\u2019\u0153uvre pendant toute la dur\u00e9e de location de la machine, ce qui vous donne un contr\u00f4le total de votre syst\u00e8me de lavage de vaisselle.<\/p>\n<p><strong>Contactez-nous <span style=\"color: #22b1dd;\">SANS FRAIS<\/span> au <span style=\"color: #22b1dd;\">1-833-888-CHEM (2436)<\/span> pour en savoir plus sur nos programmes de location et d\u2019achat de machines.<\/strong>[\/vc_column_text][\/vc_column][vc_column width=\u00a0\u00bb1\/3&Prime;][vc_single_image image=\u00a0\u00bb898&Prime; img_size=\u00a0\u00bbfull\u00a0\u00bb alignment=\u00a0\u00bbcenter\u00a0\u00bb][\/vc_column][\/vc_row]<\/p>\n","protected":false},"excerpt":{"rendered":"<p>[vc_row full_width=\u00a0\u00bbstretch_row\u00a0\u00bb content_placement=\u00a0\u00bbmiddle\u00a0\u00bb el_class=\u00a0\u00bbpage-banner\u00a0\u00bb css=\u00a0\u00bb.vc_custom_1651766997729{margin-bottom: 40px !important;background-image: url(https:\/\/chemsyn.com\/wp-content\/uploads\/2022\/05\/machine-leasing-and-purchasing-banner.jpg?id=729) !important;background-position: center !important;background-repeat: no-repeat !important;background-size: cover !important;}\u00a0\u00bb][vc_column css=\u00a0\u00bb.vc_custom_1650109296466{padding-top: 0px !important;}\u00a0\u00bb][vc_column_text] PROGRAMMES DE LOCATION ET D\u2019ACHAT DE MACHINES [\/vc_column_text][\/vc_column][\/vc_row][vc_row full_width=\u00a0\u00bbstretch_row\u00a0\u00bb css=\u00a0\u00bb.vc_custom_1653038116877{padding-top: 40px !important;padding-bottom: 35px !important;background-image: url(https:\/\/chemsyn.com\/wp-content\/uploads\/2022\/05\/a-wide-selection-of-warewash-systems.jpg?id=610) !important;background-position: center !important;background-repeat: no-repeat !important;background-size: cover !important;}\u00a0\u00bb el_class=\u00a0\u00bbhome-banner machine-section\u00a0\u00bb][vc_column][vc_column_text]Chemsyn est fi\u00e8re de s\u2019associer \u00e0 des marques de pointe comme Champion Moyer-Diebel, American [&hellip;]<\/p>\n","protected":false},"author":2,"featured_media":970,"parent":1058,"menu_order":0,"comment_status":"closed","ping_status":"closed","template":"fullwidth.php","meta":{"footnotes":""},"class_list":["post-1082","page","type-page","status-publish","has-post-thumbnail","hentry"],"acf":[],"yoast_head":"<!-- This site is optimized with the Yoast SEO plugin v19.10 - https:\/\/yoast.com\/wordpress\/plugins\/seo\/ -->\n<title>Programmes de location et d\u2019achat de machines - Chemsyn<\/title>\n<meta name=\"robots\" content=\"index, follow, max-snippet:-1, max-image-preview:large, max-video-preview:-1\" \/>\n<link rel=\"canonical\" href=\"https:\/\/chemsyn.com\/fr\/products-solutions\/programmes-de-location-et-dachat-de-machines\/\" \/>\n<meta property=\"og:locale\" content=\"fr_CA\" \/>\n<meta property=\"og:type\" content=\"article\" \/>\n<meta property=\"og:title\" content=\"Programmes de location et d\u2019achat de machines - Chemsyn\" \/>\n<meta property=\"og:description\" content=\"[vc_row full_width=\u00a0\u00bbstretch_row\u00a0\u00bb content_placement=\u00a0\u00bbmiddle\u00a0\u00bb el_class=\u00a0\u00bbpage-banner\u00a0\u00bb css=\u00a0\u00bb.vc_custom_1651766997729{margin-bottom: 40px !important;background-image: url(https:\/\/chemsyn.com\/wp-content\/uploads\/2022\/05\/machine-leasing-and-purchasing-banner.jpg?id=729) !important;background-position: center !important;background-repeat: no-repeat !important;background-size: cover !important;}\u00a0\u00bb][vc_column css=\u00a0\u00bb.vc_custom_1650109296466{padding-top: 0px !important;}\u00a0\u00bb][vc_column_text] PROGRAMMES DE LOCATION ET D\u2019ACHAT DE MACHINES [\/vc_column_text][\/vc_column][\/vc_row][vc_row full_width=\u00a0\u00bbstretch_row\u00a0\u00bb css=\u00a0\u00bb.vc_custom_1653038116877{padding-top: 40px !important;padding-bottom: 35px !important;background-image: url(https:\/\/chemsyn.com\/wp-content\/uploads\/2022\/05\/a-wide-selection-of-warewash-systems.jpg?id=610) !important;background-position: center !important;background-repeat: no-repeat !important;background-size: cover !important;}\u00a0\u00bb el_class=\u00a0\u00bbhome-banner machine-section\u00a0\u00bb][vc_column][vc_column_text]Chemsyn est fi\u00e8re de s\u2019associer \u00e0 des marques de pointe comme Champion Moyer-Diebel, American [&hellip;]\" \/>\n<meta property=\"og:url\" content=\"https:\/\/chemsyn.com\/fr\/products-solutions\/programmes-de-location-et-dachat-de-machines\/\" \/>\n<meta property=\"og:site_name\" content=\"Chemsyn\" \/>\n<meta property=\"article:modified_time\" content=\"2022-06-08T11:00:16+00:00\" \/>\n<meta property=\"og:image\" content=\"https:\/\/chemsyn.com\/wp-content\/uploads\/2022\/05\/machine-leasing-and-purchasing.jpg\" \/>\n\t<meta property=\"og:image:width\" content=\"426\" \/>\n\t<meta property=\"og:image:height\" content=\"258\" \/>\n\t<meta property=\"og:image:type\" content=\"image\/jpeg\" \/>\n<meta name=\"twitter:card\" content=\"summary_large_image\" \/>\n<meta name=\"twitter:label1\" content=\"Estimation du temps de lecture\" \/>\n\t<meta name=\"twitter:data1\" content=\"2 minutes\" \/>\n<script type=\"application\/ld+json\" class=\"yoast-schema-graph\">{\"@context\":\"https:\/\/schema.org\",\"@graph\":[{\"@type\":\"WebPage\",\"@id\":\"https:\/\/chemsyn.com\/fr\/products-solutions\/programmes-de-location-et-dachat-de-machines\/\",\"url\":\"https:\/\/chemsyn.com\/fr\/products-solutions\/programmes-de-location-et-dachat-de-machines\/\",\"name\":\"Programmes de location et d\u2019achat de machines - Chemsyn\",\"isPartOf\":{\"@id\":\"https:\/\/chemsyn.com\/fr\/#website\"},\"datePublished\":\"2022-04-22T19:24:42+00:00\",\"dateModified\":\"2022-06-08T11:00:16+00:00\",\"breadcrumb\":{\"@id\":\"https:\/\/chemsyn.com\/fr\/products-solutions\/programmes-de-location-et-dachat-de-machines\/#breadcrumb\"},\"inLanguage\":\"fr-CA\",\"potentialAction\":[{\"@type\":\"ReadAction\",\"target\":[\"https:\/\/chemsyn.com\/fr\/products-solutions\/programmes-de-location-et-dachat-de-machines\/\"]}]},{\"@type\":\"BreadcrumbList\",\"@id\":\"https:\/\/chemsyn.com\/fr\/products-solutions\/programmes-de-location-et-dachat-de-machines\/#breadcrumb\",\"itemListElement\":[{\"@type\":\"ListItem\",\"position\":1,\"name\":\"Home\",\"item\":\"https:\/\/chemsyn.com\/fr\/\"},{\"@type\":\"ListItem\",\"position\":2,\"name\":\"Produits et Solutions\",\"item\":\"https:\/\/chemsyn.com\/fr\/products-solutions\/\"},{\"@type\":\"ListItem\",\"position\":3,\"name\":\"Programmes de location et d\u2019achat de machines\"}]},{\"@type\":\"WebSite\",\"@id\":\"https:\/\/chemsyn.com\/fr\/#website\",\"url\":\"https:\/\/chemsyn.com\/fr\/\",\"name\":\"Chemsyn\",\"description\":\"Des solutions pour le monde d'aujourd'hui\",\"publisher\":{\"@id\":\"https:\/\/chemsyn.com\/fr\/#organization\"},\"potentialAction\":[{\"@type\":\"SearchAction\",\"target\":{\"@type\":\"EntryPoint\",\"urlTemplate\":\"https:\/\/chemsyn.com\/fr\/?s={search_term_string}\"},\"query-input\":\"required name=search_term_string\"}],\"inLanguage\":\"fr-CA\"},{\"@type\":\"Organization\",\"@id\":\"https:\/\/chemsyn.com\/fr\/#organization\",\"name\":\"Chemsyn\",\"url\":\"https:\/\/chemsyn.com\/fr\/\",\"logo\":{\"@type\":\"ImageObject\",\"inLanguage\":\"fr-CA\",\"@id\":\"https:\/\/chemsyn.com\/fr\/#\/schema\/logo\/image\/\",\"url\":\"https:\/\/chemsyn.com\/wp-content\/uploads\/2022\/06\/chemsyn-logo-tagline-en.png\",\"contentUrl\":\"https:\/\/chemsyn.com\/wp-content\/uploads\/2022\/06\/chemsyn-logo-tagline-en.png\",\"width\":424,\"height\":106,\"caption\":\"Chemsyn\"},\"image\":{\"@id\":\"https:\/\/chemsyn.com\/fr\/#\/schema\/logo\/image\/\"}}]}<\/script>\n<!-- \/ Yoast SEO plugin. -->","yoast_head_json":{"title":"Programmes de location et d\u2019achat de machines - Chemsyn","robots":{"index":"index","follow":"follow","max-snippet":"max-snippet:-1","max-image-preview":"max-image-preview:large","max-video-preview":"max-video-preview:-1"},"canonical":"https:\/\/chemsyn.com\/fr\/products-solutions\/programmes-de-location-et-dachat-de-machines\/","og_locale":"fr_CA","og_type":"article","og_title":"Programmes de location et d\u2019achat de machines - Chemsyn","og_description":"[vc_row full_width=\u00a0\u00bbstretch_row\u00a0\u00bb content_placement=\u00a0\u00bbmiddle\u00a0\u00bb el_class=\u00a0\u00bbpage-banner\u00a0\u00bb css=\u00a0\u00bb.vc_custom_1651766997729{margin-bottom: 40px !important;background-image: url(https:\/\/chemsyn.com\/wp-content\/uploads\/2022\/05\/machine-leasing-and-purchasing-banner.jpg?id=729) !important;background-position: center !important;background-repeat: no-repeat !important;background-size: cover !important;}\u00a0\u00bb][vc_column css=\u00a0\u00bb.vc_custom_1650109296466{padding-top: 0px !important;}\u00a0\u00bb][vc_column_text] PROGRAMMES DE LOCATION ET D\u2019ACHAT DE MACHINES [\/vc_column_text][\/vc_column][\/vc_row][vc_row full_width=\u00a0\u00bbstretch_row\u00a0\u00bb css=\u00a0\u00bb.vc_custom_1653038116877{padding-top: 40px !important;padding-bottom: 35px !important;background-image: url(https:\/\/chemsyn.com\/wp-content\/uploads\/2022\/05\/a-wide-selection-of-warewash-systems.jpg?id=610) !important;background-position: center !important;background-repeat: no-repeat !important;background-size: cover !important;}\u00a0\u00bb el_class=\u00a0\u00bbhome-banner machine-section\u00a0\u00bb][vc_column][vc_column_text]Chemsyn est fi\u00e8re de s\u2019associer \u00e0 des marques de pointe comme Champion Moyer-Diebel, American [&hellip;]","og_url":"https:\/\/chemsyn.com\/fr\/products-solutions\/programmes-de-location-et-dachat-de-machines\/","og_site_name":"Chemsyn","article_modified_time":"2022-06-08T11:00:16+00:00","og_image":[{"width":426,"height":258,"url":"https:\/\/chemsyn.com\/wp-content\/uploads\/2022\/05\/machine-leasing-and-purchasing.jpg","type":"image\/jpeg"}],"twitter_card":"summary_large_image","twitter_misc":{"Estimation du temps de lecture":"2 minutes"},"schema":{"@context":"https:\/\/schema.org","@graph":[{"@type":"WebPage","@id":"https:\/\/chemsyn.com\/fr\/products-solutions\/programmes-de-location-et-dachat-de-machines\/","url":"https:\/\/chemsyn.com\/fr\/products-solutions\/programmes-de-location-et-dachat-de-machines\/","name":"Programmes de location et d\u2019achat de machines - Chemsyn","isPartOf":{"@id":"https:\/\/chemsyn.com\/fr\/#website"},"datePublished":"2022-04-22T19:24:42+00:00","dateModified":"2022-06-08T11:00:16+00:00","breadcrumb":{"@id":"https:\/\/chemsyn.com\/fr\/products-solutions\/programmes-de-location-et-dachat-de-machines\/#breadcrumb"},"inLanguage":"fr-CA","potentialAction":[{"@type":"ReadAction","target":["https:\/\/chemsyn.com\/fr\/products-solutions\/programmes-de-location-et-dachat-de-machines\/"]}]},{"@type":"BreadcrumbList","@id":"https:\/\/chemsyn.com\/fr\/products-solutions\/programmes-de-location-et-dachat-de-machines\/#breadcrumb","itemListElement":[{"@type":"ListItem","position":1,"name":"Home","item":"https:\/\/chemsyn.com\/fr\/"},{"@type":"ListItem","position":2,"name":"Produits et Solutions","item":"https:\/\/chemsyn.com\/fr\/products-solutions\/"},{"@type":"ListItem","position":3,"name":"Programmes de location et d\u2019achat de machines"}]},{"@type":"WebSite","@id":"https:\/\/chemsyn.com\/fr\/#website","url":"https:\/\/chemsyn.com\/fr\/","name":"Chemsyn","description":"Des solutions pour le monde d'aujourd'hui","publisher":{"@id":"https:\/\/chemsyn.com\/fr\/#organization"},"potentialAction":[{"@type":"SearchAction","target":{"@type":"EntryPoint","urlTemplate":"https:\/\/chemsyn.com\/fr\/?s={search_term_string}"},"query-input":"required name=search_term_string"}],"inLanguage":"fr-CA"},{"@type":"Organization","@id":"https:\/\/chemsyn.com\/fr\/#organization","name":"Chemsyn","url":"https:\/\/chemsyn.com\/fr\/","logo":{"@type":"ImageObject","inLanguage":"fr-CA","@id":"https:\/\/chemsyn.com\/fr\/#\/schema\/logo\/image\/","url":"https:\/\/chemsyn.com\/wp-content\/uploads\/2022\/06\/chemsyn-logo-tagline-en.png","contentUrl":"https:\/\/chemsyn.com\/wp-content\/uploads\/2022\/06\/chemsyn-logo-tagline-en.png","width":424,"height":106,"caption":"Chemsyn"},"image":{"@id":"https:\/\/chemsyn.com\/fr\/#\/schema\/logo\/image\/"}}]}},"_links":{"self":[{"href":"https:\/\/chemsyn.com\/fr\/wp-json\/wp\/v2\/pages\/1082","targetHints":{"allow":["GET"]}}],"collection":[{"href":"https:\/\/chemsyn.com\/fr\/wp-json\/wp\/v2\/pages"}],"about":[{"href":"https:\/\/chemsyn.com\/fr\/wp-json\/wp\/v2\/types\/page"}],"author":[{"embeddable":true,"href":"https:\/\/chemsyn.com\/fr\/wp-json\/wp\/v2\/users\/2"}],"replies":[{"embeddable":true,"href":"https:\/\/chemsyn.com\/fr\/wp-json\/wp\/v2\/comments?post=1082"}],"version-history":[{"count":2,"href":"https:\/\/chemsyn.com\/fr\/wp-json\/wp\/v2\/pages\/1082\/revisions"}],"predecessor-version":[{"id":1085,"href":"https:\/\/chemsyn.com\/fr\/wp-json\/wp\/v2\/pages\/1082\/revisions\/1085"}],"up":[{"embeddable":true,"href":"https:\/\/chemsyn.com\/fr\/wp-json\/wp\/v2\/pages\/1058"}],"wp:featuredmedia":[{"embeddable":true,"href":"https:\/\/chemsyn.com\/fr\/wp-json\/wp\/v2\/media\/970"}],"wp:attachment":[{"href":"https:\/\/chemsyn.com\/fr\/wp-json\/wp\/v2\/media?parent=1082"}],"curies":[{"name":"wp","href":"https:\/\/api.w.org\/{rel}","templated":true}]}}