{"id":1086,"date":"2022-04-22T15:34:29","date_gmt":"2022-04-22T19:34:29","guid":{"rendered":"https:\/\/chemsyn.com\/?page_id=1086"},"modified":"2022-06-08T07:56:58","modified_gmt":"2022-06-08T11:56:58","slug":"des-programmes-de-formation-personnalises","status":"publish","type":"page","link":"https:\/\/chemsyn.com\/fr\/products-solutions\/des-programmes-de-formation-personnalises\/","title":{"rendered":"Des programmes de formation personnalis\u00e9s"},"content":{"rendered":"<p>[vc_row full_width=\u00a0\u00bbstretch_row\u00a0\u00bb content_placement=\u00a0\u00bbmiddle\u00a0\u00bb el_class=\u00a0\u00bbpage-banner\u00a0\u00bb css=\u00a0\u00bb.vc_custom_1652969241719{background-image: url(https:\/\/chemsyn.com\/wp-content\/uploads\/2022\/05\/customized-training-1.jpg?id=569) !important;background-position: center !important;background-repeat: no-repeat !important;background-size: cover !important;}\u00a0\u00bb][vc_column css=\u00a0\u00bb.vc_custom_1650109296466{padding-top: 0px !important;}\u00a0\u00bb][vc_column_text]<\/p>\n<h1 style=\"text-align: center;\">DES PROGRAMMES DE FORMATION PERSONNALIS\u00c9S<\/h1>\n<p>[\/vc_column_text][\/vc_column][\/vc_row][vc_row full_width=\u00a0\u00bbstretch_row_content_no_spaces\u00a0\u00bb content_placement=\u00a0\u00bbmiddle\u00a0\u00bb][vc_column width=\u00a0\u00bb2\/3&Prime; css=\u00a0\u00bb.vc_custom_1652969132239{padding-right: 40px !important;padding-left: 80px !important;}\u00a0\u00bb][vc_column_text]<\/p>\n<h2>FORMATION SUR LES PRODUITS, LES PROC\u00c9DURES ET LES SYST\u00c8MES<\/h2>\n<p>Chez Chemsyn, nous comprenons que des produits de haute qualit\u00e9 ne constituent pas le seul crit\u00e8re de mise en \u0153uvre de programmes d\u2019assainissement efficaces en mati\u00e8re de lavage de vaisselle, de blanchisserie, d\u2019hygi\u00e8ne et d\u2019entretien m\u00e9nager. Il est \u00e9galement essentiel de disposer d\u2019un personnel form\u00e9 et qualifi\u00e9 pour garantir des performances optimales et constantes du syst\u00e8me. C\u2019est \u00e9galement le crit\u00e8re cl\u00e9 pour r\u00e9duire les co\u00fbts globaux, r\u00e9duire les d\u00e9chets, augmenter la dur\u00e9e de vie des machines et des syst\u00e8mes, et maintenir un environnement op\u00e9rationnel s\u00fbr.[\/vc_column_text][\/vc_column][vc_column width=\u00a0\u00bb1\/3&Prime; css=\u00a0\u00bb.vc_custom_1652969208055{padding-top: 0px !important;}\u00a0\u00bb][vc_single_image image=\u00a0\u00bb980&Prime; img_size=\u00a0\u00bbfull\u00a0\u00bb alignment=\u00a0\u00bbcenter\u00a0\u00bb css=\u00a0\u00bb.vc_custom_1652969179655{margin-bottom: 0px !important;background-image: url(https:\/\/chemsyn.com\/wp-content\/uploads\/2022\/05\/product-process-system-training.jpg?id=612) !important;}\u00a0\u00bb][\/vc_column][\/vc_row][vc_row full_width=\u00a0\u00bbstretch_row_content_no_spaces\u00a0\u00bb equal_height=\u00a0\u00bbyes\u00a0\u00bb content_placement=\u00a0\u00bbmiddle\u00a0\u00bb css=\u00a0\u00bb.vc_custom_1652969352254{background-color: #e8f7fc !important;}\u00a0\u00bb el_class=\u00a0\u00bbcheckerbox checkerbox-image-left\u00a0\u00bb][vc_column width=\u00a0\u00bb1\/3&Prime; css=\u00a0\u00bb.vc_custom_1652969281262{padding-top: 0px !important;background-position: center !important;background-repeat: no-repeat !important;background-size: cover !important;}\u00a0\u00bb][vc_single_image image=\u00a0\u00bb979&Prime; img_size=\u00a0\u00bbfull\u00a0\u00bb css=\u00a0\u00bb.vc_custom_1652969344014{margin-bottom: 0px !important;}\u00a0\u00bb][\/vc_column][vc_column width=\u00a0\u00bb2\/3&Prime; css=\u00a0\u00bb.vc_custom_1650113481780{padding-right: 80px !important;padding-left: 40px !important;}\u00a0\u00bb el_class=\u00a0\u00bbcontent-col\u00a0\u00bb][vc_column_text css=\u00a0\u00bb.vc_custom_1654689238570{padding-right: 80px !important;padding-left: 40px !important;}\u00a0\u00bb]<\/p>\n<h2>PROGRAMMES AM\u00c9LIOR\u00c9S DE S\u00c9CURIT\u00c9 DES ALIMENTS ET DE S\u00c9CURIT\u00c9 DES EMPLOY\u00c9S<\/h2>\n<p>Dans le cadre de sa garantie d\u2019excellence du service, Chemsyn fournit une formation personnalis\u00e9e, ax\u00e9e sur les produits, les proc\u00e9dures et les syst\u00e8mes, pour le personnel op\u00e9rationnel de la plonge, de la blanchisserie et de l\u2019entretien m\u00e9nager afin de garantir le respect et le d\u00e9passement constants des normes de s\u00e9curit\u00e9 alimentaire et de s\u00e9curit\u00e9 des employ\u00e9s. Nous \u00e9laborons par ailleurs avec vous des programmes adapt\u00e9s \u00e0 tous les niveaux de comp\u00e9tence des employ\u00e9s et les mettons en \u0153uvre dans les services comp\u00e9tents de l\u2019entreprise.[\/vc_column_text][\/vc_column][\/vc_row][vc_row full_width=\u00a0\u00bbstretch_row_content_no_spaces\u00a0\u00bb equal_height=\u00a0\u00bbyes\u00a0\u00bb content_placement=\u00a0\u00bbmiddle\u00a0\u00bb][vc_column width=\u00a0\u00bb2\/3&Prime; css=\u00a0\u00bb.vc_custom_1652969396904{padding-right: 40px !important;padding-left: 80px !important;}\u00a0\u00bb][vc_column_text]<\/p>\n<h2>FORMATION SIMDUT<\/h2>\n<p>La formation SIMDUT fait partie int\u00e9grante des programmes de formation de notre personnel et est dispens\u00e9e en amont, au d\u00e9but de la prestation de services aux clients et r\u00e9guli\u00e8rement pour les nouveaux employ\u00e9s\u2009; des cours de perfectionnement sont offerts sur demande.<\/p>\n<p><a class=\"blue-cta\" href=\"\/fr\/contact\/\">Appelez-nous pour une consultation gratuite sans engagement\u2009!<\/a>[\/vc_column_text][\/vc_column][vc_column width=\u00a0\u00bb1\/3&Prime; css=\u00a0\u00bb.vc_custom_1652969383168{padding-top: 0px !important;}\u00a0\u00bb][vc_single_image image=\u00a0\u00bb981&Prime; img_size=\u00a0\u00bbfull\u00a0\u00bb alignment=\u00a0\u00bbcenter\u00a0\u00bb css=\u00a0\u00bb.vc_custom_1652969371954{margin-bottom: 0px !important;}\u00a0\u00bb][\/vc_column][\/vc_row]<\/p>\n","protected":false},"excerpt":{"rendered":"<p>[vc_row full_width=\u00a0\u00bbstretch_row\u00a0\u00bb content_placement=\u00a0\u00bbmiddle\u00a0\u00bb el_class=\u00a0\u00bbpage-banner\u00a0\u00bb css=\u00a0\u00bb.vc_custom_1652969241719{background-image: url(https:\/\/chemsyn.com\/wp-content\/uploads\/2022\/05\/customized-training-1.jpg?id=569) !important;background-position: center !important;background-repeat: no-repeat !important;background-size: cover !important;}\u00a0\u00bb][vc_column css=\u00a0\u00bb.vc_custom_1650109296466{padding-top: 0px !important;}\u00a0\u00bb][vc_column_text] DES PROGRAMMES DE FORMATION PERSONNALIS\u00c9S [\/vc_column_text][\/vc_column][\/vc_row][vc_row full_width=\u00a0\u00bbstretch_row_content_no_spaces\u00a0\u00bb content_placement=\u00a0\u00bbmiddle\u00a0\u00bb][vc_column width=\u00a0\u00bb2\/3&Prime; css=\u00a0\u00bb.vc_custom_1652969132239{padding-right: 40px !important;padding-left: 80px !important;}\u00a0\u00bb][vc_column_text] FORMATION SUR LES PRODUITS, LES PROC\u00c9DURES ET LES SYST\u00c8MES Chez Chemsyn, nous comprenons que des produits de haute qualit\u00e9 ne constituent pas le seul crit\u00e8re [&hellip;]<\/p>\n","protected":false},"author":2,"featured_media":912,"parent":1058,"menu_order":0,"comment_status":"closed","ping_status":"closed","template":"fullwidth.php","meta":{"footnotes":""},"class_list":["post-1086","page","type-page","status-publish","has-post-thumbnail","hentry"],"acf":[],"yoast_head":"<!-- This site is optimized with the Yoast SEO plugin v19.10 - https:\/\/yoast.com\/wordpress\/plugins\/seo\/ -->\n<title>Des programmes de formation personnalis\u00e9s - Chemsyn<\/title>\n<meta name=\"robots\" content=\"index, follow, max-snippet:-1, max-image-preview:large, max-video-preview:-1\" \/>\n<link rel=\"canonical\" href=\"https:\/\/chemsyn.com\/fr\/products-solutions\/des-programmes-de-formation-personnalises\/\" \/>\n<meta property=\"og:locale\" content=\"fr_CA\" \/>\n<meta property=\"og:type\" content=\"article\" \/>\n<meta property=\"og:title\" content=\"Des programmes de formation personnalis\u00e9s - Chemsyn\" \/>\n<meta property=\"og:description\" content=\"[vc_row full_width=\u00a0\u00bbstretch_row\u00a0\u00bb content_placement=\u00a0\u00bbmiddle\u00a0\u00bb el_class=\u00a0\u00bbpage-banner\u00a0\u00bb css=\u00a0\u00bb.vc_custom_1652969241719{background-image: url(https:\/\/chemsyn.com\/wp-content\/uploads\/2022\/05\/customized-training-1.jpg?id=569) !important;background-position: center !important;background-repeat: no-repeat !important;background-size: cover !important;}\u00a0\u00bb][vc_column css=\u00a0\u00bb.vc_custom_1650109296466{padding-top: 0px !important;}\u00a0\u00bb][vc_column_text] DES PROGRAMMES DE FORMATION PERSONNALIS\u00c9S [\/vc_column_text][\/vc_column][\/vc_row][vc_row full_width=\u00a0\u00bbstretch_row_content_no_spaces\u00a0\u00bb content_placement=\u00a0\u00bbmiddle\u00a0\u00bb][vc_column width=\u00a0\u00bb2\/3&Prime; css=\u00a0\u00bb.vc_custom_1652969132239{padding-right: 40px !important;padding-left: 80px !important;}\u00a0\u00bb][vc_column_text] FORMATION SUR LES PRODUITS, LES PROC\u00c9DURES ET LES SYST\u00c8MES Chez Chemsyn, nous comprenons que des produits de haute qualit\u00e9 ne constituent pas le seul crit\u00e8re [&hellip;]\" \/>\n<meta property=\"og:url\" content=\"https:\/\/chemsyn.com\/fr\/products-solutions\/des-programmes-de-formation-personnalises\/\" \/>\n<meta property=\"og:site_name\" content=\"Chemsyn\" \/>\n<meta property=\"article:modified_time\" content=\"2022-06-08T11:56:58+00:00\" \/>\n<meta property=\"og:image\" content=\"https:\/\/chemsyn.com\/wp-content\/uploads\/2022\/05\/customized-training.jpg\" \/>\n\t<meta property=\"og:image:width\" content=\"426\" \/>\n\t<meta property=\"og:image:height\" content=\"258\" \/>\n\t<meta property=\"og:image:type\" content=\"image\/jpeg\" \/>\n<meta name=\"twitter:card\" content=\"summary_large_image\" \/>\n<meta name=\"twitter:label1\" content=\"Estimation du temps de lecture\" \/>\n\t<meta name=\"twitter:data1\" content=\"3 minutes\" \/>\n<script type=\"application\/ld+json\" class=\"yoast-schema-graph\">{\"@context\":\"https:\/\/schema.org\",\"@graph\":[{\"@type\":\"WebPage\",\"@id\":\"https:\/\/chemsyn.com\/fr\/products-solutions\/des-programmes-de-formation-personnalises\/\",\"url\":\"https:\/\/chemsyn.com\/fr\/products-solutions\/des-programmes-de-formation-personnalises\/\",\"name\":\"Des programmes de formation personnalis\u00e9s - Chemsyn\",\"isPartOf\":{\"@id\":\"https:\/\/chemsyn.com\/fr\/#website\"},\"datePublished\":\"2022-04-22T19:34:29+00:00\",\"dateModified\":\"2022-06-08T11:56:58+00:00\",\"breadcrumb\":{\"@id\":\"https:\/\/chemsyn.com\/fr\/products-solutions\/des-programmes-de-formation-personnalises\/#breadcrumb\"},\"inLanguage\":\"fr-CA\",\"potentialAction\":[{\"@type\":\"ReadAction\",\"target\":[\"https:\/\/chemsyn.com\/fr\/products-solutions\/des-programmes-de-formation-personnalises\/\"]}]},{\"@type\":\"BreadcrumbList\",\"@id\":\"https:\/\/chemsyn.com\/fr\/products-solutions\/des-programmes-de-formation-personnalises\/#breadcrumb\",\"itemListElement\":[{\"@type\":\"ListItem\",\"position\":1,\"name\":\"Home\",\"item\":\"https:\/\/chemsyn.com\/fr\/\"},{\"@type\":\"ListItem\",\"position\":2,\"name\":\"Produits et Solutions\",\"item\":\"https:\/\/chemsyn.com\/fr\/products-solutions\/\"},{\"@type\":\"ListItem\",\"position\":3,\"name\":\"Des programmes de formation personnalis\u00e9s\"}]},{\"@type\":\"WebSite\",\"@id\":\"https:\/\/chemsyn.com\/fr\/#website\",\"url\":\"https:\/\/chemsyn.com\/fr\/\",\"name\":\"Chemsyn\",\"description\":\"Des solutions pour le monde d'aujourd'hui\",\"publisher\":{\"@id\":\"https:\/\/chemsyn.com\/fr\/#organization\"},\"potentialAction\":[{\"@type\":\"SearchAction\",\"target\":{\"@type\":\"EntryPoint\",\"urlTemplate\":\"https:\/\/chemsyn.com\/fr\/?s={search_term_string}\"},\"query-input\":\"required name=search_term_string\"}],\"inLanguage\":\"fr-CA\"},{\"@type\":\"Organization\",\"@id\":\"https:\/\/chemsyn.com\/fr\/#organization\",\"name\":\"Chemsyn\",\"url\":\"https:\/\/chemsyn.com\/fr\/\",\"logo\":{\"@type\":\"ImageObject\",\"inLanguage\":\"fr-CA\",\"@id\":\"https:\/\/chemsyn.com\/fr\/#\/schema\/logo\/image\/\",\"url\":\"https:\/\/chemsyn.com\/wp-content\/uploads\/2022\/06\/chemsyn-logo-tagline-en.png\",\"contentUrl\":\"https:\/\/chemsyn.com\/wp-content\/uploads\/2022\/06\/chemsyn-logo-tagline-en.png\",\"width\":424,\"height\":106,\"caption\":\"Chemsyn\"},\"image\":{\"@id\":\"https:\/\/chemsyn.com\/fr\/#\/schema\/logo\/image\/\"}}]}<\/script>\n<!-- \/ Yoast SEO plugin. -->","yoast_head_json":{"title":"Des programmes de formation personnalis\u00e9s - Chemsyn","robots":{"index":"index","follow":"follow","max-snippet":"max-snippet:-1","max-image-preview":"max-image-preview:large","max-video-preview":"max-video-preview:-1"},"canonical":"https:\/\/chemsyn.com\/fr\/products-solutions\/des-programmes-de-formation-personnalises\/","og_locale":"fr_CA","og_type":"article","og_title":"Des programmes de formation personnalis\u00e9s - Chemsyn","og_description":"[vc_row full_width=\u00a0\u00bbstretch_row\u00a0\u00bb content_placement=\u00a0\u00bbmiddle\u00a0\u00bb el_class=\u00a0\u00bbpage-banner\u00a0\u00bb css=\u00a0\u00bb.vc_custom_1652969241719{background-image: url(https:\/\/chemsyn.com\/wp-content\/uploads\/2022\/05\/customized-training-1.jpg?id=569) !important;background-position: center !important;background-repeat: no-repeat !important;background-size: cover !important;}\u00a0\u00bb][vc_column css=\u00a0\u00bb.vc_custom_1650109296466{padding-top: 0px !important;}\u00a0\u00bb][vc_column_text] DES PROGRAMMES DE FORMATION PERSONNALIS\u00c9S [\/vc_column_text][\/vc_column][\/vc_row][vc_row full_width=\u00a0\u00bbstretch_row_content_no_spaces\u00a0\u00bb content_placement=\u00a0\u00bbmiddle\u00a0\u00bb][vc_column width=\u00a0\u00bb2\/3&Prime; css=\u00a0\u00bb.vc_custom_1652969132239{padding-right: 40px !important;padding-left: 80px !important;}\u00a0\u00bb][vc_column_text] FORMATION SUR LES PRODUITS, LES PROC\u00c9DURES ET LES SYST\u00c8MES Chez Chemsyn, nous comprenons que des produits de haute qualit\u00e9 ne constituent pas le seul crit\u00e8re [&hellip;]","og_url":"https:\/\/chemsyn.com\/fr\/products-solutions\/des-programmes-de-formation-personnalises\/","og_site_name":"Chemsyn","article_modified_time":"2022-06-08T11:56:58+00:00","og_image":[{"width":426,"height":258,"url":"https:\/\/chemsyn.com\/wp-content\/uploads\/2022\/05\/customized-training.jpg","type":"image\/jpeg"}],"twitter_card":"summary_large_image","twitter_misc":{"Estimation du temps de lecture":"3 minutes"},"schema":{"@context":"https:\/\/schema.org","@graph":[{"@type":"WebPage","@id":"https:\/\/chemsyn.com\/fr\/products-solutions\/des-programmes-de-formation-personnalises\/","url":"https:\/\/chemsyn.com\/fr\/products-solutions\/des-programmes-de-formation-personnalises\/","name":"Des programmes de formation personnalis\u00e9s - Chemsyn","isPartOf":{"@id":"https:\/\/chemsyn.com\/fr\/#website"},"datePublished":"2022-04-22T19:34:29+00:00","dateModified":"2022-06-08T11:56:58+00:00","breadcrumb":{"@id":"https:\/\/chemsyn.com\/fr\/products-solutions\/des-programmes-de-formation-personnalises\/#breadcrumb"},"inLanguage":"fr-CA","potentialAction":[{"@type":"ReadAction","target":["https:\/\/chemsyn.com\/fr\/products-solutions\/des-programmes-de-formation-personnalises\/"]}]},{"@type":"BreadcrumbList","@id":"https:\/\/chemsyn.com\/fr\/products-solutions\/des-programmes-de-formation-personnalises\/#breadcrumb","itemListElement":[{"@type":"ListItem","position":1,"name":"Home","item":"https:\/\/chemsyn.com\/fr\/"},{"@type":"ListItem","position":2,"name":"Produits et Solutions","item":"https:\/\/chemsyn.com\/fr\/products-solutions\/"},{"@type":"ListItem","position":3,"name":"Des programmes de formation personnalis\u00e9s"}]},{"@type":"WebSite","@id":"https:\/\/chemsyn.com\/fr\/#website","url":"https:\/\/chemsyn.com\/fr\/","name":"Chemsyn","description":"Des solutions pour le monde d'aujourd'hui","publisher":{"@id":"https:\/\/chemsyn.com\/fr\/#organization"},"potentialAction":[{"@type":"SearchAction","target":{"@type":"EntryPoint","urlTemplate":"https:\/\/chemsyn.com\/fr\/?s={search_term_string}"},"query-input":"required name=search_term_string"}],"inLanguage":"fr-CA"},{"@type":"Organization","@id":"https:\/\/chemsyn.com\/fr\/#organization","name":"Chemsyn","url":"https:\/\/chemsyn.com\/fr\/","logo":{"@type":"ImageObject","inLanguage":"fr-CA","@id":"https:\/\/chemsyn.com\/fr\/#\/schema\/logo\/image\/","url":"https:\/\/chemsyn.com\/wp-content\/uploads\/2022\/06\/chemsyn-logo-tagline-en.png","contentUrl":"https:\/\/chemsyn.com\/wp-content\/uploads\/2022\/06\/chemsyn-logo-tagline-en.png","width":424,"height":106,"caption":"Chemsyn"},"image":{"@id":"https:\/\/chemsyn.com\/fr\/#\/schema\/logo\/image\/"}}]}},"_links":{"self":[{"href":"https:\/\/chemsyn.com\/fr\/wp-json\/wp\/v2\/pages\/1086","targetHints":{"allow":["GET"]}}],"collection":[{"href":"https:\/\/chemsyn.com\/fr\/wp-json\/wp\/v2\/pages"}],"about":[{"href":"https:\/\/chemsyn.com\/fr\/wp-json\/wp\/v2\/types\/page"}],"author":[{"embeddable":true,"href":"https:\/\/chemsyn.com\/fr\/wp-json\/wp\/v2\/users\/2"}],"replies":[{"embeddable":true,"href":"https:\/\/chemsyn.com\/fr\/wp-json\/wp\/v2\/comments?post=1086"}],"version-history":[{"count":3,"href":"https:\/\/chemsyn.com\/fr\/wp-json\/wp\/v2\/pages\/1086\/revisions"}],"predecessor-version":[{"id":1089,"href":"https:\/\/chemsyn.com\/fr\/wp-json\/wp\/v2\/pages\/1086\/revisions\/1089"}],"up":[{"embeddable":true,"href":"https:\/\/chemsyn.com\/fr\/wp-json\/wp\/v2\/pages\/1058"}],"wp:featuredmedia":[{"embeddable":true,"href":"https:\/\/chemsyn.com\/fr\/wp-json\/wp\/v2\/media\/912"}],"wp:attachment":[{"href":"https:\/\/chemsyn.com\/fr\/wp-json\/wp\/v2\/media?parent=1086"}],"curies":[{"name":"wp","href":"https:\/\/api.w.org\/{rel}","templated":true}]}}