{"id":1090,"date":"2022-04-22T15:41:20","date_gmt":"2022-04-22T19:41:20","guid":{"rendered":"https:\/\/chemsyn.com\/?page_id=1090"},"modified":"2022-06-08T08:03:39","modified_gmt":"2022-06-08T12:03:39","slug":"notre-veritable-programme-dassistance-smartcare-24-h-24-et-7-j-7","status":"publish","type":"page","link":"https:\/\/chemsyn.com\/fr\/products-solutions\/notre-veritable-programme-dassistance-smartcare-24-h-24-et-7-j-7\/","title":{"rendered":"Notre v\u00e9ritable programme d\u2019assistance SMARTCARE\u2122 24\u00a0h\/24 et 7 j\/7"},"content":{"rendered":"<p>[vc_row full_width=\u00a0\u00bbstretch_row\u00a0\u00bb content_placement=\u00a0\u00bbmiddle\u00a0\u00bb el_class=\u00a0\u00bbpage-banner\u00a0\u00bb css=\u00a0\u00bb.vc_custom_1652970724976{background-image: url(https:\/\/chemsyn.com\/wp-content\/uploads\/2022\/04\/contact-page-banner.jpg?id=185) !important;background-position: center !important;background-repeat: no-repeat !important;background-size: cover !important;}\u00a0\u00bb][vc_column css=\u00a0\u00bb.vc_custom_1650109296466{padding-top: 0px !important;}\u00a0\u00bb][vc_column_text]<\/p>\n<h1 style=\"text-align: center;\">NOTRE V\u00c9RITABLE PROGRAMME D\u2019ASSISTANCE SMARTCARE\u2122 24\u00a0h\/24 ET 7 j\/7<\/h1>\n<p>[\/vc_column_text][\/vc_column][\/vc_row][vc_row full_width=\u00a0\u00bbstretch_row_content_no_spaces\u00a0\u00bb equal_height=\u00a0\u00bbyes\u00a0\u00bb content_placement=\u00a0\u00bbmiddle\u00a0\u00bb css=\u00a0\u00bb.vc_custom_1652970698609{background-color: #ffffff !important;}\u00a0\u00bb][vc_column width=\u00a0\u00bb2\/3&Prime; css=\u00a0\u00bb.vc_custom_1652970684007{padding-right: 40px !important;padding-left: 80px !important;}\u00a0\u00bb][vc_column_text]<\/p>\n<h2>R\u00c9DUCTION DES TEMPS D\u2019ARR\u00caT OP\u00c9RATIONNELS AU MINIMUM<\/h2>\n<p>Chez Chemsyn, nous sommes fiers de constamment atteindre et d\u00e9passer les normes de service que nous avons \u00e9tablies dans l\u2019industrie avec le seul <span style=\"color: #22b1dd;\">v\u00e9ritable programme d\u2019assistance d\u2019urgence de l\u2019industrie SMARTCARE\u2122, disponible 24 heures sur 24 et 7<\/span> jours sur 7 pour le traitement et la livraison des commandes, l\u2019entretien et la r\u00e9solution des probl\u00e8mes. Nos repr\u00e9sentants sur le terrain certifi\u00e9s et exp\u00e9riment\u00e9s Chemsyn vous fournissent un service sans interruption, 24 heures sur 24, 7 jours sur 7, pour r\u00e9pondre \u00e0 vos besoins avec un d\u00e9lai de r\u00e9ponse in\u00e9gal\u00e9, garanti le jour m\u00eame.[\/vc_column_text][\/vc_column][vc_column width=\u00a0\u00bb1\/3&Prime; css=\u00a0\u00bb.vc_custom_1652970714715{padding-top: 0px !important;}\u00a0\u00bb][vc_single_image image=\u00a0\u00bb982&Prime; img_size=\u00a0\u00bbfull\u00a0\u00bb alignment=\u00a0\u00bbcenter\u00a0\u00bb css=\u00a0\u00bb.vc_custom_1652970657955{margin-bottom: 0px !important;}\u00a0\u00bb][\/vc_column][\/vc_row][vc_row full_width=\u00a0\u00bbstretch_row_content_no_spaces\u00a0\u00bb equal_height=\u00a0\u00bbyes\u00a0\u00bb content_placement=\u00a0\u00bbmiddle\u00a0\u00bb css=\u00a0\u00bb.vc_custom_1650113450387{background-color: #e8f7fc !important;}\u00a0\u00bb el_class=\u00a0\u00bbfull-width-row\u00a0\u00bb][vc_column width=\u00a0\u00bb1\/3&Prime; css=\u00a0\u00bb.vc_custom_1651589610891{padding-top: 0px !important;background-image: url(https:\/\/chemsyn.com\/wp-content\/uploads\/2022\/05\/service-excellence-scaled.jpg?id=573) !important;background-position: center !important;background-repeat: no-repeat !important;background-size: cover !important;}\u00a0\u00bb][vc_single_image image=\u00a0\u00bb983&Prime; img_size=\u00a0\u00bbfull\u00a0\u00bb css=\u00a0\u00bb.vc_custom_1652970767489{margin-bottom: 0px !important;}\u00a0\u00bb][\/vc_column][vc_column width=\u00a0\u00bb2\/3&Prime; css=\u00a0\u00bb.vc_custom_1650113481780{padding-right: 80px !important;padding-left: 40px !important;}\u00a0\u00bb el_class=\u00a0\u00bbcontent-col\u00a0\u00bb][vc_column_text]<\/p>\n<h2>NOTRE ENGAGEMENT CONTINU EN FAVEUR D\u2019UN SERVICE \u00c0 LA CLIENT\u00c8LE DE QUALIT\u00c9 SUP\u00c9RIEURE<\/h2>\n<p>Notre promesse d\u2019excellence en mati\u00e8re de service \u00e0 la client\u00e8le constitue la pierre angulaire de notre activit\u00e9 et vous assure le plus haut niveau de service \u00e0 la client\u00e8le et d\u2019assistance du secteur. C\u2019est ce qui nous distingue de la concurrence et qui nous permet de gagner votre confiance.<\/p>\n<p>Cliquez ici pour en savoir plus sur les programmes d\u2019excellence du service de Chemsyn et pour d\u00e9couvrir ce qui fait de nous le partenaire id\u00e9al pour vous.[\/vc_column_text][vc_btn title=\u00a0\u00bbExcellence du service\u00a0\u00bb style=\u00a0\u00bbcustom\u00a0\u00bb custom_background=\u00a0\u00bb#124376&Prime; custom_text=\u00a0\u00bb#ffffff\u00a0\u00bb shape=\u00a0\u00bbsquare\u00a0\u00bb align=\u00a0\u00bbleft\u00a0\u00bb el_class=\u00a0\u00bbblue-cta\u00a0\u00bb link=\u00a0\u00bburl:%2Ffr%2Fservice-excellence%2F\u00a0\u00bb][\/vc_column][\/vc_row]<\/p>\n","protected":false},"excerpt":{"rendered":"<p>[vc_row full_width=\u00a0\u00bbstretch_row\u00a0\u00bb content_placement=\u00a0\u00bbmiddle\u00a0\u00bb el_class=\u00a0\u00bbpage-banner\u00a0\u00bb css=\u00a0\u00bb.vc_custom_1652970724976{background-image: url(https:\/\/chemsyn.com\/wp-content\/uploads\/2022\/04\/contact-page-banner.jpg?id=185) !important;background-position: center !important;background-repeat: no-repeat !important;background-size: cover !important;}\u00a0\u00bb][vc_column css=\u00a0\u00bb.vc_custom_1650109296466{padding-top: 0px !important;}\u00a0\u00bb][vc_column_text] NOTRE V\u00c9RITABLE PROGRAMME D\u2019ASSISTANCE SMARTCARE\u2122 24\u00a0h\/24 ET 7 j\/7 [\/vc_column_text][\/vc_column][\/vc_row][vc_row full_width=\u00a0\u00bbstretch_row_content_no_spaces\u00a0\u00bb equal_height=\u00a0\u00bbyes\u00a0\u00bb content_placement=\u00a0\u00bbmiddle\u00a0\u00bb css=\u00a0\u00bb.vc_custom_1652970698609{background-color: #ffffff !important;}\u00a0\u00bb][vc_column width=\u00a0\u00bb2\/3&Prime; css=\u00a0\u00bb.vc_custom_1652970684007{padding-right: 40px !important;padding-left: 80px !important;}\u00a0\u00bb][vc_column_text] R\u00c9DUCTION DES TEMPS D\u2019ARR\u00caT OP\u00c9RATIONNELS AU MINIMUM Chez Chemsyn, nous sommes fiers de constamment atteindre et d\u00e9passer [&hellip;]<\/p>\n","protected":false},"author":2,"featured_media":971,"parent":1058,"menu_order":0,"comment_status":"closed","ping_status":"closed","template":"fullwidth.php","meta":{"footnotes":""},"class_list":["post-1090","page","type-page","status-publish","has-post-thumbnail","hentry"],"acf":[],"yoast_head":"<!-- This site is optimized with the Yoast SEO plugin v19.10 - https:\/\/yoast.com\/wordpress\/plugins\/seo\/ -->\n<title>Notre v\u00e9ritable programme d\u2019assistance SMARTCARE\u2122 24\u00a0h\/24 et 7 j\/7 - Chemsyn<\/title>\n<meta name=\"robots\" content=\"index, follow, max-snippet:-1, max-image-preview:large, max-video-preview:-1\" \/>\n<link rel=\"canonical\" href=\"https:\/\/chemsyn.com\/fr\/products-solutions\/notre-veritable-programme-dassistance-smartcare-24-h-24-et-7-j-7\/\" \/>\n<meta property=\"og:locale\" content=\"fr_CA\" \/>\n<meta property=\"og:type\" content=\"article\" \/>\n<meta property=\"og:title\" content=\"Notre v\u00e9ritable programme d\u2019assistance SMARTCARE\u2122 24\u00a0h\/24 et 7 j\/7 - Chemsyn\" \/>\n<meta property=\"og:description\" content=\"[vc_row full_width=\u00a0\u00bbstretch_row\u00a0\u00bb content_placement=\u00a0\u00bbmiddle\u00a0\u00bb el_class=\u00a0\u00bbpage-banner\u00a0\u00bb css=\u00a0\u00bb.vc_custom_1652970724976{background-image: url(https:\/\/chemsyn.com\/wp-content\/uploads\/2022\/04\/contact-page-banner.jpg?id=185) !important;background-position: center !important;background-repeat: no-repeat !important;background-size: cover !important;}\u00a0\u00bb][vc_column css=\u00a0\u00bb.vc_custom_1650109296466{padding-top: 0px !important;}\u00a0\u00bb][vc_column_text] NOTRE V\u00c9RITABLE PROGRAMME D\u2019ASSISTANCE SMARTCARE\u2122 24\u00a0h\/24 ET 7 j\/7 [\/vc_column_text][\/vc_column][\/vc_row][vc_row full_width=\u00a0\u00bbstretch_row_content_no_spaces\u00a0\u00bb equal_height=\u00a0\u00bbyes\u00a0\u00bb content_placement=\u00a0\u00bbmiddle\u00a0\u00bb css=\u00a0\u00bb.vc_custom_1652970698609{background-color: #ffffff !important;}\u00a0\u00bb][vc_column width=\u00a0\u00bb2\/3&Prime; css=\u00a0\u00bb.vc_custom_1652970684007{padding-right: 40px !important;padding-left: 80px !important;}\u00a0\u00bb][vc_column_text] R\u00c9DUCTION DES TEMPS D\u2019ARR\u00caT OP\u00c9RATIONNELS AU MINIMUM Chez Chemsyn, nous sommes fiers de constamment atteindre et d\u00e9passer [&hellip;]\" \/>\n<meta property=\"og:url\" content=\"https:\/\/chemsyn.com\/fr\/products-solutions\/notre-veritable-programme-dassistance-smartcare-24-h-24-et-7-j-7\/\" \/>\n<meta property=\"og:site_name\" content=\"Chemsyn\" \/>\n<meta property=\"article:modified_time\" content=\"2022-06-08T12:03:39+00:00\" \/>\n<meta property=\"og:image\" content=\"https:\/\/chemsyn.com\/wp-content\/uploads\/2022\/05\/2063-Chemsyn-SmartCare-Logo1.jpg\" \/>\n\t<meta property=\"og:image:width\" content=\"1704\" \/>\n\t<meta property=\"og:image:height\" content=\"1032\" \/>\n\t<meta property=\"og:image:type\" content=\"image\/jpeg\" \/>\n<meta name=\"twitter:card\" content=\"summary_large_image\" \/>\n<meta name=\"twitter:label1\" content=\"Estimation du temps de lecture\" \/>\n\t<meta name=\"twitter:data1\" content=\"2 minutes\" \/>\n<script type=\"application\/ld+json\" class=\"yoast-schema-graph\">{\"@context\":\"https:\/\/schema.org\",\"@graph\":[{\"@type\":\"WebPage\",\"@id\":\"https:\/\/chemsyn.com\/fr\/products-solutions\/notre-veritable-programme-dassistance-smartcare-24-h-24-et-7-j-7\/\",\"url\":\"https:\/\/chemsyn.com\/fr\/products-solutions\/notre-veritable-programme-dassistance-smartcare-24-h-24-et-7-j-7\/\",\"name\":\"Notre v\u00e9ritable programme d\u2019assistance SMARTCARE\u2122 24\u00a0h\/24 et 7 j\/7 - Chemsyn\",\"isPartOf\":{\"@id\":\"https:\/\/chemsyn.com\/fr\/#website\"},\"datePublished\":\"2022-04-22T19:41:20+00:00\",\"dateModified\":\"2022-06-08T12:03:39+00:00\",\"breadcrumb\":{\"@id\":\"https:\/\/chemsyn.com\/fr\/products-solutions\/notre-veritable-programme-dassistance-smartcare-24-h-24-et-7-j-7\/#breadcrumb\"},\"inLanguage\":\"fr-CA\",\"potentialAction\":[{\"@type\":\"ReadAction\",\"target\":[\"https:\/\/chemsyn.com\/fr\/products-solutions\/notre-veritable-programme-dassistance-smartcare-24-h-24-et-7-j-7\/\"]}]},{\"@type\":\"BreadcrumbList\",\"@id\":\"https:\/\/chemsyn.com\/fr\/products-solutions\/notre-veritable-programme-dassistance-smartcare-24-h-24-et-7-j-7\/#breadcrumb\",\"itemListElement\":[{\"@type\":\"ListItem\",\"position\":1,\"name\":\"Home\",\"item\":\"https:\/\/chemsyn.com\/fr\/\"},{\"@type\":\"ListItem\",\"position\":2,\"name\":\"Produits et Solutions\",\"item\":\"https:\/\/chemsyn.com\/fr\/products-solutions\/\"},{\"@type\":\"ListItem\",\"position\":3,\"name\":\"Notre v\u00e9ritable programme d\u2019assistance SMARTCARE\u2122 24\u00a0h\/24 et 7 j\/7\"}]},{\"@type\":\"WebSite\",\"@id\":\"https:\/\/chemsyn.com\/fr\/#website\",\"url\":\"https:\/\/chemsyn.com\/fr\/\",\"name\":\"Chemsyn\",\"description\":\"Des solutions pour le monde d'aujourd'hui\",\"publisher\":{\"@id\":\"https:\/\/chemsyn.com\/fr\/#organization\"},\"potentialAction\":[{\"@type\":\"SearchAction\",\"target\":{\"@type\":\"EntryPoint\",\"urlTemplate\":\"https:\/\/chemsyn.com\/fr\/?s={search_term_string}\"},\"query-input\":\"required name=search_term_string\"}],\"inLanguage\":\"fr-CA\"},{\"@type\":\"Organization\",\"@id\":\"https:\/\/chemsyn.com\/fr\/#organization\",\"name\":\"Chemsyn\",\"url\":\"https:\/\/chemsyn.com\/fr\/\",\"logo\":{\"@type\":\"ImageObject\",\"inLanguage\":\"fr-CA\",\"@id\":\"https:\/\/chemsyn.com\/fr\/#\/schema\/logo\/image\/\",\"url\":\"https:\/\/chemsyn.com\/wp-content\/uploads\/2022\/06\/chemsyn-logo-tagline-en.png\",\"contentUrl\":\"https:\/\/chemsyn.com\/wp-content\/uploads\/2022\/06\/chemsyn-logo-tagline-en.png\",\"width\":424,\"height\":106,\"caption\":\"Chemsyn\"},\"image\":{\"@id\":\"https:\/\/chemsyn.com\/fr\/#\/schema\/logo\/image\/\"}}]}<\/script>\n<!-- \/ Yoast SEO plugin. -->","yoast_head_json":{"title":"Notre v\u00e9ritable programme d\u2019assistance SMARTCARE\u2122 24\u00a0h\/24 et 7 j\/7 - Chemsyn","robots":{"index":"index","follow":"follow","max-snippet":"max-snippet:-1","max-image-preview":"max-image-preview:large","max-video-preview":"max-video-preview:-1"},"canonical":"https:\/\/chemsyn.com\/fr\/products-solutions\/notre-veritable-programme-dassistance-smartcare-24-h-24-et-7-j-7\/","og_locale":"fr_CA","og_type":"article","og_title":"Notre v\u00e9ritable programme d\u2019assistance SMARTCARE\u2122 24\u00a0h\/24 et 7 j\/7 - Chemsyn","og_description":"[vc_row full_width=\u00a0\u00bbstretch_row\u00a0\u00bb content_placement=\u00a0\u00bbmiddle\u00a0\u00bb el_class=\u00a0\u00bbpage-banner\u00a0\u00bb css=\u00a0\u00bb.vc_custom_1652970724976{background-image: url(https:\/\/chemsyn.com\/wp-content\/uploads\/2022\/04\/contact-page-banner.jpg?id=185) !important;background-position: center !important;background-repeat: no-repeat !important;background-size: cover !important;}\u00a0\u00bb][vc_column css=\u00a0\u00bb.vc_custom_1650109296466{padding-top: 0px !important;}\u00a0\u00bb][vc_column_text] NOTRE V\u00c9RITABLE PROGRAMME D\u2019ASSISTANCE SMARTCARE\u2122 24\u00a0h\/24 ET 7 j\/7 [\/vc_column_text][\/vc_column][\/vc_row][vc_row full_width=\u00a0\u00bbstretch_row_content_no_spaces\u00a0\u00bb equal_height=\u00a0\u00bbyes\u00a0\u00bb content_placement=\u00a0\u00bbmiddle\u00a0\u00bb css=\u00a0\u00bb.vc_custom_1652970698609{background-color: #ffffff !important;}\u00a0\u00bb][vc_column width=\u00a0\u00bb2\/3&Prime; css=\u00a0\u00bb.vc_custom_1652970684007{padding-right: 40px !important;padding-left: 80px !important;}\u00a0\u00bb][vc_column_text] R\u00c9DUCTION DES TEMPS D\u2019ARR\u00caT OP\u00c9RATIONNELS AU MINIMUM Chez Chemsyn, nous sommes fiers de constamment atteindre et d\u00e9passer [&hellip;]","og_url":"https:\/\/chemsyn.com\/fr\/products-solutions\/notre-veritable-programme-dassistance-smartcare-24-h-24-et-7-j-7\/","og_site_name":"Chemsyn","article_modified_time":"2022-06-08T12:03:39+00:00","og_image":[{"width":1704,"height":1032,"url":"https:\/\/chemsyn.com\/wp-content\/uploads\/2022\/05\/2063-Chemsyn-SmartCare-Logo1.jpg","type":"image\/jpeg"}],"twitter_card":"summary_large_image","twitter_misc":{"Estimation du temps de lecture":"2 minutes"},"schema":{"@context":"https:\/\/schema.org","@graph":[{"@type":"WebPage","@id":"https:\/\/chemsyn.com\/fr\/products-solutions\/notre-veritable-programme-dassistance-smartcare-24-h-24-et-7-j-7\/","url":"https:\/\/chemsyn.com\/fr\/products-solutions\/notre-veritable-programme-dassistance-smartcare-24-h-24-et-7-j-7\/","name":"Notre v\u00e9ritable programme d\u2019assistance SMARTCARE\u2122 24\u00a0h\/24 et 7 j\/7 - Chemsyn","isPartOf":{"@id":"https:\/\/chemsyn.com\/fr\/#website"},"datePublished":"2022-04-22T19:41:20+00:00","dateModified":"2022-06-08T12:03:39+00:00","breadcrumb":{"@id":"https:\/\/chemsyn.com\/fr\/products-solutions\/notre-veritable-programme-dassistance-smartcare-24-h-24-et-7-j-7\/#breadcrumb"},"inLanguage":"fr-CA","potentialAction":[{"@type":"ReadAction","target":["https:\/\/chemsyn.com\/fr\/products-solutions\/notre-veritable-programme-dassistance-smartcare-24-h-24-et-7-j-7\/"]}]},{"@type":"BreadcrumbList","@id":"https:\/\/chemsyn.com\/fr\/products-solutions\/notre-veritable-programme-dassistance-smartcare-24-h-24-et-7-j-7\/#breadcrumb","itemListElement":[{"@type":"ListItem","position":1,"name":"Home","item":"https:\/\/chemsyn.com\/fr\/"},{"@type":"ListItem","position":2,"name":"Produits et Solutions","item":"https:\/\/chemsyn.com\/fr\/products-solutions\/"},{"@type":"ListItem","position":3,"name":"Notre v\u00e9ritable programme d\u2019assistance SMARTCARE\u2122 24\u00a0h\/24 et 7 j\/7"}]},{"@type":"WebSite","@id":"https:\/\/chemsyn.com\/fr\/#website","url":"https:\/\/chemsyn.com\/fr\/","name":"Chemsyn","description":"Des solutions pour le monde d'aujourd'hui","publisher":{"@id":"https:\/\/chemsyn.com\/fr\/#organization"},"potentialAction":[{"@type":"SearchAction","target":{"@type":"EntryPoint","urlTemplate":"https:\/\/chemsyn.com\/fr\/?s={search_term_string}"},"query-input":"required name=search_term_string"}],"inLanguage":"fr-CA"},{"@type":"Organization","@id":"https:\/\/chemsyn.com\/fr\/#organization","name":"Chemsyn","url":"https:\/\/chemsyn.com\/fr\/","logo":{"@type":"ImageObject","inLanguage":"fr-CA","@id":"https:\/\/chemsyn.com\/fr\/#\/schema\/logo\/image\/","url":"https:\/\/chemsyn.com\/wp-content\/uploads\/2022\/06\/chemsyn-logo-tagline-en.png","contentUrl":"https:\/\/chemsyn.com\/wp-content\/uploads\/2022\/06\/chemsyn-logo-tagline-en.png","width":424,"height":106,"caption":"Chemsyn"},"image":{"@id":"https:\/\/chemsyn.com\/fr\/#\/schema\/logo\/image\/"}}]}},"_links":{"self":[{"href":"https:\/\/chemsyn.com\/fr\/wp-json\/wp\/v2\/pages\/1090","targetHints":{"allow":["GET"]}}],"collection":[{"href":"https:\/\/chemsyn.com\/fr\/wp-json\/wp\/v2\/pages"}],"about":[{"href":"https:\/\/chemsyn.com\/fr\/wp-json\/wp\/v2\/types\/page"}],"author":[{"embeddable":true,"href":"https:\/\/chemsyn.com\/fr\/wp-json\/wp\/v2\/users\/2"}],"replies":[{"embeddable":true,"href":"https:\/\/chemsyn.com\/fr\/wp-json\/wp\/v2\/comments?post=1090"}],"version-history":[{"count":4,"href":"https:\/\/chemsyn.com\/fr\/wp-json\/wp\/v2\/pages\/1090\/revisions"}],"predecessor-version":[{"id":1094,"href":"https:\/\/chemsyn.com\/fr\/wp-json\/wp\/v2\/pages\/1090\/revisions\/1094"}],"up":[{"embeddable":true,"href":"https:\/\/chemsyn.com\/fr\/wp-json\/wp\/v2\/pages\/1058"}],"wp:featuredmedia":[{"embeddable":true,"href":"https:\/\/chemsyn.com\/fr\/wp-json\/wp\/v2\/media\/971"}],"wp:attachment":[{"href":"https:\/\/chemsyn.com\/fr\/wp-json\/wp\/v2\/media?parent=1090"}],"curies":[{"name":"wp","href":"https:\/\/api.w.org\/{rel}","templated":true}]}}