{"id":1097,"date":"2022-04-15T05:06:40","date_gmt":"2022-04-15T09:06:40","guid":{"rendered":"https:\/\/chemsyn.com\/?page_id=1097"},"modified":"2023-05-30T09:33:45","modified_gmt":"2023-05-30T13:33:45","slug":"carriere","status":"publish","type":"page","link":"https:\/\/chemsyn.com\/fr\/carriere\/","title":{"rendered":"Carri\u00e8re"},"content":{"rendered":"<p>[vc_row full_width=\u00a0\u00bbstretch_row\u00a0\u00bb content_placement=\u00a0\u00bbmiddle\u00a0\u00bb css=\u00a0\u00bb.vc_custom_1650446316801{margin-bottom: 30px !important;background-image: url(https:\/\/chemsyn.com\/wp-content\/uploads\/2022\/04\/chemsyn-career-banner.jpg?id=180) !important;background-position: center !important;background-repeat: no-repeat !important;background-size: cover !important;}\u00a0\u00bb el_class=\u00a0\u00bbpage-banner\u00a0\u00bb][vc_column css=\u00a0\u00bb.vc_custom_1650095715538{padding-top: 0px !important;}\u00a0\u00bb][vc_column_text]<\/p>\n<h1 style=\"text-align: center;\">CARRI\u00c8RE<\/h1>\n<p>[\/vc_column_text][\/vc_column][\/vc_row][vc_row css=\u00a0\u00bb.vc_custom_1650096321652{margin-bottom: 30px !important;}\u00a0\u00bb][vc_column][vc_column_text css=\u00a0\u00bb.vc_custom_1654691612164{margin-bottom: 60px !important;}\u00a0\u00bb]Le succ\u00e8s de Chemsyn repose directement sur son personnel et, \u00e0 ce titre, nous nous effor\u00e7ons de recruter des personnes qui partagent nos valeurs fondamentales en tant qu\u2019entreprise : des personnes dynamiques, d\u00e9vou\u00e9es et de tous horizons qui accordent la priorit\u00e9 au service \u00e0 la client\u00e8le et qui cherchent \u00e0 \u00eatre plus que de simples employ\u00e9s.<\/p>\n<p>Nous offrons des perspectives de carri\u00e8re et d\u2019avancement passionnantes et continues dans nos bureaux r\u00e9gionaux \u00e0 travers le Canada. Nous vous invitons donc \u00e0 consulter r\u00e9guli\u00e8rement les nouvelles offres d\u2019emploi.[\/vc_column_text][vc_column_text css=\u00a0\u00bb.vc_custom_1654691633181{margin-bottom: 60px !important;}\u00a0\u00bb]<\/p>\n<h2>DIVERSIT\u00c9 ET INCLUSION<\/h2>\n<p>L\u2019environnement de travail Chemsyn repose sur la diversit\u00e9 et l\u2019inclusion. Nous valorisons, encourageons et accueillons toutes les personnes de tous horizons et de toutes exp\u00e9riences \u00e0 se joindre \u00e0 notre \u00e9quipe.[\/vc_column_text][\/vc_column][\/vc_row][vc_row disable_element=\u00a0\u00bbyes\u00a0\u00bb css=\u00a0\u00bb.vc_custom_1685453618557{margin-bottom: 30px !important;}\u00a0\u00bb][vc_column][vc_column_text]<\/p>\n<h2>OPEN POSITIONS<\/h2>\n<p>[\/vc_column_text][vc_tta_accordion shape=\u00a0\u00bbsquare\u00a0\u00bb gap=\u00a0\u00bb20&Prime; c_position=\u00a0\u00bbright\u00a0\u00bb active_section=\u00a0\u00bb1&Prime;][vc_tta_section title=\u00a0\u00bbAll Vacancies\u00a0\u00bb tab_id=\u00a0\u00bball-vacancies\u00a0\u00bb][vc_column_text]<\/p>\n<h2>Strategic Business Manager (SBM) &#8211; Surrey, British Columbia<\/h2>\n<p>The Strategic Business Manager (SBM) is responsible for increasing the Chemsyn footprint by acquiring key accounts, chain accounts and national accounts. The SBM is a champion for the Chemsyn brand internally and externally of the organisation promoting Chemsyn as a valued partner in solving real problems and providing a cohesive approach to winning our customers\u2019 business and loyalty.<\/p>\n<p><a class=\"blue-cta\" href=\"https:\/\/ca.indeed.com\/job\/strategic-business-manager-sbm-644aac5200e2b6bf\" target=\"_blank\" rel=\"noopener\">MORE INFO \/ APPLY<\/a><\/p>\n<h2>Strategic Business Manager (SBM) &#8211; Montr\u00e9al, Quebec<\/h2>\n<p>The Strategic Business Manager (SBM) is responsible for increasing the Chemsyn footprint by acquiring key accounts, chain accounts and national accounts. The SBM is a champion for the Chemsyn brand internally and externally of the organisation promoting Chemsyn as a valued partner in solving real problems and providing a cohesive approach to winning our customers\u2019 business and loyalty.<\/p>\n<p><a class=\"blue-cta\" href=\"https:\/\/ca.indeed.com\/job\/strategic-business-manager-sbm-2640972eecf9e02c\" target=\"_blank\" rel=\"noopener\">MORE INFO \/ APPLY<\/a>[\/vc_column_text][\/vc_tta_section][\/vc_tta_accordion][\/vc_column][\/vc_row][vc_row disable_element=\u00a0\u00bbyes\u00a0\u00bb css=\u00a0\u00bb.vc_custom_1651676832291{margin-bottom: 30px !important;}\u00a0\u00bb][vc_column][vc_column_text]<\/p>\n<h2>OPEN POSITIONS<\/h2>\n<p>[\/vc_column_text][vc_tta_accordion shape=\u00a0\u00bbsquare\u00a0\u00bb gap=\u00a0\u00bb20&Prime; c_position=\u00a0\u00bbright\u00a0\u00bb active_section=\u00a0\u00bb1&Prime;][vc_tta_section title=\u00a0\u00bbMontreal Vacancies\u00a0\u00bb tab_id=\u00a0\u00bb1651676813115-f6582381-21e3&Prime;][vc_column_text]<\/p>\n<h2>Assistant Service Manager Specialist<\/h2>\n<p>Vestibulum luctus finibus nulla. Fusce rhoncus lectus sed nulla lacinia interdum. Proin consequat pellentesque ante. Aenean non volutpat mi. Vestibulum ultricies nunc augue, sit amet blandit metus lobortis vitae. Fusce pellentesque egestas libero, sit amet sagittis ante finibus suscipit. Ut quis convallis enim.<\/p>\n<p><a class=\"blue-cta\" href=\"#\">MORE INFO \/ APPLY<\/a><\/p>\n<h2>Quality Peformance Analyst<\/h2>\n<p>Vestibulum luctus finibus nulla. Fusce rhoncus lectus sed nulla lacinia interdum. Proin consequat pellentesque ante. Aenean non volutpat mi. Vestibulum ultricies nunc augue, sit amet blandit metus lobortis vitae. Fusce pellentesque egestas libero, sit amet sagittis ante finibus suscipit. Ut quis convallis enim.<\/p>\n<p><a class=\"blue-cta\" href=\"#\">MORE INFO \/ APPLY<\/a>[\/vc_column_text][\/vc_tta_section][vc_tta_section title=\u00a0\u00bbToronto Vacancies\u00a0\u00bb tab_id=\u00a0\u00bb1651676813141-025c18f4-d58d\u00a0\u00bb][vc_column_text]<\/p>\n<h2>Assistant Service Manager Specialist<\/h2>\n<p>Vestibulum luctus finibus nulla. Fusce rhoncus lectus sed nulla lacinia interdum. Proin consequat pellentesque ante. Aenean non volutpat mi. Vestibulum ultricies nunc augue, sit amet blandit metus lobortis vitae. Fusce pellentesque egestas libero, sit amet sagittis ante finibus suscipit. Ut quis convallis enim.<\/p>\n<p><a class=\"blue-cta\" href=\"#\">MORE INFO \/ APPLY<\/a><\/p>\n<h2>Quality Peformance Analyst<\/h2>\n<p>Vestibulum luctus finibus nulla. Fusce rhoncus lectus sed nulla lacinia interdum. Proin consequat pellentesque ante. Aenean non volutpat mi. Vestibulum ultricies nunc augue, sit amet blandit metus lobortis vitae. Fusce pellentesque egestas libero, sit amet sagittis ante finibus suscipit. Ut quis convallis enim.<\/p>\n<p><a class=\"blue-cta\" href=\"#\">MORE INFO \/ APPLY<\/a>[\/vc_column_text][\/vc_tta_section][vc_tta_section title=\u00a0\u00bbCalgary Vacancies\u00a0\u00bb tab_id=\u00a0\u00bb1651676813166-3055a39e-736e\u00a0\u00bb][vc_column_text]<\/p>\n<h2>Assistant Service Manager Specialist<\/h2>\n<p>Vestibulum luctus finibus nulla. Fusce rhoncus lectus sed nulla lacinia interdum. Proin consequat pellentesque ante. Aenean non volutpat mi. Vestibulum ultricies nunc augue, sit amet blandit metus lobortis vitae. Fusce pellentesque egestas libero, sit amet sagittis ante finibus suscipit. Ut quis convallis enim.<\/p>\n<p><a class=\"blue-cta\" href=\"#\">MORE INFO \/ APPLY<\/a><\/p>\n<h2>Quality Peformance Analyst<\/h2>\n<p>Vestibulum luctus finibus nulla. Fusce rhoncus lectus sed nulla lacinia interdum. Proin consequat pellentesque ante. Aenean non volutpat mi. Vestibulum ultricies nunc augue, sit amet blandit metus lobortis vitae. Fusce pellentesque egestas libero, sit amet sagittis ante finibus suscipit. Ut quis convallis enim.<\/p>\n<p><a class=\"blue-cta\" href=\"#\">MORE INFO \/ APPLY<\/a>[\/vc_column_text][\/vc_tta_section][vc_tta_section title=\u00a0\u00bbEdmonton Vacancies\u00a0\u00bb tab_id=\u00a0\u00bb1651676813189-074005d0-3927&Prime;][vc_column_text]<\/p>\n<h2>Assistant Service Manager Specialist<\/h2>\n<p>Vestibulum luctus finibus nulla. Fusce rhoncus lectus sed nulla lacinia interdum. Proin consequat pellentesque ante. Aenean non volutpat mi. Vestibulum ultricies nunc augue, sit amet blandit metus lobortis vitae. Fusce pellentesque egestas libero, sit amet sagittis ante finibus suscipit. Ut quis convallis enim.<\/p>\n<p><a class=\"blue-cta\" href=\"#\">MORE INFO \/ APPLY<\/a><\/p>\n<h2>Quality Peformance Analyst<\/h2>\n<p>Vestibulum luctus finibus nulla. Fusce rhoncus lectus sed nulla lacinia interdum. Proin consequat pellentesque ante. Aenean non volutpat mi. Vestibulum ultricies nunc augue, sit amet blandit metus lobortis vitae. Fusce pellentesque egestas libero, sit amet sagittis ante finibus suscipit. Ut quis convallis enim.<\/p>\n<p><a class=\"blue-cta\" href=\"#\">MORE INFO \/ APPLY<\/a>[\/vc_column_text][\/vc_tta_section][vc_tta_section title=\u00a0\u00bbVancouver Vacancies\u00a0\u00bb tab_id=\u00a0\u00bb1651676813213-97bb47c2-2988&Prime;][vc_column_text]<\/p>\n<h2>Assistant Service Manager Specialist<\/h2>\n<p>Vestibulum luctus finibus nulla. Fusce rhoncus lectus sed nulla lacinia interdum. Proin consequat pellentesque ante. Aenean non volutpat mi. Vestibulum ultricies nunc augue, sit amet blandit metus lobortis vitae. Fusce pellentesque egestas libero, sit amet sagittis ante finibus suscipit. Ut quis convallis enim.<\/p>\n<p><a class=\"blue-cta\" href=\"#\">MORE INFO \/ APPLY<\/a><\/p>\n<h2>Quality Peformance Analyst<\/h2>\n<p>Vestibulum luctus finibus nulla. Fusce rhoncus lectus sed nulla lacinia interdum. Proin consequat pellentesque ante. Aenean non volutpat mi. Vestibulum ultricies nunc augue, sit amet blandit metus lobortis vitae. Fusce pellentesque egestas libero, sit amet sagittis ante finibus suscipit. Ut quis convallis enim.<\/p>\n<p><a class=\"blue-cta\" href=\"#\">MORE INFO \/ APPLY<\/a>[\/vc_column_text][\/vc_tta_section][\/vc_tta_accordion][\/vc_column][\/vc_row]<\/p>\n","protected":false},"excerpt":{"rendered":"<p>[vc_row full_width=\u00a0\u00bbstretch_row\u00a0\u00bb content_placement=\u00a0\u00bbmiddle\u00a0\u00bb css=\u00a0\u00bb.vc_custom_1650446316801{margin-bottom: 30px !important;background-image: url(https:\/\/chemsyn.com\/wp-content\/uploads\/2022\/04\/chemsyn-career-banner.jpg?id=180) !important;background-position: center !important;background-repeat: no-repeat !important;background-size: cover !important;}\u00a0\u00bb el_class=\u00a0\u00bbpage-banner\u00a0\u00bb][vc_column css=\u00a0\u00bb.vc_custom_1650095715538{padding-top: 0px !important;}\u00a0\u00bb][vc_column_text] CARRI\u00c8RE [\/vc_column_text][\/vc_column][\/vc_row][vc_row css=\u00a0\u00bb.vc_custom_1650096321652{margin-bottom: 30px !important;}\u00a0\u00bb][vc_column][vc_column_text css=\u00a0\u00bb.vc_custom_1654691612164{margin-bottom: 60px !important;}\u00a0\u00bb]Le succ\u00e8s de Chemsyn repose directement sur son personnel et, \u00e0 ce titre, nous nous effor\u00e7ons de recruter des personnes qui partagent nos valeurs fondamentales en tant qu\u2019entreprise : des [&hellip;]<\/p>\n","protected":false},"author":2,"featured_media":0,"parent":0,"menu_order":0,"comment_status":"closed","ping_status":"closed","template":"fullwidth.php","meta":{"footnotes":""},"class_list":["post-1097","page","type-page","status-publish","hentry"],"acf":[],"yoast_head":"<!-- This site is optimized with the Yoast SEO plugin v19.10 - https:\/\/yoast.com\/wordpress\/plugins\/seo\/ -->\n<title>Carri\u00e8re - Chemsyn<\/title>\n<meta name=\"robots\" content=\"index, follow, max-snippet:-1, max-image-preview:large, max-video-preview:-1\" \/>\n<link rel=\"canonical\" href=\"https:\/\/chemsyn.com\/fr\/carriere\/\" \/>\n<meta property=\"og:locale\" content=\"fr_CA\" \/>\n<meta property=\"og:type\" content=\"article\" \/>\n<meta property=\"og:title\" content=\"Carri\u00e8re - Chemsyn\" \/>\n<meta property=\"og:description\" content=\"[vc_row full_width=\u00a0\u00bbstretch_row\u00a0\u00bb content_placement=\u00a0\u00bbmiddle\u00a0\u00bb css=\u00a0\u00bb.vc_custom_1650446316801{margin-bottom: 30px !important;background-image: url(https:\/\/chemsyn.com\/wp-content\/uploads\/2022\/04\/chemsyn-career-banner.jpg?id=180) !important;background-position: center !important;background-repeat: no-repeat !important;background-size: cover !important;}\u00a0\u00bb el_class=\u00a0\u00bbpage-banner\u00a0\u00bb][vc_column css=\u00a0\u00bb.vc_custom_1650095715538{padding-top: 0px !important;}\u00a0\u00bb][vc_column_text] CARRI\u00c8RE [\/vc_column_text][\/vc_column][\/vc_row][vc_row css=\u00a0\u00bb.vc_custom_1650096321652{margin-bottom: 30px !important;}\u00a0\u00bb][vc_column][vc_column_text css=\u00a0\u00bb.vc_custom_1654691612164{margin-bottom: 60px !important;}\u00a0\u00bb]Le succ\u00e8s de Chemsyn repose directement sur son personnel et, \u00e0 ce titre, nous nous effor\u00e7ons de recruter des personnes qui partagent nos valeurs fondamentales en tant qu\u2019entreprise : des [&hellip;]\" \/>\n<meta property=\"og:url\" content=\"https:\/\/chemsyn.com\/fr\/carriere\/\" \/>\n<meta property=\"og:site_name\" content=\"Chemsyn\" \/>\n<meta property=\"article:modified_time\" content=\"2023-05-30T13:33:45+00:00\" \/>\n<meta name=\"twitter:card\" content=\"summary_large_image\" \/>\n<meta name=\"twitter:label1\" content=\"Estimation du temps de lecture\" \/>\n\t<meta name=\"twitter:data1\" content=\"5 minutes\" \/>\n<script type=\"application\/ld+json\" class=\"yoast-schema-graph\">{\"@context\":\"https:\/\/schema.org\",\"@graph\":[{\"@type\":\"WebPage\",\"@id\":\"https:\/\/chemsyn.com\/fr\/carriere\/\",\"url\":\"https:\/\/chemsyn.com\/fr\/carriere\/\",\"name\":\"Carri\u00e8re - Chemsyn\",\"isPartOf\":{\"@id\":\"https:\/\/chemsyn.com\/fr\/#website\"},\"datePublished\":\"2022-04-15T09:06:40+00:00\",\"dateModified\":\"2023-05-30T13:33:45+00:00\",\"breadcrumb\":{\"@id\":\"https:\/\/chemsyn.com\/fr\/carriere\/#breadcrumb\"},\"inLanguage\":\"fr-CA\",\"potentialAction\":[{\"@type\":\"ReadAction\",\"target\":[\"https:\/\/chemsyn.com\/fr\/carriere\/\"]}]},{\"@type\":\"BreadcrumbList\",\"@id\":\"https:\/\/chemsyn.com\/fr\/carriere\/#breadcrumb\",\"itemListElement\":[{\"@type\":\"ListItem\",\"position\":1,\"name\":\"Home\",\"item\":\"https:\/\/chemsyn.com\/fr\/\"},{\"@type\":\"ListItem\",\"position\":2,\"name\":\"Carri\u00e8re\"}]},{\"@type\":\"WebSite\",\"@id\":\"https:\/\/chemsyn.com\/fr\/#website\",\"url\":\"https:\/\/chemsyn.com\/fr\/\",\"name\":\"Chemsyn\",\"description\":\"Des solutions pour le monde d'aujourd'hui\",\"publisher\":{\"@id\":\"https:\/\/chemsyn.com\/fr\/#organization\"},\"potentialAction\":[{\"@type\":\"SearchAction\",\"target\":{\"@type\":\"EntryPoint\",\"urlTemplate\":\"https:\/\/chemsyn.com\/fr\/?s={search_term_string}\"},\"query-input\":\"required name=search_term_string\"}],\"inLanguage\":\"fr-CA\"},{\"@type\":\"Organization\",\"@id\":\"https:\/\/chemsyn.com\/fr\/#organization\",\"name\":\"Chemsyn\",\"url\":\"https:\/\/chemsyn.com\/fr\/\",\"logo\":{\"@type\":\"ImageObject\",\"inLanguage\":\"fr-CA\",\"@id\":\"https:\/\/chemsyn.com\/fr\/#\/schema\/logo\/image\/\",\"url\":\"https:\/\/chemsyn.com\/wp-content\/uploads\/2022\/06\/chemsyn-logo-tagline-en.png\",\"contentUrl\":\"https:\/\/chemsyn.com\/wp-content\/uploads\/2022\/06\/chemsyn-logo-tagline-en.png\",\"width\":424,\"height\":106,\"caption\":\"Chemsyn\"},\"image\":{\"@id\":\"https:\/\/chemsyn.com\/fr\/#\/schema\/logo\/image\/\"}}]}<\/script>\n<!-- \/ Yoast SEO plugin. -->","yoast_head_json":{"title":"Carri\u00e8re - Chemsyn","robots":{"index":"index","follow":"follow","max-snippet":"max-snippet:-1","max-image-preview":"max-image-preview:large","max-video-preview":"max-video-preview:-1"},"canonical":"https:\/\/chemsyn.com\/fr\/carriere\/","og_locale":"fr_CA","og_type":"article","og_title":"Carri\u00e8re - Chemsyn","og_description":"[vc_row full_width=\u00a0\u00bbstretch_row\u00a0\u00bb content_placement=\u00a0\u00bbmiddle\u00a0\u00bb css=\u00a0\u00bb.vc_custom_1650446316801{margin-bottom: 30px !important;background-image: url(https:\/\/chemsyn.com\/wp-content\/uploads\/2022\/04\/chemsyn-career-banner.jpg?id=180) !important;background-position: center !important;background-repeat: no-repeat !important;background-size: cover !important;}\u00a0\u00bb el_class=\u00a0\u00bbpage-banner\u00a0\u00bb][vc_column css=\u00a0\u00bb.vc_custom_1650095715538{padding-top: 0px !important;}\u00a0\u00bb][vc_column_text] CARRI\u00c8RE [\/vc_column_text][\/vc_column][\/vc_row][vc_row css=\u00a0\u00bb.vc_custom_1650096321652{margin-bottom: 30px !important;}\u00a0\u00bb][vc_column][vc_column_text css=\u00a0\u00bb.vc_custom_1654691612164{margin-bottom: 60px !important;}\u00a0\u00bb]Le succ\u00e8s de Chemsyn repose directement sur son personnel et, \u00e0 ce titre, nous nous effor\u00e7ons de recruter des personnes qui partagent nos valeurs fondamentales en tant qu\u2019entreprise : des [&hellip;]","og_url":"https:\/\/chemsyn.com\/fr\/carriere\/","og_site_name":"Chemsyn","article_modified_time":"2023-05-30T13:33:45+00:00","twitter_card":"summary_large_image","twitter_misc":{"Estimation du temps de lecture":"5 minutes"},"schema":{"@context":"https:\/\/schema.org","@graph":[{"@type":"WebPage","@id":"https:\/\/chemsyn.com\/fr\/carriere\/","url":"https:\/\/chemsyn.com\/fr\/carriere\/","name":"Carri\u00e8re - Chemsyn","isPartOf":{"@id":"https:\/\/chemsyn.com\/fr\/#website"},"datePublished":"2022-04-15T09:06:40+00:00","dateModified":"2023-05-30T13:33:45+00:00","breadcrumb":{"@id":"https:\/\/chemsyn.com\/fr\/carriere\/#breadcrumb"},"inLanguage":"fr-CA","potentialAction":[{"@type":"ReadAction","target":["https:\/\/chemsyn.com\/fr\/carriere\/"]}]},{"@type":"BreadcrumbList","@id":"https:\/\/chemsyn.com\/fr\/carriere\/#breadcrumb","itemListElement":[{"@type":"ListItem","position":1,"name":"Home","item":"https:\/\/chemsyn.com\/fr\/"},{"@type":"ListItem","position":2,"name":"Carri\u00e8re"}]},{"@type":"WebSite","@id":"https:\/\/chemsyn.com\/fr\/#website","url":"https:\/\/chemsyn.com\/fr\/","name":"Chemsyn","description":"Des solutions pour le monde d'aujourd'hui","publisher":{"@id":"https:\/\/chemsyn.com\/fr\/#organization"},"potentialAction":[{"@type":"SearchAction","target":{"@type":"EntryPoint","urlTemplate":"https:\/\/chemsyn.com\/fr\/?s={search_term_string}"},"query-input":"required name=search_term_string"}],"inLanguage":"fr-CA"},{"@type":"Organization","@id":"https:\/\/chemsyn.com\/fr\/#organization","name":"Chemsyn","url":"https:\/\/chemsyn.com\/fr\/","logo":{"@type":"ImageObject","inLanguage":"fr-CA","@id":"https:\/\/chemsyn.com\/fr\/#\/schema\/logo\/image\/","url":"https:\/\/chemsyn.com\/wp-content\/uploads\/2022\/06\/chemsyn-logo-tagline-en.png","contentUrl":"https:\/\/chemsyn.com\/wp-content\/uploads\/2022\/06\/chemsyn-logo-tagline-en.png","width":424,"height":106,"caption":"Chemsyn"},"image":{"@id":"https:\/\/chemsyn.com\/fr\/#\/schema\/logo\/image\/"}}]}},"_links":{"self":[{"href":"https:\/\/chemsyn.com\/fr\/wp-json\/wp\/v2\/pages\/1097","targetHints":{"allow":["GET"]}}],"collection":[{"href":"https:\/\/chemsyn.com\/fr\/wp-json\/wp\/v2\/pages"}],"about":[{"href":"https:\/\/chemsyn.com\/fr\/wp-json\/wp\/v2\/types\/page"}],"author":[{"embeddable":true,"href":"https:\/\/chemsyn.com\/fr\/wp-json\/wp\/v2\/users\/2"}],"replies":[{"embeddable":true,"href":"https:\/\/chemsyn.com\/fr\/wp-json\/wp\/v2\/comments?post=1097"}],"version-history":[{"count":2,"href":"https:\/\/chemsyn.com\/fr\/wp-json\/wp\/v2\/pages\/1097\/revisions"}],"predecessor-version":[{"id":1288,"href":"https:\/\/chemsyn.com\/fr\/wp-json\/wp\/v2\/pages\/1097\/revisions\/1288"}],"wp:attachment":[{"href":"https:\/\/chemsyn.com\/fr\/wp-json\/wp\/v2\/media?parent=1097"}],"curies":[{"name":"wp","href":"https:\/\/api.w.org\/{rel}","templated":true}]}}