{"id":993,"date":"2022-04-26T10:57:09","date_gmt":"2022-04-26T14:57:09","guid":{"rendered":"https:\/\/chemsyn.com\/about\/"},"modified":"2022-08-03T06:46:34","modified_gmt":"2022-08-03T10:46:34","slug":"about","status":"publish","type":"page","link":"https:\/\/chemsyn.com\/fr\/about\/","title":{"rendered":"Page D\u2019accueil"},"content":{"rendered":"<p>[vc_row full_width=\u00a0\u00bbstretch_row\u00a0\u00bb content_placement=\u00a0\u00bbmiddle\u00a0\u00bb el_class=\u00a0\u00bbpage-banner\u00a0\u00bb css=\u00a0\u00bb.vc_custom_1651663084253{margin-bottom: 40px !important;background-image: url(https:\/\/chemsyn.com\/wp-content\/uploads\/2022\/05\/machine-leasing.jpg?id=561) !important;background-position: center !important;background-repeat: no-repeat !important;background-size: cover !important;}\u00a0\u00bb][vc_column css=\u00a0\u00bb.vc_custom_1650109296466{padding-top: 0px !important;}\u00a0\u00bb][vc_column_text]<\/p>\n<h1 style=\"text-align: center;\">\u00c0 propos de Chemsyn<\/h1>\n<p>[\/vc_column_text][\/vc_column][\/vc_row][vc_row full_width=\u00a0\u00bbstretch_row\u00a0\u00bb css=\u00a0\u00bb.vc_custom_1653037852753{background-image: url(https:\/\/chemsyn.com\/wp-content\/uploads\/2022\/04\/indusctry-sector-bg.jpg?id=58) !important;background-position: center !important;background-repeat: no-repeat !important;background-size: cover !important;}\u00a0\u00bb el_class=\u00a0\u00bbhome-banner industry-sector\u00a0\u00bb][vc_column css=\u00a0\u00bb.vc_custom_1650444543709{padding-top: 50px !important;}\u00a0\u00bb][vc_column_text]<\/p>\n<h2>QUI NOUS SOMMES<\/h2>\n<p>Chemsyn est un important fournisseur de solutions d\u2019assainissement, de d\u00e9sinfection et d\u2019hygi\u00e8ne au service des secteurs de la sant\u00e9, de l\u2019h\u00f4tellerie, des distributeurs en alimentation et au d\u00e9tail, des \u00e9tablissements et de la fabrication. Nous o\u00adffrons une gamme compl\u00e8te de produits et de solutions commerciaux et institutionnels con\u00e7us sp\u00e9cifiquement pour votre \u00e9tablissement. Avec plus de 85\u00a0ans d\u2019exp\u00e9rience dans le secteur, nous sommes toujours anim\u00e9s par l\u2019excellence de notre service \u00e0 la client\u00e8le, par des relations privil\u00e9gi\u00e9es avec nos clients, fond\u00e9es sur la confiance et par une expertise approfondie des produits et de l\u2019industrie qui r\u00e9pond \u00e0 vos besoins dans un monde en constante \u00e9volution.[\/vc_column_text][\/vc_column][\/vc_row][vc_row full_width=\u00a0\u00bbstretch_row\u00a0\u00bb css=\u00a0\u00bb.vc_custom_1650972513436{padding-top: 15px !important;padding-bottom: 30px !important;background-color: #22b1dd !important;}\u00a0\u00bb][vc_column][vc_custom_heading text=\u00a0\u00bbNOTRE MISSION\u00a0\u00bb font_container=\u00a0\u00bbtag:h3|font_size:20px|text_align:center|color:%23ffffff\u00a0\u00bb use_theme_fonts=\u00a0\u00bbyes\u00a0\u00bb el_class=\u00a0\u00bbsubheader\u00a0\u00bb][vc_custom_heading text=\u00a0\u00bbOffrir des programmes d\u2019hygi\u00e8ne et de pr\u00e9vention des maladies de classe mondiale qui prot\u00e8gent les personnes qui comptent le plus : les employ\u00e9s, les clients, les r\u00e9sidents et leurs familles, et les maintiennent en bonne sant\u00e9.\u00a0\u00bb font_container=\u00a0\u00bbtag:p|text_align:center|color:%23ffffff\u00a0\u00bb use_theme_fonts=\u00a0\u00bbyes\u00a0\u00bb css=\u00a0\u00bb.vc_custom_1654609660091{padding-right: 20% !important;padding-left: 20% !important;}\u00a0\u00bb el_class=\u00a0\u00bbsubtext fw600&Prime;][\/vc_column][\/vc_row][vc_row full_width=\u00a0\u00bbstretch_row_content_no_spaces\u00a0\u00bb equal_height=\u00a0\u00bbyes\u00a0\u00bb content_placement=\u00a0\u00bbmiddle\u00a0\u00bb css=\u00a0\u00bb.vc_custom_1650113450387{background-color: #e8f7fc !important;}\u00a0\u00bb el_class=\u00a0\u00bbfull-width-row\u00a0\u00bb][vc_column width=\u00a0\u00bb2\/3&Prime; css=\u00a0\u00bb.vc_custom_1652982717948{padding-right: 40px !important;padding-left: 80px !important;}\u00a0\u00bb el_class=\u00a0\u00bbcontent-col\u00a0\u00bb][vc_column_text]<\/p>\n<h2>SOLUTIONS D&rsquo;INSTALLATIONS ENTI\u00c8REMENT INT\u00c9GR\u00c9ES<\/h2>\n<p>Nous travaillons en partenariat avec des entreprises des secteurs public et priv\u00e9 \u00e0 travers le Canada pour fournir des solutions d\u2019installations enti\u00e8rement int\u00e9gr\u00e9es, y compris des produits chimiques exclusifs, des machines \u00e0 vaisselle de marque, des syst\u00e8mes de dosage et de distribution, ainsi qu\u2019un service et un soutien in\u00e9gal\u00e9s assur\u00e9s par nos \u00e9quipes de service sur le terrain certifi\u00e9es Chemsyn.<\/p>\n<p>Chemsyn est la r\u00e9f\u00e9rence en mati\u00e8re de prestation de services gr\u00e2ce au seul v\u00e9ritable programme de service d\u2019assistance SMARTCARE\u2122 24\u00a0h\/24 et 7\u00a0j\/7 de l\u2019industrie, offert gratuitement dans le cadre de nos programmes d\u2019assainissement, de d\u00e9sinfection et de nettoyage.[\/vc_column_text][\/vc_column][vc_column width=\u00a0\u00bb1\/3&Prime; css=\u00a0\u00bb.vc_custom_1652982551979{padding-top: 0px !important;background-position: center !important;background-repeat: no-repeat !important;background-size: cover !important;}\u00a0\u00bb][vc_single_image image=\u00a0\u00bb990&Prime; img_size=\u00a0\u00bbfull\u00a0\u00bb alignment=\u00a0\u00bbright\u00a0\u00bb css=\u00a0\u00bb.vc_custom_1652982727569{margin-bottom: 0px !important;}\u00a0\u00bb][\/vc_column][\/vc_row][vc_row full_width=\u00a0\u00bbstretch_row\u00a0\u00bb css=\u00a0\u00bb.vc_custom_1650972273644{padding-top: 15px !important;padding-bottom: 30px !important;background-color: #124376 !important;}\u00a0\u00bb][vc_column][vc_custom_heading text=\u00a0\u00bbNOTRE VISION\u00a0\u00bb font_container=\u00a0\u00bbtag:h3|font_size:20px|text_align:center|color:%23ffffff\u00a0\u00bb use_theme_fonts=\u00a0\u00bbyes\u00a0\u00bb el_class=\u00a0\u00bbsubheader\u00a0\u00bb][vc_custom_heading text=\u00a0\u00bbDes espaces propres, s\u00fbrs et sains. Des employ\u00e9s prot\u00e9g\u00e9s. Des clients s\u00e9curis\u00e9s.\u00a0\u00bb font_container=\u00a0\u00bbtag:p|text_align:center|color:%23ffffff\u00a0\u00bb use_theme_fonts=\u00a0\u00bbyes\u00a0\u00bb css=\u00a0\u00bb.vc_custom_1654609682627{padding-right: 20% !important;padding-left: 20% !important;}\u00a0\u00bb el_class=\u00a0\u00bbsubtext fw600&Prime;][\/vc_column][\/vc_row][vc_row full_width=\u00a0\u00bbstretch_row_content_no_spaces\u00a0\u00bb equal_height=\u00a0\u00bbyes\u00a0\u00bb content_placement=\u00a0\u00bbmiddle\u00a0\u00bb css=\u00a0\u00bb.vc_custom_1652982737835{background-color: #ffffff !important;}\u00a0\u00bb][vc_column width=\u00a0\u00bb1\/3&Prime; css=\u00a0\u00bb.vc_custom_1652982678595{padding-top: 0px !important;}\u00a0\u00bb][vc_single_image image=\u00a0\u00bb987&Prime; img_size=\u00a0\u00bbfull\u00a0\u00bb css=\u00a0\u00bb.vc_custom_1652982667882{margin-bottom: 0px !important;}\u00a0\u00bb][\/vc_column][vc_column width=\u00a0\u00bb2\/3&Prime; css=\u00a0\u00bb.vc_custom_1652982689256{padding-right: 80px !important;padding-left: 40px !important;}\u00a0\u00bb][vc_column_text]<\/p>\n<h2>LES INDUSTRIES QUE NOUS DESSERVONS<\/h2>\n<p>Nous collaborons avec des entreprises des secteurs public et priv\u00e9, grandes et petites, pour soutenir leurs besoins op\u00e9rationnels continus, accro\u00eetre leur efficacit\u00e9, garantir des normes \u00e9lev\u00e9es de s\u00e9curit\u00e9 alimentaire et de s\u00e9curit\u00e9 des employ\u00e9s, offrir des environnements propres, s\u00fbrs et sains et fournir un service d\u2019assistance incomparable qui vise \u00e0 r\u00e9duire et \u00e0 \u00e9liminer les temps d\u2019arr\u00eat op\u00e9rationnels. Avec plus de 3\u2009600 partenaires \u00e0 travers le Canada, nous desservons les secteurs de la sant\u00e9, de l\u2019h\u00f4tellerie, des distributeurs de l\u2019alimentation et au d\u00e9tail, des \u00e9tablissements et de la fabrication.<\/p>\n<p>Notre objectif est de devenir votre partenaire de confiance et de remplir notre promesse de service pour les ann\u00e9es \u00e0 venir.[\/vc_column_text][\/vc_column][\/vc_row][vc_row full_width=\u00a0\u00bbstretch_row_content_no_spaces\u00a0\u00bb content_placement=\u00a0\u00bbmiddle\u00a0\u00bb css=\u00a0\u00bb.vc_custom_1652982854763{background-color: #e8f7fc !important;}\u00a0\u00bb][vc_column width=\u00a0\u00bb3\/5&Prime; css=\u00a0\u00bb.vc_custom_1652982805097{padding-right: 40px !important;padding-left: 80px !important;}\u00a0\u00bb][vc_column_text]<\/p>\n<h2>UN PARTENARIAT AVEC CHEMSYN<\/h2>\n<p>Pourquoi choisir Chemsyn comme partenaire national en mati\u00e8re d\u2019assainissement et de d\u00e9sinfection\u202f?<\/p>\n<p>Un partenariat avec Chemsyn vous permet de b\u00e9n\u00e9ficier de produits et de solutions de service complets et exclusifs en mati\u00e8re de lavage de vaisselle, de blanchisserie, d\u2019entretien m\u00e9nager et d\u2019hygi\u00e8ne, qui garantissent la sant\u00e9 et la s\u00e9curit\u00e9 de vos employ\u00e9s, de vos clients et de vos r\u00e9sidents. Nos programmes respectent les directives et les normes de sant\u00e9 publique les plus rigoureuses, qui garantissent le plus haut niveau de conformit\u00e9 sanitaire dans toutes les zones de votre \u00e9tablissement, quel que soit le secteur dans lequel vous op\u00e9rez.<\/p>\n<p>Si vous avez besoin de produits et de programmes de services commerciaux de lavage de vaisselle, de blanchisserie et d\u2019entretien m\u00e9nager et que vous op\u00e9rez dans le secteur des soins de la sant\u00e9, de l\u2019h\u00f4tellerie, des distributeurs en alimentation et au d\u00e9tail, de la fabrication ou des \u00e9tablissements, voici quelques raisons de vous associer \u00e0 Chemsyn :[\/vc_column_text][vc_column_text el_class=\u00a0\u00bbtick\u00a0\u00bb]<\/p>\n<ul>\n<li>Des \u00e9conomies de co\u00fbts significatives pour l\u2019ensemble de votre \u00e9tablissement<\/li>\n<li>Une efficacit\u00e9 op\u00e9rationnelle accrue<\/li>\n<li>Des mesures incitatives sp\u00e9cialement con\u00e7ues pour votre activit\u00e9<\/li>\n<li>Des produits de fabrication canadienne<\/li>\n<li>Aucun investissement en capital<\/li>\n<li>Un service \u00e0 la client\u00e8le in\u00e9gal\u00e9 24\u00a0h\/24, 7\u00a0j\/7, 365\u00a0j\/an<\/li>\n<li>Des programmes de garantie de service sans \u00ab\u2009temps d\u2019arr\u00eat\u2009\u00bb<\/li>\n<li>Des programmes de formation personnalis\u00e9s<\/li>\n<li>Un engagement envers les initiatives \u00e9cologiques<\/li>\n<li>Des op\u00e9rations nationales<\/li>\n<li>Des gestionnaires de comptes d\u00e9di\u00e9s<\/li>\n<\/ul>\n<p>[\/vc_column_text][\/vc_column][vc_column width=\u00a0\u00bb2\/5&Prime; css=\u00a0\u00bb.vc_custom_1652982789771{padding-top: 0px !important;}\u00a0\u00bb][vc_single_image image=\u00a0\u00bb976&Prime; img_size=\u00a0\u00bbfull\u00a0\u00bb alignment=\u00a0\u00bbright\u00a0\u00bb css=\u00a0\u00bb.vc_custom_1652982796092{margin-bottom: 0px !important;}\u00a0\u00bb][\/vc_column][\/vc_row][vc_row full_width=\u00a0\u00bbstretch_row\u00a0\u00bb gap=\u00a0\u00bb35&Prime; content_placement=\u00a0\u00bbmiddle\u00a0\u00bb css=\u00a0\u00bb.vc_custom_1650972677527{padding-top: 30px !important;padding-bottom: 30px !important;}\u00a0\u00bb][vc_column width=\u00a0\u00bb1\/3&Prime;][vc_single_image image=\u00a0\u00bb954&Prime; img_size=\u00a0\u00bb400&#215;400&Prime; alignment=\u00a0\u00bbcenter\u00a0\u00bb][\/vc_column][vc_column width=\u00a0\u00bb2\/3&Prime;][vc_column_text]<\/p>\n<h2>DES MARQUES DE CONFIANCE<\/h2>\n<p>En plus des produits exclusifs sous la banni\u00e8re Chemsyn, nous sommes fiers de nous associer \u00e0 des marques de confiance de premier plan pour une vari\u00e9t\u00e9 de produits et de machines afin de fournir des solutions de haute qualit\u00e9, fiables et de fabrication 100 % canadienne et nord-am\u00e9ricaine pour votre \u00e9tablissement.<\/p>\n<p><strong>Renseignez-vous sur les marques avec lesquelles nous collaborons et sur la gamme compl\u00e8te de produits consommables et de solutions pour l\u2019assainissement et l\u2019hygi\u00e8ne des locaux.<\/strong>[\/vc_column_text][\/vc_column][\/vc_row]<\/p>\n","protected":false},"excerpt":{"rendered":"<p>[vc_row full_width=\u00a0\u00bbstretch_row\u00a0\u00bb content_placement=\u00a0\u00bbmiddle\u00a0\u00bb el_class=\u00a0\u00bbpage-banner\u00a0\u00bb css=\u00a0\u00bb.vc_custom_1651663084253{margin-bottom: 40px !important;background-image: url(https:\/\/chemsyn.com\/wp-content\/uploads\/2022\/05\/machine-leasing.jpg?id=561) !important;background-position: center !important;background-repeat: no-repeat !important;background-size: cover !important;}\u00a0\u00bb][vc_column css=\u00a0\u00bb.vc_custom_1650109296466{padding-top: 0px !important;}\u00a0\u00bb][vc_column_text] \u00c0 propos de Chemsyn [\/vc_column_text][\/vc_column][\/vc_row][vc_row full_width=\u00a0\u00bbstretch_row\u00a0\u00bb css=\u00a0\u00bb.vc_custom_1653037852753{background-image: url(https:\/\/chemsyn.com\/wp-content\/uploads\/2022\/04\/indusctry-sector-bg.jpg?id=58) !important;background-position: center !important;background-repeat: no-repeat !important;background-size: cover !important;}\u00a0\u00bb el_class=\u00a0\u00bbhome-banner industry-sector\u00a0\u00bb][vc_column css=\u00a0\u00bb.vc_custom_1650444543709{padding-top: 50px !important;}\u00a0\u00bb][vc_column_text] QUI NOUS SOMMES Chemsyn est un important fournisseur de solutions d\u2019assainissement, de d\u00e9sinfection et d\u2019hygi\u00e8ne au service [&hellip;]<\/p>\n","protected":false},"author":2,"featured_media":0,"parent":0,"menu_order":0,"comment_status":"closed","ping_status":"closed","template":"fullwidth.php","meta":{"footnotes":""},"class_list":["post-993","page","type-page","status-publish","hentry"],"acf":[],"yoast_head":"<!-- This site is optimized with the Yoast SEO plugin v19.10 - https:\/\/yoast.com\/wordpress\/plugins\/seo\/ -->\n<title>Page D\u2019accueil - Chemsyn<\/title>\n<meta name=\"robots\" content=\"index, follow, max-snippet:-1, max-image-preview:large, max-video-preview:-1\" \/>\n<link rel=\"canonical\" href=\"https:\/\/chemsyn.com\/fr\/about\/\" \/>\n<meta property=\"og:locale\" content=\"fr_CA\" \/>\n<meta property=\"og:type\" content=\"article\" \/>\n<meta property=\"og:title\" content=\"Page D\u2019accueil - Chemsyn\" \/>\n<meta property=\"og:description\" content=\"[vc_row full_width=\u00a0\u00bbstretch_row\u00a0\u00bb content_placement=\u00a0\u00bbmiddle\u00a0\u00bb el_class=\u00a0\u00bbpage-banner\u00a0\u00bb css=\u00a0\u00bb.vc_custom_1651663084253{margin-bottom: 40px !important;background-image: url(https:\/\/chemsyn.com\/wp-content\/uploads\/2022\/05\/machine-leasing.jpg?id=561) !important;background-position: center !important;background-repeat: no-repeat !important;background-size: cover !important;}\u00a0\u00bb][vc_column css=\u00a0\u00bb.vc_custom_1650109296466{padding-top: 0px !important;}\u00a0\u00bb][vc_column_text] \u00c0 propos de Chemsyn [\/vc_column_text][\/vc_column][\/vc_row][vc_row full_width=\u00a0\u00bbstretch_row\u00a0\u00bb css=\u00a0\u00bb.vc_custom_1653037852753{background-image: url(https:\/\/chemsyn.com\/wp-content\/uploads\/2022\/04\/indusctry-sector-bg.jpg?id=58) !important;background-position: center !important;background-repeat: no-repeat !important;background-size: cover !important;}\u00a0\u00bb el_class=\u00a0\u00bbhome-banner industry-sector\u00a0\u00bb][vc_column css=\u00a0\u00bb.vc_custom_1650444543709{padding-top: 50px !important;}\u00a0\u00bb][vc_column_text] QUI NOUS SOMMES Chemsyn est un important fournisseur de solutions d\u2019assainissement, de d\u00e9sinfection et d\u2019hygi\u00e8ne au service [&hellip;]\" \/>\n<meta property=\"og:url\" content=\"https:\/\/chemsyn.com\/fr\/about\/\" \/>\n<meta property=\"og:site_name\" content=\"Chemsyn\" \/>\n<meta property=\"article:modified_time\" content=\"2022-08-03T10:46:34+00:00\" \/>\n<meta name=\"twitter:card\" content=\"summary_large_image\" \/>\n<meta name=\"twitter:label1\" content=\"Estimation du temps de lecture\" \/>\n\t<meta name=\"twitter:data1\" content=\"7 minutes\" \/>\n<script type=\"application\/ld+json\" class=\"yoast-schema-graph\">{\"@context\":\"https:\/\/schema.org\",\"@graph\":[{\"@type\":\"WebPage\",\"@id\":\"https:\/\/chemsyn.com\/fr\/about\/\",\"url\":\"https:\/\/chemsyn.com\/fr\/about\/\",\"name\":\"Page D\u2019accueil - Chemsyn\",\"isPartOf\":{\"@id\":\"https:\/\/chemsyn.com\/fr\/#website\"},\"datePublished\":\"2022-04-26T14:57:09+00:00\",\"dateModified\":\"2022-08-03T10:46:34+00:00\",\"breadcrumb\":{\"@id\":\"https:\/\/chemsyn.com\/fr\/about\/#breadcrumb\"},\"inLanguage\":\"fr-CA\",\"potentialAction\":[{\"@type\":\"ReadAction\",\"target\":[\"https:\/\/chemsyn.com\/fr\/about\/\"]}]},{\"@type\":\"BreadcrumbList\",\"@id\":\"https:\/\/chemsyn.com\/fr\/about\/#breadcrumb\",\"itemListElement\":[{\"@type\":\"ListItem\",\"position\":1,\"name\":\"Home\",\"item\":\"https:\/\/chemsyn.com\/fr\/\"},{\"@type\":\"ListItem\",\"position\":2,\"name\":\"Page D\u2019accueil\"}]},{\"@type\":\"WebSite\",\"@id\":\"https:\/\/chemsyn.com\/fr\/#website\",\"url\":\"https:\/\/chemsyn.com\/fr\/\",\"name\":\"Chemsyn\",\"description\":\"Des solutions pour le monde d'aujourd'hui\",\"publisher\":{\"@id\":\"https:\/\/chemsyn.com\/fr\/#organization\"},\"potentialAction\":[{\"@type\":\"SearchAction\",\"target\":{\"@type\":\"EntryPoint\",\"urlTemplate\":\"https:\/\/chemsyn.com\/fr\/?s={search_term_string}\"},\"query-input\":\"required name=search_term_string\"}],\"inLanguage\":\"fr-CA\"},{\"@type\":\"Organization\",\"@id\":\"https:\/\/chemsyn.com\/fr\/#organization\",\"name\":\"Chemsyn\",\"url\":\"https:\/\/chemsyn.com\/fr\/\",\"logo\":{\"@type\":\"ImageObject\",\"inLanguage\":\"fr-CA\",\"@id\":\"https:\/\/chemsyn.com\/fr\/#\/schema\/logo\/image\/\",\"url\":\"https:\/\/chemsyn.com\/wp-content\/uploads\/2022\/06\/chemsyn-logo-tagline-en.png\",\"contentUrl\":\"https:\/\/chemsyn.com\/wp-content\/uploads\/2022\/06\/chemsyn-logo-tagline-en.png\",\"width\":424,\"height\":106,\"caption\":\"Chemsyn\"},\"image\":{\"@id\":\"https:\/\/chemsyn.com\/fr\/#\/schema\/logo\/image\/\"}}]}<\/script>\n<!-- \/ Yoast SEO plugin. -->","yoast_head_json":{"title":"Page D\u2019accueil - Chemsyn","robots":{"index":"index","follow":"follow","max-snippet":"max-snippet:-1","max-image-preview":"max-image-preview:large","max-video-preview":"max-video-preview:-1"},"canonical":"https:\/\/chemsyn.com\/fr\/about\/","og_locale":"fr_CA","og_type":"article","og_title":"Page D\u2019accueil - Chemsyn","og_description":"[vc_row full_width=\u00a0\u00bbstretch_row\u00a0\u00bb content_placement=\u00a0\u00bbmiddle\u00a0\u00bb el_class=\u00a0\u00bbpage-banner\u00a0\u00bb css=\u00a0\u00bb.vc_custom_1651663084253{margin-bottom: 40px !important;background-image: url(https:\/\/chemsyn.com\/wp-content\/uploads\/2022\/05\/machine-leasing.jpg?id=561) !important;background-position: center !important;background-repeat: no-repeat !important;background-size: cover !important;}\u00a0\u00bb][vc_column css=\u00a0\u00bb.vc_custom_1650109296466{padding-top: 0px !important;}\u00a0\u00bb][vc_column_text] \u00c0 propos de Chemsyn [\/vc_column_text][\/vc_column][\/vc_row][vc_row full_width=\u00a0\u00bbstretch_row\u00a0\u00bb css=\u00a0\u00bb.vc_custom_1653037852753{background-image: url(https:\/\/chemsyn.com\/wp-content\/uploads\/2022\/04\/indusctry-sector-bg.jpg?id=58) !important;background-position: center !important;background-repeat: no-repeat !important;background-size: cover !important;}\u00a0\u00bb el_class=\u00a0\u00bbhome-banner industry-sector\u00a0\u00bb][vc_column css=\u00a0\u00bb.vc_custom_1650444543709{padding-top: 50px !important;}\u00a0\u00bb][vc_column_text] QUI NOUS SOMMES Chemsyn est un important fournisseur de solutions d\u2019assainissement, de d\u00e9sinfection et d\u2019hygi\u00e8ne au service [&hellip;]","og_url":"https:\/\/chemsyn.com\/fr\/about\/","og_site_name":"Chemsyn","article_modified_time":"2022-08-03T10:46:34+00:00","twitter_card":"summary_large_image","twitter_misc":{"Estimation du temps de lecture":"7 minutes"},"schema":{"@context":"https:\/\/schema.org","@graph":[{"@type":"WebPage","@id":"https:\/\/chemsyn.com\/fr\/about\/","url":"https:\/\/chemsyn.com\/fr\/about\/","name":"Page D\u2019accueil - Chemsyn","isPartOf":{"@id":"https:\/\/chemsyn.com\/fr\/#website"},"datePublished":"2022-04-26T14:57:09+00:00","dateModified":"2022-08-03T10:46:34+00:00","breadcrumb":{"@id":"https:\/\/chemsyn.com\/fr\/about\/#breadcrumb"},"inLanguage":"fr-CA","potentialAction":[{"@type":"ReadAction","target":["https:\/\/chemsyn.com\/fr\/about\/"]}]},{"@type":"BreadcrumbList","@id":"https:\/\/chemsyn.com\/fr\/about\/#breadcrumb","itemListElement":[{"@type":"ListItem","position":1,"name":"Home","item":"https:\/\/chemsyn.com\/fr\/"},{"@type":"ListItem","position":2,"name":"Page D\u2019accueil"}]},{"@type":"WebSite","@id":"https:\/\/chemsyn.com\/fr\/#website","url":"https:\/\/chemsyn.com\/fr\/","name":"Chemsyn","description":"Des solutions pour le monde d'aujourd'hui","publisher":{"@id":"https:\/\/chemsyn.com\/fr\/#organization"},"potentialAction":[{"@type":"SearchAction","target":{"@type":"EntryPoint","urlTemplate":"https:\/\/chemsyn.com\/fr\/?s={search_term_string}"},"query-input":"required name=search_term_string"}],"inLanguage":"fr-CA"},{"@type":"Organization","@id":"https:\/\/chemsyn.com\/fr\/#organization","name":"Chemsyn","url":"https:\/\/chemsyn.com\/fr\/","logo":{"@type":"ImageObject","inLanguage":"fr-CA","@id":"https:\/\/chemsyn.com\/fr\/#\/schema\/logo\/image\/","url":"https:\/\/chemsyn.com\/wp-content\/uploads\/2022\/06\/chemsyn-logo-tagline-en.png","contentUrl":"https:\/\/chemsyn.com\/wp-content\/uploads\/2022\/06\/chemsyn-logo-tagline-en.png","width":424,"height":106,"caption":"Chemsyn"},"image":{"@id":"https:\/\/chemsyn.com\/fr\/#\/schema\/logo\/image\/"}}]}},"_links":{"self":[{"href":"https:\/\/chemsyn.com\/fr\/wp-json\/wp\/v2\/pages\/993","targetHints":{"allow":["GET"]}}],"collection":[{"href":"https:\/\/chemsyn.com\/fr\/wp-json\/wp\/v2\/pages"}],"about":[{"href":"https:\/\/chemsyn.com\/fr\/wp-json\/wp\/v2\/types\/page"}],"author":[{"embeddable":true,"href":"https:\/\/chemsyn.com\/fr\/wp-json\/wp\/v2\/users\/2"}],"replies":[{"embeddable":true,"href":"https:\/\/chemsyn.com\/fr\/wp-json\/wp\/v2\/comments?post=993"}],"version-history":[{"count":8,"href":"https:\/\/chemsyn.com\/fr\/wp-json\/wp\/v2\/pages\/993\/revisions"}],"predecessor-version":[{"id":1221,"href":"https:\/\/chemsyn.com\/fr\/wp-json\/wp\/v2\/pages\/993\/revisions\/1221"}],"wp:attachment":[{"href":"https:\/\/chemsyn.com\/fr\/wp-json\/wp\/v2\/media?parent=993"}],"curies":[{"name":"wp","href":"https:\/\/api.w.org\/{rel}","templated":true}]}}